{"id":106,"date":"2025-09-04T10:19:03","date_gmt":"2025-09-04T13:19:03","guid":{"rendered":"https:\/\/wp.ufpel.edu.br\/inotec\/?page_id=106"},"modified":"2025-09-04T18:04:56","modified_gmt":"2025-09-04T21:04:56","slug":"estufa-a-vacuo","status":"publish","type":"page","link":"https:\/\/wp.ufpel.edu.br\/inotec\/agendamentos\/estufa-a-vacuo\/","title":{"rendered":"Estufa a v\u00e1cuo"},"content":{"rendered":"<p>Para solicitar agendamento, por favor, enviar e-mail para laboratorioinotec@gmail.<br \/>\nO link abaixo \u00e9 apenas para visualiza\u00e7\u00e3o de disponibilidade:<\/p>\n<p><a href=\"https:\/\/docs.google.com\/spreadsheets\/d\/1U6KMgycuCpf9R9L2ZEpiACkPFwTb0ViJ\/edit?usp=drive_link&amp;ouid=112998674975503916809&amp;rtpof=true&amp;sd=true\">agendamento estufa a v\u00e1cuo<\/a><\/p>\n","protected":false},"excerpt":{"rendered":"<p>Para solicitar agendamento, por favor, enviar e-mail para laboratorioinotec@gmail. O link abaixo \u00e9 apenas para visualiza\u00e7\u00e3o de disponibilidade: agendamento estufa a v\u00e1cuo<\/p>\n","protected":false},"author":1485,"featured_media":0,"parent":22,"menu_order":0,"comment_status":"closed","ping_status":"closed","template":"","meta":{"footnotes":""},"class_list":["post-106","page","type-page","status-publish","hentry"],"_links":{"self":[{"href":"https:\/\/wp.ufpel.edu.br\/inotec\/wp-json\/wp\/v2\/pages\/106","targetHints":{"allow":["GET"]}}],"collection":[{"href":"https:\/\/wp.ufpel.edu.br\/inotec\/wp-json\/wp\/v2\/pages"}],"about":[{"href":"https:\/\/wp.ufpel.edu.br\/inotec\/wp-json\/wp\/v2\/types\/page"}],"author":[{"embeddable":true,"href":"https:\/\/wp.ufpel.edu.br\/inotec\/wp-json\/wp\/v2\/users\/1485"}],"replies":[{"embeddable":true,"href":"https:\/\/wp.ufpel.edu.br\/inotec\/wp-json\/wp\/v2\/comments?post=106"}],"version-history":[{"count":2,"href":"https:\/\/wp.ufpel.edu.br\/inotec\/wp-json\/wp\/v2\/pages\/106\/revisions"}],"predecessor-version":[{"id":112,"href":"https:\/\/wp.ufpel.edu.br\/inotec\/wp-json\/wp\/v2\/pages\/106\/revisions\/112"}],"up":[{"embeddable":true,"href":"https:\/\/wp.ufpel.edu.br\/inotec\/wp-json\/wp\/v2\/pages\/22"}],"wp:attachment":[{"href":"https:\/\/wp.ufpel.edu.br\/inotec\/wp-json\/wp\/v2\/media?parent=106"}],"curies":[{"name":"wp","href":"https:\/\/api.w.org\/{rel}","templated":true}]}}