{"id":103,"date":"2025-09-04T10:16:25","date_gmt":"2025-09-04T13:16:25","guid":{"rendered":"https:\/\/wp.ufpel.edu.br\/inotec\/?page_id=103"},"modified":"2025-09-04T10:16:25","modified_gmt":"2025-09-04T13:16:25","slug":"banho-quimis-1","status":"publish","type":"page","link":"https:\/\/wp.ufpel.edu.br\/inotec\/agendamentos\/banho-quimis-1\/","title":{"rendered":"Banho Quimis 1"},"content":{"rendered":"<p>Para solicitar agendamento, por favor, enviar e-mail para laboratorioinotec@gmail.<br \/>\nO link abaixo \u00e9 apenas para visualiza\u00e7\u00e3o de disponibilidade:<br \/>\n<a href=\"https:\/\/docs.google.com\/spreadsheets\/d\/1iCfGg-8ekYK37v_CjjDH0hpoqb_spkZH\/edit?usp=drive_link&amp;ouid=112998674975503916809&amp;rtpof=true&amp;sd=true\"><br \/>\nagendamento banho quimis 1<\/a><\/p>\n","protected":false},"excerpt":{"rendered":"<p>Para solicitar agendamento, por favor, enviar e-mail para laboratorioinotec@gmail. O link abaixo \u00e9 apenas para visualiza\u00e7\u00e3o de disponibilidade: agendamento banho quimis 1<\/p>\n","protected":false},"author":1485,"featured_media":0,"parent":22,"menu_order":0,"comment_status":"closed","ping_status":"closed","template":"","meta":{"footnotes":""},"class_list":["post-103","page","type-page","status-publish","hentry"],"_links":{"self":[{"href":"https:\/\/wp.ufpel.edu.br\/inotec\/wp-json\/wp\/v2\/pages\/103","targetHints":{"allow":["GET"]}}],"collection":[{"href":"https:\/\/wp.ufpel.edu.br\/inotec\/wp-json\/wp\/v2\/pages"}],"about":[{"href":"https:\/\/wp.ufpel.edu.br\/inotec\/wp-json\/wp\/v2\/types\/page"}],"author":[{"embeddable":true,"href":"https:\/\/wp.ufpel.edu.br\/inotec\/wp-json\/wp\/v2\/users\/1485"}],"replies":[{"embeddable":true,"href":"https:\/\/wp.ufpel.edu.br\/inotec\/wp-json\/wp\/v2\/comments?post=103"}],"version-history":[{"count":1,"href":"https:\/\/wp.ufpel.edu.br\/inotec\/wp-json\/wp\/v2\/pages\/103\/revisions"}],"predecessor-version":[{"id":105,"href":"https:\/\/wp.ufpel.edu.br\/inotec\/wp-json\/wp\/v2\/pages\/103\/revisions\/105"}],"up":[{"embeddable":true,"href":"https:\/\/wp.ufpel.edu.br\/inotec\/wp-json\/wp\/v2\/pages\/22"}],"wp:attachment":[{"href":"https:\/\/wp.ufpel.edu.br\/inotec\/wp-json\/wp\/v2\/media?parent=103"}],"curies":[{"name":"wp","href":"https:\/\/api.w.org\/{rel}","templated":true}]}}