{"id":6,"date":"2015-11-16T14:41:49","date_gmt":"2015-11-16T16:41:49","guid":{"rendered":"https:\/\/wp.ufpel.edu.br\/ingles\/?page_id=6"},"modified":"2015-12-22T12:33:59","modified_gmt":"2015-12-22T14:33:59","slug":"curso","status":"publish","type":"page","link":"https:\/\/wp.ufpel.edu.br\/ingles\/curso\/","title":{"rendered":"Curso"},"content":{"rendered":"<div class=\"entry-content clearfix\">\n<p style=\"text-align: justify\">O Curso de Licenciatura em Letras \u2013 Ingl\u00eas foi o primeiro a ser oferecido pela antiga Faculdade de Letras, em 1984, juntamente com o Curso de Franc\u00eas. Atualmente, ap\u00f3s reformula\u00e7\u00f5es curriculares nos anos de 2000, 2003 e 2007, o curso \u00e9 oferecido como licenciatura dupla e denomina-se<strong> Licenciatura em Letras \u2013 Portugu\u00eas e Ingl\u00eas e Respectivas Literaturas<\/strong>. A dura\u00e7\u00e3o \u00e9 de oito semestres letivos.<br \/>\nO objetivo do curso \u00e9 a forma\u00e7\u00e3o de professores habilitados tanto pedag\u00f3gica quanto linguisticamente para o ensino da l\u00edngua materna e da l\u00edngua inglesa como l\u00edngua estrangeira.<\/p>\n<p style=\"text-align: justify\">O curso\u00a0\u00e9 dividido em diferentes eixos de forma\u00e7\u00e3o:<\/p>\n<p style=\"text-align: justify\">\u2013 Eixo da L\u00edngua Portuguesa, Lingu\u00edstica e Latim, com 9 disciplinas obrigat\u00f3rias.<br \/>\n\u2013 Eixo da Literatura em L\u00edngua Portuguesa, com 4 disciplinas obrigat\u00f3rias.<br \/>\n\u2013 Eixo da Educa\u00e7\u00e3o, com 3 disciplinas.<br \/>\n\u2013 Eixo da Forma\u00e7\u00e3o Pedag\u00f3gica em L\u00edngua Portuguesa e Literatura, com 6 disciplinas.<br \/>\n\u2013 Eixo da Forma\u00e7\u00e3o Complementar, com 8 disciplinas.<br \/>\n\u2013 Eixo do Est\u00e1gio em L\u00edngua Portuguesa e Literatura, com 4 disciplinas.<\/p>\n<p style=\"text-align: justify\">\u2013 Eixo da L\u00edngua Inglesa, com 9 disciplinas.<br \/>\n\u2013 Eixo da Forma\u00e7\u00e3o Pedag\u00f3gica em L\u00ednguas Estrangeiras e Literatura, com 3 disciplinas.<br \/>\n\u2013 Eixo do Est\u00e1gio em L\u00edngua Estrangeira e Literatura, com 4 disciplinas.<br \/>\n\u2013 Eixo da Literatura em L\u00edngua Estrangeira, com 5 disciplinas.<\/p>\n<\/div>\n","protected":false},"excerpt":{"rendered":"<p>O Curso de Licenciatura em Letras \u2013 Ingl\u00eas foi o primeiro a ser oferecido pela antiga Faculdade de Letras, em 1984, juntamente com o Curso de Franc\u00eas. Atualmente, ap\u00f3s reformula\u00e7\u00f5es curriculares nos anos de 2000, 2003 e 2007, o curso \u00e9 oferecido como licenciatura dupla e denomina-se Licenciatura em Letras \u2013 Portugu\u00eas e Ingl\u00eas e &hellip; <\/p>\n<p><a class=\"more-link btn\" href=\"https:\/\/wp.ufpel.edu.br\/ingles\/curso\/\">Continue lendo<\/a><\/p>\n","protected":false},"author":50,"featured_media":0,"parent":0,"menu_order":0,"comment_status":"closed","ping_status":"closed","template":"","meta":{"footnotes":""},"class_list":["post-6","page","type-page","status-publish","hentry","nodate","item-wrap"],"_links":{"self":[{"href":"https:\/\/wp.ufpel.edu.br\/ingles\/wp-json\/wp\/v2\/pages\/6","targetHints":{"allow":["GET"]}}],"collection":[{"href":"https:\/\/wp.ufpel.edu.br\/ingles\/wp-json\/wp\/v2\/pages"}],"about":[{"href":"https:\/\/wp.ufpel.edu.br\/ingles\/wp-json\/wp\/v2\/types\/page"}],"author":[{"embeddable":true,"href":"https:\/\/wp.ufpel.edu.br\/ingles\/wp-json\/wp\/v2\/users\/50"}],"replies":[{"embeddable":true,"href":"https:\/\/wp.ufpel.edu.br\/ingles\/wp-json\/wp\/v2\/comments?post=6"}],"version-history":[{"count":2,"href":"https:\/\/wp.ufpel.edu.br\/ingles\/wp-json\/wp\/v2\/pages\/6\/revisions"}],"predecessor-version":[{"id":39,"href":"https:\/\/wp.ufpel.edu.br\/ingles\/wp-json\/wp\/v2\/pages\/6\/revisions\/39"}],"wp:attachment":[{"href":"https:\/\/wp.ufpel.edu.br\/ingles\/wp-json\/wp\/v2\/media?parent=6"}],"curies":[{"name":"wp","href":"https:\/\/api.w.org\/{rel}","templated":true}]}}