{"id":60,"date":"2026-04-02T14:28:02","date_gmt":"2026-04-02T17:28:02","guid":{"rendered":"https:\/\/wp.ufpel.edu.br\/impactosdasoja\/?page_id=60"},"modified":"2026-04-02T14:28:02","modified_gmt":"2026-04-02T17:28:02","slug":"materiais-educativos","status":"publish","type":"page","link":"https:\/\/wp.ufpel.edu.br\/impactosdasoja\/materiais-educativos\/","title":{"rendered":"Materiais Educativos"},"content":{"rendered":"<p>Se\u00e7\u00e3o com conte\u00fado voltado para professores, estudantes e curiosos.<\/p>\n<p>Infogr\u00e1ficos explicativos sobre o ciclo da soja e seus impactos.<\/p>\n<p>Mapas interativos mostrando o avan\u00e7o da sojicultora no Pampa.<\/p>\n<p>Cartilhas ou folders em PDF para download.<\/p>\n","protected":false},"excerpt":{"rendered":"<p>Se\u00e7\u00e3o com conte\u00fado voltado para professores, estudantes e curiosos. Infogr\u00e1ficos explicativos sobre o ciclo da soja e seus impactos. Mapas interativos mostrando o avan\u00e7o da sojicultora no Pampa. Cartilhas ou folders em PDF para download.<\/p>\n","protected":false},"author":1557,"featured_media":0,"parent":0,"menu_order":0,"comment_status":"closed","ping_status":"closed","template":"","meta":{"footnotes":""},"class_list":["post-60","page","type-page","status-publish","hentry","post"],"_links":{"self":[{"href":"https:\/\/wp.ufpel.edu.br\/impactosdasoja\/wp-json\/wp\/v2\/pages\/60","targetHints":{"allow":["GET"]}}],"collection":[{"href":"https:\/\/wp.ufpel.edu.br\/impactosdasoja\/wp-json\/wp\/v2\/pages"}],"about":[{"href":"https:\/\/wp.ufpel.edu.br\/impactosdasoja\/wp-json\/wp\/v2\/types\/page"}],"author":[{"embeddable":true,"href":"https:\/\/wp.ufpel.edu.br\/impactosdasoja\/wp-json\/wp\/v2\/users\/1557"}],"replies":[{"embeddable":true,"href":"https:\/\/wp.ufpel.edu.br\/impactosdasoja\/wp-json\/wp\/v2\/comments?post=60"}],"version-history":[{"count":1,"href":"https:\/\/wp.ufpel.edu.br\/impactosdasoja\/wp-json\/wp\/v2\/pages\/60\/revisions"}],"predecessor-version":[{"id":63,"href":"https:\/\/wp.ufpel.edu.br\/impactosdasoja\/wp-json\/wp\/v2\/pages\/60\/revisions\/63"}],"wp:attachment":[{"href":"https:\/\/wp.ufpel.edu.br\/impactosdasoja\/wp-json\/wp\/v2\/media?parent=60"}],"curies":[{"name":"wp","href":"https:\/\/api.w.org\/{rel}","templated":true}]}}