{"id":46,"date":"2026-04-02T13:03:24","date_gmt":"2026-04-02T16:03:24","guid":{"rendered":"https:\/\/wp.ufpel.edu.br\/impactosdasoja\/?page_id=46"},"modified":"2026-04-16T08:20:36","modified_gmt":"2026-04-16T11:20:36","slug":"o-avanco-da-soja-e-seus-impactos","status":"publish","type":"page","link":"https:\/\/wp.ufpel.edu.br\/impactosdasoja\/o-avanco-da-soja-e-seus-impactos\/","title":{"rendered":"O avan\u00e7o da soja e seus impactos"},"content":{"rendered":"<div id=\"pl-46\"  class=\"panel-layout\" ><div id=\"pg-46-0\"  class=\"panel-grid panel-no-style\" ><div id=\"pgc-46-0-0\"  class=\"panel-grid-cell\" ><div id=\"panel-46-0-0-0\" class=\"so-panel widget widget_sow-editor panel-first-child panel-last-child\" data-index=\"0\" ><div\n\t\t\t\n\t\t\tclass=\"so-widget-sow-editor so-widget-sow-editor-base\"\n\t\t\t\n\t\t>\n<div class=\"siteorigin-widget-tinymce textwidget\">\n\t<p><em><strong>A amea\u00e7a ambiental<\/strong><\/em><\/p>\n<p>O cultivo da soja emprega o uso intensivo de agrot\u00f3xicos e sementes transg\u00eanicas. Nos \u00faltimos vinte anos (2002-2022) a superf\u00edcie cultivada de soja no Pampa latino-americano passou de 10.198 Km2 para 27.771 km2. Tal expans\u00e3o, acunhada de \u201csojiza\u00e7\u00e3o\u201d, acarreta:<br \/>\na) Elimina\u00e7\u00e3o de esp\u00e9cies nativas e da fauna que habita o seu interior<br \/>\nb) Contamina\u00e7\u00e3o dos cursos d\u2019\u00e1gua<br \/>\nc) Eros\u00e3o dos solos e forma\u00e7\u00e3o de desertos<br \/>\nd) riscos iminentes a outras atividades produtivas (vitivinicultura, olivicultura, apicultura)<\/p>\n<p><img loading=\"lazy\" decoding=\"async\" class=\"size-medium wp-image-210 alignleft\" src=\"https:\/\/wp.ufpel.edu.br\/impactosdasoja\/files\/2026\/04\/WhatsApp-Image-2026-04-13-at-17.03.33-1-400x225.jpeg\" alt=\"\" width=\"400\" height=\"225\" srcset=\"https:\/\/wp.ufpel.edu.br\/impactosdasoja\/files\/2026\/04\/WhatsApp-Image-2026-04-13-at-17.03.33-1-400x225.jpeg 400w, https:\/\/wp.ufpel.edu.br\/impactosdasoja\/files\/2026\/04\/WhatsApp-Image-2026-04-13-at-17.03.33-1-1024x576.jpeg 1024w, https:\/\/wp.ufpel.edu.br\/impactosdasoja\/files\/2026\/04\/WhatsApp-Image-2026-04-13-at-17.03.33-1-768x432.jpeg 768w, https:\/\/wp.ufpel.edu.br\/impactosdasoja\/files\/2026\/04\/WhatsApp-Image-2026-04-13-at-17.03.33-1.jpeg 1280w\" sizes=\"auto, (max-width: 400px) 100vw, 400px\" \/><\/p>\n<p>&nbsp;<\/p>\n<p><em><strong>Transforma\u00e7\u00f5es demogr\u00e1ficas<\/strong><\/em><\/p>\n<p>A expans\u00e3o da soja acelera o \u00eaxodo rural, a expuls\u00e3o prematura de jovens do campo e a masculiniza\u00e7\u00e3o da popula\u00e7\u00e3o rural.<\/p>\n<p><em><strong>Altera\u00e7\u00f5es na paisagem<\/strong><\/em><\/p>\n<p>Extensas plan\u00edcies, mescladas com cap\u00f5es de mato, arroios e sangas v\u00eam sendo convertidas em \u201cdesertos verdes\u201d onde passa a reinar a monocultura sojeira.<\/p>\n<p><em><strong>Mudan\u00e7as culturais<\/strong><\/em><\/p>\n<p>A soja produz uma mudan\u00e7a silenciosa e dram\u00e1tica que se d\u00e1 atrav\u00e9s da elimina\u00e7\u00e3o de of\u00edcios e atividades ligadas \u00e0 pecu\u00e1ria extensiva. Alambradores, esquiladores, artes\u00e3os e artes\u00e3s da l\u00e3 e do couro tornam-se o espectro de um mundo em franca desapari\u00e7\u00e3o.<\/p>\n<p><em><strong>Ilus\u00e3o de riqueza<\/strong><\/em><\/p>\n<p>A quase totalidade da soja produzida no Brasil \u00e9 exportada em bruto, sem qualquer agrega\u00e7\u00e3o de valor ou gera\u00e7\u00e3o de postos de trabalho no pa\u00eds. Crises de endividamento s\u00e3o frequentes entre os produtores devido ao alto grau de exposi\u00e7\u00e3o aos humores do mercado, vulnerabilidade do sistema produtivo, altamente dependente de importa\u00e7\u00e3o de insumos e especula\u00e7\u00e3o fundi\u00e1ria.<\/p>\n<p><em><strong>Inseguran\u00e7a alimentar e pobreza<\/strong><\/em><\/p>\n<p>Desafiamos a todos aqueles que erroneamente dizem que soja \u00e9 um alimento. Em verdade se trata de um mero insumo usado na cadeia produtiva de ra\u00e7\u00f5es que alimentam os rebanhos da Europa e \u00c1sia. \u00c9 crescente a importa\u00e7\u00e3o de alimentos de outras regi\u00f5es do pa\u00eds e do exterior. O espa\u00e7o ocupado pela soja \u2013 altamente subsidiada pelo Estado via isen\u00e7\u00e3o de tributos \u2013 produz decl\u00ednio de cultivos e cria\u00e7\u00f5es que s\u00e3o cruciais para a soberania alimentar do Brasil.<\/p>\n<\/div>\n<\/div><\/div><\/div><\/div><\/div>","protected":false},"excerpt":{"rendered":"<p>A amea\u00e7a ambiental O cultivo da soja emprega o uso intensivo de agrot\u00f3xicos e sementes transg\u00eanicas. Nos \u00faltimos vinte anos (2002-2022) a superf\u00edcie cultivada de soja no Pampa latino-americano passou de 10.198 Km2 para 27.771 km2. Tal expans\u00e3o, acunhada de \u201csojiza\u00e7\u00e3o\u201d, acarreta: a) Elimina\u00e7\u00e3o de esp\u00e9cies nativas e da fauna que habita o seu interior [&hellip;]<\/p>\n","protected":false},"author":1557,"featured_media":0,"parent":0,"menu_order":0,"comment_status":"closed","ping_status":"closed","template":"","meta":{"footnotes":""},"class_list":["post-46","page","type-page","status-publish","hentry","post"],"_links":{"self":[{"href":"https:\/\/wp.ufpel.edu.br\/impactosdasoja\/wp-json\/wp\/v2\/pages\/46","targetHints":{"allow":["GET"]}}],"collection":[{"href":"https:\/\/wp.ufpel.edu.br\/impactosdasoja\/wp-json\/wp\/v2\/pages"}],"about":[{"href":"https:\/\/wp.ufpel.edu.br\/impactosdasoja\/wp-json\/wp\/v2\/types\/page"}],"author":[{"embeddable":true,"href":"https:\/\/wp.ufpel.edu.br\/impactosdasoja\/wp-json\/wp\/v2\/users\/1557"}],"replies":[{"embeddable":true,"href":"https:\/\/wp.ufpel.edu.br\/impactosdasoja\/wp-json\/wp\/v2\/comments?post=46"}],"version-history":[{"count":3,"href":"https:\/\/wp.ufpel.edu.br\/impactosdasoja\/wp-json\/wp\/v2\/pages\/46\/revisions"}],"predecessor-version":[{"id":212,"href":"https:\/\/wp.ufpel.edu.br\/impactosdasoja\/wp-json\/wp\/v2\/pages\/46\/revisions\/212"}],"wp:attachment":[{"href":"https:\/\/wp.ufpel.edu.br\/impactosdasoja\/wp-json\/wp\/v2\/media?parent=46"}],"curies":[{"name":"wp","href":"https:\/\/api.w.org\/{rel}","templated":true}]}}