{"id":306,"date":"2026-04-28T14:59:04","date_gmt":"2026-04-28T17:59:04","guid":{"rendered":"https:\/\/wp.ufpel.edu.br\/impactosdasoja\/?page_id=306"},"modified":"2026-04-29T15:48:43","modified_gmt":"2026-04-29T18:48:43","slug":"participe","status":"publish","type":"page","link":"https:\/\/wp.ufpel.edu.br\/impactosdasoja\/participe\/","title":{"rendered":"Participe"},"content":{"rendered":"<p data-start=\"94\" data-end=\"132\"><em data-start=\"94\" data-end=\"132\">Este projeto \u00e9 tamb\u00e9m uma den\u00fancia.<\/em><\/p>\n<p data-start=\"134\" data-end=\"295\">O avan\u00e7o da monocultura da soja no Pampa Ga\u00facho n\u00e3o \u00e9 s\u00f3 mudan\u00e7a de paisagem, \u00e9 substitui\u00e7\u00e3o de um bioma, apagamento de modos de vida e concentra\u00e7\u00e3o de poder. Os dados mostram parte disso. O restante est\u00e1 nas hist\u00f3rias que n\u00e3o foram contadas.\u00a0Se voc\u00ea viveu, viu ou pesquisa esse processo \u2014 <em data-start=\"433\" data-end=\"453\">este espa\u00e7o \u00e9 seu.<\/em><\/p>\n<hr data-start=\"455\" data-end=\"458\" \/>\n<h5 data-section-id=\"1hpvkyp\" data-start=\"460\" data-end=\"483\">O que tornar vis\u00edvel<\/h5>\n<p data-start=\"485\" data-end=\"772\"><em data-start=\"485\" data-end=\"494\">Relatos<\/em> \u2014 do que mudou, do que se perdeu, do que resiste.<br data-start=\"544\" data-end=\"547\" \/><em data-start=\"547\" data-end=\"556\">Imagens<\/em> \u2014 provas de um territ\u00f3rio em transforma\u00e7\u00e3o.<br data-start=\"600\" data-end=\"603\" \/><em data-start=\"603\" data-end=\"627\">Documentos e den\u00fancias<\/em> \u2014 impactos, conflitos, desigualdades.<br data-start=\"665\" data-end=\"668\" \/><em data-start=\"668\" data-end=\"688\">Pesquisas cr\u00edticas<\/em> \u2014 para questionar o modelo.<\/p>\n<h5 data-section-id=\"a2jaqx\" data-start=\"779\" data-end=\"789\">Contato:\u00a0<a href=\"mailto:flaviosa@ufpel.edu.br\">flaviosa@ufpel.edu.br<\/a><\/h5>\n<p>&nbsp;<\/p>\n","protected":false},"excerpt":{"rendered":"<p>Este projeto \u00e9 tamb\u00e9m uma den\u00fancia. O avan\u00e7o da monocultura da soja no Pampa Ga\u00facho n\u00e3o \u00e9 s\u00f3 mudan\u00e7a de paisagem, \u00e9 substitui\u00e7\u00e3o de um bioma, apagamento de modos de vida e concentra\u00e7\u00e3o de poder. Os dados mostram parte disso. O restante est\u00e1 nas hist\u00f3rias que n\u00e3o foram contadas.\u00a0Se voc\u00ea viveu, viu ou pesquisa esse [&hellip;]<\/p>\n","protected":false},"author":1557,"featured_media":0,"parent":0,"menu_order":0,"comment_status":"closed","ping_status":"closed","template":"","meta":{"footnotes":""},"class_list":["post-306","page","type-page","status-publish","hentry","post"],"_links":{"self":[{"href":"https:\/\/wp.ufpel.edu.br\/impactosdasoja\/wp-json\/wp\/v2\/pages\/306","targetHints":{"allow":["GET"]}}],"collection":[{"href":"https:\/\/wp.ufpel.edu.br\/impactosdasoja\/wp-json\/wp\/v2\/pages"}],"about":[{"href":"https:\/\/wp.ufpel.edu.br\/impactosdasoja\/wp-json\/wp\/v2\/types\/page"}],"author":[{"embeddable":true,"href":"https:\/\/wp.ufpel.edu.br\/impactosdasoja\/wp-json\/wp\/v2\/users\/1557"}],"replies":[{"embeddable":true,"href":"https:\/\/wp.ufpel.edu.br\/impactosdasoja\/wp-json\/wp\/v2\/comments?post=306"}],"version-history":[{"count":4,"href":"https:\/\/wp.ufpel.edu.br\/impactosdasoja\/wp-json\/wp\/v2\/pages\/306\/revisions"}],"predecessor-version":[{"id":335,"href":"https:\/\/wp.ufpel.edu.br\/impactosdasoja\/wp-json\/wp\/v2\/pages\/306\/revisions\/335"}],"wp:attachment":[{"href":"https:\/\/wp.ufpel.edu.br\/impactosdasoja\/wp-json\/wp\/v2\/media?parent=306"}],"curies":[{"name":"wp","href":"https:\/\/api.w.org\/{rel}","templated":true}]}}