{"id":234,"date":"2026-04-21T11:42:41","date_gmt":"2026-04-21T14:42:41","guid":{"rendered":"https:\/\/wp.ufpel.edu.br\/impactosdasoja\/?page_id=234"},"modified":"2026-04-29T16:24:46","modified_gmt":"2026-04-29T19:24:46","slug":"equipe","status":"publish","type":"page","link":"https:\/\/wp.ufpel.edu.br\/impactosdasoja\/equipe\/","title":{"rendered":"Equipe"},"content":{"rendered":"<p>O projeto \u00e9 coordenado por\u00a0<strong>Fl\u00e1vio Sacco dos Anjos<\/strong>, Doutor em Sociologia e Professor Titular da Universidade Federal de Pelotas, ligado ao Programa de P\u00f3s-Gradua\u00e7\u00e3o em Sistemas de Produ\u00e7\u00e3o Agr\u00edcola Familiar (PPGSPAF), tendo a Universidade Federal do Rio Grande do Sul (UFRGS) como institui\u00e7\u00e3o parceira. A equipe ainda inclui:<\/p>\n<p><strong>Daniel Lemos Jeziorny \u2013<\/strong>\u00a0Doutor em Economia e Professor da UFRGS<br \/>\n<strong>Lucas Trentin Rech \u2013<\/strong>\u00a0Grupo de Pesquisa em Economia Pol\u00edtica da UFRGS<br \/>\n<strong>Hugo Henrique Kegler dos Santos \u2013<\/strong>\u00a0Grupo de Pesquisa em Economia Pol\u00edtica da UFRGS<br \/>\n<strong>Pablo Gusm\u00e3o Rodrigues \u2013<\/strong>\u00a0Secretaria Municipal de Meio Ambiente de Triunfo-RS<br \/>\n<strong>N\u00e1dia Velleda Caldas \u2013<\/strong>\u00a0Doutora em Agronomia, Professora do PPGSPAF da UFPel<br \/>\n<strong>Jo\u00e9lio Farias Maia \u2013<\/strong>\u00a0Doutorando junto ao PPGSPAF da UFPel<br \/>\n<strong>Juliana Pereira Pino \u2013<\/strong>\u00a0Doutoranda junto ao PPGSPAF da UFPel<br \/>\n<strong>Ana Beatriz Devantier Henzel \u2013<\/strong>\u00a0Doutoranda junto ao PPGSPAF da UFPel<br \/>\n<strong>William Manassi Maia \u2013<\/strong>\u00a0Bolsista de Inicia\u00e7\u00e3o Cient\u00edfica PDTI5<br \/>\n<strong>Alessandro Donadio Miebach \u2013<\/strong> Doutor em Economia e Professor da UFRGS<\/p>\n","protected":false},"excerpt":{"rendered":"<p>O projeto \u00e9 coordenado por\u00a0Fl\u00e1vio Sacco dos Anjos, Doutor em Sociologia e Professor Titular da Universidade Federal de Pelotas, ligado ao Programa de P\u00f3s-Gradua\u00e7\u00e3o em Sistemas de Produ\u00e7\u00e3o Agr\u00edcola Familiar (PPGSPAF), tendo a Universidade Federal do Rio Grande do Sul (UFRGS) como institui\u00e7\u00e3o parceira. A equipe ainda inclui: Daniel Lemos Jeziorny \u2013\u00a0Doutor em Economia e [&hellip;]<\/p>\n","protected":false},"author":1557,"featured_media":0,"parent":0,"menu_order":0,"comment_status":"closed","ping_status":"closed","template":"","meta":{"footnotes":""},"class_list":["post-234","page","type-page","status-publish","hentry","post"],"_links":{"self":[{"href":"https:\/\/wp.ufpel.edu.br\/impactosdasoja\/wp-json\/wp\/v2\/pages\/234","targetHints":{"allow":["GET"]}}],"collection":[{"href":"https:\/\/wp.ufpel.edu.br\/impactosdasoja\/wp-json\/wp\/v2\/pages"}],"about":[{"href":"https:\/\/wp.ufpel.edu.br\/impactosdasoja\/wp-json\/wp\/v2\/types\/page"}],"author":[{"embeddable":true,"href":"https:\/\/wp.ufpel.edu.br\/impactosdasoja\/wp-json\/wp\/v2\/users\/1557"}],"replies":[{"embeddable":true,"href":"https:\/\/wp.ufpel.edu.br\/impactosdasoja\/wp-json\/wp\/v2\/comments?post=234"}],"version-history":[{"count":3,"href":"https:\/\/wp.ufpel.edu.br\/impactosdasoja\/wp-json\/wp\/v2\/pages\/234\/revisions"}],"predecessor-version":[{"id":348,"href":"https:\/\/wp.ufpel.edu.br\/impactosdasoja\/wp-json\/wp\/v2\/pages\/234\/revisions\/348"}],"wp:attachment":[{"href":"https:\/\/wp.ufpel.edu.br\/impactosdasoja\/wp-json\/wp\/v2\/media?parent=234"}],"curies":[{"name":"wp","href":"https:\/\/api.w.org\/{rel}","templated":true}]}}