{"id":230,"date":"2026-04-21T11:42:29","date_gmt":"2026-04-21T14:42:29","guid":{"rendered":"https:\/\/wp.ufpel.edu.br\/impactosdasoja\/?page_id=230"},"modified":"2026-04-21T11:47:57","modified_gmt":"2026-04-21T14:47:57","slug":"metodologia","status":"publish","type":"page","link":"https:\/\/wp.ufpel.edu.br\/impactosdasoja\/metodologia\/","title":{"rendered":"Metodologia"},"content":{"rendered":"<p>Os achados da pesquisa est\u00e3o sendo obtidos a partir de uma exaustiva imers\u00e3o em condi\u00e7\u00f5es de campo. Fazemos uso de diversas ferramentas com destaque para as entrevistas em profundidade com atores sociais do territ\u00f3rio (pecuaristas familiares, comerciantes, agentes de desenvolvimento, extensionistas rurais, etc.), mas tamb\u00e9m do levantamento de dados junto a diversas fontes de informa\u00e7\u00e3o, sejam as de direito p\u00fablico como privado.<\/p>\n","protected":false},"excerpt":{"rendered":"<p>Os achados da pesquisa est\u00e3o sendo obtidos a partir de uma exaustiva imers\u00e3o em condi\u00e7\u00f5es de campo. Fazemos uso de diversas ferramentas com destaque para as entrevistas em profundidade com atores sociais do territ\u00f3rio (pecuaristas familiares, comerciantes, agentes de desenvolvimento, extensionistas rurais, etc.), mas tamb\u00e9m do levantamento de dados junto a diversas fontes de informa\u00e7\u00e3o, [&hellip;]<\/p>\n","protected":false},"author":1557,"featured_media":0,"parent":0,"menu_order":0,"comment_status":"closed","ping_status":"closed","template":"","meta":{"footnotes":""},"class_list":["post-230","page","type-page","status-publish","hentry","post"],"_links":{"self":[{"href":"https:\/\/wp.ufpel.edu.br\/impactosdasoja\/wp-json\/wp\/v2\/pages\/230","targetHints":{"allow":["GET"]}}],"collection":[{"href":"https:\/\/wp.ufpel.edu.br\/impactosdasoja\/wp-json\/wp\/v2\/pages"}],"about":[{"href":"https:\/\/wp.ufpel.edu.br\/impactosdasoja\/wp-json\/wp\/v2\/types\/page"}],"author":[{"embeddable":true,"href":"https:\/\/wp.ufpel.edu.br\/impactosdasoja\/wp-json\/wp\/v2\/users\/1557"}],"replies":[{"embeddable":true,"href":"https:\/\/wp.ufpel.edu.br\/impactosdasoja\/wp-json\/wp\/v2\/comments?post=230"}],"version-history":[{"count":2,"href":"https:\/\/wp.ufpel.edu.br\/impactosdasoja\/wp-json\/wp\/v2\/pages\/230\/revisions"}],"predecessor-version":[{"id":239,"href":"https:\/\/wp.ufpel.edu.br\/impactosdasoja\/wp-json\/wp\/v2\/pages\/230\/revisions\/239"}],"wp:attachment":[{"href":"https:\/\/wp.ufpel.edu.br\/impactosdasoja\/wp-json\/wp\/v2\/media?parent=230"}],"curies":[{"name":"wp","href":"https:\/\/api.w.org\/{rel}","templated":true}]}}