{"id":226,"date":"2026-04-21T11:42:09","date_gmt":"2026-04-21T14:42:09","guid":{"rendered":"https:\/\/wp.ufpel.edu.br\/impactosdasoja\/?page_id=226"},"modified":"2026-04-21T11:42:09","modified_gmt":"2026-04-21T14:42:09","slug":"objetivos","status":"publish","type":"page","link":"https:\/\/wp.ufpel.edu.br\/impactosdasoja\/objetivos\/","title":{"rendered":"Objetivos"},"content":{"rendered":"<p>O foco central do projeto de pesquisa \u00e9 realizar uma rigorosa e exaustiva aproxima\u00e7\u00e3o acerca dos impactos relacionados com o processo de expans\u00e3o da cultura da soja (sojiciza\u00e7\u00e3o) do ponto de vista social, econ\u00f4mico, cultural e ambiental.<\/p>\n<p>a) Analisar os impactos sociais, ambientais, demogr\u00e1ficos e culturais da expans\u00e3o da soja<br \/>\nb) Gerar conhecimento a partir da realidade concreta<br \/>\nc) Formar recursos humanos identificados com a valoriza\u00e7\u00e3o dos ativos tang\u00edveis e intang\u00edveis do territ\u00f3rio<br \/>\nd) Estabelecer parcerias com institui\u00e7\u00f5es de pesquisa nacionais e estrangeiras<\/p>\n","protected":false},"excerpt":{"rendered":"<p>O foco central do projeto de pesquisa \u00e9 realizar uma rigorosa e exaustiva aproxima\u00e7\u00e3o acerca dos impactos relacionados com o processo de expans\u00e3o da cultura da soja (sojiciza\u00e7\u00e3o) do ponto de vista social, econ\u00f4mico, cultural e ambiental. a) Analisar os impactos sociais, ambientais, demogr\u00e1ficos e culturais da expans\u00e3o da soja b) Gerar conhecimento a partir [&hellip;]<\/p>\n","protected":false},"author":1557,"featured_media":0,"parent":0,"menu_order":0,"comment_status":"closed","ping_status":"closed","template":"","meta":{"footnotes":""},"class_list":["post-226","page","type-page","status-publish","hentry","post"],"_links":{"self":[{"href":"https:\/\/wp.ufpel.edu.br\/impactosdasoja\/wp-json\/wp\/v2\/pages\/226","targetHints":{"allow":["GET"]}}],"collection":[{"href":"https:\/\/wp.ufpel.edu.br\/impactosdasoja\/wp-json\/wp\/v2\/pages"}],"about":[{"href":"https:\/\/wp.ufpel.edu.br\/impactosdasoja\/wp-json\/wp\/v2\/types\/page"}],"author":[{"embeddable":true,"href":"https:\/\/wp.ufpel.edu.br\/impactosdasoja\/wp-json\/wp\/v2\/users\/1557"}],"replies":[{"embeddable":true,"href":"https:\/\/wp.ufpel.edu.br\/impactosdasoja\/wp-json\/wp\/v2\/comments?post=226"}],"version-history":[{"count":1,"href":"https:\/\/wp.ufpel.edu.br\/impactosdasoja\/wp-json\/wp\/v2\/pages\/226\/revisions"}],"predecessor-version":[{"id":229,"href":"https:\/\/wp.ufpel.edu.br\/impactosdasoja\/wp-json\/wp\/v2\/pages\/226\/revisions\/229"}],"wp:attachment":[{"href":"https:\/\/wp.ufpel.edu.br\/impactosdasoja\/wp-json\/wp\/v2\/media?parent=226"}],"curies":[{"name":"wp","href":"https:\/\/api.w.org\/{rel}","templated":true}]}}