{"id":2,"date":"2026-02-27T11:33:53","date_gmt":"2026-02-27T14:33:53","guid":{"rendered":"https:\/\/wp.ufpel.edu.br\/impactosdasoja\/?page_id=2"},"modified":"2026-04-29T16:26:54","modified_gmt":"2026-04-29T19:26:54","slug":"podcasts","status":"publish","type":"page","link":"https:\/\/wp.ufpel.edu.br\/impactosdasoja\/podcasts\/","title":{"rendered":"Podcasts"},"content":{"rendered":"<div id=\"pl-2\"  class=\"panel-layout\" ><div id=\"pg-2-0\"  class=\"panel-grid panel-has-style\" ><div class=\"panel-row-style panel-row-style-for-2-0\" ><div id=\"pgc-2-0-0\"  class=\"panel-grid-cell\" ><div id=\"panel-2-0-0-0\" class=\"so-panel widget widget_text panel-first-child panel-last-child\" data-index=\"0\" ><h3 class=\"widget-title\">Epis\u00f3dio 1:<\/h3>\t\t\t<div class=\"textwidget\"><p><img loading=\"lazy\" decoding=\"async\" class=\"alignnone wp-image-290 size-thumbnail\" src=\"https:\/\/wp.ufpel.edu.br\/impactosdasoja\/files\/2026\/04\/Cortando-o-Pau-Brasil-200x200.png\" alt=\"\" width=\"200\" height=\"200\" \/><\/p>\n<\/div>\n\t\t<\/div><\/div><div id=\"pgc-2-0-1\"  class=\"panel-grid-cell\" ><div id=\"panel-2-0-1-0\" class=\"so-panel widget widget_text panel-first-child panel-last-child\" data-index=\"1\" ><h3 class=\"widget-title\">A rep\u00fablica sojeira<\/h3>\t\t\t<div class=\"textwidget\"><p><em>A hist\u00f3ria do Brasil corre como um rio de extra\u00e7\u00e3o: do pau-brasil \u00e0 cana, do caf\u00e9 \u00e0 borracha, do cacau \u00e0 soja. <\/em><em>Em cada margem, a mesma cena\u2014riqueza que parte, valor que fica l\u00e1 fora, e aqui o desgaste da terra e do tempo.\u00a0<\/em><em>At\u00e9 quando aceitaremos esse destino?<\/em><\/p>\n<audio class=\"wp-audio-shortcode\" id=\"audio-0-1\" preload=\"none\" style=\"width: 100%;\" controls=\"controls\"><source type=\"audio\/mpeg\" src=\"https:\/\/wp.ufpel.edu.br\/impactosdasoja\/files\/2026\/04\/Podcast_1.mp3?_=1\" \/><a href=\"https:\/\/wp.ufpel.edu.br\/impactosdasoja\/files\/2026\/04\/Podcast_1.mp3\">https:\/\/wp.ufpel.edu.br\/impactosdasoja\/files\/2026\/04\/Podcast_1.mp3<\/a><\/audio>\n<p><em><strong>Fl\u00e1vio Sacco dos Anjos &#8211;<\/strong><\/em> Professor Titular da UFPel, foi pesquisador do CNPq e professor visitante de universidades europeias. Estudioso da realidade rural brasileira e das contradi\u00e7\u00f5es do mundo contempor\u00e2neo.<\/p>\n<\/div>\n\t\t<\/div><\/div><\/div><\/div><div id=\"pg-2-1\"  class=\"panel-grid panel-has-style\" ><div class=\"panel-row-style panel-row-style-for-2-1\" ><div id=\"pgc-2-1-0\"  class=\"panel-grid-cell\" ><div id=\"panel-2-1-0-0\" class=\"so-panel widget widget_text panel-first-child panel-last-child\" data-index=\"2\" ><h3 class=\"widget-title\">Epis\u00f3dio 2:<\/h3>\t\t\t<div class=\"textwidget\"><p><img loading=\"lazy\" decoding=\"async\" class=\"alignnone wp-image-282 size-thumbnail\" src=\"https:\/\/wp.ufpel.edu.br\/impactosdasoja\/files\/2026\/04\/Soja_alimento2-200x200.png\" alt=\"\" width=\"200\" height=\"200\" srcset=\"https:\/\/wp.ufpel.edu.br\/impactosdasoja\/files\/2026\/04\/Soja_alimento2-200x200.png 200w, https:\/\/wp.ufpel.edu.br\/impactosdasoja\/files\/2026\/04\/Soja_alimento2-400x400.png 400w, https:\/\/wp.ufpel.edu.br\/impactosdasoja\/files\/2026\/04\/Soja_alimento2-1024x1024.png 1024w, https:\/\/wp.ufpel.edu.br\/impactosdasoja\/files\/2026\/04\/Soja_alimento2-768x768.png 768w, https:\/\/wp.ufpel.edu.br\/impactosdasoja\/files\/2026\/04\/Soja_alimento2.png 1254w\" sizes=\"auto, (max-width: 200px) 100vw, 200px\" \/><\/p>\n<\/div>\n\t\t<\/div><\/div><div id=\"pgc-2-1-1\"  class=\"panel-grid-cell\" ><div id=\"panel-2-1-1-0\" class=\"so-panel widget widget_text panel-first-child panel-last-child\" data-index=\"3\" ><h3 class=\"widget-title\">Soja \u00e9 alimento?<\/h3>\t\t\t<div class=\"textwidget\"><p><em>Em 2022, a \u00e1rea plantada de soja avan\u00e7ava pelo pa\u00eds como um rastilho de p\u00f3lvora. Ao mesmo tempo, o Brasil retornava ao mapa da fome: mais de 33 milh\u00f5es de pessoas nessa triste condi\u00e7\u00e3o. Seriam a soja e a fome duas faces da mesma moeda?<\/em><\/p>\n<audio class=\"wp-audio-shortcode\" id=\"audio-0-2\" preload=\"none\" style=\"width: 100%;\" controls=\"controls\"><source type=\"audio\/mpeg\" src=\"https:\/\/wp.ufpel.edu.br\/impactosdasoja\/files\/2026\/04\/Podcast_2.mp3?_=2\" \/><a href=\"https:\/\/wp.ufpel.edu.br\/impactosdasoja\/files\/2026\/04\/Podcast_2.mp3\">https:\/\/wp.ufpel.edu.br\/impactosdasoja\/files\/2026\/04\/Podcast_2.mp3<\/a><\/audio>\n<p><em><strong>Fl\u00e1vio Sacco dos Anjos &#8211;<\/strong><\/em> Professor Titular da UFPel, foi pesquisador do CNPq e professor visitante de universidades europeias. Estudioso da realidade rural brasileira e das contradi\u00e7\u00f5es do mundo contempor\u00e2neo.<\/p>\n<\/div>\n\t\t<\/div><\/div><\/div><\/div><div id=\"pg-2-2\"  class=\"panel-grid panel-has-style\" ><div class=\"panel-row-style panel-row-style-for-2-2\" ><div id=\"pgc-2-2-0\"  class=\"panel-grid-cell\" ><div id=\"panel-2-2-0-0\" class=\"so-panel widget widget_text panel-first-child panel-last-child\" data-index=\"4\" ><h3 class=\"widget-title\">Epis\u00f3dio 3:<\/h3>\t\t\t<div class=\"textwidget\"><p><img loading=\"lazy\" decoding=\"async\" class=\"alignnone wp-image-285 size-thumbnail\" src=\"https:\/\/wp.ufpel.edu.br\/impactosdasoja\/files\/2026\/04\/Podcast_Tres-200x200.png\" alt=\"\" width=\"200\" height=\"200\" \/><\/p>\n<\/div>\n\t\t<\/div><\/div><div id=\"pgc-2-2-1\"  class=\"panel-grid-cell\" ><div id=\"panel-2-2-1-0\" class=\"so-panel widget widget_text panel-first-child panel-last-child\" data-index=\"5\" ><h3 class=\"widget-title\">O ga\u00facho em extin\u00e7\u00e3o<\/h3>\t\t\t<div class=\"textwidget\"><p><em>Em meio ao avan\u00e7o da soja, a identidade do povo ga\u00facho \u2014 seus saberes e formas de sociabilidade, forjados ao longo de s\u00e9culos \u2014 sofre um apagamento sutil. Somos capazes de reconhecer o que est\u00e1 sucumbindo diante de nossos olhos ou preferimos naturalizar essa perda?<\/em><\/p>\n<audio class=\"wp-audio-shortcode\" id=\"audio-0-3\" preload=\"none\" style=\"width: 100%;\" controls=\"controls\"><source type=\"audio\/mpeg\" src=\"https:\/\/wp.ufpel.edu.br\/impactosdasoja\/files\/2026\/04\/WhatsApp-Audio-2026-04-26-at-17.22.44.mp3?_=3\" \/><a href=\"https:\/\/wp.ufpel.edu.br\/impactosdasoja\/files\/2026\/04\/WhatsApp-Audio-2026-04-26-at-17.22.44.mp3\">https:\/\/wp.ufpel.edu.br\/impactosdasoja\/files\/2026\/04\/WhatsApp-Audio-2026-04-26-at-17.22.44.mp3<\/a><\/audio>\n<p><em><strong>Fl\u00e1vio Sacco dos Anjos &#8211;<\/strong><\/em> Professor Titular da UFPel, foi pesquisador do CNPq e professor visitante de universidades europeias. Estudioso da realidade rural brasileira e das contradi\u00e7\u00f5es do mundo contempor\u00e2neo.<\/p>\n<p>&nbsp;<\/p>\n<\/div>\n\t\t<\/div><\/div><\/div><\/div><div id=\"pg-2-3\"  class=\"panel-grid panel-has-style\" ><div class=\"panel-row-style panel-row-style-for-2-3\" ><div id=\"pgc-2-3-0\"  class=\"panel-grid-cell\" ><div id=\"panel-2-3-0-0\" class=\"so-panel widget widget_text panel-first-child panel-last-child\" data-index=\"6\" ><h3 class=\"widget-title\">Epis\u00f3dio 4:<\/h3>\t\t\t<div class=\"textwidget\"><p><img loading=\"lazy\" decoding=\"async\" class=\"alignnone wp-image-294 size-thumbnail\" src=\"https:\/\/wp.ufpel.edu.br\/impactosdasoja\/files\/2026\/04\/Podcast-Quatro-200x200.png\" alt=\"\" width=\"200\" height=\"200\" srcset=\"https:\/\/wp.ufpel.edu.br\/impactosdasoja\/files\/2026\/04\/Podcast-Quatro-200x200.png 200w, https:\/\/wp.ufpel.edu.br\/impactosdasoja\/files\/2026\/04\/Podcast-Quatro-400x400.png 400w, https:\/\/wp.ufpel.edu.br\/impactosdasoja\/files\/2026\/04\/Podcast-Quatro-1024x1024.png 1024w, https:\/\/wp.ufpel.edu.br\/impactosdasoja\/files\/2026\/04\/Podcast-Quatro-768x768.png 768w, https:\/\/wp.ufpel.edu.br\/impactosdasoja\/files\/2026\/04\/Podcast-Quatro.png 1254w\" sizes=\"auto, (max-width: 200px) 100vw, 200px\" \/><\/p>\n<\/div>\n\t\t<\/div><\/div><div id=\"pgc-2-3-1\"  class=\"panel-grid-cell\" ><div id=\"panel-2-3-1-0\" class=\"so-panel widget widget_text panel-first-child panel-last-child\" data-index=\"7\" ><h3 class=\"widget-title\">O baile dos solteiros<\/h3>\t\t\t<div class=\"textwidget\"><p><em>O \u201cbaile dos solteiros\u201d, de Pierre Bourdieu, descreve a sangria demogr\u00e1fica no sop\u00e9 dos Pireneus franceses, onde sobram homens e faltam mulheres. No Pampa, a cena se repete: elas partem, e o avan\u00e7o da soja s\u00f3 faz acelerar esse desequil\u00edbrio.<\/em><\/p>\n<audio class=\"wp-audio-shortcode\" id=\"audio-0-4\" preload=\"none\" style=\"width: 100%;\" controls=\"controls\"><source type=\"audio\/mpeg\" src=\"https:\/\/wp.ufpel.edu.br\/impactosdasoja\/files\/2026\/04\/Podcast_4.mp3?_=4\" \/><a href=\"https:\/\/wp.ufpel.edu.br\/impactosdasoja\/files\/2026\/04\/Podcast_4.mp3\">https:\/\/wp.ufpel.edu.br\/impactosdasoja\/files\/2026\/04\/Podcast_4.mp3<\/a><\/audio>\n<p><em><strong>Fl\u00e1vio Sacco dos Anjos &#8211;<\/strong><\/em> Professor Titular da UFPel, foi pesquisador do CNPq e professor visitante de universidades europeias. Estudioso da realidade rural brasileira e das contradi\u00e7\u00f5es do mundo contempor\u00e2neo.<\/p>\n<\/div>\n\t\t<\/div><\/div><\/div><\/div><div id=\"pg-2-4\"  class=\"panel-grid panel-has-style\" ><div class=\"panel-row-style panel-row-style-for-2-4\" ><div id=\"pgc-2-4-0\"  class=\"panel-grid-cell\" ><div id=\"panel-2-4-0-0\" class=\"so-panel widget widget_text panel-first-child panel-last-child\" data-index=\"8\" ><h3 class=\"widget-title\">Epis\u00f3dio 5:<\/h3>\t\t\t<div class=\"textwidget\"><p><img loading=\"lazy\" decoding=\"async\" class=\"alignnone wp-image-314 size-thumbnail\" src=\"https:\/\/wp.ufpel.edu.br\/impactosdasoja\/files\/2026\/04\/Podcast_Cinco-200x200.png\" alt=\"\" width=\"200\" height=\"200\" srcset=\"https:\/\/wp.ufpel.edu.br\/impactosdasoja\/files\/2026\/04\/Podcast_Cinco-200x200.png 200w, https:\/\/wp.ufpel.edu.br\/impactosdasoja\/files\/2026\/04\/Podcast_Cinco-400x400.png 400w, https:\/\/wp.ufpel.edu.br\/impactosdasoja\/files\/2026\/04\/Podcast_Cinco-1024x1024.png 1024w, https:\/\/wp.ufpel.edu.br\/impactosdasoja\/files\/2026\/04\/Podcast_Cinco-768x768.png 768w, https:\/\/wp.ufpel.edu.br\/impactosdasoja\/files\/2026\/04\/Podcast_Cinco.png 1254w\" sizes=\"auto, (max-width: 200px) 100vw, 200px\" \/><\/p>\n<\/div>\n\t\t<\/div><\/div><div id=\"pgc-2-4-1\"  class=\"panel-grid-cell\" ><div id=\"panel-2-4-1-0\" class=\"so-panel widget widget_text panel-first-child panel-last-child\" data-index=\"9\" ><h3 class=\"widget-title\">Adi\u00f3s pampa mia<\/h3>\t\t\t<div class=\"textwidget\"><p><em>\u201cSe queres ser universal, come\u00e7a por cantar a tua aldeia\u201d, disse Leo Tolstoy. Mas o que fazer quando o ber\u00e7o onde se ancoram nossas refer\u00eancias vai sendo engolido pela onda modernizante? \u201cAdeus, pampa mia\u201d n\u00e3o \u00e9 a despedida de quem parte, mas o gosto amargo de quem fica e j\u00e1 n\u00e3o se reconhece no pr\u00f3prio lugar.<\/em><\/p>\n<audio class=\"wp-audio-shortcode\" id=\"audio-0-5\" preload=\"none\" style=\"width: 100%;\" controls=\"controls\"><source type=\"audio\/mpeg\" src=\"https:\/\/wp.ufpel.edu.br\/impactosdasoja\/files\/2026\/04\/WhatsApp-Audio-2026-04-29-at-06.06.14-2.mp3?_=5\" \/><a href=\"https:\/\/wp.ufpel.edu.br\/impactosdasoja\/files\/2026\/04\/WhatsApp-Audio-2026-04-29-at-06.06.14-2.mp3\">https:\/\/wp.ufpel.edu.br\/impactosdasoja\/files\/2026\/04\/WhatsApp-Audio-2026-04-29-at-06.06.14-2.mp3<\/a><\/audio>\n<p><strong><em>Fl\u00e1vio Sacco dos Anjos &#8211;<\/em><\/strong> Professor Titular da UFPel, foi pesquisador do CNPq e professor visitante de universidades europeias. Estudioso da realidade rural brasileira e das contradi\u00e7\u00f5es do mundo contempor\u00e2neo.<\/p>\n<\/div>\n\t\t<\/div><\/div><\/div><\/div><\/div>","protected":false},"excerpt":{"rendered":"<p>A hist\u00f3ria do Brasil corre como um rio de extra\u00e7\u00e3o: do pau-brasil \u00e0 cana, do caf\u00e9 \u00e0 borracha, do cacau \u00e0 soja. Em cada margem, a mesma cena\u2014riqueza que parte, valor que fica l\u00e1 fora, e aqui o desgaste da terra e do tempo.\u00a0At\u00e9 quando aceitaremos esse destino? Fl\u00e1vio Sacco dos Anjos &#8211; Professor Titular [&hellip;]<\/p>\n","protected":false},"author":1557,"featured_media":0,"parent":0,"menu_order":0,"comment_status":"closed","ping_status":"closed","template":"","meta":{"footnotes":""},"class_list":["post-2","page","type-page","status-publish","hentry","post"],"_links":{"self":[{"href":"https:\/\/wp.ufpel.edu.br\/impactosdasoja\/wp-json\/wp\/v2\/pages\/2","targetHints":{"allow":["GET"]}}],"collection":[{"href":"https:\/\/wp.ufpel.edu.br\/impactosdasoja\/wp-json\/wp\/v2\/pages"}],"about":[{"href":"https:\/\/wp.ufpel.edu.br\/impactosdasoja\/wp-json\/wp\/v2\/types\/page"}],"author":[{"embeddable":true,"href":"https:\/\/wp.ufpel.edu.br\/impactosdasoja\/wp-json\/wp\/v2\/users\/1557"}],"replies":[{"embeddable":true,"href":"https:\/\/wp.ufpel.edu.br\/impactosdasoja\/wp-json\/wp\/v2\/comments?post=2"}],"version-history":[{"count":4,"href":"https:\/\/wp.ufpel.edu.br\/impactosdasoja\/wp-json\/wp\/v2\/pages\/2\/revisions"}],"predecessor-version":[{"id":350,"href":"https:\/\/wp.ufpel.edu.br\/impactosdasoja\/wp-json\/wp\/v2\/pages\/2\/revisions\/350"}],"wp:attachment":[{"href":"https:\/\/wp.ufpel.edu.br\/impactosdasoja\/wp-json\/wp\/v2\/media?parent=2"}],"curies":[{"name":"wp","href":"https:\/\/api.w.org\/{rel}","templated":true}]}}