{"id":11,"date":"2026-04-02T10:34:30","date_gmt":"2026-04-02T13:34:30","guid":{"rendered":"https:\/\/wp.ufpel.edu.br\/impactosdasoja\/?page_id=11"},"modified":"2026-04-29T16:31:24","modified_gmt":"2026-04-29T19:31:24","slug":"artigospublicados","status":"publish","type":"page","link":"https:\/\/wp.ufpel.edu.br\/impactosdasoja\/artigospublicados\/","title":{"rendered":"Artigos publicados"},"content":{"rendered":"<p>SACCO DOS ANJOS, Fl\u00e1vio; L\u00d3PEZ MORENO, Ignacio. <a href=\"https:\/\/revistasober.org\/article\/10.1590\/1806-9479.2025.294828\/pdf\/resr-63-e294828.pdf\">Estrategias rurales en tiempos l\u00edquidos: pluriactividad y modernidad en Latinoam\u00e9rica.<\/a> <strong>Revista de economia e sociologia rural<\/strong>, v. 63, p. 1-19, 2025.<\/p>\n<p>SACCO DOS ANJOS, Fl\u00e1vio; FROEHLICH, Jos\u00e9 Marcos; CALDAS, N\u00e1dia Velleda. <a href=\"https:\/\/estudiosrurales.unq.edu.ar\/index.php\/ER\/article\/view\/530\/1050\">Tr\u00eas mitos, tr\u00eas inc\u00f4modas verdades sobre o agroneg\u00f3cio brasileiro.<\/a> <strong>Estudios rurales<\/strong>, v. 14, p. 1-19, 2024.<\/p>\n<p>SILVA, Monica Nardini; SACCO DOS ANJOS, Fl\u00e1vio. <a href=\"https:\/\/www.scielo.br\/j\/resr\/a\/3r7tfZLd5km433D4ngZ8FCy\/?format=pdf&amp;lang=pt\">A expans\u00e3o da soja no munic\u00edpio de Jaguar\u00e3o\/RS:<\/a> an\u00e1lise das percep\u00e7\u00f5es atrav\u00e9s da abordagem narrativa. <strong>Revista de economia e sociologia rural<\/strong>, v. 58, p. &#8216;-13, 2020<\/p>\n<p>RECH, Lucas Trentin; RODRIGUES, Pablo Gusm\u00e3o; SANTOS, Hugo Henrique Kegler dos; JEZIORNY, Daniel Lemos. <a href=\"https:\/\/revistasep.org.br\/index.php\/SEP\/article\/view\/1223\">As Veias Abertas do Pampa e a Extin\u00e7\u00e3o do Ga\u00facho:<\/a> a sojifica\u00e7\u00e3o do Pampa e suas consequ\u00eancias para o modo de vida no bioma. <strong>Revista da Sociedade de Economia Pol\u00edtica<\/strong>, v. 73, p. 12-44, 2025.<\/p>\n","protected":false},"excerpt":{"rendered":"<p>SACCO DOS ANJOS, Fl\u00e1vio; L\u00d3PEZ MORENO, Ignacio. Estrategias rurales en tiempos l\u00edquidos: pluriactividad y modernidad en Latinoam\u00e9rica. Revista de economia e sociologia rural, v. 63, p. 1-19, 2025. SACCO DOS ANJOS, Fl\u00e1vio; FROEHLICH, Jos\u00e9 Marcos; CALDAS, N\u00e1dia Velleda. Tr\u00eas mitos, tr\u00eas inc\u00f4modas verdades sobre o agroneg\u00f3cio brasileiro. Estudios rurales, v. 14, p. 1-19, 2024. SILVA, [&hellip;]<\/p>\n","protected":false},"author":1557,"featured_media":0,"parent":0,"menu_order":0,"comment_status":"closed","ping_status":"closed","template":"","meta":{"footnotes":""},"class_list":["post-11","page","type-page","status-publish","hentry","post"],"_links":{"self":[{"href":"https:\/\/wp.ufpel.edu.br\/impactosdasoja\/wp-json\/wp\/v2\/pages\/11","targetHints":{"allow":["GET"]}}],"collection":[{"href":"https:\/\/wp.ufpel.edu.br\/impactosdasoja\/wp-json\/wp\/v2\/pages"}],"about":[{"href":"https:\/\/wp.ufpel.edu.br\/impactosdasoja\/wp-json\/wp\/v2\/types\/page"}],"author":[{"embeddable":true,"href":"https:\/\/wp.ufpel.edu.br\/impactosdasoja\/wp-json\/wp\/v2\/users\/1557"}],"replies":[{"embeddable":true,"href":"https:\/\/wp.ufpel.edu.br\/impactosdasoja\/wp-json\/wp\/v2\/comments?post=11"}],"version-history":[{"count":3,"href":"https:\/\/wp.ufpel.edu.br\/impactosdasoja\/wp-json\/wp\/v2\/pages\/11\/revisions"}],"predecessor-version":[{"id":351,"href":"https:\/\/wp.ufpel.edu.br\/impactosdasoja\/wp-json\/wp\/v2\/pages\/11\/revisions\/351"}],"wp:attachment":[{"href":"https:\/\/wp.ufpel.edu.br\/impactosdasoja\/wp-json\/wp\/v2\/media?parent=11"}],"curies":[{"name":"wp","href":"https:\/\/api.w.org\/{rel}","templated":true}]}}