{"id":89,"date":"2012-09-02T22:56:57","date_gmt":"2012-09-03T01:56:57","guid":{"rendered":"http:\/\/wp.ufpel.edu.br\/seminariointernacionalimagensdajustica\/?page_id=89"},"modified":"2012-09-02T22:56:57","modified_gmt":"2012-09-03T01:56:57","slug":"participante-sem-submissao-de-trabalho","status":"publish","type":"page","link":"https:\/\/wp.ufpel.edu.br\/imagensdajustica\/inscricoes\/participante-sem-submissao-de-trabalho\/","title":{"rendered":"Participante SEM submiss\u00e3o de trabalho"},"content":{"rendered":"<p><!--:en--><\/p>\n<p style=\"text-align: justify\"><strong>Formul\u00e1rio de Inscri\u00e7\u00e3o:<\/strong><\/p>\n<p style=\"text-align: justify\">Formul\u00e1rio de Inscri\u00e7\u00e3o SEM Apresenta\u00e7\u00e3o de Trabalho<\/p>\n\n<div class=\"wpcf7 no-js\" id=\"wpcf7-f304-o1\" lang=\"\" dir=\"ltr\" data-wpcf7-id=\"304\">\n<div class=\"screen-reader-response\"><p role=\"status\" aria-live=\"polite\" aria-atomic=\"true\"><\/p> <ul><\/ul><\/div>\n<form action=\"\/imagensdajustica\/wp-json\/wp\/v2\/pages\/89#wpcf7-f304-o1\" method=\"post\" class=\"wpcf7-form init\" aria-label=\"Formul\u00e1rios de contato\" enctype=\"multipart\/form-data\" novalidate=\"novalidate\" data-status=\"init\">\n<fieldset class=\"hidden-fields-container\"><input type=\"hidden\" name=\"_wpcf7\" value=\"304\" \/><input type=\"hidden\" name=\"_wpcf7_version\" value=\"6.1.4\" \/><input type=\"hidden\" name=\"_wpcf7_locale\" value=\"\" \/><input type=\"hidden\" name=\"_wpcf7_unit_tag\" value=\"wpcf7-f304-o1\" \/><input type=\"hidden\" name=\"_wpcf7_container_post\" value=\"0\" \/><input type=\"hidden\" name=\"_wpcf7_posted_data_hash\" value=\"\" \/><input type=\"hidden\" name=\"_wpcf7cf_hidden_group_fields\" value=\"[]\" \/><input type=\"hidden\" name=\"_wpcf7cf_hidden_groups\" value=\"[]\" \/><input type=\"hidden\" name=\"_wpcf7cf_visible_groups\" value=\"[]\" \/><input type=\"hidden\" name=\"_wpcf7cf_repeaters\" value=\"[]\" \/><input type=\"hidden\" name=\"_wpcf7cf_steps\" value=\"{}\" \/><input type=\"hidden\" name=\"_wpcf7cf_options\" value=\"{&quot;form_id&quot;:304,&quot;conditions&quot;:[],&quot;settings&quot;:{&quot;animation&quot;:&quot;yes&quot;,&quot;animation_intime&quot;:200,&quot;animation_outtime&quot;:200,&quot;conditions_ui&quot;:&quot;normal&quot;,&quot;notice_dismissed&quot;:false}}\" \/>\n<\/fieldset>\n<p> Name: (required)<br \/>\n<span class=\"wpcf7-form-control-wrap\" data-name=\"your-name\"><input size=\"40\" maxlength=\"400\" class=\"wpcf7-form-control wpcf7-text wpcf7-validates-as-required\" aria-required=\"true\" aria-invalid=\"false\" value=\"\" type=\"text\" name=\"your-name\" \/><\/span>\n<\/p>\n<p> Passport: (required)<br \/>\n<span class=\"wpcf7-form-control-wrap\" data-name=\"cpf\"><input size=\"40\" maxlength=\"400\" class=\"wpcf7-form-control wpcf7-text wpcf7-validates-as-required\" aria-required=\"true\" aria-invalid=\"false\" value=\"\" type=\"text\" name=\"cpf\" \/><\/span>\n<\/p>\n<p> City: (required)<br \/>\n<span class=\"wpcf7-form-control-wrap\" data-name=\"cidade\"><input size=\"40\" maxlength=\"400\" class=\"wpcf7-form-control wpcf7-text wpcf7-validates-as-required\" aria-required=\"true\" aria-invalid=\"false\" value=\"\" type=\"text\" name=\"cidade\" \/><\/span>\n<\/p>\n<p> State: (required)<br \/>\n<span class=\"wpcf7-form-control-wrap\" data-name=\"estado\"><input size=\"40\" maxlength=\"400\" class=\"wpcf7-form-control wpcf7-text wpcf7-validates-as-required\" aria-required=\"true\" aria-invalid=\"false\" value=\"\" type=\"text\" name=\"estado\" \/><\/span>\n<\/p>\n<p> E-mail: (required)<br \/>\n<span class=\"wpcf7-form-control-wrap\" data-name=\"email\"><input size=\"40\" maxlength=\"400\" class=\"wpcf7-form-control wpcf7-email wpcf7-validates-as-required wpcf7-text wpcf7-validates-as-email\" aria-required=\"true\" aria-invalid=\"false\" value=\"\" type=\"email\" name=\"email\" \/><\/span>\n<\/p>\n<p> Institution Affiliation: (required)<br \/>\n<span class=\"wpcf7-form-control-wrap\" data-name=\"instituicao\"><input size=\"40\" maxlength=\"400\" class=\"wpcf7-form-control wpcf7-text wpcf7-validates-as-required\" aria-required=\"true\" aria-invalid=\"false\" value=\"\" type=\"text\" name=\"instituicao\" \/><\/span>\n<\/p>\n<p>Curso: (obrigat\u00f3rio)<br \/>\n<span class=\"wpcf7-form-control-wrap\" data-name=\"curso\"><input size=\"40\" maxlength=\"400\" class=\"wpcf7-form-control wpcf7-text wpcf7-validates-as-required\" aria-required=\"true\" aria-invalid=\"false\" value=\"\" type=\"text\" name=\"curso\" \/><\/span>\n<\/p>\n<p>Titula\u00e7\u00e3o: (obrigat\u00f3rio)<br \/>\n<span class=\"wpcf7-form-control-wrap\" data-name=\"titulacao\"><input size=\"40\" maxlength=\"400\" class=\"wpcf7-form-control wpcf7-text wpcf7-validates-as-required\" aria-required=\"true\" aria-invalid=\"false\" value=\"\" type=\"text\" name=\"titulacao\" \/><\/span>\n<\/p>\n<p> Comprova\u00e7\u00e3o do dep\u00f3sito: (obrigat\u00f3rio)<br \/>\n<span class=\"wpcf7-form-control-wrap\" data-name=\"deposito\"><input size=\"40\" class=\"wpcf7-form-control wpcf7-file wpcf7-validates-as-required\" accept=\".pdf,.jpg,.bmp,.jpeg\" aria-required=\"true\" aria-invalid=\"false\" type=\"file\" name=\"deposito\" \/><\/span>\n<\/p>\n<p><input class=\"wpcf7-form-control wpcf7-submit has-spinner\" type=\"submit\" value=\"inscribe\" \/>\n<\/p><p style=\"display: none !important;\" class=\"akismet-fields-container\" data-prefix=\"_wpcf7_ak_\"><label>&#916;<textarea name=\"_wpcf7_ak_hp_textarea\" cols=\"45\" rows=\"8\" maxlength=\"100\"><\/textarea><\/label><input type=\"hidden\" id=\"ak_js_1\" name=\"_wpcf7_ak_js\" value=\"23\"\/><script>document.getElementById( \"ak_js_1\" ).setAttribute( \"value\", ( new Date() ).getTime() );<\/script><\/p><div class=\"wpcf7-response-output\" aria-hidden=\"true\"><\/div>\n<\/form>\n<\/div>\n\n<p><!--:--><!--:es--><\/p>\n<p style=\"text-align: justify\"><strong>Formul\u00e1rio de Inscri\u00e7\u00e3o:<\/strong><\/p>\n<p style=\"text-align: justify\">Formul\u00e1rio de Inscri\u00e7\u00e3o SEM Apresenta\u00e7\u00e3o de Trabalho<\/p>\n\n<div class=\"wpcf7 no-js\" id=\"wpcf7-f303-o2\" lang=\"\" dir=\"ltr\" data-wpcf7-id=\"303\">\n<div class=\"screen-reader-response\"><p role=\"status\" aria-live=\"polite\" aria-atomic=\"true\"><\/p> <ul><\/ul><\/div>\n<form action=\"\/imagensdajustica\/wp-json\/wp\/v2\/pages\/89#wpcf7-f303-o2\" method=\"post\" class=\"wpcf7-form init\" aria-label=\"Formul\u00e1rios de contato\" enctype=\"multipart\/form-data\" novalidate=\"novalidate\" data-status=\"init\">\n<fieldset class=\"hidden-fields-container\"><input type=\"hidden\" name=\"_wpcf7\" value=\"303\" \/><input type=\"hidden\" name=\"_wpcf7_version\" value=\"6.1.4\" \/><input type=\"hidden\" name=\"_wpcf7_locale\" value=\"\" \/><input type=\"hidden\" name=\"_wpcf7_unit_tag\" value=\"wpcf7-f303-o2\" \/><input type=\"hidden\" name=\"_wpcf7_container_post\" value=\"0\" \/><input type=\"hidden\" name=\"_wpcf7_posted_data_hash\" value=\"\" \/><input type=\"hidden\" name=\"_wpcf7cf_hidden_group_fields\" value=\"[]\" \/><input type=\"hidden\" name=\"_wpcf7cf_hidden_groups\" value=\"[]\" \/><input type=\"hidden\" name=\"_wpcf7cf_visible_groups\" value=\"[]\" \/><input type=\"hidden\" name=\"_wpcf7cf_repeaters\" value=\"[]\" \/><input type=\"hidden\" name=\"_wpcf7cf_steps\" value=\"{}\" \/><input type=\"hidden\" name=\"_wpcf7cf_options\" value=\"{&quot;form_id&quot;:303,&quot;conditions&quot;:[],&quot;settings&quot;:{&quot;animation&quot;:&quot;yes&quot;,&quot;animation_intime&quot;:200,&quot;animation_outtime&quot;:200,&quot;conditions_ui&quot;:&quot;normal&quot;,&quot;notice_dismissed&quot;:false}}\" \/>\n<\/fieldset>\n<p> Nome (obrigat\u00f3rio)<br \/>\n<span class=\"wpcf7-form-control-wrap\" data-name=\"your-name\"><input size=\"40\" maxlength=\"400\" class=\"wpcf7-form-control wpcf7-text wpcf7-validates-as-required\" aria-required=\"true\" aria-invalid=\"false\" value=\"\" type=\"text\" name=\"your-name\" \/><\/span>\n<\/p>\n<p> CPF \/ Passaporte (obrigat\u00f3rio)<br \/>\n<span class=\"wpcf7-form-control-wrap\" data-name=\"cpf\"><input size=\"40\" maxlength=\"400\" class=\"wpcf7-form-control wpcf7-text wpcf7-validates-as-required\" aria-required=\"true\" aria-invalid=\"false\" value=\"\" type=\"text\" name=\"cpf\" \/><\/span>\n<\/p>\n<p> Cidade (obrigat\u00f3rio)<br \/>\n<span class=\"wpcf7-form-control-wrap\" data-name=\"cidade\"><input size=\"40\" maxlength=\"400\" class=\"wpcf7-form-control wpcf7-text wpcf7-validates-as-required\" aria-required=\"true\" aria-invalid=\"false\" value=\"\" type=\"text\" name=\"cidade\" \/><\/span>\n<\/p>\n<p> Estado (obrigat\u00f3rio)<br \/>\n<span class=\"wpcf7-form-control-wrap\" data-name=\"estado\"><input size=\"40\" maxlength=\"400\" class=\"wpcf7-form-control wpcf7-text wpcf7-validates-as-required\" aria-required=\"true\" aria-invalid=\"false\" value=\"\" type=\"text\" name=\"estado\" \/><\/span>\n<\/p>\n<p> E-mail: (obrigat\u00f3rio)<br \/>\n<span class=\"wpcf7-form-control-wrap\" data-name=\"email\"><input size=\"40\" maxlength=\"400\" class=\"wpcf7-form-control wpcf7-email wpcf7-validates-as-required wpcf7-text wpcf7-validates-as-email\" aria-required=\"true\" aria-invalid=\"false\" value=\"\" type=\"email\" name=\"email\" \/><\/span>\n<\/p>\n<p> Institui\u00e7\u00e3o: (obrigat\u00f3rio)<br \/>\n<span class=\"wpcf7-form-control-wrap\" data-name=\"instituicao\"><input size=\"40\" maxlength=\"400\" class=\"wpcf7-form-control wpcf7-text wpcf7-validates-as-required\" aria-required=\"true\" aria-invalid=\"false\" value=\"\" type=\"text\" name=\"instituicao\" \/><\/span>\n<\/p>\n<p>Curso: (obrigat\u00f3rio)<br \/>\n<span class=\"wpcf7-form-control-wrap\" data-name=\"curso\"><input size=\"40\" maxlength=\"400\" class=\"wpcf7-form-control wpcf7-text wpcf7-validates-as-required\" aria-required=\"true\" aria-invalid=\"false\" value=\"\" type=\"text\" name=\"curso\" \/><\/span>\n<\/p>\n<p>Titula\u00e7\u00e3o: (obrigat\u00f3rio)<br \/>\n<span class=\"wpcf7-form-control-wrap\" data-name=\"titulacao\"><input size=\"40\" maxlength=\"400\" class=\"wpcf7-form-control wpcf7-text wpcf7-validates-as-required\" aria-required=\"true\" aria-invalid=\"false\" value=\"\" type=\"text\" name=\"titulacao\" \/><\/span>\n<\/p>\n<p> Comprova\u00e7\u00e3o do dep\u00f3sito: (obrigat\u00f3rio, formato: pdf, jpg ou bmp, limite: 2MB)<br \/>\n<span class=\"wpcf7-form-control-wrap\" data-name=\"deposito\"><input size=\"40\" class=\"wpcf7-form-control wpcf7-file wpcf7-validates-as-required\" accept=\".pdf,.jpg,.bmp,.jpeg\" aria-required=\"true\" aria-invalid=\"false\" type=\"file\" name=\"deposito\" \/><\/span>\n<\/p>\n<p><input class=\"wpcf7-form-control wpcf7-submit has-spinner\" type=\"submit\" value=\"Inscrever\" \/>\n<\/p><p style=\"display: none !important;\" class=\"akismet-fields-container\" data-prefix=\"_wpcf7_ak_\"><label>&#916;<textarea name=\"_wpcf7_ak_hp_textarea\" cols=\"45\" rows=\"8\" maxlength=\"100\"><\/textarea><\/label><input type=\"hidden\" id=\"ak_js_2\" name=\"_wpcf7_ak_js\" value=\"118\"\/><script>document.getElementById( \"ak_js_2\" ).setAttribute( \"value\", ( new Date() ).getTime() );<\/script><\/p><div class=\"wpcf7-response-output\" aria-hidden=\"true\"><\/div>\n<\/form>\n<\/div>\n\n<p><!--:--><!--:pt--><br \/>\n\n<div class=\"wpcf7 no-js\" id=\"wpcf7-f302-o3\" lang=\"\" dir=\"ltr\" data-wpcf7-id=\"302\">\n<div class=\"screen-reader-response\"><p role=\"status\" aria-live=\"polite\" aria-atomic=\"true\"><\/p> <ul><\/ul><\/div>\n<form action=\"\/imagensdajustica\/wp-json\/wp\/v2\/pages\/89#wpcf7-f302-o3\" method=\"post\" class=\"wpcf7-form init\" aria-label=\"Formul\u00e1rios de contato\" enctype=\"multipart\/form-data\" novalidate=\"novalidate\" data-status=\"init\">\n<fieldset class=\"hidden-fields-container\"><input type=\"hidden\" name=\"_wpcf7\" value=\"302\" \/><input type=\"hidden\" name=\"_wpcf7_version\" value=\"6.1.4\" \/><input type=\"hidden\" name=\"_wpcf7_locale\" value=\"\" \/><input type=\"hidden\" name=\"_wpcf7_unit_tag\" value=\"wpcf7-f302-o3\" \/><input type=\"hidden\" name=\"_wpcf7_container_post\" value=\"0\" \/><input type=\"hidden\" name=\"_wpcf7_posted_data_hash\" value=\"\" \/><input type=\"hidden\" name=\"_wpcf7cf_hidden_group_fields\" value=\"[]\" \/><input type=\"hidden\" name=\"_wpcf7cf_hidden_groups\" value=\"[]\" \/><input type=\"hidden\" name=\"_wpcf7cf_visible_groups\" value=\"[]\" \/><input type=\"hidden\" name=\"_wpcf7cf_repeaters\" value=\"[]\" \/><input type=\"hidden\" name=\"_wpcf7cf_steps\" value=\"{}\" \/><input type=\"hidden\" name=\"_wpcf7cf_options\" value=\"{&quot;form_id&quot;:302,&quot;conditions&quot;:[],&quot;settings&quot;:{&quot;animation&quot;:&quot;yes&quot;,&quot;animation_intime&quot;:200,&quot;animation_outtime&quot;:200,&quot;conditions_ui&quot;:&quot;normal&quot;,&quot;notice_dismissed&quot;:false}}\" \/>\n<\/fieldset>\n<p> Nome (obrigat\u00f3rio)<br \/>\n<span class=\"wpcf7-form-control-wrap\" data-name=\"your-name\"><input size=\"40\" maxlength=\"400\" class=\"wpcf7-form-control wpcf7-text wpcf7-validates-as-required\" aria-required=\"true\" aria-invalid=\"false\" value=\"\" type=\"text\" name=\"your-name\" \/><\/span>\n<\/p>\n<p> CPF \/ Passaporte (obrigat\u00f3rio)<br \/>\n<span class=\"wpcf7-form-control-wrap\" data-name=\"cpf\"><input size=\"40\" maxlength=\"400\" class=\"wpcf7-form-control wpcf7-text wpcf7-validates-as-required\" aria-required=\"true\" aria-invalid=\"false\" value=\"\" type=\"text\" name=\"cpf\" \/><\/span>\n<\/p>\n<p> Cidade (obrigat\u00f3rio)<br \/>\n<span class=\"wpcf7-form-control-wrap\" data-name=\"cidade\"><input size=\"40\" maxlength=\"400\" class=\"wpcf7-form-control wpcf7-text wpcf7-validates-as-required\" aria-required=\"true\" aria-invalid=\"false\" value=\"\" type=\"text\" name=\"cidade\" \/><\/span>\n<\/p>\n<p> Estado (obrigat\u00f3rio)<br \/>\n<span class=\"wpcf7-form-control-wrap\" data-name=\"estado\"><input size=\"40\" maxlength=\"400\" class=\"wpcf7-form-control wpcf7-text wpcf7-validates-as-required\" aria-required=\"true\" aria-invalid=\"false\" value=\"\" type=\"text\" name=\"estado\" \/><\/span>\n<\/p>\n<p> E-mail:<br \/>\n<span class=\"wpcf7-form-control-wrap\" data-name=\"email\"><input size=\"40\" maxlength=\"400\" class=\"wpcf7-form-control wpcf7-email wpcf7-validates-as-required wpcf7-text wpcf7-validates-as-email\" aria-required=\"true\" aria-invalid=\"false\" value=\"\" type=\"email\" name=\"email\" \/><\/span>\n<\/p>\n<p> Institui\u00e7\u00e3o: (obrigat\u00f3rio)<br \/>\n<span class=\"wpcf7-form-control-wrap\" data-name=\"instituicao\"><input size=\"40\" maxlength=\"400\" class=\"wpcf7-form-control wpcf7-text wpcf7-validates-as-required\" aria-required=\"true\" aria-invalid=\"false\" value=\"\" type=\"text\" name=\"instituicao\" \/><\/span>\n<\/p>\n<p>Curso: (obrigat\u00f3rio)<br \/>\n<span class=\"wpcf7-form-control-wrap\" data-name=\"curso\"><input size=\"40\" maxlength=\"400\" class=\"wpcf7-form-control wpcf7-text wpcf7-validates-as-required\" aria-required=\"true\" aria-invalid=\"false\" value=\"\" type=\"text\" name=\"curso\" \/><\/span>\n<\/p>\n<p>Titula\u00e7\u00e3o: (obrigat\u00f3rio)<br \/>\n<span class=\"wpcf7-form-control-wrap\" data-name=\"titulacao\"><input size=\"40\" maxlength=\"400\" class=\"wpcf7-form-control wpcf7-text wpcf7-validates-as-required\" aria-required=\"true\" aria-invalid=\"false\" value=\"\" type=\"text\" name=\"titulacao\" \/><\/span>\n<\/p>\n<p> Comprova\u00e7\u00e3o de pagamento: (obrigat\u00f3rio, formato: pdf, jpg ou bmp, limite: 1MB)<br \/>\n<span class=\"wpcf7-form-control-wrap\" data-name=\"deposito\"><input size=\"40\" class=\"wpcf7-form-control wpcf7-file wpcf7-validates-as-required\" accept=\".pdf,.jpg,.bmp,.jpeg\" aria-required=\"true\" aria-invalid=\"false\" type=\"file\" name=\"deposito\" \/><\/span>\n<\/p>\n<p><input class=\"wpcf7-form-control wpcf7-submit has-spinner\" type=\"submit\" value=\"Inscrever\" \/>\n<\/p><p style=\"display: none !important;\" class=\"akismet-fields-container\" data-prefix=\"_wpcf7_ak_\"><label>&#916;<textarea name=\"_wpcf7_ak_hp_textarea\" cols=\"45\" rows=\"8\" maxlength=\"100\"><\/textarea><\/label><input type=\"hidden\" id=\"ak_js_3\" name=\"_wpcf7_ak_js\" value=\"194\"\/><script>document.getElementById( \"ak_js_3\" ).setAttribute( \"value\", ( new Date() ).getTime() );<\/script><\/p><div class=\"wpcf7-response-output\" aria-hidden=\"true\"><\/div>\n<\/form>\n<\/div>\n<\/p>\n<h1><strong><span style=\"color: #f29419;font-size: 16px;line-height: 120%\"><!--StartFragment-->ATEN\u00c7\u00c3O: devido a instabilidade do site, aqueles que n\u00e3o conseguirem realizar sua inscri\u00e7\u00e3o pelo formul\u00e1rio, poder\u00e3o enviar suas informa\u00e7\u00f5es* pelo e-mail imagensdajustica2017@gmail.com. <\/span><\/strong><\/h1>\n<h1><strong><span style=\"color: #638ca6;font-size: 16px;line-height: 120%\">*Informa\u00e7\u00f5es para inscri\u00e7\u00e3o SEM submiss\u00e3o de trabalho: <\/span><\/strong><\/h1>\n<p style=\"font-weight: 500\">Nome:<br \/>\nCPF\/Passaporte:<br \/>\nCidade:<br \/>\nEstado:<br \/>\nE-mail:<br \/>\nInstitui\u00e7\u00e3o:<br \/>\nCurso:<br \/>\nTitula\u00e7\u00e3o:<br \/>\nAnexo da imagem de Comprova\u00e7\u00e3o de pagamento (formato: pdf, jpg ou bmp).<\/p>\n<p><!--:--><\/p>\n","protected":false},"excerpt":{"rendered":"<p>Formul\u00e1rio de Inscri\u00e7\u00e3o: Formul\u00e1rio de Inscri\u00e7\u00e3o SEM Apresenta\u00e7\u00e3o de Trabalho Formul\u00e1rio de Inscri\u00e7\u00e3o: Formul\u00e1rio de Inscri\u00e7\u00e3o SEM Apresenta\u00e7\u00e3o de Trabalho ATEN\u00c7\u00c3O: devido a instabilidade do site, aqueles que n\u00e3o conseguirem realizar sua inscri\u00e7\u00e3o pelo formul\u00e1rio, poder\u00e3o enviar suas informa\u00e7\u00f5es* pelo &hellip; <a href=\"https:\/\/wp.ufpel.edu.br\/imagensdajustica\/inscricoes\/participante-sem-submissao-de-trabalho\/\">Continue lendo <span class=\"meta-nav\">&rarr;<\/span><\/a><\/p>\n","protected":false},"author":820,"featured_media":0,"parent":285,"menu_order":2,"comment_status":"closed","ping_status":"closed","template":"sidebar-page.php","meta":{"jetpack_post_was_ever_published":false,"footnotes":""},"class_list":["post-89","page","type-page","status-publish","hentry"],"jetpack_sharing_enabled":true,"jetpack_likes_enabled":true,"jetpack-related-posts":[{"id":285,"url":"https:\/\/wp.ufpel.edu.br\/imagensdajustica\/inscricoes\/","url_meta":{"origin":89,"position":0},"title":"INSCRI\u00c7\u00d5ES","author":"imagensdajustica","date":"29\/08\/2012","format":false,"excerpt":"ATEN\u00c7\u00c3O: devido a instabilidade do site, aqueles que n\u00e3o conseguirem realizar sua inscri\u00e7\u00e3o pelo formul\u00e1rio, poder\u00e3o enviar suas informa\u00e7\u00f5es* pelo e-mail imagensdajustica2017@gmail.com. *Informa\u00e7\u00f5es para inscri\u00e7\u00e3o SEM submiss\u00e3o de trabalho: Nome: CPF\/Passaporte: Cidade: Estado: E-mail: Institui\u00e7\u00e3o: Curso: Titula\u00e7\u00e3o: Anexo da imagem de Comprova\u00e7\u00e3o de pagamento (formato: pdf, jpg ou bmp). *Informa\u00e7\u00f5es\u2026","rel":"","context":"Post similar","block_context":{"text":"Post similar","link":""},"img":{"alt_text":"","src":"","width":0,"height":0},"classes":[]},{"id":286,"url":"https:\/\/wp.ufpel.edu.br\/imagensdajustica\/inscricoes\/submissoes\/","url_meta":{"origin":89,"position":1},"title":"REGRAS GERAIS","author":"imagensdajustica","date":"29\/08\/2012","format":false,"excerpt":"NORMAS PARA SUBMISS\u00c3O DE RESUMOS Para submeter o resumo de trabalhos ao Semin\u00e1rio Internacional Imagens da Justi\u00e7a, Curr\u00edculo e Educa\u00e7\u00e3o Jur\u00eddica, \u00e9 exigida a inscri\u00e7\u00e3o de todos os autores no evento. Os resumos das Comunica\u00e7\u00f5es e propostos devem ser enviados para o e-mail do evento at\u00e9 02 de outubro de\u2026","rel":"","context":"Post similar","block_context":{"text":"Post similar","link":""},"img":{"alt_text":"","src":"","width":0,"height":0},"classes":[]},{"id":1303,"url":"https:\/\/wp.ufpel.edu.br\/imagensdajustica\/2-2\/","url_meta":{"origin":89,"position":2},"title":"III SEMIN\u00c1RIO INTERNACIONAL IMAGENS DA\u2026","author":"imagensdajustica","date":"12\/09\/2012","format":false,"excerpt":"III SEMIN\u00c1RIO INTERNACIONAL IMAGENS DA JUSTI\u00c7A, CURR\u00cdCULO E EDUCA\u00c7\u00c3O JUR\u00cdDICA \"Educa\u00e7\u00e3o Jur\u00eddica e mudan\u00e7as: di\u00e1logos, novos contextos e metodologias.\" Data do evento: 18 a 20 de outubro de 2017. LOCAL: Faculdade de Direito de Pelotas (Pra\u00e7a Conselheiro Maciel, 215 \u2013 Centro, Pelotas) Promo\u00e7\u00e3o Conjunta: Faculdade de Educa\u00e7\u00e3o \u2013 Programa de\u2026","rel":"","context":"Post similar","block_context":{"text":"Post similar","link":""},"img":{"alt_text":"","src":"","width":0,"height":0},"classes":[]},{"id":9,"url":"https:\/\/wp.ufpel.edu.br\/imagensdajustica\/apresentacao\/","url_meta":{"origin":89,"position":3},"title":"APRESENTA\u00c7\u00c3O","author":"thomas","date":"09\/01\/2018","format":false,"excerpt":"Sejam bem vindos! O\u00a0III Semin\u00e1rio Internacional Imagens da Justi\u00e7a, Curr\u00edculo e Educa\u00e7\u00e3o Jur\u00eddica, \u201cEduca\u00e7\u00e3o Jur\u00eddica e mudan\u00e7as: di\u00e1logos, novos contextos e metodologias\u201d,\u00a0promovido por uma parceria entre unidades acad\u00eamicas da Universidade Federal de Pelotas, a Faculdade de Educa\u00e7\u00e3o \u2013 Programa de P\u00f3s- Gradua\u00e7\u00e3o em Educa\u00e7\u00e3o e a Faculdade de Direito \u2013\u2026","rel":"","context":"Post similar","block_context":{"text":"Post similar","link":""},"img":{"alt_text":"","src":"https:\/\/i0.wp.com\/wp.ufpel.edu.br\/imagensdajustica\/files\/2018\/01\/REALIZA%C3%87%C3%83O1-1024x121.png?resize=350%2C200&ssl=1","width":350,"height":200,"srcset":"https:\/\/i0.wp.com\/wp.ufpel.edu.br\/imagensdajustica\/files\/2018\/01\/REALIZA%C3%87%C3%83O1-1024x121.png?resize=350%2C200&ssl=1 1x, https:\/\/i0.wp.com\/wp.ufpel.edu.br\/imagensdajustica\/files\/2018\/01\/REALIZA%C3%87%C3%83O1-1024x121.png?resize=525%2C300&ssl=1 1.5x, https:\/\/i0.wp.com\/wp.ufpel.edu.br\/imagensdajustica\/files\/2018\/01\/REALIZA%C3%87%C3%83O1-1024x121.png?resize=700%2C400&ssl=1 2x"},"classes":[]},{"id":284,"url":"https:\/\/wp.ufpel.edu.br\/imagensdajustica\/apresentacao-2\/","url_meta":{"origin":89,"position":4},"title":"Apresenta\u00e7\u00e3o","author":"imagensdajustica","date":"29\/08\/2012","format":false,"excerpt":"O II Semin\u00e1rio Internacional Imagens da Justi\u00e7a, Curr\u00edculo e Educa\u00e7\u00e3o Jur\u00eddica, promovido por uma parceria entre unidades acad\u00eamicas da Universidade Federal de Pelotas, a Faculdade de Educa\u00e7\u00e3o \u2013 Programa de P\u00f3s- Gradua\u00e7\u00e3o em Educa\u00e7\u00e3o e a Faculdade de Direito, ser\u00e1 realizado nos dias 26 e 27 de agosto de 2014,\u2026","rel":"","context":"Post similar","block_context":{"text":"Post similar","link":""},"img":{"alt_text":"","src":"https:\/\/i0.wp.com\/wp.ufpel.edu.br\/imagensdajustica\/files\/2012\/08\/REALIZA%C3%87%C3%83O.png?resize=350%2C200&ssl=1","width":350,"height":200,"srcset":"https:\/\/i0.wp.com\/wp.ufpel.edu.br\/imagensdajustica\/files\/2012\/08\/REALIZA%C3%87%C3%83O.png?resize=350%2C200&ssl=1 1x, https:\/\/i0.wp.com\/wp.ufpel.edu.br\/imagensdajustica\/files\/2012\/08\/REALIZA%C3%87%C3%83O.png?resize=525%2C300&ssl=1 1.5x, https:\/\/i0.wp.com\/wp.ufpel.edu.br\/imagensdajustica\/files\/2012\/08\/REALIZA%C3%87%C3%83O.png?resize=700%2C400&ssl=1 2x, https:\/\/i0.wp.com\/wp.ufpel.edu.br\/imagensdajustica\/files\/2012\/08\/REALIZA%C3%87%C3%83O.png?resize=1050%2C600&ssl=1 3x, https:\/\/i0.wp.com\/wp.ufpel.edu.br\/imagensdajustica\/files\/2012\/08\/REALIZA%C3%87%C3%83O.png?resize=1400%2C800&ssl=1 4x"},"classes":[]},{"id":1266,"url":"https:\/\/wp.ufpel.edu.br\/imagensdajustica\/programacao\/resultado-preliminar-de-trabalhos-aprovados\/","url_meta":{"origin":89,"position":5},"title":"Resultado final de trabalhos aprovados","author":"imagensdajustica","date":"05\/10\/2017","format":false,"excerpt":"Grupo Tem\u00e1tico 1 Curr\u00edculo, conhecimento e pr\u00e1ticas pedag\u00f3gicas Epistemologia e Pedagogia Decolonial: Experi\u00eancias de Sociodrama para discutir situa\u00e7\u00f5es e conceitos decoloniais (Renata Ovenhausen Albernaz) A produ\u00e7\u00e3o de pr\u00e1ticas discursivas influenciadas pelo neoliberalismo e pelo poder disciplinar no IFFAR (Juliana Mezomo Cantarelli) O Cinema e aprendizagem de l\u00ednguas visuais: CINELIBRAS (Mayara\u2026","rel":"","context":"Post similar","block_context":{"text":"Post similar","link":""},"img":{"alt_text":"","src":"","width":0,"height":0},"classes":[]}],"_links":{"self":[{"href":"https:\/\/wp.ufpel.edu.br\/imagensdajustica\/wp-json\/wp\/v2\/pages\/89","targetHints":{"allow":["GET"]}}],"collection":[{"href":"https:\/\/wp.ufpel.edu.br\/imagensdajustica\/wp-json\/wp\/v2\/pages"}],"about":[{"href":"https:\/\/wp.ufpel.edu.br\/imagensdajustica\/wp-json\/wp\/v2\/types\/page"}],"author":[{"embeddable":true,"href":"https:\/\/wp.ufpel.edu.br\/imagensdajustica\/wp-json\/wp\/v2\/users\/820"}],"replies":[{"embeddable":true,"href":"https:\/\/wp.ufpel.edu.br\/imagensdajustica\/wp-json\/wp\/v2\/comments?post=89"}],"version-history":[{"count":0,"href":"https:\/\/wp.ufpel.edu.br\/imagensdajustica\/wp-json\/wp\/v2\/pages\/89\/revisions"}],"up":[{"embeddable":true,"href":"https:\/\/wp.ufpel.edu.br\/imagensdajustica\/wp-json\/wp\/v2\/pages\/285"}],"wp:attachment":[{"href":"https:\/\/wp.ufpel.edu.br\/imagensdajustica\/wp-json\/wp\/v2\/media?parent=89"}],"curies":[{"name":"wp","href":"https:\/\/api.w.org\/{rel}","templated":true}]}}