{"id":560,"date":"2013-03-20T17:04:23","date_gmt":"2013-03-20T17:04:23","guid":{"rendered":"http:\/\/imagensdajustica.ufpel.edu.br\/?page_id=560"},"modified":"2018-05-29T09:06:01","modified_gmt":"2018-05-29T12:06:01","slug":"anais","status":"publish","type":"page","link":"https:\/\/wp.ufpel.edu.br\/imagensdajustica\/anais\/","title":{"rendered":"Anais"},"content":{"rendered":"<p><!--:en--><\/p>\n<ul>\n<li><a href=\"https:\/\/wp.ufpel.edu.br\/imagensdajustica\/anais\/anais-do-iii-seminario-internacional-imagens-da-justica-curriculo-e-educacao-juridica\/\">Anais do III Semin\u00e1rio Internacional Imagens da Justi\u00e7a, Curr\u00edculo e Educa\u00e7\u00e3o Jur\u00eddica<\/a><\/li>\n<li><a href=\"https:\/\/wp.ufpel.edu.br\/imagensdajustica\/anais\/anais-do-ii-seminario-internacional-imagens-da-justica-curriculo-e-educacao-juridica\/\">Anais do II Semin\u00e1rio Internacional Imagens da Justi\u00e7a, Curr\u00edculo e Educa\u00e7\u00e3o Jur\u00eddica<\/a><\/li>\n<\/ul>\n<p><!--:--><\/p>\n","protected":false},"excerpt":{"rendered":"<p>Anais do III Semin\u00e1rio Internacional Imagens da Justi\u00e7a, Curr\u00edculo e Educa\u00e7\u00e3o Jur\u00eddica Anais do II Semin\u00e1rio Internacional Imagens da Justi\u00e7a, Curr\u00edculo e Educa\u00e7\u00e3o Jur\u00eddica<\/p>\n","protected":false},"author":820,"featured_media":0,"parent":0,"menu_order":0,"comment_status":"closed","ping_status":"closed","template":"sidebar-page.php","meta":{"jetpack_post_was_ever_published":false,"footnotes":""},"class_list":["post-560","page","type-page","status-publish","hentry"],"jetpack_sharing_enabled":true,"jetpack_likes_enabled":true,"jetpack-related-posts":[{"id":1449,"url":"https:\/\/wp.ufpel.edu.br\/imagensdajustica\/anais\/anais-do-ii-seminario-internacional-imagens-da-justica-curriculo-e-educacao-juridica\/","url_meta":{"origin":560,"position":0},"title":"Anais do II Semin\u00e1rio Internacional Imagens da Justi\u00e7a, Curr\u00edculo e Educa\u00e7\u00e3o Jur\u00eddica","author":"thomas","date":"20\/02\/2018","format":false,"excerpt":"\u00a0 GT 1 \u2013 POL\u00cdTICAS CURRICULARES PODERA\u00c7\u00d5ES ACERCA DA APLICABILIDADE A POSTERIORI DE EXAMES QUALITATIVOS \u2013 SELETIVOS OU RESTRITIVOS, PELOS CONSELHOS PROFISSIONAIS CIDADANIA, DIFEREN\u00c7A E CULTURA: DA CI\u00caNCIA POL\u00cdTICA E JUR\u00cdDICA AOS DOCUMENTOS CURRICULARES LOCAIS A INSER\u00c7\u00c3O DAS COMPET\u00caNCIAS NAS POL\u00cdTICAS CURR\u00cdCULARES DA EDUCA\u00c7\u00c3O PROFISSIONAL E SUA RECONTEXTUALIZA\u00c7\u00c3O NO CONTEXTO\u2026","rel":"","context":"Post similar","block_context":{"text":"Post similar","link":""},"img":{"alt_text":"","src":"","width":0,"height":0},"classes":[]},{"id":1552,"url":"https:\/\/wp.ufpel.edu.br\/imagensdajustica\/anais\/anais-do-iii-seminario-internacional-imagens-da-justica-curriculo-e-educacao-juridica\/","url_meta":{"origin":560,"position":1},"title":"Anais do III Semin\u00e1rio Internacional Imagens da Justi\u00e7a, Curr\u00edculo e Educa\u00e7\u00e3o Jur\u00eddica","author":"imagensdajustica","date":"28\/05\/2018","format":false,"excerpt":"TRABALHOS COMPLETOS GT 1 -\u00a0 CURR\u00cdCULO, CONHECIMENTO E PR\u00c1TICAS PEDAG\u00d3GICAS A PRODU\u00c7\u00c3O DE PR\u00c1TICAS DISCURSIVAS INFLUENCIADAS PELO NEOLIBERALISMO E PELO PODER DISCIPLINAR NO IFFAR A INFLU\u00caNCIA DO EST\u00c1GIO DE DOC\u00caNCIA NA CONSTITUI\u00c7\u00c3O DA IDENTIDADE DOCENTE UNIVERSIT\u00c1RIA UM RELATO DE EXPERI\u00caNCIA CURR\u00cdCULO DE EDUCA\u00c7\u00c3O EM DIREITOS HUMANOS ALGUMAS CONSIDERA\u00c7\u00d5ES SOBRE DOCUMENTOS\u2026","rel":"","context":"Post similar","block_context":{"text":"Post similar","link":""},"img":{"alt_text":"","src":"","width":0,"height":0},"classes":[]},{"id":284,"url":"https:\/\/wp.ufpel.edu.br\/imagensdajustica\/apresentacao-2\/","url_meta":{"origin":560,"position":2},"title":"Apresenta\u00e7\u00e3o","author":"imagensdajustica","date":"29\/08\/2012","format":false,"excerpt":"O II Semin\u00e1rio Internacional Imagens da Justi\u00e7a, Curr\u00edculo e Educa\u00e7\u00e3o Jur\u00eddica, promovido por uma parceria entre unidades acad\u00eamicas da Universidade Federal de Pelotas, a Faculdade de Educa\u00e7\u00e3o \u2013 Programa de P\u00f3s- Gradua\u00e7\u00e3o em Educa\u00e7\u00e3o e a Faculdade de Direito, ser\u00e1 realizado nos dias 26 e 27 de agosto de 2014,\u2026","rel":"","context":"Post similar","block_context":{"text":"Post similar","link":""},"img":{"alt_text":"","src":"https:\/\/i0.wp.com\/wp.ufpel.edu.br\/imagensdajustica\/files\/2012\/08\/REALIZA%C3%87%C3%83O.png?resize=350%2C200&ssl=1","width":350,"height":200,"srcset":"https:\/\/i0.wp.com\/wp.ufpel.edu.br\/imagensdajustica\/files\/2012\/08\/REALIZA%C3%87%C3%83O.png?resize=350%2C200&ssl=1 1x, https:\/\/i0.wp.com\/wp.ufpel.edu.br\/imagensdajustica\/files\/2012\/08\/REALIZA%C3%87%C3%83O.png?resize=525%2C300&ssl=1 1.5x, https:\/\/i0.wp.com\/wp.ufpel.edu.br\/imagensdajustica\/files\/2012\/08\/REALIZA%C3%87%C3%83O.png?resize=700%2C400&ssl=1 2x, https:\/\/i0.wp.com\/wp.ufpel.edu.br\/imagensdajustica\/files\/2012\/08\/REALIZA%C3%87%C3%83O.png?resize=1050%2C600&ssl=1 3x, https:\/\/i0.wp.com\/wp.ufpel.edu.br\/imagensdajustica\/files\/2012\/08\/REALIZA%C3%87%C3%83O.png?resize=1400%2C800&ssl=1 4x"},"classes":[]},{"id":1303,"url":"https:\/\/wp.ufpel.edu.br\/imagensdajustica\/2-2\/","url_meta":{"origin":560,"position":3},"title":"III SEMIN\u00c1RIO INTERNACIONAL IMAGENS DA\u2026","author":"imagensdajustica","date":"12\/09\/2012","format":false,"excerpt":"III SEMIN\u00c1RIO INTERNACIONAL IMAGENS DA JUSTI\u00c7A, CURR\u00cdCULO E EDUCA\u00c7\u00c3O JUR\u00cdDICA \"Educa\u00e7\u00e3o Jur\u00eddica e mudan\u00e7as: di\u00e1logos, novos contextos e metodologias.\" Data do evento: 18 a 20 de outubro de 2017. LOCAL: Faculdade de Direito de Pelotas (Pra\u00e7a Conselheiro Maciel, 215 \u2013 Centro, Pelotas) Promo\u00e7\u00e3o Conjunta: Faculdade de Educa\u00e7\u00e3o \u2013 Programa de\u2026","rel":"","context":"Post similar","block_context":{"text":"Post similar","link":""},"img":{"alt_text":"","src":"","width":0,"height":0},"classes":[]},{"id":9,"url":"https:\/\/wp.ufpel.edu.br\/imagensdajustica\/apresentacao\/","url_meta":{"origin":560,"position":4},"title":"APRESENTA\u00c7\u00c3O","author":"thomas","date":"09\/01\/2018","format":false,"excerpt":"Sejam bem vindos! O\u00a0III Semin\u00e1rio Internacional Imagens da Justi\u00e7a, Curr\u00edculo e Educa\u00e7\u00e3o Jur\u00eddica, \u201cEduca\u00e7\u00e3o Jur\u00eddica e mudan\u00e7as: di\u00e1logos, novos contextos e metodologias\u201d,\u00a0promovido por uma parceria entre unidades acad\u00eamicas da Universidade Federal de Pelotas, a Faculdade de Educa\u00e7\u00e3o \u2013 Programa de P\u00f3s- Gradua\u00e7\u00e3o em Educa\u00e7\u00e3o e a Faculdade de Direito \u2013\u2026","rel":"","context":"Post similar","block_context":{"text":"Post similar","link":""},"img":{"alt_text":"","src":"https:\/\/i0.wp.com\/wp.ufpel.edu.br\/imagensdajustica\/files\/2018\/01\/REALIZA%C3%87%C3%83O1-1024x121.png?resize=350%2C200&ssl=1","width":350,"height":200,"srcset":"https:\/\/i0.wp.com\/wp.ufpel.edu.br\/imagensdajustica\/files\/2018\/01\/REALIZA%C3%87%C3%83O1-1024x121.png?resize=350%2C200&ssl=1 1x, https:\/\/i0.wp.com\/wp.ufpel.edu.br\/imagensdajustica\/files\/2018\/01\/REALIZA%C3%87%C3%83O1-1024x121.png?resize=525%2C300&ssl=1 1.5x, https:\/\/i0.wp.com\/wp.ufpel.edu.br\/imagensdajustica\/files\/2018\/01\/REALIZA%C3%87%C3%83O1-1024x121.png?resize=700%2C400&ssl=1 2x"},"classes":[]},{"id":664,"url":"https:\/\/wp.ufpel.edu.br\/imagensdajustica\/evento-anterior\/","url_meta":{"origin":560,"position":5},"title":"Edi\u00e7\u00f5es anteriores","author":"imagensdajustica","date":"16\/07\/2014","format":false,"excerpt":"I Semin\u00e1rio Internacional Imagens da Justi\u00e7a, Curr\u00edculo e Educa\u00e7\u00e3o Jur\u00eddica 29 e 30 de novembro de 2012 A primeira edi\u00e7\u00e3o do Semin\u00e1rio Internacional Imagens da Justi\u00e7a, Curr\u00edculo e Educa\u00e7\u00e3o Jur\u00eddica, promovido por meio de uma parceria estabelecida entre unidades acad\u00eamicas da Universidade Federal de Pelotas, congregando, por um lado, a\u2026","rel":"","context":"Post similar","block_context":{"text":"Post similar","link":""},"img":{"alt_text":"","src":"https:\/\/i0.wp.com\/wp.ufpel.edu.br\/imagensdajustica\/files\/2014\/07\/Reuni%C3%A3o-de-Pesquisadores.jpg?resize=350%2C200","width":350,"height":200},"classes":[]}],"_links":{"self":[{"href":"https:\/\/wp.ufpel.edu.br\/imagensdajustica\/wp-json\/wp\/v2\/pages\/560","targetHints":{"allow":["GET"]}}],"collection":[{"href":"https:\/\/wp.ufpel.edu.br\/imagensdajustica\/wp-json\/wp\/v2\/pages"}],"about":[{"href":"https:\/\/wp.ufpel.edu.br\/imagensdajustica\/wp-json\/wp\/v2\/types\/page"}],"author":[{"embeddable":true,"href":"https:\/\/wp.ufpel.edu.br\/imagensdajustica\/wp-json\/wp\/v2\/users\/820"}],"replies":[{"embeddable":true,"href":"https:\/\/wp.ufpel.edu.br\/imagensdajustica\/wp-json\/wp\/v2\/comments?post=560"}],"version-history":[{"count":13,"href":"https:\/\/wp.ufpel.edu.br\/imagensdajustica\/wp-json\/wp\/v2\/pages\/560\/revisions"}],"predecessor-version":[{"id":1647,"href":"https:\/\/wp.ufpel.edu.br\/imagensdajustica\/wp-json\/wp\/v2\/pages\/560\/revisions\/1647"}],"wp:attachment":[{"href":"https:\/\/wp.ufpel.edu.br\/imagensdajustica\/wp-json\/wp\/v2\/media?parent=560"}],"curies":[{"name":"wp","href":"https:\/\/api.w.org\/{rel}","templated":true}]}}