{"id":286,"date":"2012-08-29T16:40:40","date_gmt":"2012-08-29T19:40:40","guid":{"rendered":"http:\/\/wp.ufpel.edu.br\/seminariointernacionalimagensdajustica\/?page_id=17"},"modified":"2018-02-21T14:46:27","modified_gmt":"2018-02-21T17:46:27","slug":"submissoes","status":"publish","type":"page","link":"https:\/\/wp.ufpel.edu.br\/imagensdajustica\/inscricoes\/submissoes\/","title":{"rendered":"REGRAS GERAIS"},"content":{"rendered":"<p style=\"text-align: justify;\"><span style=\"color: #638ca6; font-size: 18pt;\"><strong>NORMAS PARA SUBMISS\u00c3O DE RESUMOS<\/strong><\/span><\/p>\n<p style=\"text-align: justify;\">Para submeter o resumo de trabalhos ao Semin\u00e1rio Internacional <em>Imagens da Justi\u00e7a, Curr\u00edculo e Educa\u00e7\u00e3o Jur\u00eddica<\/em>, \u00e9 exigida a inscri\u00e7\u00e3o de todos os autores no evento.<br \/>\nOs <span style=\"color: #f29419;\"><strong>resumos <\/strong><\/span>das Comunica\u00e7\u00f5es e propostos devem ser enviados para o e-mail do evento <strong><span style=\"color: #f29419;\">at\u00e9 02 de outubro de 2017<\/span><\/strong>, juntamente com a ficha de inscri\u00e7\u00e3o preenchida e o comprovante de pagamento da <strong><span style=\"color: #f29419;\">Guia de Recolhimento da Uni\u00e3o<\/span><\/strong> do valor correspondente \u00e0 inscri\u00e7\u00e3o no Banco do Brasil.<br \/>\nO arquivo do resumo dever\u00e1 ser identificado pelo n\u00famero do Grupo Tem\u00e1tico e o nome completo do autor principal (Ex: GT 7 \u2013 SILVA, Jo\u00e3o Correa).<br \/>\nDisponibilizamos um documento Word com <strong><span style=\"color: #638ca6;\"><a style=\"color: #638ca6;\" href=\"http:\/\/imagensdajustica.ufpel.edu.br\/wp-content\/uploads\/2012\/09\/Modelo-Marca-D-\u00e1gua1.docx\">Modelo Marca D-\u00e1gua<\/a><\/span><\/strong>. Este dever\u00e1 ser utilizado para o envio do Resumo e, oportunamente, do trabalho completo, ambos em formato PDF. Observa-se que os resumos e os trabalhos completos somente ser\u00e3o publicados se forem apresentados com a utiliza\u00e7\u00e3o desse documento e no formato indicado.<br \/>\nO resumo do trabalho dever\u00e1 conter de 3 a 5 palavras-chave, bem como at\u00e9 250 palavras, incluindo na contagem o t\u00edtulo e as palavras-chave. Nomes de autores e coautores, siglas das institui\u00e7\u00f5es e ag\u00eancia financiadora, n\u00e3o ser\u00e3o contabilizados.<br \/>\nSer\u00e3o aceitos como Comunica\u00e7\u00f5es os relatos de pesquisas ou experi\u00eancias educacionais conclu\u00eddas ou em andamento e com, no m\u00e1ximo, 03 (tr\u00eas) autores.<br \/>\nA confirma\u00e7\u00e3o <strong><span style=\"color: #f29419;\">da aceita\u00e7\u00e3o dos resumos das Comunica\u00e7\u00f5es<\/span><\/strong> ser\u00e1 divulgada na p\u00e1gina do Semin\u00e1rio <strong><span style=\"color: #f29419;\">at\u00e9 29 de setembro de 2017<\/span><\/strong>.<br \/>\nOs resumos dos trabalhos aprovados ser\u00e3o publicados nos Anais do Semin\u00e1rio, com o respectivo ISBN. Os proponentes dos resumos selecionados para apresenta\u00e7\u00e3o no evento poder\u00e3o, se assim o desejarem, enviar o texto completo do trabalho \u00e0 Comiss\u00e3o Organizadora <strong><span style=\"color: #f29419;\">at\u00e9 20 de novembro de 2017<\/span><\/strong>, para efeito de sua publica\u00e7\u00e3o nos Anais do Semin\u00e1rio.<br \/>\nO texto completo das Comunica\u00e7\u00f5es dever\u00e1 ter a forma de artigo, com problem\u00e1tica anunciada e desenvolvida, conclus\u00f5es e refer\u00eancias e conter entre 25.000m e 40.000 caracteres, considerados os espa\u00e7os, incluindo t\u00edtulo, autoria e refer\u00eancias bibliogr\u00e1ficas, notas de rodap\u00e9, quadros ou tabelas.<br \/>\nCada autor poder\u00e1 ser proponente de, no m\u00e1ximo, tr\u00eas trabalhos, podendo constar como autor principal em at\u00e9 dois.<br \/>\nN\u00e3o haver\u00e1 devolu\u00e7\u00e3o da taxa de inscri\u00e7\u00e3o, caso o trabalho n\u00e3o seja aprovado.<\/p>\n<p style=\"text-align: justify;\"><strong>Os trabalhos a serem apresentados devem ser inscritos em um dos seguintes GRUPOS TEM\u00c1TICOS:<\/strong><\/p>\n<ul style=\"text-align: justify;\">\n<li><span class=\"Apple-style-span\" style=\"color: #f29419;\"><strong>GT1. Curr\u00edculo, conhecimento e pr\u00e1ticas pedag\u00f3gicas<\/strong><\/span><\/li>\n<li><span class=\"Apple-style-span\" style=\"color: #f29419;\"><strong>GT 2: G\u00eanero, curr\u00edculo, imagens e suas interseccionalidades<\/strong><\/span><\/li>\n<li><span class=\"Apple-style-span\" style=\"color: #f29419;\"><strong>GT 3: Gest\u00e3o, curr\u00edculo e pol\u00edticas educativas<\/strong><\/span><\/li>\n<li><span class=\"Apple-style-span\" style=\"color: #f29419;\"><strong>GT 4: Curr\u00edculo e Educa\u00e7\u00e3o Jur\u00eddica<\/strong><\/span><\/li>\n<li><span class=\"Apple-style-span\" style=\"color: #f29419;\"><strong>GT 5: Imagens da Justi\u00e7a<\/strong><\/span><\/li>\n<li><span class=\"Apple-style-span\" style=\"color: #f29419;\"><strong>GT 6: Po\u00e9ticas e Direito: Artes Visuais, Literatura e M\u00eddias<\/strong><\/span><\/li>\n<li><span class=\"Apple-style-span\" style=\"color: #f29419;\"><strong>GT 7: Direito, Mem\u00f3ria e Fotografia<\/strong><\/span><\/li>\n<li><span class=\"Apple-style-span\" style=\"color: #f29419;\"><strong>GT 8: Constitui\u00e7\u00e3o, Justi\u00e7a Social e Imagens.<\/strong><\/span><\/li>\n<\/ul>\n<h1 style=\"text-align: justify;\">FORMATA\u00c7\u00c3O DOS RESUMOS PARA COMUNICA\u00c7\u00d5ES:<\/h1>\n<p style=\"text-align: justify;\">Resumo com <span style=\"color: #f29419;\"><strong>at\u00e9 250 palavras<\/strong><\/span> deve ser enviado em<strong><span style=\"color: #f29419;\"> formato PDF<\/span><\/strong>, observadas as seguintes especifica\u00e7\u00f5es:<\/p>\n<ul style=\"text-align: justify;\">\n<li>Documento word disponibilizado com <strong><span style=\"color: #638ca6;\"><a style=\"color: #638ca6;\" href=\"http:\/\/imagensdajustica.ufpel.edu.br\/wp-content\/uploads\/2012\/09\/Modelo-Marca-D-\u00e1gua1.docx\">marca d\u2019\u00e1gua do evento<\/a><\/span><\/strong>;<\/li>\n<li>T\u00edtulo centralizado, em mai\u00fasculas e em negrito;<\/li>\n<li>Nome do autor \u2013 sigla da Institui\u00e7\u00e3o;<\/li>\n<li>Nome(s) de co\/autor(es\/as) \u2013 sigla da(s) institui\u00e7\u00e3o(es) (quando houver);<\/li>\n<li>Ag\u00eancia ou Institui\u00e7\u00e3o Financiadora (quando houver).<\/li>\n<li>Fonte Times New Roman, corpo 12;<\/li>\n<li>Alinhamento justificado e espa\u00e7amento \u201c1,5 linhas\u201d;<\/li>\n<li>Margem superior de 3 cm e as demais de 2,5 cm;<\/li>\n<li>nomes de autores e coautores, siglas das institui\u00e7\u00f5es e ag\u00eancia financiadora (se for o caso)<strong><span style=\"color: #638ca6;\"><a style=\"color: #638ca6;\" title=\"\" href=\"http:\/\/imagensdajustica.ufpel.edu.br\/?page_id=286#_ftn1\">[1]<\/a><\/span><\/strong>;<\/li>\n<li>Problem\u00e1tica;<\/li>\n<li>Metodologia;<\/li>\n<li>Relev\u00e2ncia e pertin\u00eancia do trabalho para a \u00e1rea de pesquisa;<\/li>\n<li>Resultados;<\/li>\n<li>Palavras-chave;<\/li>\n<\/ul>\n<h1 style=\"text-align: justify;\"><strong>Texto completo<\/strong><strong>: <\/strong><\/h1>\n<p style=\"text-align: justify;\">Os textos dever\u00e3o ser associados aos resumos aprovados com o mesmo t\u00edtulo e palavras-chave.<br \/>\nO arquivo contendo o trabalho completo deve ser salvo no formato PDF sendo nomeado com o n\u00famero do Grupo Tem\u00e1tico e o nome do autor principal.<br \/>\nO texto dever\u00e1 ter, entre 25.000m e 40.000 caracteres, considerados os espa\u00e7os, incluindo t\u00edtulo, autoria e refer\u00eancias bibliogr\u00e1ficas, notas de rodap\u00e9, quadros ou tabelas.<\/p>\n<h1 style=\"text-align: justify;\"><strong>Formata\u00e7\u00e3o dos arquivos: <\/strong><\/h1>\n<ul style=\"text-align: justify;\">\n<li>Formato word disponibilizado com <strong><span style=\"color: #638ca6;\"><a style=\"color: #638ca6;\" href=\"http:\/\/imagensdajustica.ufpel.edu.br\/wp-content\/uploads\/2012\/09\/Modelo-Marca-D-\u00e1gua1.docx\">marca d\u2019\u00e1gua do evento<\/a><\/span><\/strong>;<\/li>\n<li>Papel A4;<\/li>\n<li>Fonte Times New Roman, corpo 12;<\/li>\n<li>Alinhamento justificado e espa\u00e7amento \u201c1,5 linhas\u201d;<\/li>\n<li>Margem superior de 3 cm e as demais de 2,5 cm;<\/li>\n<li>P\u00e1ginas numeradas a partir da segunda, na margem superior direita;<\/li>\n<li>T\u00edtulo centralizado, em mai\u00fasculas e em negrito;<\/li>\n<li>Nome do autor \u2013 sigla da Institui\u00e7\u00e3o;<\/li>\n<li>Nome(s) de co\/autor(es\/as) \u2013 sigla da(s) institui\u00e7\u00e3o(es) (quando houver);<\/li>\n<li>Ag\u00eancia ou Institui\u00e7\u00e3o Financiadora (quando houver).<\/li>\n<\/ul>\n<p style=\"text-align: justify;\">As refer\u00eancias bibliogr\u00e1ficas devem constar no final do texto, sendo organizadas por ordem alfab\u00e9tica, e de acordo com as regras da ABNT.<\/p>\n<p style=\"text-align: justify;\"><strong>DATAS IMPORTANTES<\/strong><br \/>\n<strong><span style=\"color: #f29419;\">Inscri\u00e7\u00f5es com submiss\u00e3o de trabalhos: at\u00e9 02 de outubro de 2017.<\/span><\/strong><br \/>\n<strong><span style=\"color: #f29419;\"> Inscri\u00e7\u00f5es sem submiss\u00e3o: at\u00e9 18 de outubro de 2017.<\/span><\/strong><br \/>\n<strong><span style=\"color: #f29419;\"> Resultados das submiss\u00f5es de trabalhos: 29 de setembro de 2017.<\/span><\/strong><br \/>\n<strong><span style=\"color: #f29419;\">Envio dos trabalhos completos p\u00f3s-evento: at\u00e9 20 de novembro de 2017.<\/span><\/strong><\/p>\n<div style=\"text-align: justify;\">\n<hr align=\"left\" size=\"1\" width=\"33%\" \/>\n<div>\n<p><strong><span style=\"color: #638ca6;\"><a style=\"color: #638ca6;\" title=\"\" href=\"http:\/\/imagensdajustica.ufpel.edu.br\/?page_id=286#_ftnref1\">[1]<\/a><\/span><\/strong> <strong>Como antes mencionado, os dados referentes aos nomes de autores e coautores, siglas das institui\u00e7\u00f5es e ag\u00eancia financiadora, n\u00e3o entram no c\u00f4mputo do limite das 250 palavras.<\/strong><\/p>\n<\/div>\n<\/div>\n","protected":false},"excerpt":{"rendered":"<p>NORMAS PARA SUBMISS\u00c3O DE RESUMOS Para submeter o resumo de trabalhos ao Semin\u00e1rio Internacional Imagens da Justi\u00e7a, Curr\u00edculo e Educa\u00e7\u00e3o Jur\u00eddica, \u00e9 exigida a inscri\u00e7\u00e3o de todos os autores no evento. Os resumos das Comunica\u00e7\u00f5es e propostos devem ser enviados &hellip; <a href=\"https:\/\/wp.ufpel.edu.br\/imagensdajustica\/inscricoes\/submissoes\/\">Continue lendo <span class=\"meta-nav\">&rarr;<\/span><\/a><\/p>\n","protected":false},"author":820,"featured_media":0,"parent":285,"menu_order":0,"comment_status":"closed","ping_status":"closed","template":"","meta":{"jetpack_post_was_ever_published":false,"footnotes":""},"class_list":["post-286","page","type-page","status-publish","hentry"],"jetpack_sharing_enabled":true,"jetpack_likes_enabled":true,"jetpack-related-posts":[{"id":285,"url":"https:\/\/wp.ufpel.edu.br\/imagensdajustica\/inscricoes\/","url_meta":{"origin":286,"position":0},"title":"INSCRI\u00c7\u00d5ES","author":"imagensdajustica","date":"29\/08\/2012","format":false,"excerpt":"ATEN\u00c7\u00c3O: devido a instabilidade do site, aqueles que n\u00e3o conseguirem realizar sua inscri\u00e7\u00e3o pelo formul\u00e1rio, poder\u00e3o enviar suas informa\u00e7\u00f5es* pelo e-mail imagensdajustica2017@gmail.com. *Informa\u00e7\u00f5es para inscri\u00e7\u00e3o SEM submiss\u00e3o de trabalho: Nome: CPF\/Passaporte: Cidade: Estado: E-mail: Institui\u00e7\u00e3o: Curso: Titula\u00e7\u00e3o: Anexo da imagem de Comprova\u00e7\u00e3o de pagamento (formato: pdf, jpg ou bmp). *Informa\u00e7\u00f5es\u2026","rel":"","context":"Post similar","block_context":{"text":"Post similar","link":""},"img":{"alt_text":"","src":"","width":0,"height":0},"classes":[]},{"id":89,"url":"https:\/\/wp.ufpel.edu.br\/imagensdajustica\/inscricoes\/participante-sem-submissao-de-trabalho\/","url_meta":{"origin":286,"position":1},"title":"Participante SEM submiss\u00e3o de trabalho","author":"imagensdajustica","date":"02\/09\/2012","format":false,"excerpt":"Formul\u00e1rio de Inscri\u00e7\u00e3o: Formul\u00e1rio de Inscri\u00e7\u00e3o SEM Apresenta\u00e7\u00e3o de Trabalho Formul\u00e1rio de Inscri\u00e7\u00e3o: Formul\u00e1rio de Inscri\u00e7\u00e3o SEM Apresenta\u00e7\u00e3o de Trabalho ATEN\u00c7\u00c3O: devido a instabilidade do site, aqueles que n\u00e3o conseguirem realizar sua inscri\u00e7\u00e3o pelo formul\u00e1rio, poder\u00e3o enviar suas informa\u00e7\u00f5es* pelo e-mail imagensdajustica2017@gmail.com. *Informa\u00e7\u00f5es para inscri\u00e7\u00e3o SEM submiss\u00e3o de trabalho: Nome:\u2026","rel":"","context":"Post similar","block_context":{"text":"Post similar","link":""},"img":{"alt_text":"","src":"","width":0,"height":0},"classes":[]},{"id":1303,"url":"https:\/\/wp.ufpel.edu.br\/imagensdajustica\/2-2\/","url_meta":{"origin":286,"position":2},"title":"III SEMIN\u00c1RIO INTERNACIONAL IMAGENS DA\u2026","author":"imagensdajustica","date":"12\/09\/2012","format":false,"excerpt":"III SEMIN\u00c1RIO INTERNACIONAL IMAGENS DA JUSTI\u00c7A, CURR\u00cdCULO E EDUCA\u00c7\u00c3O JUR\u00cdDICA \"Educa\u00e7\u00e3o Jur\u00eddica e mudan\u00e7as: di\u00e1logos, novos contextos e metodologias.\" Data do evento: 18 a 20 de outubro de 2017. LOCAL: Faculdade de Direito de Pelotas (Pra\u00e7a Conselheiro Maciel, 215 \u2013 Centro, Pelotas) Promo\u00e7\u00e3o Conjunta: Faculdade de Educa\u00e7\u00e3o \u2013 Programa de\u2026","rel":"","context":"Post similar","block_context":{"text":"Post similar","link":""},"img":{"alt_text":"","src":"","width":0,"height":0},"classes":[]},{"id":1552,"url":"https:\/\/wp.ufpel.edu.br\/imagensdajustica\/anais\/anais-do-iii-seminario-internacional-imagens-da-justica-curriculo-e-educacao-juridica\/","url_meta":{"origin":286,"position":3},"title":"Anais do III Semin\u00e1rio Internacional Imagens da Justi\u00e7a, Curr\u00edculo e Educa\u00e7\u00e3o Jur\u00eddica","author":"imagensdajustica","date":"28\/05\/2018","format":false,"excerpt":"TRABALHOS COMPLETOS GT 1 -\u00a0 CURR\u00cdCULO, CONHECIMENTO E PR\u00c1TICAS PEDAG\u00d3GICAS A PRODU\u00c7\u00c3O DE PR\u00c1TICAS DISCURSIVAS INFLUENCIADAS PELO NEOLIBERALISMO E PELO PODER DISCIPLINAR NO IFFAR A INFLU\u00caNCIA DO EST\u00c1GIO DE DOC\u00caNCIA NA CONSTITUI\u00c7\u00c3O DA IDENTIDADE DOCENTE UNIVERSIT\u00c1RIA UM RELATO DE EXPERI\u00caNCIA CURR\u00cdCULO DE EDUCA\u00c7\u00c3O EM DIREITOS HUMANOS ALGUMAS CONSIDERA\u00c7\u00d5ES SOBRE DOCUMENTOS\u2026","rel":"","context":"Post similar","block_context":{"text":"Post similar","link":""},"img":{"alt_text":"","src":"","width":0,"height":0},"classes":[]},{"id":9,"url":"https:\/\/wp.ufpel.edu.br\/imagensdajustica\/apresentacao\/","url_meta":{"origin":286,"position":4},"title":"APRESENTA\u00c7\u00c3O","author":"thomas","date":"09\/01\/2018","format":false,"excerpt":"Sejam bem vindos! O\u00a0III Semin\u00e1rio Internacional Imagens da Justi\u00e7a, Curr\u00edculo e Educa\u00e7\u00e3o Jur\u00eddica, \u201cEduca\u00e7\u00e3o Jur\u00eddica e mudan\u00e7as: di\u00e1logos, novos contextos e metodologias\u201d,\u00a0promovido por uma parceria entre unidades acad\u00eamicas da Universidade Federal de Pelotas, a Faculdade de Educa\u00e7\u00e3o \u2013 Programa de P\u00f3s- Gradua\u00e7\u00e3o em Educa\u00e7\u00e3o e a Faculdade de Direito \u2013\u2026","rel":"","context":"Post similar","block_context":{"text":"Post similar","link":""},"img":{"alt_text":"","src":"https:\/\/i0.wp.com\/wp.ufpel.edu.br\/imagensdajustica\/files\/2018\/01\/REALIZA%C3%87%C3%83O1-1024x121.png?resize=350%2C200&ssl=1","width":350,"height":200,"srcset":"https:\/\/i0.wp.com\/wp.ufpel.edu.br\/imagensdajustica\/files\/2018\/01\/REALIZA%C3%87%C3%83O1-1024x121.png?resize=350%2C200&ssl=1 1x, https:\/\/i0.wp.com\/wp.ufpel.edu.br\/imagensdajustica\/files\/2018\/01\/REALIZA%C3%87%C3%83O1-1024x121.png?resize=525%2C300&ssl=1 1.5x, https:\/\/i0.wp.com\/wp.ufpel.edu.br\/imagensdajustica\/files\/2018\/01\/REALIZA%C3%87%C3%83O1-1024x121.png?resize=700%2C400&ssl=1 2x"},"classes":[]},{"id":1243,"url":"https:\/\/wp.ufpel.edu.br\/imagensdajustica\/1243-2\/","url_meta":{"origin":286,"position":5},"title":"ATEN\u00c7\u00c3O! Hoje come\u00e7amos a divulgar\u2026","author":"imagensdajustica","date":"05\/10\/2017","format":false,"excerpt":"ATEN\u00c7\u00c3O! Hoje come\u00e7amos a divulgar a lista dos trabalhos aprovados para o III Semin\u00e1rio Internacional Imagens da Justi\u00e7a, Curr\u00edculo e Educa\u00e7\u00e3o Jur\u00eddica. Em virtude do grande n\u00famero de inscri\u00e7\u00f5es aproveitamos para informar que: Ser\u00e3o realizadas mais duas divulga\u00e7\u00f5es de trabalhos aprovados, uma na sexta-feira\u00a0(6\/10)\u00a0e outra na segunda-feira\u00a0(9\/10) Os aceites s\u00e3o\u2026","rel":"","context":"Post similar","block_context":{"text":"Post similar","link":""},"img":{"alt_text":"","src":"","width":0,"height":0},"classes":[]}],"_links":{"self":[{"href":"https:\/\/wp.ufpel.edu.br\/imagensdajustica\/wp-json\/wp\/v2\/pages\/286","targetHints":{"allow":["GET"]}}],"collection":[{"href":"https:\/\/wp.ufpel.edu.br\/imagensdajustica\/wp-json\/wp\/v2\/pages"}],"about":[{"href":"https:\/\/wp.ufpel.edu.br\/imagensdajustica\/wp-json\/wp\/v2\/types\/page"}],"author":[{"embeddable":true,"href":"https:\/\/wp.ufpel.edu.br\/imagensdajustica\/wp-json\/wp\/v2\/users\/820"}],"replies":[{"embeddable":true,"href":"https:\/\/wp.ufpel.edu.br\/imagensdajustica\/wp-json\/wp\/v2\/comments?post=286"}],"version-history":[{"count":5,"href":"https:\/\/wp.ufpel.edu.br\/imagensdajustica\/wp-json\/wp\/v2\/pages\/286\/revisions"}],"predecessor-version":[{"id":1504,"href":"https:\/\/wp.ufpel.edu.br\/imagensdajustica\/wp-json\/wp\/v2\/pages\/286\/revisions\/1504"}],"up":[{"embeddable":true,"href":"https:\/\/wp.ufpel.edu.br\/imagensdajustica\/wp-json\/wp\/v2\/pages\/285"}],"wp:attachment":[{"href":"https:\/\/wp.ufpel.edu.br\/imagensdajustica\/wp-json\/wp\/v2\/media?parent=286"}],"curies":[{"name":"wp","href":"https:\/\/api.w.org\/{rel}","templated":true}]}}