{"id":283,"date":"2012-08-29T15:19:55","date_gmt":"2012-08-29T18:19:55","guid":{"rendered":"http:\/\/wp.ufpel.edu.br\/seminariointernacionalimagensdajustica\/?page_id=5"},"modified":"2018-02-20T14:05:15","modified_gmt":"2018-02-20T17:05:15","slug":"programacao","status":"publish","type":"page","link":"https:\/\/wp.ufpel.edu.br\/imagensdajustica\/programacao\/","title":{"rendered":"Programa\u00e7\u00e3o"},"content":{"rendered":"<p><!--:en--><\/p>\n<p style=\"text-align: justify;\"><!--:--><!--:pt-->Confira a grade de programa\u00e7\u00e3o para o III SEMIN\u00c1RIO INTERNACIONAL IMAGENS DA JUSTI\u00c7A, CURR\u00cdCULO E EDUCA\u00c7\u00c3O JUR\u00cdDICA<\/p>\n<div class=\"tiled-gallery type-rectangular tiled-gallery-unresized\" data-original-width=\"584\" data-carousel-extra='{&quot;blog_id&quot;:838,&quot;permalink&quot;:&quot;https:\\\/\\\/wp.ufpel.edu.br\\\/imagensdajustica\\\/programacao\\\/&quot;,&quot;likes_blog_id&quot;:140964481}' itemscope itemtype=\"http:\/\/schema.org\/ImageGallery\" > <div class=\"gallery-row\" style=\"width: 584px; height: 302px;\" data-original-width=\"584\" data-original-height=\"302\" > <div class=\"gallery-group images-1\" style=\"width: 421px; height: 302px;\" data-original-width=\"421\" data-original-height=\"302\" > <div class=\"tiled-gallery-item tiled-gallery-item-large\" itemprop=\"associatedMedia\" itemscope itemtype=\"http:\/\/schema.org\/ImageObject\"> <a href=\"https:\/\/i0.wp.com\/wp.ufpel.edu.br\/imagensdajustica\/files\/2012\/08\/programa%C3%A7%C3%A3o-01.jpg?ssl=1\" border=\"0\" itemprop=\"url\"> <meta itemprop=\"width\" content=\"417\"> <meta itemprop=\"height\" content=\"298\"> <img decoding=\"async\" class=\"\" data-attachment-id=\"1220\" data-orig-file=\"https:\/\/wp.ufpel.edu.br\/imagensdajustica\/files\/2012\/08\/programa\u00e7\u00e3o-01.jpg\" data-orig-size=\"3233,2314\" data-comments-opened=\"\" data-image-meta=\"{&quot;aperture&quot;:&quot;0&quot;,&quot;credit&quot;:&quot;&quot;,&quot;camera&quot;:&quot;&quot;,&quot;caption&quot;:&quot;&quot;,&quot;created_timestamp&quot;:&quot;0&quot;,&quot;copyright&quot;:&quot;&quot;,&quot;focal_length&quot;:&quot;0&quot;,&quot;iso&quot;:&quot;0&quot;,&quot;shutter_speed&quot;:&quot;0&quot;,&quot;title&quot;:&quot;&quot;,&quot;orientation&quot;:&quot;0&quot;}\" data-image-title=\"18 de Outubro\" data-image-description=\"\" data-medium-file=\"https:\/\/i0.wp.com\/wp.ufpel.edu.br\/imagensdajustica\/files\/2012\/08\/programa%C3%A7%C3%A3o-01.jpg?fit=400%2C286&#038;ssl=1\" data-large-file=\"https:\/\/i0.wp.com\/wp.ufpel.edu.br\/imagensdajustica\/files\/2012\/08\/programa%C3%A7%C3%A3o-01.jpg?fit=584%2C418&#038;ssl=1\" src=\"https:\/\/i0.wp.com\/wp.ufpel.edu.br\/imagensdajustica\/files\/2012\/08\/programa%C3%A7%C3%A3o-01.jpg?w=417&#038;h=298&#038;ssl=1\" width=\"417\" height=\"298\" loading=\"lazy\" data-original-width=\"417\" data-original-height=\"298\" itemprop=\"http:\/\/schema.org\/image\" title=\"18 de Outubro\" alt=\"18 de Outubro\" style=\"width: 417px; height: 298px;\" \/> <\/a> <\/div> <\/div> <!-- close group --> <div class=\"gallery-group images-2\" style=\"width: 163px; height: 302px;\" data-original-width=\"163\" data-original-height=\"302\" > <div class=\"tiled-gallery-item tiled-gallery-item-small\" itemprop=\"associatedMedia\" itemscope itemtype=\"http:\/\/schema.org\/ImageObject\"> <a href=\"https:\/\/i0.wp.com\/wp.ufpel.edu.br\/imagensdajustica\/files\/2012\/08\/programa%C3%A7%C3%A3o-02.jpg?ssl=1\" border=\"0\" itemprop=\"url\"> <meta itemprop=\"width\" content=\"159\"> <meta itemprop=\"height\" content=\"157\"> <img decoding=\"async\" class=\"\" data-attachment-id=\"1221\" data-orig-file=\"https:\/\/wp.ufpel.edu.br\/imagensdajustica\/files\/2012\/08\/programa\u00e7\u00e3o-02.jpg\" data-orig-size=\"3233,3183\" data-comments-opened=\"\" data-image-meta=\"{&quot;aperture&quot;:&quot;0&quot;,&quot;credit&quot;:&quot;&quot;,&quot;camera&quot;:&quot;&quot;,&quot;caption&quot;:&quot;&quot;,&quot;created_timestamp&quot;:&quot;0&quot;,&quot;copyright&quot;:&quot;&quot;,&quot;focal_length&quot;:&quot;0&quot;,&quot;iso&quot;:&quot;0&quot;,&quot;shutter_speed&quot;:&quot;0&quot;,&quot;title&quot;:&quot;&quot;,&quot;orientation&quot;:&quot;0&quot;}\" data-image-title=\"19 de Outubro\" data-image-description=\"\" data-medium-file=\"https:\/\/i0.wp.com\/wp.ufpel.edu.br\/imagensdajustica\/files\/2012\/08\/programa%C3%A7%C3%A3o-02.jpg?fit=400%2C394&#038;ssl=1\" data-large-file=\"https:\/\/i0.wp.com\/wp.ufpel.edu.br\/imagensdajustica\/files\/2012\/08\/programa%C3%A7%C3%A3o-02.jpg?fit=584%2C575&#038;ssl=1\" src=\"https:\/\/i0.wp.com\/wp.ufpel.edu.br\/imagensdajustica\/files\/2012\/08\/programa%C3%A7%C3%A3o-02.jpg?w=159&#038;h=157&#038;ssl=1\" width=\"159\" height=\"157\" loading=\"lazy\" data-original-width=\"159\" data-original-height=\"157\" itemprop=\"http:\/\/schema.org\/image\" title=\"19 de Outubro\" alt=\"19 de Outubro\" style=\"width: 159px; height: 157px;\" \/> <\/a> <\/div> <div class=\"tiled-gallery-item tiled-gallery-item-small\" itemprop=\"associatedMedia\" itemscope itemtype=\"http:\/\/schema.org\/ImageObject\"> <a href=\"https:\/\/i0.wp.com\/wp.ufpel.edu.br\/imagensdajustica\/files\/2012\/08\/programa%C3%A7%C3%A3o-03.jpg?ssl=1\" border=\"0\" itemprop=\"url\"> <meta itemprop=\"width\" content=\"159\"> <meta itemprop=\"height\" content=\"137\"> <img decoding=\"async\" class=\"\" data-attachment-id=\"1222\" data-orig-file=\"https:\/\/wp.ufpel.edu.br\/imagensdajustica\/files\/2012\/08\/programa\u00e7\u00e3o-03.jpg\" data-orig-size=\"2677,2314\" data-comments-opened=\"\" data-image-meta=\"{&quot;aperture&quot;:&quot;0&quot;,&quot;credit&quot;:&quot;&quot;,&quot;camera&quot;:&quot;&quot;,&quot;caption&quot;:&quot;&quot;,&quot;created_timestamp&quot;:&quot;0&quot;,&quot;copyright&quot;:&quot;&quot;,&quot;focal_length&quot;:&quot;0&quot;,&quot;iso&quot;:&quot;0&quot;,&quot;shutter_speed&quot;:&quot;0&quot;,&quot;title&quot;:&quot;&quot;,&quot;orientation&quot;:&quot;0&quot;}\" data-image-title=\"20 de Outubro\" data-image-description=\"\" data-medium-file=\"https:\/\/i0.wp.com\/wp.ufpel.edu.br\/imagensdajustica\/files\/2012\/08\/programa%C3%A7%C3%A3o-03.jpg?fit=400%2C346&#038;ssl=1\" data-large-file=\"https:\/\/i0.wp.com\/wp.ufpel.edu.br\/imagensdajustica\/files\/2012\/08\/programa%C3%A7%C3%A3o-03.jpg?fit=584%2C505&#038;ssl=1\" src=\"https:\/\/i0.wp.com\/wp.ufpel.edu.br\/imagensdajustica\/files\/2012\/08\/programa%C3%A7%C3%A3o-03.jpg?w=159&#038;h=137&#038;ssl=1\" width=\"159\" height=\"137\" loading=\"lazy\" data-original-width=\"159\" data-original-height=\"137\" itemprop=\"http:\/\/schema.org\/image\" title=\"20 de Outubro\" alt=\"20 de Outubro\" style=\"width: 159px; height: 137px;\" \/> <\/a> <\/div> <\/div> <!-- close group --> <\/div> <!-- close row --> <\/div>\n<p>&nbsp;<\/p>\n<p><!--:--><\/p>\n","protected":false},"excerpt":{"rendered":"<p>Confira a grade de programa\u00e7\u00e3o para o III SEMIN\u00c1RIO INTERNACIONAL IMAGENS DA JUSTI\u00c7A, CURR\u00cdCULO E EDUCA\u00c7\u00c3O JUR\u00cdDICA &nbsp;<\/p>\n","protected":false},"author":820,"featured_media":0,"parent":0,"menu_order":4,"comment_status":"closed","ping_status":"closed","template":"sidebar-page.php","meta":{"jetpack_post_was_ever_published":false,"footnotes":""},"class_list":["post-283","page","type-page","status-publish","hentry"],"jetpack_sharing_enabled":true,"jetpack_likes_enabled":true,"jetpack-related-posts":[{"id":1300,"url":"https:\/\/wp.ufpel.edu.br\/imagensdajustica\/programacao\/grupos-tematicos\/programacao-grupos-tematicos\/","url_meta":{"origin":283,"position":0},"title":"PROGRAMA\u00c7\u00c3O","author":"imagensdajustica","date":"19\/10\/2017","format":false,"excerpt":"ATEN\u00c7\u00c3O! Est\u00e1 dispon\u00edvel a programa\u00e7\u00e3o e o cronograma de apresenta\u00e7\u00e3o dos trabalhos nos Grupos Tem\u00e1ticos. Regras quanto ao tempo de apresenta\u00e7\u00e3o, locais e hor\u00e1rios constam na primeira imagem do PDF. Clique aqui para baixar a programa\u00e7\u00e3o do dia 19\/10 Clique aqui para baixar a programa\u00e7\u00e3o do dia 20\/10","rel":"","context":"Post similar","block_context":{"text":"Post similar","link":""},"img":{"alt_text":"","src":"","width":0,"height":0},"classes":[]},{"id":1266,"url":"https:\/\/wp.ufpel.edu.br\/imagensdajustica\/programacao\/resultado-preliminar-de-trabalhos-aprovados\/","url_meta":{"origin":283,"position":1},"title":"Resultado final de trabalhos aprovados","author":"imagensdajustica","date":"05\/10\/2017","format":false,"excerpt":"Grupo Tem\u00e1tico 1 Curr\u00edculo, conhecimento e pr\u00e1ticas pedag\u00f3gicas Epistemologia e Pedagogia Decolonial: Experi\u00eancias de Sociodrama para discutir situa\u00e7\u00f5es e conceitos decoloniais (Renata Ovenhausen Albernaz) A produ\u00e7\u00e3o de pr\u00e1ticas discursivas influenciadas pelo neoliberalismo e pelo poder disciplinar no IFFAR (Juliana Mezomo Cantarelli) O Cinema e aprendizagem de l\u00ednguas visuais: CINELIBRAS (Mayara\u2026","rel":"","context":"Post similar","block_context":{"text":"Post similar","link":""},"img":{"alt_text":"","src":"","width":0,"height":0},"classes":[]},{"id":180,"url":"https:\/\/wp.ufpel.edu.br\/imagensdajustica\/programacao\/palestrantes\/","url_meta":{"origin":283,"position":2},"title":"Conferencistas e Mediadores","author":"imagensdajustica","date":"04\/09\/2012","format":false,"excerpt":"Alvaro Moreira Hypolito (Programa de P\u00f3s-Gradua\u00e7\u00e3o em Educa\u00e7\u00e3o -Universidade Federal de Pelotas) Concluiu o Doutorado (PhD) em Curriculum and Instruction na Universidade de Wisconsin - Madison. \u00c9 Pesquisador do CNPq e Professor Associado da Universidade Federal de Pelotas, onde exerceu, dentre outras, a fun\u00e7\u00e3o de Pr\u00f3-Reitor de Gradua\u00e7\u00e3o. Publicou 58\u2026","rel":"","context":"Post similar","block_context":{"text":"Post similar","link":""},"img":{"alt_text":"","src":"https:\/\/i0.wp.com\/wp.ufpel.edu.br\/imagensdajustica\/files\/2012\/09\/alvaro-150x150.png?resize=350%2C200&ssl=1","width":350,"height":200},"classes":[]}],"_links":{"self":[{"href":"https:\/\/wp.ufpel.edu.br\/imagensdajustica\/wp-json\/wp\/v2\/pages\/283","targetHints":{"allow":["GET"]}}],"collection":[{"href":"https:\/\/wp.ufpel.edu.br\/imagensdajustica\/wp-json\/wp\/v2\/pages"}],"about":[{"href":"https:\/\/wp.ufpel.edu.br\/imagensdajustica\/wp-json\/wp\/v2\/types\/page"}],"author":[{"embeddable":true,"href":"https:\/\/wp.ufpel.edu.br\/imagensdajustica\/wp-json\/wp\/v2\/users\/820"}],"replies":[{"embeddable":true,"href":"https:\/\/wp.ufpel.edu.br\/imagensdajustica\/wp-json\/wp\/v2\/comments?post=283"}],"version-history":[{"count":4,"href":"https:\/\/wp.ufpel.edu.br\/imagensdajustica\/wp-json\/wp\/v2\/pages\/283\/revisions"}],"predecessor-version":[{"id":1479,"href":"https:\/\/wp.ufpel.edu.br\/imagensdajustica\/wp-json\/wp\/v2\/pages\/283\/revisions\/1479"}],"wp:attachment":[{"href":"https:\/\/wp.ufpel.edu.br\/imagensdajustica\/wp-json\/wp\/v2\/media?parent=283"}],"curies":[{"name":"wp","href":"https:\/\/api.w.org\/{rel}","templated":true}]}}