{"id":129,"date":"2012-09-03T01:08:09","date_gmt":"2012-09-03T04:08:09","guid":{"rendered":"http:\/\/wp.ufpel.edu.br\/seminariointernacionalimagensdajustica\/?page_id=129"},"modified":"2018-02-21T13:12:56","modified_gmt":"2018-02-21T16:12:56","slug":"como-chegar","status":"publish","type":"page","link":"https:\/\/wp.ufpel.edu.br\/imagensdajustica\/informacoes\/como-chegar\/","title":{"rendered":"COMO CHEGAR"},"content":{"rendered":"<p><!--:en--><\/p>\n<div class=\"entry-content\">\n<div class=\"entry-content\">\n<p align=\"left\"><strong>Local:<\/strong> Faculdade de Direito de Pelotas\u00a0\u2013 Universidade Federal de Pelotas<br \/>\n<strong>Endere\u00e7o:<\/strong>\u00a0Pra\u00e7a Conselheiro Maciel, 215 \u2013 Centro, Pelotas \u2013 RS \u2013 Brasil<\/p>\n<p><strong>A\u00c9REO: trecho Porto Alegre x Pelotas<\/strong><br \/>\n<a title=\"Voe Azul\" href=\"http:\/\/www.voeazul.com.br\/\" target=\"_blank\" rel=\"noopener\"><span style=\"color: #638ca6;\"><strong>Voe Azul<\/strong><\/span><\/a><\/p>\n<p><strong>RODOVI\u00c1RIO (\u00d4NIBUS):<\/strong>\u00a0Empresa Expresso Embaixador<br \/>\n<span style=\"color: #638ca6;\"><a style=\"color: #638ca6;\" title=\"Hor\u00e1rios e Valores passagens de \u00f4nibus\" href=\"https:\/\/e-commerce.passagensweb.net\/EcomerceHorarios.aspx?codPro=378&amp;tipPro=E&amp;sem=0&amp;apa=0&amp;ori=1&amp;des=77\" target=\"_blank\" rel=\"noopener\"><strong>Link para hor\u00e1rios e valores de passagens Pelotas-Porto Alegre<\/strong><\/a><\/span><\/p>\n<\/div>\n<\/div>\n","protected":false},"excerpt":{"rendered":"<p>Local: Faculdade de Direito de Pelotas\u00a0\u2013 Universidade Federal de Pelotas Endere\u00e7o:\u00a0Pra\u00e7a Conselheiro Maciel, 215 \u2013 Centro, Pelotas \u2013 RS \u2013 Brasil A\u00c9REO: trecho Porto Alegre x Pelotas Voe Azul RODOVI\u00c1RIO (\u00d4NIBUS):\u00a0Empresa Expresso Embaixador Link para hor\u00e1rios e valores de passagens &hellip; <a href=\"https:\/\/wp.ufpel.edu.br\/imagensdajustica\/informacoes\/como-chegar\/\">Continue lendo <span class=\"meta-nav\">&rarr;<\/span><\/a><\/p>\n","protected":false},"author":820,"featured_media":0,"parent":124,"menu_order":0,"comment_status":"closed","ping_status":"closed","template":"sidebar-page.php","meta":{"jetpack_post_was_ever_published":false,"footnotes":""},"class_list":["post-129","page","type-page","status-publish","hentry"],"jetpack_sharing_enabled":true,"jetpack_likes_enabled":true,"jetpack-related-posts":[{"id":287,"url":"https:\/\/wp.ufpel.edu.br\/imagensdajustica\/apresentacao-2\/comite-organizador\/","url_meta":{"origin":129,"position":0},"title":"Comit\u00ea Organizador e Cient\u00edfico","author":"imagensdajustica","date":"29\/08\/2012","format":false,"excerpt":"COMISS\u00c3O ORGANIZADORA Maria Cecilia Lorea Leite (Presidente) Alexandre Fernandes Gastal \u2013 Faculdade de Direito da UFPel \u00c1lvaro Moreira Hypolito \u2013 PPGE-UFPel Anelize Maximila Correa \u2013 PPGE- UFPel e Curso de Direito \u2013 UCPel. Alessandra Rodrigues Moreira de Castro \u2013 PPGE- UFPel e PRAc UCPel. Jarbas Santos Vieira - PPGE-UFPel Madalena\u2026","rel":"","context":"Post similar","block_context":{"text":"Post similar","link":""},"img":{"alt_text":"","src":"","width":0,"height":0},"classes":[]},{"id":312,"url":"https:\/\/wp.ufpel.edu.br\/imagensdajustica\/contato-2\/","url_meta":{"origin":129,"position":1},"title":"Contato","author":"imagensdajustica","date":"01\/10\/2012","format":false,"excerpt":"UNIVERSIDADE FEDERAL DE PELOTAS Faculdade de Educa\u00e7\u00e3o Endere\u00e7o: Rua Alberto Rosa, 154 Campus das Ci\u00eancias Sociais \u2013 2\u00ba andar CEP 96.101-770 \u2013 Pelotas \u2013 RS \u2013 Brasil Faculdade de Direito Endere\u00e7o: Pra\u00e7a Conselheiro Maciel, s\/n\u00ba. CEP 96010-030 \u2013 Centro \u2013 Pelotas \u2013 RS \u2013 Brasil E-mail: imagensdajustica2014@gmail.com Telefone: (53) 8115\u2026","rel":"","context":"Post similar","block_context":{"text":"Post similar","link":""},"img":{"alt_text":"","src":"","width":0,"height":0},"classes":[]},{"id":1303,"url":"https:\/\/wp.ufpel.edu.br\/imagensdajustica\/2-2\/","url_meta":{"origin":129,"position":2},"title":"III SEMIN\u00c1RIO INTERNACIONAL IMAGENS DA\u2026","author":"imagensdajustica","date":"12\/09\/2012","format":false,"excerpt":"III SEMIN\u00c1RIO INTERNACIONAL IMAGENS DA JUSTI\u00c7A, CURR\u00cdCULO E EDUCA\u00c7\u00c3O JUR\u00cdDICA \"Educa\u00e7\u00e3o Jur\u00eddica e mudan\u00e7as: di\u00e1logos, novos contextos e metodologias.\" Data do evento: 18 a 20 de outubro de 2017. LOCAL: Faculdade de Direito de Pelotas (Pra\u00e7a Conselheiro Maciel, 215 \u2013 Centro, Pelotas) Promo\u00e7\u00e3o Conjunta: Faculdade de Educa\u00e7\u00e3o \u2013 Programa de\u2026","rel":"","context":"Post similar","block_context":{"text":"Post similar","link":""},"img":{"alt_text":"","src":"","width":0,"height":0},"classes":[]},{"id":15,"url":"https:\/\/wp.ufpel.edu.br\/imagensdajustica\/contato\/","url_meta":{"origin":129,"position":3},"title":"CONTATO","author":"thomas","date":"09\/01\/2018","format":false,"excerpt":"UNIVERSIDADE FEDERAL DE PELOTAS Faculdade de Educa\u00e7\u00e3o Endere\u00e7o: Rua Alberto Rosa, 154 Campus das Ci\u00eancias Sociais \u2013 2\u00ba andar CEP 96.101-770 \u2013 Pelotas \u2013 RS \u2013 Brasil Faculdade de Direito Endere\u00e7o: Pra\u00e7a Conselheiro Maciel, s\/n\u00ba. CEP 96010-030 \u2013 Centro \u2013 Pelotas \u2013 RS \u2013 Brasil E-mail:\u00a0imagensdajustica2017@gmail.com Telefone:\u00a0(53) 98115 4887 Siga\u2026","rel":"","context":"Post similar","block_context":{"text":"Post similar","link":""},"img":{"alt_text":"","src":"","width":0,"height":0},"classes":[]},{"id":180,"url":"https:\/\/wp.ufpel.edu.br\/imagensdajustica\/programacao\/palestrantes\/","url_meta":{"origin":129,"position":4},"title":"Conferencistas e Mediadores","author":"imagensdajustica","date":"04\/09\/2012","format":false,"excerpt":"Alvaro Moreira Hypolito (Programa de P\u00f3s-Gradua\u00e7\u00e3o em Educa\u00e7\u00e3o -Universidade Federal de Pelotas) Concluiu o Doutorado (PhD) em Curriculum and Instruction na Universidade de Wisconsin - Madison. \u00c9 Pesquisador do CNPq e Professor Associado da Universidade Federal de Pelotas, onde exerceu, dentre outras, a fun\u00e7\u00e3o de Pr\u00f3-Reitor de Gradua\u00e7\u00e3o. Publicou 58\u2026","rel":"","context":"Post similar","block_context":{"text":"Post similar","link":""},"img":{"alt_text":"","src":"https:\/\/i0.wp.com\/wp.ufpel.edu.br\/imagensdajustica\/files\/2012\/09\/alvaro-150x150.png?resize=350%2C200&ssl=1","width":350,"height":200},"classes":[]},{"id":124,"url":"https:\/\/wp.ufpel.edu.br\/imagensdajustica\/informacoes\/","url_meta":{"origin":129,"position":5},"title":"INFORMA\u00c7\u00d5ES","author":"imagensdajustica","date":"03\/09\/2012","format":false,"excerpt":"Local: Faculdade de Direito de Pelotas\u00a0 Endere\u00e7o:\u00a0Pra\u00e7a Conselheiro Maciel, 215 \u2013 Centro, Pelotas - RS - Brasil Exibir mapa ampliado D\u00favidas? Entre em contato conosco!","rel":"","context":"Post similar","block_context":{"text":"Post similar","link":""},"img":{"alt_text":"","src":"","width":0,"height":0},"classes":[]}],"_links":{"self":[{"href":"https:\/\/wp.ufpel.edu.br\/imagensdajustica\/wp-json\/wp\/v2\/pages\/129","targetHints":{"allow":["GET"]}}],"collection":[{"href":"https:\/\/wp.ufpel.edu.br\/imagensdajustica\/wp-json\/wp\/v2\/pages"}],"about":[{"href":"https:\/\/wp.ufpel.edu.br\/imagensdajustica\/wp-json\/wp\/v2\/types\/page"}],"author":[{"embeddable":true,"href":"https:\/\/wp.ufpel.edu.br\/imagensdajustica\/wp-json\/wp\/v2\/users\/820"}],"replies":[{"embeddable":true,"href":"https:\/\/wp.ufpel.edu.br\/imagensdajustica\/wp-json\/wp\/v2\/comments?post=129"}],"version-history":[{"count":3,"href":"https:\/\/wp.ufpel.edu.br\/imagensdajustica\/wp-json\/wp\/v2\/pages\/129\/revisions"}],"predecessor-version":[{"id":1497,"href":"https:\/\/wp.ufpel.edu.br\/imagensdajustica\/wp-json\/wp\/v2\/pages\/129\/revisions\/1497"}],"up":[{"embeddable":true,"href":"https:\/\/wp.ufpel.edu.br\/imagensdajustica\/wp-json\/wp\/v2\/pages\/124"}],"wp:attachment":[{"href":"https:\/\/wp.ufpel.edu.br\/imagensdajustica\/wp-json\/wp\/v2\/media?parent=129"}],"curies":[{"name":"wp","href":"https:\/\/api.w.org\/{rel}","templated":true}]}}