{"id":28,"date":"2023-06-29T18:03:33","date_gmt":"2023-06-29T21:03:33","guid":{"rendered":"https:\/\/wp.ufpel.edu.br\/iimostradeensinodehistoria\/?page_id=28"},"modified":"2023-06-29T19:13:08","modified_gmt":"2023-06-29T22:13:08","slug":"localizacao-das-atividades","status":"publish","type":"page","link":"https:\/\/wp.ufpel.edu.br\/iimostradeensinodehistoria\/localizacao-das-atividades\/","title":{"rendered":"Localiza\u00e7\u00e3o das atividades"},"content":{"rendered":"<header class=\"entry-header\">\n<h1 class=\"entry-title\"><\/h1>\n<\/header>\n<div class=\"entry-content\">\n<p>As atividades ser\u00e3o realizadas no Instituto de Ci\u00eancias Humanas (ICH) e nos audit\u00f3rios do CEHUS, na Universidade Federal de Pelotas (UFPEL).<\/p>\n<p><strong>Endere\u00e7o:<\/strong><\/p>\n<p>Audit\u00f3rios do CEHUS em frente ao pr\u00e9dio do Instituto de Ci\u00eancias Humanas \u2013 ICH<br \/>\nRua Alberto Rosa, 117<br \/>\nCEP 96010-770, Pelotas \u2013 RS<\/p>\n<p><i class=\"dashicons dashicons-phone\"><\/i>\u00a0+55 (53) 3284 5523<\/p>\n<p>Pelotas \u00e9 uma cidade na regi\u00e3o sul do Brasil, sendo localizada pr\u00f3xima ao Uruguai e a Argentina. A regi\u00e3o destaca-se pela gastronomia, pr\u00e9dios hist\u00f3ricos, paisagem natural, praia e clima frio. A cidade est\u00e1 localizada no estado do Rio Grande do Sul, a 250 quil\u00f4metros da capital, Porto Alegre. Possui uma popula\u00e7\u00e3o de aproximadamente 330 mil habitantes, sendo a terceira cidade mais populosa do estado.<\/p>\n<p><strong>COMO CHEGAR:<\/strong><br \/>\n<strong><br \/>\nAvi\u00e3o<br \/>\n<\/strong>Voc\u00ea pode verificar a disponibilidade de voos nacionais da sua cidade para Pelotas diretamente no site da AZUL. Outras companhias tamb\u00e9m operam voos at\u00e9 Porto Alegre. O trecho Porto Alegre-Pelotas do voo AZUL pode ser adquirido separadamente.<\/p>\n<p><a href=\"http:\/\/www4.infraero.gov.br\/aeroportos\/aeroporto-internacional-de-pelotas-rs-joao-simoes-lopes-neto\/\" target=\"_blank\" rel=\"noopener noreferrer\">Aeroporto Internacional Pelotas Jo\u00e3o Sim\u00f5es Lopes Neto<\/a><br \/>\nAv. Zeferino Costa, S\/n \u2013 Tr\u00eas Vendas, Pelotas \u2013 RS, 96070-480<br \/>\nContato: (53) 3223-1227<\/p>\n<p><strong>\u00d4nibus<br \/>\n<\/strong>Existem v\u00e1rias linhas de \u00f4nibus dispon\u00edveis. Uma das empresas com maior fluxo no estado para a regi\u00e3o de Pelotas \u00e9 a do\u00a0<a href=\"http:\/\/www.expressoembaixador.com.br\/site\/content\/home\/index.php\" target=\"_blank\" rel=\"noopener noreferrer\">Expresso Embaixador<\/a>. Existem hor\u00e1rios de \u00f4nibus de 1 em 1 hora partindo de Porto Alegre para Pelotas. Consulte o site oficial da empresa para outros itiner\u00e1rios.<\/p>\n<p><strong>Carro<br \/>\n<\/strong>Se voc\u00ea estiver no estado do Rio Grande do Sul, no Uruguai ou Argentina, \u00e9 f\u00e1cil chegar em Pelotas de carro. No\u00a0<a href=\"https:\/\/www.google.com.br\/maps\/@-31.7605147,-52.3666606,15z\">GoogleMaps<\/a>\u00a0voc\u00ea encontra todas as rotas terrestres.<\/p>\n<p>&nbsp;<\/p>\n<p>&nbsp;<\/p>\n<\/div>\n","protected":false},"excerpt":{"rendered":"<p>As atividades ser\u00e3o realizadas no Instituto de Ci\u00eancias Humanas (ICH) e nos audit\u00f3rios do CEHUS, na Universidade Federal de Pelotas (UFPEL). Endere\u00e7o: Audit\u00f3rios do CEHUS em frente ao pr\u00e9dio do Instituto de Ci\u00eancias Humanas \u2013 ICH Rua Alberto Rosa, 117 CEP 96010-770, Pelotas \u2013 RS \u00a0+55 (53) 3284 5523 Pelotas \u00e9 uma cidade na regi\u00e3o&hellip;<\/p>\n","protected":false},"author":1274,"featured_media":0,"parent":0,"menu_order":8,"comment_status":"closed","ping_status":"closed","template":"","meta":{"footnotes":""},"class_list":["post-28","page","type-page","status-publish","hentry"],"_links":{"self":[{"href":"https:\/\/wp.ufpel.edu.br\/iimostradeensinodehistoria\/wp-json\/wp\/v2\/pages\/28","targetHints":{"allow":["GET"]}}],"collection":[{"href":"https:\/\/wp.ufpel.edu.br\/iimostradeensinodehistoria\/wp-json\/wp\/v2\/pages"}],"about":[{"href":"https:\/\/wp.ufpel.edu.br\/iimostradeensinodehistoria\/wp-json\/wp\/v2\/types\/page"}],"author":[{"embeddable":true,"href":"https:\/\/wp.ufpel.edu.br\/iimostradeensinodehistoria\/wp-json\/wp\/v2\/users\/1274"}],"replies":[{"embeddable":true,"href":"https:\/\/wp.ufpel.edu.br\/iimostradeensinodehistoria\/wp-json\/wp\/v2\/comments?post=28"}],"version-history":[{"count":3,"href":"https:\/\/wp.ufpel.edu.br\/iimostradeensinodehistoria\/wp-json\/wp\/v2\/pages\/28\/revisions"}],"predecessor-version":[{"id":59,"href":"https:\/\/wp.ufpel.edu.br\/iimostradeensinodehistoria\/wp-json\/wp\/v2\/pages\/28\/revisions\/59"}],"wp:attachment":[{"href":"https:\/\/wp.ufpel.edu.br\/iimostradeensinodehistoria\/wp-json\/wp\/v2\/media?parent=28"}],"curies":[{"name":"wp","href":"https:\/\/api.w.org\/{rel}","templated":true}]}}