{"id":25,"date":"2023-06-29T18:01:42","date_gmt":"2023-06-29T21:01:42","guid":{"rendered":"https:\/\/wp.ufpel.edu.br\/iimostradeensinodehistoria\/?page_id=25"},"modified":"2023-06-29T19:09:30","modified_gmt":"2023-06-29T22:09:30","slug":"comissao-organizadora","status":"publish","type":"page","link":"https:\/\/wp.ufpel.edu.br\/iimostradeensinodehistoria\/comissao-organizadora\/","title":{"rendered":"Comiss\u00e3o Organizadora"},"content":{"rendered":"<p>Prof.\u00aa Dr.\u00aa Alessandra Gasparotto (UFPEL)<\/p>\n<p>Prof. Dr.\u00aa Lisiane Sias Manke (UFPEL)<\/p>\n<p>Prof. Dr. Mauro Dillmann Tavares (UFPEL)<\/p>\n<p>Prof. Dr. Wilian Jr. Bonete (UFPEL)<\/p>\n<p>&nbsp;<\/p>\n<p><strong>Monitores\/as:<\/strong><\/p>\n<p>Maria Portilho Bagesteiro (Graduanda em Hist\u00f3ria\/UFPEl; Bolsista de IC\/CNPq)<\/p>\n<p>Patrick de Oliveira Colvara (Graduando em Hist\u00f3ria\/UFPEL; Bolsista Resid\u00eancia Pedag\u00f3gica)<\/p>\n<p>Arthur Betemps (Graduando em Hist\u00f3ria\/UFPEL; Bolsista de Extens\u00e3o)<\/p>\n<p>&nbsp;<\/p>\n<p><strong>Desenvolvimento do website, identidade visual e redes sociais:<\/strong><\/p>\n<p>Prof. Dr. Wilian Jr. Bonete (website e redes sociais)<\/p>\n<p>Vit\u00f3ria Henzel (Graduanda em Hist\u00f3ria\/UFPEL) &#8211; Identidade Visual do evento.<\/p>\n<p>&nbsp;<\/p>\n","protected":false},"excerpt":{"rendered":"<p>Prof.\u00aa Dr.\u00aa Alessandra Gasparotto (UFPEL) Prof. Dr.\u00aa Lisiane Sias Manke (UFPEL) Prof. Dr. Mauro Dillmann Tavares (UFPEL) Prof. Dr. Wilian Jr. Bonete (UFPEL) &nbsp; Monitores\/as: Maria Portilho Bagesteiro (Graduanda em Hist\u00f3ria\/UFPEl; Bolsista de IC\/CNPq) Patrick de Oliveira Colvara (Graduando em Hist\u00f3ria\/UFPEL; Bolsista Resid\u00eancia Pedag\u00f3gica) Arthur Betemps (Graduando em Hist\u00f3ria\/UFPEL; Bolsista de Extens\u00e3o) &nbsp; Desenvolvimento do&hellip;<\/p>\n","protected":false},"author":1274,"featured_media":0,"parent":0,"menu_order":8,"comment_status":"closed","ping_status":"closed","template":"","meta":{"footnotes":""},"class_list":["post-25","page","type-page","status-publish","hentry"],"_links":{"self":[{"href":"https:\/\/wp.ufpel.edu.br\/iimostradeensinodehistoria\/wp-json\/wp\/v2\/pages\/25","targetHints":{"allow":["GET"]}}],"collection":[{"href":"https:\/\/wp.ufpel.edu.br\/iimostradeensinodehistoria\/wp-json\/wp\/v2\/pages"}],"about":[{"href":"https:\/\/wp.ufpel.edu.br\/iimostradeensinodehistoria\/wp-json\/wp\/v2\/types\/page"}],"author":[{"embeddable":true,"href":"https:\/\/wp.ufpel.edu.br\/iimostradeensinodehistoria\/wp-json\/wp\/v2\/users\/1274"}],"replies":[{"embeddable":true,"href":"https:\/\/wp.ufpel.edu.br\/iimostradeensinodehistoria\/wp-json\/wp\/v2\/comments?post=25"}],"version-history":[{"count":4,"href":"https:\/\/wp.ufpel.edu.br\/iimostradeensinodehistoria\/wp-json\/wp\/v2\/pages\/25\/revisions"}],"predecessor-version":[{"id":57,"href":"https:\/\/wp.ufpel.edu.br\/iimostradeensinodehistoria\/wp-json\/wp\/v2\/pages\/25\/revisions\/57"}],"wp:attachment":[{"href":"https:\/\/wp.ufpel.edu.br\/iimostradeensinodehistoria\/wp-json\/wp\/v2\/media?parent=25"}],"curies":[{"name":"wp","href":"https:\/\/api.w.org\/{rel}","templated":true}]}}