{"id":2,"date":"2023-06-22T22:08:42","date_gmt":"2023-06-23T01:08:42","guid":{"rendered":"https:\/\/wp.ufpel.edu.br\/iimostradeensinodehistoria\/?page_id=2"},"modified":"2023-09-22T12:58:09","modified_gmt":"2023-09-22T15:58:09","slug":"noticias","status":"publish","type":"page","link":"https:\/\/wp.ufpel.edu.br\/iimostradeensinodehistoria\/noticias\/","title":{"rendered":"Not\u00edcias"},"content":{"rendered":"<div><strong>Prezados\/as.<\/strong><\/div>\n<div><\/div>\n<div>A comiss\u00e3o organizadora do evento informa que os certificados ainda n\u00e3o foram emitidos, pois depende-se da libera\u00e7\u00e3o da Pr\u00f3-Reitoria de Extens\u00e3o da UFPEL. Mas comunicamos que os pedidos j\u00e1 foram solicitados em breve todos receber\u00e3o em seus e-mails os certificados de apresentadores e de ouvintes.<\/div>\n<div><\/div>\n<div>A comiss\u00e3o segue acompanhando e monitorando a libera\u00e7\u00e3o dos certificados.<\/div>\n<div><\/div>\n<div>Atenciosamente.<\/div>\n<div><\/div>\n<div style=\"text-align: right;\"><span style=\"font-size: 8pt;\">Publicado em 22\/09\/2023<\/span><\/div>\n<div>____________________________________________________________________________________________________<\/div>\n<div><strong>O caderno de resumos do evento j\u00e1 est\u00e1 dispon\u00edvel!<\/strong><\/div>\n<div><\/div>\n<div><a href=\"https:\/\/drive.google.com\/file\/d\/1E6aAiOipX7kT2eeUGge5TjCywbElpX22\/view?usp=sharing\"><img loading=\"lazy\" decoding=\"async\" class=\"alignnone wp-image-136\" src=\"https:\/\/wp.ufpel.edu.br\/iimostradeensinodehistoria\/files\/2023\/09\/capa-391x400.png\" alt=\"\" width=\"166\" height=\"169\" srcset=\"https:\/\/wp.ufpel.edu.br\/iimostradeensinodehistoria\/files\/2023\/09\/capa-391x400.png 391w, https:\/\/wp.ufpel.edu.br\/iimostradeensinodehistoria\/files\/2023\/09\/capa-50x50.png 50w, https:\/\/wp.ufpel.edu.br\/iimostradeensinodehistoria\/files\/2023\/09\/capa.png 584w\" sizes=\"auto, (max-width: 166px) 100vw, 166px\" \/><\/a><\/div>\n<h1><\/h1>\n<div><\/div>\n<div><\/div>\n<div>Link para acesso: <a href=\"https:\/\/drive.google.com\/file\/d\/1E6aAiOipX7kT2eeUGge5TjCywbElpX22\/view?usp=sharing\">clique aqui<\/a><\/div>\n<div><\/div>\n<div style=\"text-align: right;\"><span style=\"font-size: 8pt;\">Publicado em 04\/09\/2023<\/span><\/div>\n<div>____________________________________________________________________________________________________<\/div>\n<div><\/div>\n<div>Ol\u00e1!<\/div>\n<div>A lista e o ensalamento dos trabalhos, no formato remoto, j\u00e1 est\u00e3o homologados. <a href=\"https:\/\/wp.ufpel.edu.br\/iimostradeensinodehistoria\/trabalhos-aprovados-e-ensalamentos\/\">Clique aqui<\/a><\/div>\n<div><\/div>\n<div style=\"text-align: right;\"><span style=\"font-size: 8pt;\">Publicado em 11\/08\/2023<\/span><\/div>\n<div>____________________________________________________________________________________________________<\/div>\n<div>Comunicado!<\/div>\n<div><b>J\u00e1 atingimos o limite de vagas<\/b> para as apresenta\u00e7\u00f5es virtuais! <u>Restam apenas vagas para apresenta\u00e7\u00f5es no formato presenciais!<\/u><\/div>\n<div><\/div>\n<div style=\"text-align: right;\"><span style=\"font-size: 8pt;\">Publicado em 03\/08\/2023<\/span><\/div>\n<p>____________________________________________________________________________________________________<\/p>\n<p><strong>Prezados\/as, boa tarde!<\/strong><\/p>\n<p>Devido a alta procura, a comiss\u00e3o organizadora da II Mostra de Ensino de Hist\u00f3ria e Pr\u00e1ticas Docentes &#8211; LEH\/UFPEL, optou por limitar o n\u00famero de inscri\u00e7\u00f5es para que possamos atender com qualidade a todas as salas de comunica\u00e7\u00f5es.<\/p>\n<p>Desse modo, comunicamos que <strong>restam apenas 5 vagas para apresenta\u00e7\u00f5es de trabalho no formato virtual!<\/strong><\/p>\n<p>Quanto ao formato presencial, as vagas seguem abertas.<\/p>\n<p style=\"text-align: right;\"><span style=\"font-size: 8pt;\">Publicado em 31\/07\/2023<\/span><\/p>\n<p>____________________________________________________________________________________________________<\/p>\n<p><strong>Sobre inscri\u00e7\u00f5es<\/strong><\/p>\n<p>J\u00e1 est\u00e3o abertas as inscri\u00e7\u00f5es para ouvintes e comunicadores na II Mostra de Ensino de Hist\u00f3ria e Pr\u00e1ticas Docentes &#8211; LEH\/UFPEL. Para comunicadores o prazo \u00e9 at\u00e9 06\/08 e para ouvintes \u00e9 at\u00e9 14\/08.<\/p>\n<p style=\"text-align: right;\"><span style=\"font-size: 8pt;\">Publicado em 29\/06\/2023<\/span><\/p>\n<p>____________________________________________________________________________________________________<\/p>\n","protected":false},"excerpt":{"rendered":"<p>Prezados\/as. A comiss\u00e3o organizadora do evento informa que os certificados ainda n\u00e3o foram emitidos, pois depende-se da libera\u00e7\u00e3o da Pr\u00f3-Reitoria de Extens\u00e3o da UFPEL. Mas comunicamos que os pedidos j\u00e1 foram solicitados em breve todos receber\u00e3o em seus e-mails os certificados de apresentadores e de ouvintes. A comiss\u00e3o segue acompanhando e monitorando a libera\u00e7\u00e3o dos&hellip;<\/p>\n","protected":false},"author":1274,"featured_media":0,"parent":0,"menu_order":1,"comment_status":"closed","ping_status":"closed","template":"","meta":{"footnotes":""},"class_list":["post-2","page","type-page","status-publish","hentry"],"_links":{"self":[{"href":"https:\/\/wp.ufpel.edu.br\/iimostradeensinodehistoria\/wp-json\/wp\/v2\/pages\/2","targetHints":{"allow":["GET"]}}],"collection":[{"href":"https:\/\/wp.ufpel.edu.br\/iimostradeensinodehistoria\/wp-json\/wp\/v2\/pages"}],"about":[{"href":"https:\/\/wp.ufpel.edu.br\/iimostradeensinodehistoria\/wp-json\/wp\/v2\/types\/page"}],"author":[{"embeddable":true,"href":"https:\/\/wp.ufpel.edu.br\/iimostradeensinodehistoria\/wp-json\/wp\/v2\/users\/1274"}],"replies":[{"embeddable":true,"href":"https:\/\/wp.ufpel.edu.br\/iimostradeensinodehistoria\/wp-json\/wp\/v2\/comments?post=2"}],"version-history":[{"count":12,"href":"https:\/\/wp.ufpel.edu.br\/iimostradeensinodehistoria\/wp-json\/wp\/v2\/pages\/2\/revisions"}],"predecessor-version":[{"id":143,"href":"https:\/\/wp.ufpel.edu.br\/iimostradeensinodehistoria\/wp-json\/wp\/v2\/pages\/2\/revisions\/143"}],"wp:attachment":[{"href":"https:\/\/wp.ufpel.edu.br\/iimostradeensinodehistoria\/wp-json\/wp\/v2\/media?parent=2"}],"curies":[{"name":"wp","href":"https:\/\/api.w.org\/{rel}","templated":true}]}}