{"id":19,"date":"2023-06-29T17:49:40","date_gmt":"2023-06-29T20:49:40","guid":{"rendered":"https:\/\/wp.ufpel.edu.br\/iimostradeensinodehistoria\/?page_id=19"},"modified":"2023-08-14T15:33:22","modified_gmt":"2023-08-14T18:33:22","slug":"programacao","status":"publish","type":"page","link":"https:\/\/wp.ufpel.edu.br\/iimostradeensinodehistoria\/programacao\/","title":{"rendered":"Programa\u00e7\u00e3o"},"content":{"rendered":"<p>&nbsp;<\/p>\n<table style=\"border-collapse: collapse; width: 100%;\" border=\"1\">\n<tbody>\n<tr style=\"text-align: justify;\">\n<td style=\"width: 50%;\"><span style=\"background-color: #ff99cc;\"><strong>15\/08<\/strong><\/span><\/td>\n<td style=\"width: 50%;\"><strong><span style=\"background-color: #ff99cc;\">16\/08<\/span><\/strong><\/td>\n<\/tr>\n<tr style=\"text-align: justify;\">\n<td style=\"width: 50%;\">\n<p><strong>Manh\u00e3<\/strong><\/p>\n<p>08:00 \u00e0s 11 horas &#8211; Sess\u00f5es de comunica\u00e7\u00f5es virtuais<\/p>\n<p><a href=\"https:\/\/wp.ufpel.edu.br\/iimostradeensinodehistoria\/trabalhos-aprovados-e-ensalamentos\/\">Consulte aqui o ensalamento<\/a><\/td>\n<td style=\"width: 50%;\">\n<p><strong>Manh\u00e3<\/strong><\/p>\n<p>08:00 \u00e0s 11 horas &#8211; Sess\u00f5es de comunica\u00e7\u00f5es virtuais<\/p>\n<p><a href=\"https:\/\/wp.ufpel.edu.br\/iimostradeensinodehistoria\/trabalhos-aprovados-e-ensalamentos\/\">Consulte aqui o ensalamento<\/a><\/td>\n<\/tr>\n<tr style=\"text-align: justify;\">\n<td style=\"width: 50%;\">\n<p><strong>Tarde<\/strong><\/p>\n<p>14:00 \u00e0s 17 horas &#8211; Trocas de Saberes &#8211; Produ\u00e7\u00f5es e Usos de Materiais Did\u00e1ticos (mesa)<\/p>\n<p>Local: Mini-audit\u00f3rio 2 CEHUS<\/td>\n<td style=\"width: 50%;\">\n<p><strong>Tarde<\/strong><\/p>\n<p>14:00 \u00e0s 17 horas &#8211; Trocas de Saberes &#8211; Os desafios do est\u00e1gio supervisionado na forma\u00e7\u00e3o docente<\/p>\n<p>Local: Mini-audit\u00f3rio 2 CEHUS<\/td>\n<\/tr>\n<tr>\n<td style=\"width: 50%;\">\n<p style=\"text-align: justify;\"><strong>Noite<\/strong><\/p>\n<p style=\"text-align: justify;\">19:30 &#8211; Confer\u00eancia de abertura:<\/p>\n<p style=\"text-align: justify;\">Prof.Dr.\u00aa Al\u00e9xia P\u00e1dua Franco (UFU) &#8211; Ensino de Hist\u00f3ria e m\u00eddias digitais: desafios \u00e0 pr\u00e1tica docente<\/p>\n<p>Formato presencial &#8211; Mini-Audit\u00f3rio 2 (CEHUS\/UFPEL)<\/p>\n<p><a href=\"https:\/\/www.youtube.com\/watch?v=2FvePnK2KeA&amp;amp;ab_channel=LehUFPel\">Clique aqui<\/a> para assistir a transmiss\u00e3o simult\u00e2nea pelo canal do LEH\/UFPEL<\/p>\n<p>&nbsp;<\/td>\n<td style=\"width: 50%;\">\n<p style=\"text-align: justify;\"><strong>Noite<\/strong><\/p>\n<p style=\"text-align: justify;\">19:00 -21:30 &#8211; Sess\u00f5es de comunica\u00e7\u00f5es presenciais<\/p>\n<p><a href=\"https:\/\/wp.ufpel.edu.br\/iimostradeensinodehistoria\/trabalhos-aprovados-e-ensalamentos\/\">Consulte aqui<\/a> o ensalamento.<\/p>\n<p>Local: Mini-audit\u00f3rio 1 CEHUS<\/p>\n<p>Local: Mini-audit\u00f3rio 2 CEHUS<\/p>\n<p>Local: Sala 352 (Audit\u00f3rio) &#8211; FAE (3\u00ba andar)<\/p>\n<p>Local: Sala 101\u00a0 ICH (Andar t\u00e9rreo)<\/p>\n<p>&nbsp;<\/td>\n<\/tr>\n<\/tbody>\n<\/table>\n<p>&nbsp;<\/p>\n","protected":false},"excerpt":{"rendered":"<p>&nbsp; 15\/08 16\/08 Manh\u00e3 08:00 \u00e0s 11 horas &#8211; Sess\u00f5es de comunica\u00e7\u00f5es virtuais Consulte aqui o ensalamento Manh\u00e3 08:00 \u00e0s 11 horas &#8211; Sess\u00f5es de comunica\u00e7\u00f5es virtuais Consulte aqui o ensalamento Tarde 14:00 \u00e0s 17 horas &#8211; Trocas de Saberes &#8211; Produ\u00e7\u00f5es e Usos de Materiais Did\u00e1ticos (mesa) Local: Mini-audit\u00f3rio 2 CEHUS Tarde 14:00 \u00e0s&hellip;<\/p>\n","protected":false},"author":1274,"featured_media":0,"parent":0,"menu_order":6,"comment_status":"closed","ping_status":"closed","template":"","meta":{"footnotes":""},"class_list":["post-19","page","type-page","status-publish","hentry"],"_links":{"self":[{"href":"https:\/\/wp.ufpel.edu.br\/iimostradeensinodehistoria\/wp-json\/wp\/v2\/pages\/19","targetHints":{"allow":["GET"]}}],"collection":[{"href":"https:\/\/wp.ufpel.edu.br\/iimostradeensinodehistoria\/wp-json\/wp\/v2\/pages"}],"about":[{"href":"https:\/\/wp.ufpel.edu.br\/iimostradeensinodehistoria\/wp-json\/wp\/v2\/types\/page"}],"author":[{"embeddable":true,"href":"https:\/\/wp.ufpel.edu.br\/iimostradeensinodehistoria\/wp-json\/wp\/v2\/users\/1274"}],"replies":[{"embeddable":true,"href":"https:\/\/wp.ufpel.edu.br\/iimostradeensinodehistoria\/wp-json\/wp\/v2\/comments?post=19"}],"version-history":[{"count":14,"href":"https:\/\/wp.ufpel.edu.br\/iimostradeensinodehistoria\/wp-json\/wp\/v2\/pages\/19\/revisions"}],"predecessor-version":[{"id":130,"href":"https:\/\/wp.ufpel.edu.br\/iimostradeensinodehistoria\/wp-json\/wp\/v2\/pages\/19\/revisions\/130"}],"wp:attachment":[{"href":"https:\/\/wp.ufpel.edu.br\/iimostradeensinodehistoria\/wp-json\/wp\/v2\/media?parent=19"}],"curies":[{"name":"wp","href":"https:\/\/api.w.org\/{rel}","templated":true}]}}