{"id":16,"date":"2023-06-29T17:49:19","date_gmt":"2023-06-29T20:49:19","guid":{"rendered":"https:\/\/wp.ufpel.edu.br\/iimostradeensinodehistoria\/?page_id=16"},"modified":"2023-06-29T18:43:01","modified_gmt":"2023-06-29T21:43:01","slug":"cronograma","status":"publish","type":"page","link":"https:\/\/wp.ufpel.edu.br\/iimostradeensinodehistoria\/cronograma\/","title":{"rendered":"Cronograma"},"content":{"rendered":"<p>Inscri\u00e7\u00f5es para comunica\u00e7\u00f5es (com envio do resumo) &#8211; <span style=\"color: #ff0000;\"><strong>At\u00e9 o dia 06 de agosto.<\/strong><\/span><\/p>\n<p>Inscri\u00e7\u00f5es para ouvintes &#8211; <strong><span style=\"color: #ff0000;\">At\u00e9 o dia 14 de agosto.<\/span><\/strong><\/p>\n","protected":false},"excerpt":{"rendered":"<p>Inscri\u00e7\u00f5es para comunica\u00e7\u00f5es (com envio do resumo) &#8211; At\u00e9 o dia 06 de agosto. Inscri\u00e7\u00f5es para ouvintes &#8211; At\u00e9 o dia 14 de agosto.<\/p>\n","protected":false},"author":1274,"featured_media":0,"parent":0,"menu_order":5,"comment_status":"closed","ping_status":"closed","template":"","meta":{"footnotes":""},"class_list":["post-16","page","type-page","status-publish","hentry"],"_links":{"self":[{"href":"https:\/\/wp.ufpel.edu.br\/iimostradeensinodehistoria\/wp-json\/wp\/v2\/pages\/16","targetHints":{"allow":["GET"]}}],"collection":[{"href":"https:\/\/wp.ufpel.edu.br\/iimostradeensinodehistoria\/wp-json\/wp\/v2\/pages"}],"about":[{"href":"https:\/\/wp.ufpel.edu.br\/iimostradeensinodehistoria\/wp-json\/wp\/v2\/types\/page"}],"author":[{"embeddable":true,"href":"https:\/\/wp.ufpel.edu.br\/iimostradeensinodehistoria\/wp-json\/wp\/v2\/users\/1274"}],"replies":[{"embeddable":true,"href":"https:\/\/wp.ufpel.edu.br\/iimostradeensinodehistoria\/wp-json\/wp\/v2\/comments?post=16"}],"version-history":[{"count":3,"href":"https:\/\/wp.ufpel.edu.br\/iimostradeensinodehistoria\/wp-json\/wp\/v2\/pages\/16\/revisions"}],"predecessor-version":[{"id":45,"href":"https:\/\/wp.ufpel.edu.br\/iimostradeensinodehistoria\/wp-json\/wp\/v2\/pages\/16\/revisions\/45"}],"wp:attachment":[{"href":"https:\/\/wp.ufpel.edu.br\/iimostradeensinodehistoria\/wp-json\/wp\/v2\/media?parent=16"}],"curies":[{"name":"wp","href":"https:\/\/api.w.org\/{rel}","templated":true}]}}