{"id":13,"date":"2023-06-29T17:49:01","date_gmt":"2023-06-29T20:49:01","guid":{"rendered":"https:\/\/wp.ufpel.edu.br\/iimostradeensinodehistoria\/?page_id=13"},"modified":"2023-08-03T13:45:07","modified_gmt":"2023-08-03T16:45:07","slug":"inscricoes-2","status":"publish","type":"page","link":"https:\/\/wp.ufpel.edu.br\/iimostradeensinodehistoria\/inscricoes-2\/","title":{"rendered":"Inscri\u00e7\u00f5es"},"content":{"rendered":"<div>Comunicado!<\/div>\n<div><b>J\u00e1 atingimos o limite de vagas<\/b> para as apresenta\u00e7\u00f5es virtuais! <u>Restam apenas vagas para apresenta\u00e7\u00f5es no formato presenciais!<\/u><\/div>\n<div><\/div>\n<div style=\"text-align: right;\"><span style=\"font-size: 8pt;\">Publicado em 03\/08\/2023<\/span><\/div>\n<p>____________________________________________________________________________________________________<\/p>\n<p><strong>Prezados\/as, boa tarde!<\/strong><\/p>\n<p>Devido a alta procura, a comiss\u00e3o organizadora da II Mostra de Ensino de Hist\u00f3ria e Pr\u00e1ticas Docentes &#8211; LEH\/UFPEL, optou por limitar o n\u00famero de inscri\u00e7\u00f5es para que possamos atender com qualidade a todas as salas de comunica\u00e7\u00f5es.<\/p>\n<p>Desse modo, comunicamos que <strong>restam apenas 5 vagas para apresenta\u00e7\u00f5es de trabalho no formato virtual!<\/strong><\/p>\n<p>Quanto ao formato presencial, as vagas seguem abertas.<\/p>\n<p style=\"text-align: right;\"><span style=\"font-size: 8pt;\">Publicado em 31\/07\/2023<\/span><\/p>\n<p>___________________________________________________________________________________________________<\/p>\n<p>Para realizar a sua inscri\u00e7\u00e3o no evento, acesse o link abaixo e preencha com todas as informa\u00e7\u00f5es solicitadas.<\/p>\n<p>Pedimos uma especial aten\u00e7\u00e3o em rela\u00e7\u00e3o ao endere\u00e7o de e-mail (fornec\u00ea-lo corretamente) e ao formato do CPF (000.000.000-00), pois sem estes dados corretos a universidade n\u00e3o conseguir\u00e1 emitir os certificados.<\/p>\n<p>O evento possui uma carga hor\u00e1ria de <strong>25 horas.<\/strong><\/p>\n<p><strong> (Para o p\u00fablico que participar virtualmente, iremos fornecer apenas a certifica\u00e7\u00e3o de participa\u00e7\u00e3o nas sess\u00f5es de comunica\u00e7\u00f5es e na confer\u00eancia de abertura que ser\u00e1 transmitida pelo youtube).<\/strong><\/p>\n<p>Link para a <a href=\"https:\/\/docs.google.com\/forms\/d\/e\/1FAIpQLScYDZ5kXKVWJNmuPOEcIb2P6Igkar3sXFBGKqaO1MNy5FRI0Q\/viewform?usp=sf_link\">inscri\u00e7\u00e3o:https:\/\/docs.google.com\/forms\/d\/e\/1FAIpQLScYDZ5kXKVWJNmuPOEcIb2P6Igkar3sXFBGKqaO1MNy5FRI0Q\/viewform?usp=sf_link<\/a><\/p>\n<p>&nbsp;<\/p>\n<div><b>Normas para a elabora\u00e7\u00e3o do Resumo<\/b>:<\/div>\n<div><\/div>\n<div>Fonte: Times New Roman 12. Espa\u00e7amento simples. Alinhamento Justificado;<\/div>\n<div>T\u00edtulo: m\u00e1ximo 200 caracteres (com espa\u00e7o);<\/div>\n<div>Nome dos\/as autores\/as, institui\u00e7\u00e3o de v\u00ednculo e e-mail;<\/div>\n<div>Resumo: entre 2.500 e 3.500 caracteres (com espa\u00e7o);<\/div>\n<div>3 Palavras-chave.<\/div>\n<div>O Resumo deve necessariamente abordar:\u00a0<b>Introdu\u00e7\u00e3o<\/b>\u00a0(contextualiza\u00e7\u00e3o do tema);\u00a0<b>Desenvolvimento<\/b>\u00a0e\u00a0<b>Conclus\u00f5es<\/b>. (Esses elementos em negrito s\u00e3o apenas para balizar a escrita do resumo, n\u00e3o \u00e9 necess\u00e1rio inserir tais palavras no resumo, que deve ser feito sem par\u00e1grafo, em texto \u00fanico e direto).<\/div>\n<div>Formato do arquivo: <strong>Word.<\/strong><\/div>\n<p>&nbsp;<\/p>\n","protected":false},"excerpt":{"rendered":"<p>Comunicado! J\u00e1 atingimos o limite de vagas para as apresenta\u00e7\u00f5es virtuais! Restam apenas vagas para apresenta\u00e7\u00f5es no formato presenciais! Publicado em 03\/08\/2023 ____________________________________________________________________________________________________ Prezados\/as, boa tarde! Devido a alta procura, a comiss\u00e3o organizadora da II Mostra de Ensino de Hist\u00f3ria e Pr\u00e1ticas Docentes &#8211; LEH\/UFPEL, optou por limitar o n\u00famero de inscri\u00e7\u00f5es para que possamos&hellip;<\/p>\n","protected":false},"author":1274,"featured_media":0,"parent":0,"menu_order":4,"comment_status":"closed","ping_status":"closed","template":"","meta":{"footnotes":""},"class_list":["post-13","page","type-page","status-publish","hentry"],"_links":{"self":[{"href":"https:\/\/wp.ufpel.edu.br\/iimostradeensinodehistoria\/wp-json\/wp\/v2\/pages\/13","targetHints":{"allow":["GET"]}}],"collection":[{"href":"https:\/\/wp.ufpel.edu.br\/iimostradeensinodehistoria\/wp-json\/wp\/v2\/pages"}],"about":[{"href":"https:\/\/wp.ufpel.edu.br\/iimostradeensinodehistoria\/wp-json\/wp\/v2\/types\/page"}],"author":[{"embeddable":true,"href":"https:\/\/wp.ufpel.edu.br\/iimostradeensinodehistoria\/wp-json\/wp\/v2\/users\/1274"}],"replies":[{"embeddable":true,"href":"https:\/\/wp.ufpel.edu.br\/iimostradeensinodehistoria\/wp-json\/wp\/v2\/comments?post=13"}],"version-history":[{"count":10,"href":"https:\/\/wp.ufpel.edu.br\/iimostradeensinodehistoria\/wp-json\/wp\/v2\/pages\/13\/revisions"}],"predecessor-version":[{"id":105,"href":"https:\/\/wp.ufpel.edu.br\/iimostradeensinodehistoria\/wp-json\/wp\/v2\/pages\/13\/revisions\/105"}],"wp:attachment":[{"href":"https:\/\/wp.ufpel.edu.br\/iimostradeensinodehistoria\/wp-json\/wp\/v2\/media?parent=13"}],"curies":[{"name":"wp","href":"https:\/\/api.w.org\/{rel}","templated":true}]}}