{"id":81,"date":"2020-09-19T18:31:25","date_gmt":"2020-09-19T21:31:25","guid":{"rendered":"https:\/\/wp.ufpel.edu.br\/iiisenpe\/?page_id=81"},"modified":"2020-09-19T19:10:42","modified_gmt":"2020-09-19T22:10:42","slug":"sub-coordenacao-organizacao-local","status":"publish","type":"page","link":"https:\/\/wp.ufpel.edu.br\/iiisenpe\/sub-coordenacao-organizacao-local\/","title":{"rendered":"Sub-coordena\u00e7\u00e3o organiza\u00e7\u00e3o local"},"content":{"rendered":"<div id=\"comp-imo2y5er\" class=\"txtNew\" data-packed=\"false\" data-vertical-text=\"false\">\n<p class=\"font_7\">Ariane Franco Lopes da Silva<\/p>\n<p class=\"font_7\">Ilton Benoni da Silva<\/p>\n<p class=\"font_7\">Ione Pinson Slongo<\/p>\n<p class=\"font_7\">Joviles Vit\u00f3rio Trevisol<\/p>\n<p class=\"font_7\">Lisia Regina Michels<\/p>\n<p class=\"font_7\">Maria Helena Villares Cordeiro<\/p>\n<p class=\"font_7\">Maria Silvia Cristofoli<\/p>\n<p class=\"font_7\">Marilane Maria Wolf Paim<\/p>\n<p class=\"font_7\">Nilce F\u00e1tima Scheffer<\/p>\n<p class=\"font_7\">Solange Maria Alves<\/p>\n<p class=\"font_7\">Val\u00e9ria de Bettio Mattos<\/p>\n<p class=\"font_7\">Ana Maria Andreola Badin<\/p>\n<p class=\"font_7\">Anisia Ripplinger de Abreu<\/p>\n<p class=\"font_7\">Cirlei Giombelli<\/p>\n<p class=\"font_7\">Daniela Fernanda Comiran<\/p>\n<p class=\"font_7\">Daniele Vanessa Klosinski<\/p>\n<p class=\"font_7\">Edinei Marcos Grison<\/p>\n<p class=\"font_7\">Edna Menegatti<\/p>\n<p class=\"font_7\">Elsa Maria Rambo<\/p>\n<p class=\"font_7\">Estelamaris Galiazzi<\/p>\n<p class=\"font_7\">Jair Antunes<\/p>\n<p class=\"font_7\">Joana Zanatta<\/p>\n<p class=\"font_7\">Juliane Aparecida Schneider<\/p>\n<p class=\"font_7\">Juliane Colling<\/p>\n<p class=\"font_7\">Karen Ang\u00e9lica Seitenfus<\/p>\n<p class=\"font_7\">Lara Popov Zambiasi Bazzi Oberderfer<\/p>\n<p class=\"font_7\">Leandro Hupalo<\/p>\n<p class=\"font_7\">Lizeu Mazzioni<\/p>\n<p class=\"font_7\">Lorita Helena Campagnholo Bordignon<\/p>\n<p class=\"font_7\">Luana Ang\u00e9lica Alberti Zanatta<\/p>\n<p class=\"font_7\">Lucas Andres Arbage<\/p>\n<p class=\"font_7\">Lucelia Peron<\/p>\n<p class=\"font_7\">Luthiane Miszak Valen\u00e7a de Oliveira<\/p>\n<p class=\"font_7\">Marciane Maciel<\/p>\n<p class=\"font_7\">Naira Fabieli Kuhn<\/p>\n<p class=\"font_7\">Natalia Silveira Lima<\/p>\n<p class=\"font_7\">Neila Carla Camerini<\/p>\n<p class=\"font_7\">Nelso dos Santos<\/p>\n<p class=\"font_7\">Olga Christina Scandolara dos Santos<\/p>\n<p class=\"font_7\">Paula Maria Zanotelli<\/p>\n<p class=\"font_7\">Rose Antonietti Gomes de Almeida<\/p>\n<p class=\"font_7\">Sherlon Cristina de Bastiani<\/p>\n<p class=\"font_7\">Silvana Maria Borges<\/p>\n<p class=\"font_7\">Susana Andrea Inacio Belfort<\/p>\n<p class=\"font_7\">Tatiana Peretti<\/p>\n<\/div>\n","protected":false},"excerpt":{"rendered":"<p>Ariane Franco Lopes da Silva Ilton Benoni da Silva Ione Pinson Slongo Joviles Vit\u00f3rio Trevisol Lisia Regina Michels Maria Helena Villares Cordeiro Maria Silvia Cristofoli Marilane Maria Wolf Paim Nilce F\u00e1tima Scheffer Solange Maria Alves Val\u00e9ria de Bettio Mattos Ana Maria Andreola Badin Anisia Ripplinger de Abreu Cirlei Giombelli Daniela Fernanda Comiran Daniele Vanessa Klosinski &hellip; <a href=\"https:\/\/wp.ufpel.edu.br\/iiisenpe\/sub-coordenacao-organizacao-local\/\" class=\"more-link\">Continue lendo <span class=\"screen-reader-text\">Sub-coordena\u00e7\u00e3o organiza\u00e7\u00e3o local<\/span> <span class=\"meta-nav\">&rarr;<\/span><\/a><\/p>\n","protected":false},"author":297,"featured_media":0,"parent":0,"menu_order":0,"comment_status":"closed","ping_status":"closed","template":"","meta":{"footnotes":""},"class_list":["post-81","page","type-page","status-publish","hentry"],"_links":{"self":[{"href":"https:\/\/wp.ufpel.edu.br\/iiisenpe\/wp-json\/wp\/v2\/pages\/81","targetHints":{"allow":["GET"]}}],"collection":[{"href":"https:\/\/wp.ufpel.edu.br\/iiisenpe\/wp-json\/wp\/v2\/pages"}],"about":[{"href":"https:\/\/wp.ufpel.edu.br\/iiisenpe\/wp-json\/wp\/v2\/types\/page"}],"author":[{"embeddable":true,"href":"https:\/\/wp.ufpel.edu.br\/iiisenpe\/wp-json\/wp\/v2\/users\/297"}],"replies":[{"embeddable":true,"href":"https:\/\/wp.ufpel.edu.br\/iiisenpe\/wp-json\/wp\/v2\/comments?post=81"}],"version-history":[{"count":2,"href":"https:\/\/wp.ufpel.edu.br\/iiisenpe\/wp-json\/wp\/v2\/pages\/81\/revisions"}],"predecessor-version":[{"id":113,"href":"https:\/\/wp.ufpel.edu.br\/iiisenpe\/wp-json\/wp\/v2\/pages\/81\/revisions\/113"}],"wp:attachment":[{"href":"https:\/\/wp.ufpel.edu.br\/iiisenpe\/wp-json\/wp\/v2\/media?parent=81"}],"curies":[{"name":"wp","href":"https:\/\/api.w.org\/{rel}","templated":true}]}}