{"id":79,"date":"2020-09-19T18:31:04","date_gmt":"2020-09-19T21:31:04","guid":{"rendered":"https:\/\/wp.ufpel.edu.br\/iiisenpe\/?page_id=79"},"modified":"2020-09-19T19:10:00","modified_gmt":"2020-09-19T22:10:00","slug":"coordenacao-organizacao-local","status":"publish","type":"page","link":"https:\/\/wp.ufpel.edu.br\/iiisenpe\/coordenacao-organizacao-local\/","title":{"rendered":"Coordena\u00e7\u00e3o organiza\u00e7\u00e3o local"},"content":{"rendered":"<div id=\"comp-imo2xkel\" class=\"txtNew\" data-packed=\"false\" data-vertical-text=\"false\">\n<p class=\"font_7\">Adriana Maria Andreis<\/p>\n<p class=\"font_7\">Claudecir dos Santos<\/p>\n<p class=\"font_7\">Camila Caracelli Scherma<\/p>\n<p class=\"font_7\">Lidiane Ronsoni Maier<\/p>\n<p class=\"font_7\">Lucelia Peron<\/p>\n<p class=\"font_7\">Marlei Dambros<\/p>\n<p class=\"font_7\">Chaiane Bukowski<\/p>\n<p class=\"font_7\">Priscilla Romano<\/p>\n<p class=\"font_7\">Paoline Bresolin<\/p>\n<\/div>\n","protected":false},"excerpt":{"rendered":"<p>Adriana Maria Andreis Claudecir dos Santos Camila Caracelli Scherma Lidiane Ronsoni Maier Lucelia Peron Marlei Dambros Chaiane Bukowski Priscilla Romano Paoline Bresolin<\/p>\n","protected":false},"author":297,"featured_media":0,"parent":0,"menu_order":0,"comment_status":"closed","ping_status":"closed","template":"","meta":{"footnotes":""},"class_list":["post-79","page","type-page","status-publish","hentry"],"_links":{"self":[{"href":"https:\/\/wp.ufpel.edu.br\/iiisenpe\/wp-json\/wp\/v2\/pages\/79","targetHints":{"allow":["GET"]}}],"collection":[{"href":"https:\/\/wp.ufpel.edu.br\/iiisenpe\/wp-json\/wp\/v2\/pages"}],"about":[{"href":"https:\/\/wp.ufpel.edu.br\/iiisenpe\/wp-json\/wp\/v2\/types\/page"}],"author":[{"embeddable":true,"href":"https:\/\/wp.ufpel.edu.br\/iiisenpe\/wp-json\/wp\/v2\/users\/297"}],"replies":[{"embeddable":true,"href":"https:\/\/wp.ufpel.edu.br\/iiisenpe\/wp-json\/wp\/v2\/comments?post=79"}],"version-history":[{"count":2,"href":"https:\/\/wp.ufpel.edu.br\/iiisenpe\/wp-json\/wp\/v2\/pages\/79\/revisions"}],"predecessor-version":[{"id":112,"href":"https:\/\/wp.ufpel.edu.br\/iiisenpe\/wp-json\/wp\/v2\/pages\/79\/revisions\/112"}],"wp:attachment":[{"href":"https:\/\/wp.ufpel.edu.br\/iiisenpe\/wp-json\/wp\/v2\/media?parent=79"}],"curies":[{"name":"wp","href":"https:\/\/api.w.org\/{rel}","templated":true}]}}