{"id":70,"date":"2020-09-19T18:29:36","date_gmt":"2020-09-19T21:29:36","guid":{"rendered":"https:\/\/wp.ufpel.edu.br\/iiisenpe\/?page_id=70"},"modified":"2020-09-19T20:21:44","modified_gmt":"2020-09-19T23:21:44","slug":"programacao","status":"publish","type":"page","link":"https:\/\/wp.ufpel.edu.br\/iiisenpe\/programacao\/","title":{"rendered":"Programa\u00e7\u00e3o"},"content":{"rendered":"<h2 style=\"text-align: left\">Confer\u00eancia de abertura<\/h2>\n<h3 style=\"text-align: left\">dia 30 de novembro de 2020<\/h3>\n<h2 style=\"text-align: left\">Mesas Tem\u00e1ticas e Apresenta\u00e7\u00e3o de Trabalhos<\/h2>\n<h3 style=\"text-align: left\">dias 1 e 2 de dezembro de 2020<\/h3>\n<h4 style=\"text-align: left\"><span style=\"color: #ffcc00;background-color: #999999\">\u00a0 Programa\u00e7\u00e3o completa ser\u00e1 divulgada em breve<br \/>\n<\/span><\/h4>\n","protected":false},"excerpt":{"rendered":"<p>Confer\u00eancia de abertura dia 30 de novembro de 2020 Mesas Tem\u00e1ticas e Apresenta\u00e7\u00e3o de Trabalhos dias 1 e 2 de dezembro de 2020 \u00a0 Programa\u00e7\u00e3o completa ser\u00e1 divulgada em breve<\/p>\n","protected":false},"author":297,"featured_media":0,"parent":0,"menu_order":0,"comment_status":"closed","ping_status":"closed","template":"","meta":{"footnotes":""},"class_list":["post-70","page","type-page","status-publish","hentry"],"_links":{"self":[{"href":"https:\/\/wp.ufpel.edu.br\/iiisenpe\/wp-json\/wp\/v2\/pages\/70","targetHints":{"allow":["GET"]}}],"collection":[{"href":"https:\/\/wp.ufpel.edu.br\/iiisenpe\/wp-json\/wp\/v2\/pages"}],"about":[{"href":"https:\/\/wp.ufpel.edu.br\/iiisenpe\/wp-json\/wp\/v2\/types\/page"}],"author":[{"embeddable":true,"href":"https:\/\/wp.ufpel.edu.br\/iiisenpe\/wp-json\/wp\/v2\/users\/297"}],"replies":[{"embeddable":true,"href":"https:\/\/wp.ufpel.edu.br\/iiisenpe\/wp-json\/wp\/v2\/comments?post=70"}],"version-history":[{"count":7,"href":"https:\/\/wp.ufpel.edu.br\/iiisenpe\/wp-json\/wp\/v2\/pages\/70\/revisions"}],"predecessor-version":[{"id":140,"href":"https:\/\/wp.ufpel.edu.br\/iiisenpe\/wp-json\/wp\/v2\/pages\/70\/revisions\/140"}],"wp:attachment":[{"href":"https:\/\/wp.ufpel.edu.br\/iiisenpe\/wp-json\/wp\/v2\/media?parent=70"}],"curies":[{"name":"wp","href":"https:\/\/api.w.org\/{rel}","templated":true}]}}