{"id":60,"date":"2020-09-19T18:20:21","date_gmt":"2020-09-19T21:20:21","guid":{"rendered":"https:\/\/wp.ufpel.edu.br\/iiisenpe\/?page_id=60"},"modified":"2020-09-19T19:52:44","modified_gmt":"2020-09-19T22:52:44","slug":"60-2","status":"publish","type":"page","link":"https:\/\/wp.ufpel.edu.br\/iiisenpe\/60-2\/","title":{"rendered":"Normas de submiss\u00e3o"},"content":{"rendered":"<div id=\"WRchTxt15\" class=\"txtNew\" data-packed=\"false\" data-vertical-text=\"false\">\n<h4 class=\"font_4\">NORMAS PARA\u00a0SUBMISS\u00c3O DE ARTIGOS<\/h4>\n<p class=\"font_7\" style=\"text-align: justify\">O texto da modalidade COMUNICA\u00c7\u00c3O ORAL (CO) dever\u00e1 apresentar resultados parciais ou finais de pesquisas cient\u00edficas que versem sobre temas da Pesquisa em Educa\u00e7\u00e3o. Nesta modalidade, cabem trabalhos de natureza te\u00f3rica e emp\u00edrica que busquem articula\u00e7\u00e3o com o tema central do encontro.<\/p>\n<h4 class=\"font_7\" style=\"text-align: justify\">Normas gerais<\/h4>\n<ul class=\"font_6\" style=\"text-align: justify\">\n<li>\n<p class=\"font_6\">Cada autor ou coautor poder\u00e1 apresentar at\u00e9 02 trabalhos no evento<\/p>\n<\/li>\n<li>\n<p class=\"font_6\">Autores e coautores dever\u00e3o fazer inscri\u00e7\u00f5es individuais;<\/p>\n<\/li>\n<li>\n<p class=\"font_6\">Ser\u00e3o aceitos\u00a0at\u00e9 02 trabalhos por autor ou coautor;<\/p>\n<\/li>\n<li>\n<p class=\"font_6\">Os aceites ser\u00e3o divulgados at\u00e9 o dia 10\/11\/2020;<\/p>\n<\/li>\n<li>N\u00famero de trabalhos: Ser\u00e3o aceitos\u00a0at\u00e9 02 trabalhos por autor ou coautor;<\/li>\n<\/ul>\n<h4 class=\"font_7\" style=\"text-align: justify\">Padroniza\u00e7\u00e3o<\/h4>\n<ul class=\"font_7\" style=\"text-align: justify\">\n<li>Trabalho (Resumo expandido): m\u00ednimo de 7500 e m\u00e1ximo de 12500 caracteres com espa\u00e7os. O resumo deve ter de 3 a 5 palavras-chave;<\/li>\n<li>Normas: O texto deve ser gerado em WORD com Fonte Times New Roman, tamanho 12. Configura\u00e7\u00e3o da p\u00e1gina: Margens &#8211; superior e inferior: 3 cm; direita e esquerda: 2,5 cm. Papel: A4. T\u00edtulo: centralizado, letra mai\u00fascula e em negrito. Autor(es): abaixo do t\u00edtulo, \u00e0 direita. Cr\u00e9dito do(s) autor(es), institui\u00e7\u00e3o e endere\u00e7o eletr\u00f4nico em nota de rodap\u00e9 num\u00e9rica personalizada no final da 1\u00aa p\u00e1gina. Espa\u00e7o entre as linhas 1,5 cm. Refer\u00eancias: seguir normas ABNT.<\/li>\n<li>Aceites: os aceites ser\u00e3o divulgados na p\u00e1gina do evento at\u00e9 o dia 10\/11\/2020<\/li>\n<li>Notas de rodap\u00e91: para incluir notas de rodap\u00e9, em caso de serem indispens\u00e1veis, utilize a ferramenta do Word.<\/li>\n<li>\n<p class=\"font_7\">Figuras, gr\u00e1ficos, quadros e tabelas devem estar dentro do corpo do texto, possuir legenda centralizada (tamanho 10). O t\u00edtulo da tabela e quadro os precede, j\u00e1 o t\u00edtulo do gr\u00e1fico e\/ou figura vem depois conforme normas da ABNT NBR 6029. As tabelas devem apresentar uniformidade gr\u00e1fica: tipos de letras e n\u00fameros, uso de mai\u00fascula e min\u00fascula. Al\u00e9m disso, preferencialmente, as tabelas devem ser apresentadas em uma \u00fanica p\u00e1gina.<\/p>\n<\/li>\n<\/ul>\n<h4 class=\"font_7\" style=\"text-align: justify\">Envio<\/h4>\n<p class=\"font_7\" style=\"text-align: justify\">Os Resumos Expandidos devem ser enviados para o e-mail iiisiepe@gmail.com, no prazo estipulado para inscri\u00e7\u00e3o.<\/p>\n<p class=\"font_7\" style=\"text-align: justify\">Enviar, via site do evento, 02 (duas) c\u00f3pias de cada trabalho submetido sendo uma c\u00f3pia COM IDENTIFICA\u00c7\u00c3O DA AUTORIA e a outra c\u00f3pia SEM IDENTIFICA\u00c7\u00c3O DA AUTORIA.<\/p>\n<p class=\"font_7\" style=\"text-align: justify\">Salve o arquivo da vers\u00e3o identificada com o seguinte nome: \u201cCPF do 1\u00ba Autor &#8211; vers\u00e3o identificada\u201d e Salve o arquivo da vers\u00e3o cega com o seguinte nome: \u201cCPF do 1\u00ba Autor &#8211; vers\u00e3o cega\u201d.<\/p>\n<p class=\"font_7\" style=\"text-align: justify\">O recebimento dos trabalhos ser\u00e1 confirmado via e-mail.<\/p>\n<h4 class=\"font_7\" style=\"text-align: justify\">Avalia\u00e7\u00e3o<\/h4>\n<p class=\"font_7\" style=\"text-align: justify\">Avalia\u00e7\u00e3o dos trabalhos:\u00a0os trabalhos ser\u00e3o submetidos \u00e0 avalia\u00e7\u00e3o da Comiss\u00e3o Cient\u00edfica. Os trabalhos que n\u00e3o estiverem dentro das normas n\u00e3o ser\u00e3o avaliados e ser\u00e3o devolvidos aos autores. Quando a Comiss\u00e3o Cient\u00edfica julgar pertinente, PODER\u00c1 solicitar ajustes nos trabalhos. A Comiss\u00e3o Cient\u00edfica n\u00e3o se responsabiliza caso o prazo para ajustes n\u00e3o for respeitado pelos autores quando solicitado.<\/p>\n<\/div>\n","protected":false},"excerpt":{"rendered":"<p>NORMAS PARA\u00a0SUBMISS\u00c3O DE ARTIGOS O texto da modalidade COMUNICA\u00c7\u00c3O ORAL (CO) dever\u00e1 apresentar resultados parciais ou finais de pesquisas cient\u00edficas que versem sobre temas da Pesquisa em Educa\u00e7\u00e3o. Nesta modalidade, cabem trabalhos de natureza te\u00f3rica e emp\u00edrica que busquem articula\u00e7\u00e3o com o tema central do encontro. Normas gerais Cada autor ou coautor poder\u00e1 apresentar at\u00e9 &hellip; <a href=\"https:\/\/wp.ufpel.edu.br\/iiisenpe\/60-2\/\" class=\"more-link\">Continue lendo <span class=\"screen-reader-text\">Normas de submiss\u00e3o<\/span> <span class=\"meta-nav\">&rarr;<\/span><\/a><\/p>\n","protected":false},"author":297,"featured_media":0,"parent":0,"menu_order":0,"comment_status":"closed","ping_status":"closed","template":"","meta":{"footnotes":""},"class_list":["post-60","page","type-page","status-publish","hentry"],"_links":{"self":[{"href":"https:\/\/wp.ufpel.edu.br\/iiisenpe\/wp-json\/wp\/v2\/pages\/60","targetHints":{"allow":["GET"]}}],"collection":[{"href":"https:\/\/wp.ufpel.edu.br\/iiisenpe\/wp-json\/wp\/v2\/pages"}],"about":[{"href":"https:\/\/wp.ufpel.edu.br\/iiisenpe\/wp-json\/wp\/v2\/types\/page"}],"author":[{"embeddable":true,"href":"https:\/\/wp.ufpel.edu.br\/iiisenpe\/wp-json\/wp\/v2\/users\/297"}],"replies":[{"embeddable":true,"href":"https:\/\/wp.ufpel.edu.br\/iiisenpe\/wp-json\/wp\/v2\/comments?post=60"}],"version-history":[{"count":6,"href":"https:\/\/wp.ufpel.edu.br\/iiisenpe\/wp-json\/wp\/v2\/pages\/60\/revisions"}],"predecessor-version":[{"id":129,"href":"https:\/\/wp.ufpel.edu.br\/iiisenpe\/wp-json\/wp\/v2\/pages\/60\/revisions\/129"}],"wp:attachment":[{"href":"https:\/\/wp.ufpel.edu.br\/iiisenpe\/wp-json\/wp\/v2\/media?parent=60"}],"curies":[{"name":"wp","href":"https:\/\/api.w.org\/{rel}","templated":true}]}}