{"id":51,"date":"2020-09-19T18:10:52","date_gmt":"2020-09-19T21:10:52","guid":{"rendered":"https:\/\/wp.ufpel.edu.br\/iiisenpe\/?page_id=51"},"modified":"2020-10-02T15:42:22","modified_gmt":"2020-10-02T18:42:22","slug":"inscricoes-de-trabalho","status":"publish","type":"page","link":"https:\/\/wp.ufpel.edu.br\/iiisenpe\/inscricoes-de-trabalho\/","title":{"rendered":"Inscri\u00e7\u00f5es de trabalho"},"content":{"rendered":"<h4>Prazo:\u00a0 <em>Inscri\u00e7\u00f5es \u2013 per\u00edodo de 15 de setembro a 18 de outubro<\/em><\/h4>\n<h4>Inscreva-se pelo <em>site<\/em>: <a href=\"https:\/\/portaleventos.uffs.edu.br\/index.php\/SENPE\/index\" target=\"_blank\" rel=\"noopener noreferrer\">https:\/\/portaleventos.uffs.edu.br\/index.php\/SENPE\/about<\/a><\/h4>\n<h4>Sobre a inscri\u00e7\u00e3o de trabalhos:<\/h4>\n<p class=\"font_6\">&#8211; Os trabalhos ser\u00e3o apresentados na modalidade de Comunica\u00e7\u00e3o Oral, divididos em eixos tem\u00e1ticos;<\/p>\n<p class=\"font_6\">&#8211; Cada autor ou coautor poder\u00e1 apresentar at\u00e9 02 trabalhos no evento;<\/p>\n<p class=\"font_6\">&#8211; Autores e coautores dever\u00e3o fazer inscri\u00e7\u00f5es individuais;<\/p>\n<p class=\"font_6\">&#8211; Enviar, via email do evento (iiisenpe@gmail.com), 02 (duas) c\u00f3pias de cada trabalho submetido sendo uma c\u00f3pia COM IDENTIFICA\u00c7\u00c3O DA AUTORIA e a outra c\u00f3pia SEM IDENTIFICA\u00c7\u00c3O DA AUTORIA;<\/p>\n<p class=\"font_6\">&#8211; Os aceites ser\u00e3o divulgados at\u00e9 o dia 10\/11\/2020;<\/p>\n<p class=\"font_6\">&#8211; Ajustes, quando solicitados, ter\u00e3o prazo informado pelo Comiss\u00e3o Cient\u00edfica;<\/p>\n<p>A norma para submiss\u00e3o de trabalhos pode ser conferida <a href=\"https:\/\/wp.ufpel.edu.br\/iiisenpe\/60-2\/\">aqui<\/a>.<\/p>\n<p>Avalia\u00e7\u00e3o dos trabalhos \u2013 <em><strong>per\u00edodo de 19 de outubro a 3 de novembro<\/strong><\/em><\/p>\n<p><strong>Divulga\u00e7\u00e3o<\/strong> dos trabalhos aprovados para apresenta\u00e7\u00e3o oral \u2013 <strong>dia 10 de novembro<\/strong><\/p>\n<p><strong>Resumo Expandido<\/strong><br \/>\nOs trabalhos ser\u00e3o no formato de <em><strong>Resumo Expandido<\/strong><\/em> \u2013 de 3 a 5 p\u00e1ginas (de 7500 a 12500 caracteres com espa\u00e7os)<br \/>\nObs.: Os resumos aprovados, ap\u00f3s o evento, poder\u00e3o ser encaminhados para publica\u00e7\u00e3o em formato de artigo completo.<\/p>\n<h4>Inscri\u00e7\u00f5es<\/h4>\n<p>A inscri\u00e7\u00e3o \u00e9 obrigat\u00f3ria para todos os que desejam submeter trabalhos e participar do evento. Nesta edi\u00e7\u00e3o n\u00e3o haver\u00e1 taxas de inscri\u00e7\u00e3o.<\/p>\n<h4 class=\"font_6\"><strong>EIXOS TEM\u00c1TICOS<\/strong><\/h4>\n<p class=\"font_6\"><strong>Eixo 1: processo de pesquisa em educa\u00e7\u00e3o<\/strong><br \/>\nEmenta: Os fundamentos te\u00f3ricos e metodol\u00f3gicos da pesquisa; t\u00e9cnicas, abordagens e procedimentos na pesquisa educacional.<\/p>\n<p><strong>Eixo 2: educa\u00e7\u00e3o, cultura e linguagem<\/strong><br \/>\nEmenta: Estudos que abordam as rela\u00e7\u00f5es entre escolariza\u00e7\u00e3o e linguagens, cultura e educa\u00e7\u00e3o.<\/p>\n<p><strong>Eixo 3: trabalho docente e forma\u00e7\u00e3o de professores<\/strong><br \/>\nEmenta: Contempla estudos relacionados as condi\u00e7\u00f5es do trabalho docentes e \u00e0 forma\u00e7\u00e3o inicial e continuada de professores.<\/p>\n<p><strong>Eixo 4: processos e pr\u00e1ticas educativas na Educa\u00e7\u00e3o B\u00e1sica<\/strong><br \/>\nEmenta: Estudos que contemplem os saberes e os fazeres presentes nos processos pedag\u00f3gicos em suas dimens\u00f5es te\u00f3rico-pr\u00e1ticas; espa\u00e7os e tempos no processo educativo.<\/p>\n<p><strong>Eixo 5: sociedade, conhecimento e educa\u00e7\u00e3o<\/strong><br \/>\nEmenta: Estudos de car\u00e1ter hist\u00f3ricos, filos\u00f3ficos, sociol\u00f3gicos englobando os processos pedag\u00f3gicos formais e n\u00e3o-formais.<\/p>\n<p><strong>Eixo 6: pol\u00edticas educacionais e pol\u00edticas curriculares<\/strong><br \/>\nEmenta: Estudos anal\u00edticos sobre as pol\u00edticas educacionais e as pol\u00edticas curriculares ligados as experi\u00eancias educativas formais e n\u00e3o-formais.<\/p>\n","protected":false},"excerpt":{"rendered":"<p>Prazo:\u00a0 Inscri\u00e7\u00f5es \u2013 per\u00edodo de 15 de setembro a 18 de outubro Inscreva-se pelo site: https:\/\/portaleventos.uffs.edu.br\/index.php\/SENPE\/about Sobre a inscri\u00e7\u00e3o de trabalhos: &#8211; Os trabalhos ser\u00e3o apresentados na modalidade de Comunica\u00e7\u00e3o Oral, divididos em eixos tem\u00e1ticos; &#8211; Cada autor ou coautor poder\u00e1 apresentar at\u00e9 02 trabalhos no evento; &#8211; Autores e coautores dever\u00e3o fazer inscri\u00e7\u00f5es individuais; &hellip; <a href=\"https:\/\/wp.ufpel.edu.br\/iiisenpe\/inscricoes-de-trabalho\/\" class=\"more-link\">Continue lendo <span class=\"screen-reader-text\">Inscri\u00e7\u00f5es de trabalho<\/span> <span class=\"meta-nav\">&rarr;<\/span><\/a><\/p>\n","protected":false},"author":297,"featured_media":0,"parent":0,"menu_order":0,"comment_status":"closed","ping_status":"closed","template":"","meta":{"footnotes":""},"class_list":["post-51","page","type-page","status-publish","hentry"],"_links":{"self":[{"href":"https:\/\/wp.ufpel.edu.br\/iiisenpe\/wp-json\/wp\/v2\/pages\/51","targetHints":{"allow":["GET"]}}],"collection":[{"href":"https:\/\/wp.ufpel.edu.br\/iiisenpe\/wp-json\/wp\/v2\/pages"}],"about":[{"href":"https:\/\/wp.ufpel.edu.br\/iiisenpe\/wp-json\/wp\/v2\/types\/page"}],"author":[{"embeddable":true,"href":"https:\/\/wp.ufpel.edu.br\/iiisenpe\/wp-json\/wp\/v2\/users\/297"}],"replies":[{"embeddable":true,"href":"https:\/\/wp.ufpel.edu.br\/iiisenpe\/wp-json\/wp\/v2\/comments?post=51"}],"version-history":[{"count":11,"href":"https:\/\/wp.ufpel.edu.br\/iiisenpe\/wp-json\/wp\/v2\/pages\/51\/revisions"}],"predecessor-version":[{"id":196,"href":"https:\/\/wp.ufpel.edu.br\/iiisenpe\/wp-json\/wp\/v2\/pages\/51\/revisions\/196"}],"wp:attachment":[{"href":"https:\/\/wp.ufpel.edu.br\/iiisenpe\/wp-json\/wp\/v2\/media?parent=51"}],"curies":[{"name":"wp","href":"https:\/\/api.w.org\/{rel}","templated":true}]}}