{"id":76,"date":"2015-11-20T10:00:34","date_gmt":"2015-11-20T12:00:34","guid":{"rendered":"https:\/\/wp.ufpel.edu.br\/iiforumacoesafirmativas\/?page_id=76"},"modified":"2015-11-20T10:00:34","modified_gmt":"2015-11-20T12:00:34","slug":"apresentacoes","status":"publish","type":"page","link":"https:\/\/wp.ufpel.edu.br\/iiforumacoesafirmativas\/apresentacoes\/","title":{"rendered":"Apresenta\u00e7\u00f5es"},"content":{"rendered":"<h2><a href=\"https:\/\/wp.ufpel.edu.br\/iiforumacoesafirmativas\/files\/2015\/11\/Univ-Inst-Fed-Regiao-Sul-subnotificacao.pdf\">Univ. Inst. Fed. Regi\u00e3o Sul &#8211; Subnotifica\u00e7\u00e3o<\/a><\/h2>\n<h2><a href=\"https:\/\/wp.ufpel.edu.br\/iiforumacoesafirmativas\/files\/2015\/11\/2015-setembro-13-fund.-AA.pdf\">Cotas, assist\u00eancia estudantil e cursos na UFSC (Comiss\u00e3o de A\u00e7\u00e3o Afirmativa\/UFSC)<\/a><\/h2>\n<h2><a href=\"https:\/\/wp.ufpel.edu.br\/iiforumacoesafirmativas\/files\/2015\/11\/Apresenta\u00e7\u00e3o-PROAAF-furg.pptx\">Programa de A\u00e7\u00f5es Afirmativas PROAAf<\/a><\/h2>\n<h2><a href=\"https:\/\/wp.ufpel.edu.br\/iiforumacoesafirmativas\/files\/2015\/11\/Determinantes-socioeconomico-no-acesso-ES-2015.pdf Brasil\">Determinantes Socioecon\u00f4micos das Chances de Acesso \u00e0 Educa\u00e7\u00e3o Superior no Brasil<\/a><\/h2>\n<h2><a href=\"https:\/\/wp.ufpel.edu.br\/iiforumacoesafirmativas\/files\/2015\/11\/forum-pelotas-2015-com-graficos.pdf\">Perman\u00eancia: dados e pol\u00edticas poss\u00edveis UFRGS<\/a><\/h2>\n<h2><a href=\"https:\/\/wp.ufpel.edu.br\/iiforumacoesafirmativas\/files\/2015\/11\/II-F\u00f3rum-da-Regi\u00e3o-Sul_perspectivas-de-avalia\u00e7\u00e3o-e-monitoramento-da-lei-12711.pdf\" target=\"_blank\">II F\u00f3rum da Regi\u00e3o Sul: Perspectivas de avalia\u00e7\u00e3o e monitoramento da Lei 12711<\/a><\/h2>\n<h2><a href=\"https:\/\/wp.ufpel.edu.br\/iiforumacoesafirmativas\/files\/2015\/11\/JEAN-forum-de-a\u00e7\u00f5es-afirmativas-ufpel.pdf\">&#8220;A\u00e7\u00f5es Afirmativas e Diversidade&#8221; por Jean Baptista <\/a><\/h2>\n<h2><a href=\"https:\/\/wp.ufpel.edu.br\/iiforumacoesafirmativas\/files\/2015\/11\/Lei-das-Cotas-UFPel-Novembro-2015.pdf\">Lei das Cotas UFPel Novembro 2015<\/a><\/h2>\n","protected":false},"excerpt":{"rendered":"<p>Univ. Inst. Fed. Regi\u00e3o Sul &#8211; Subnotifica\u00e7\u00e3o Cotas, assist\u00eancia estudantil e cursos na UFSC (Comiss\u00e3o de A\u00e7\u00e3o Afirmativa\/UFSC) Programa de A\u00e7\u00f5es Afirmativas PROAAf Determinantes Socioecon\u00f4micos das Chances de Acesso \u00e0 Educa\u00e7\u00e3o Superior no Brasil Perman\u00eancia: dados e pol\u00edticas poss\u00edveis UFRGS II F\u00f3rum da Regi\u00e3o Sul: Perspectivas de avalia\u00e7\u00e3o e monitoramento da Lei 12711 &#8220;A\u00e7\u00f5es Afirmativas &hellip; <\/p>\n<p><a class=\"more-link btn\" href=\"https:\/\/wp.ufpel.edu.br\/iiforumacoesafirmativas\/apresentacoes\/\">Continue lendo<\/a><\/p>\n","protected":false},"author":568,"featured_media":0,"parent":0,"menu_order":0,"comment_status":"closed","ping_status":"closed","template":"","meta":{"footnotes":""},"class_list":["post-76","page","type-page","status-publish","hentry","nodate","item-wrap"],"_links":{"self":[{"href":"https:\/\/wp.ufpel.edu.br\/iiforumacoesafirmativas\/wp-json\/wp\/v2\/pages\/76","targetHints":{"allow":["GET"]}}],"collection":[{"href":"https:\/\/wp.ufpel.edu.br\/iiforumacoesafirmativas\/wp-json\/wp\/v2\/pages"}],"about":[{"href":"https:\/\/wp.ufpel.edu.br\/iiforumacoesafirmativas\/wp-json\/wp\/v2\/types\/page"}],"author":[{"embeddable":true,"href":"https:\/\/wp.ufpel.edu.br\/iiforumacoesafirmativas\/wp-json\/wp\/v2\/users\/568"}],"replies":[{"embeddable":true,"href":"https:\/\/wp.ufpel.edu.br\/iiforumacoesafirmativas\/wp-json\/wp\/v2\/comments?post=76"}],"version-history":[{"count":1,"href":"https:\/\/wp.ufpel.edu.br\/iiforumacoesafirmativas\/wp-json\/wp\/v2\/pages\/76\/revisions"}],"predecessor-version":[{"id":85,"href":"https:\/\/wp.ufpel.edu.br\/iiforumacoesafirmativas\/wp-json\/wp\/v2\/pages\/76\/revisions\/85"}],"wp:attachment":[{"href":"https:\/\/wp.ufpel.edu.br\/iiforumacoesafirmativas\/wp-json\/wp\/v2\/media?parent=76"}],"curies":[{"name":"wp","href":"https:\/\/api.w.org\/{rel}","templated":true}]}}