{"id":19,"date":"2015-10-26T10:20:23","date_gmt":"2015-10-26T12:20:23","guid":{"rendered":"https:\/\/wp.ufpel.edu.br\/iiforumacoesafirmativas\/?page_id=19"},"modified":"2015-11-03T14:05:37","modified_gmt":"2015-11-03T16:05:37","slug":"historico-do-evento","status":"publish","type":"page","link":"https:\/\/wp.ufpel.edu.br\/iiforumacoesafirmativas\/historico-do-evento\/","title":{"rendered":"Hist\u00f3rico do evento"},"content":{"rendered":"<p>As A\u00e7\u00f5es Afirmativas que buscam o acesso \u00e0s institui\u00e7\u00f5es federais de educa\u00e7\u00e3o, especialmente as de ensino\u00a0superior, sob a forma de cotas atrav\u00e9s da lei 12711\/12, modificou o cen\u00e1rio da universidade p\u00fablica brasileira no sentido de que, grupos cujas realidades\u00a0s\u00f3cio-econ\u00f4micas e \u00e9tnicas se constitu\u00edam um impeditivo para ingresso, come\u00e7am a se inserir nas institui\u00e7\u00f5es federais lan\u00e7ando para a comunidade acad\u00eamica\u00a0diversos desafios que tramitam na ordem do estrutural at\u00e9 as rela\u00e7\u00f5es sociais no que tange \u00e0s dimens\u00f5es do pedag\u00f3gico e do interpessoal.<\/p>\n<p>A contribui\u00e7\u00e3o para os profissionais envolvidos neste F\u00f3rum se justifica pelo fato do mesmo se\u00a0constituir um espa\u00e7o de troca de experi\u00eancias e de constitui\u00e7\u00e3o de parcerias entre as institui\u00e7\u00f5es no tocante \u00e0s a\u00e7\u00f5es afirmativas e \u00e0 possibilidade de formula\u00e7\u00f5es e\u00a0proposi\u00e7\u00f5es de outras pol\u00edticas em n\u00edvel federal e interno \u00e0 cada institui\u00e7\u00e3o. Almeja-se , tamb\u00e9m, que seja poss\u00edvel a apropria\u00e7\u00e3o de elementos decorrentes das\u00a0discuss\u00f5es que favore\u00e7am a constitui\u00e7\u00e3o de uma base de dados organizada, validada e atualizada das institui\u00e7\u00f5es da regi\u00e3o para utiliza\u00e7\u00e3o por gestores e\u00a0pesquisadores em a\u00e7\u00e3o afirmativa. Os desdobramentos do F\u00f3rum, tendem a potencializar medidas que ajam sobre as esferas de gest\u00e3o e do pedag\u00f3gico porque\u00a0estas pol\u00edticas est\u00e3o atreladas \u00e0 necessidade de, por exemplo, viabilizar a educa\u00e7\u00e3o das rela\u00e7\u00f5es \u00e9tnico-raciais j\u00e1 contempladas nas leis 10639\/03 e 11645\/08.<\/p>\n<p>O evento na sua segunda edi\u00e7\u00e3o, prima por discutir as pol\u00edticas de A\u00e7\u00f5es Afirmativas relativas \u00e0 lei 12711\/12 com enfoque na discuss\u00e3o\u00a0acerca do acesso, perman\u00eancia e avalia\u00e7\u00e3o da mesma. O F\u00f3rum constitu\u00eddo em 2014, se reunir\u00e1 novamente\u00a0e redefinir\u00e1 a discuss\u00e3o e a\u00a0agenda para o pr\u00f3ximo ano, bem como, as bases\u00a0articuladoras entre as institui\u00e7\u00f5es de ensino federal obstante as suas peculiaridades. Estar\u00e3o presentes os sujeitos envolvidos na pol\u00edtica _ gestores, docentes,\u00a0discentes, pesquisadores, movimentos sociais_ com diferentes metodologias de trabalho ( confer\u00eancias, mesas, grupos de trabalho, reuni\u00f5es paralelas, relatos de\u00a0experi\u00eancias). Participar\u00e3o em torno de vinte institui\u00e7\u00f5es federais sendo que o n\u00facleo organizador do F\u00f3rum \u00e9 UFPel, UFSM, UFRGS, FURG, UFPR, UFSC e UNIPAMPA.<\/p>\n<p>Em evento realizado pela Universidade Federal do Rio Grande do Sul em 2013 _ Sal\u00e3o da UFRGS 2013_ , um grupo de\u00a0pesquisadores e gestores da Universidade Federal do Rio Grande do Sul, Universidade Federal de Santa Catarina, Universidade de Bras\u00edlia e Universidade Federal do\u00a0Rec\u00f4ncavo Baiano, propuseram a imediata instala\u00e7\u00e3o em car\u00e1ter permanente de uma agenda nacional para forma\u00e7\u00e3o de um Plano nacional intitulado &#8221; As a\u00e7\u00f5es\u00a0afirmativas e o desenvolvimento nacional: preparando o Brasil do Futuro&#8221;. Desta decis\u00e3o em \u00e2mbito nacional, foram sendo realizados f\u00f3rum regionais para discutir\u00a0as in\u00fameras especifidades brasileiras e, neste sentido, se realizou nos dias 16 e 17 de Setembro de 2014, na UFSC, o I F\u00f3rum sobre A\u00e7\u00f5es Afirmativas da Regi\u00e3o Sul\u00a0que delineou as finalidades do F\u00f3rum, discutiu as lei 12711\/12 e 12990\/08 e definiu como local para realiza\u00e7\u00e3o do II F\u00f3rum a Universidade Federal de Pelotas em virtude do cen\u00e1rio \u00e9tnico-racial do munic\u00edpio de Pelotas (RS).<\/p>\n<p>&nbsp;<\/p>\n","protected":false},"excerpt":{"rendered":"<p>As A\u00e7\u00f5es Afirmativas que buscam o acesso \u00e0s institui\u00e7\u00f5es federais de educa\u00e7\u00e3o, especialmente as de ensino\u00a0superior, sob a forma de cotas atrav\u00e9s da lei 12711\/12, modificou o cen\u00e1rio da universidade p\u00fablica brasileira no sentido de que, grupos cujas realidades\u00a0s\u00f3cio-econ\u00f4micas e \u00e9tnicas se constitu\u00edam um impeditivo para ingresso, come\u00e7am a se inserir nas institui\u00e7\u00f5es federais lan\u00e7ando &hellip; <\/p>\n<p><a class=\"more-link btn\" href=\"https:\/\/wp.ufpel.edu.br\/iiforumacoesafirmativas\/historico-do-evento\/\">Continue lendo<\/a><\/p>\n","protected":false},"author":568,"featured_media":0,"parent":0,"menu_order":0,"comment_status":"closed","ping_status":"closed","template":"","meta":{"footnotes":""},"class_list":["post-19","page","type-page","status-publish","hentry","nodate","item-wrap"],"_links":{"self":[{"href":"https:\/\/wp.ufpel.edu.br\/iiforumacoesafirmativas\/wp-json\/wp\/v2\/pages\/19","targetHints":{"allow":["GET"]}}],"collection":[{"href":"https:\/\/wp.ufpel.edu.br\/iiforumacoesafirmativas\/wp-json\/wp\/v2\/pages"}],"about":[{"href":"https:\/\/wp.ufpel.edu.br\/iiforumacoesafirmativas\/wp-json\/wp\/v2\/types\/page"}],"author":[{"embeddable":true,"href":"https:\/\/wp.ufpel.edu.br\/iiforumacoesafirmativas\/wp-json\/wp\/v2\/users\/568"}],"replies":[{"embeddable":true,"href":"https:\/\/wp.ufpel.edu.br\/iiforumacoesafirmativas\/wp-json\/wp\/v2\/comments?post=19"}],"version-history":[{"count":4,"href":"https:\/\/wp.ufpel.edu.br\/iiforumacoesafirmativas\/wp-json\/wp\/v2\/pages\/19\/revisions"}],"predecessor-version":[{"id":59,"href":"https:\/\/wp.ufpel.edu.br\/iiforumacoesafirmativas\/wp-json\/wp\/v2\/pages\/19\/revisions\/59"}],"wp:attachment":[{"href":"https:\/\/wp.ufpel.edu.br\/iiforumacoesafirmativas\/wp-json\/wp\/v2\/media?parent=19"}],"curies":[{"name":"wp","href":"https:\/\/api.w.org\/{rel}","templated":true}]}}