{"id":39,"date":"2020-04-23T12:49:58","date_gmt":"2020-04-23T15:49:58","guid":{"rendered":"https:\/\/wp.ufpel.edu.br\/igancilab\/?page_id=39"},"modified":"2024-06-20T14:51:32","modified_gmt":"2024-06-20T17:51:32","slug":"joao-iganci","status":"publish","type":"page","link":"https:\/\/wp.ufpel.edu.br\/igancilab\/joao-iganci\/","title":{"rendered":"Prof. Jo\u00e3o Iganci"},"content":{"rendered":"<p style=\"text-align: left;\"><img class=\"size-medium wp-image-45 alignleft\" src=\"https:\/\/wp.ufpel.edu.br\/igancilab\/files\/2020\/04\/Amazonia-400x300.jpg\" alt=\"\" width=\"400\" height=\"300\" srcset=\"https:\/\/wp.ufpel.edu.br\/igancilab\/files\/2020\/04\/Amazonia-400x300.jpg 400w, https:\/\/wp.ufpel.edu.br\/igancilab\/files\/2020\/04\/Amazonia-1024x768.jpg 1024w, https:\/\/wp.ufpel.edu.br\/igancilab\/files\/2020\/04\/Amazonia-768x576.jpg 768w, https:\/\/wp.ufpel.edu.br\/igancilab\/files\/2020\/04\/Amazonia-1536x1152.jpg 1536w, https:\/\/wp.ufpel.edu.br\/igancilab\/files\/2020\/04\/Amazonia.jpg 2048w\" sizes=\"(max-width: 400px) 100vw, 400px\" \/> <strong>Jo\u00e3o Iganci<\/strong><\/p>\n<p>Jo\u00e3o Iganci possui gradua\u00e7\u00e3o em Ci\u00eancias Biol\u00f3gicas pela Universidade Federal de Pelotas (2006), com \u00eanfase em biodiversidade e conserva\u00e7\u00e3o, mestrado pela Escola Nacional de Bot\u00e2nica Tropical, Instituto de Pesquisa Jardim Bot\u00e2nico do Rio de Janeiro (2008), com \u00eanfase em taxonomia, cole\u00e7\u00f5es biol\u00f3gicas, fitogeografia e conserva\u00e7\u00e3o, e doutorado pelo Programa de P\u00f3s-Gradua\u00e7\u00e3o em Bot\u00e2nica da Universidade Federal do Rio Grande do Sul, onde desenvolveu atividades relacionadas a Sistem\u00e1tica, Filogenia, Biogeografia, Morfologia, Cole\u00e7\u00f5es Biol\u00f3gicas e Conserva\u00e7\u00e3o da flora. Tem experi\u00eancia na \u00e1rea de Bot\u00e2nica, com \u00eanfase em Taxonomia, Morfologia, Fitogeografia, Filogenia e Conserva\u00e7\u00e3o de angiospermas. Atualmente \u00e9 professor de Bot\u00e2nica e diretor do Museu de Ci\u00eancias Naturais da Universidade Federal de Pelotas e membro do corpo permanente do PPG Bot\u00e2nica da Universidade Federal do Rio Grande do Sul. No Museu de Ci\u00eancias Naturais, demonstrou lideran\u00e7a na condu\u00e7\u00e3o de uma recente mudan\u00e7a de pr\u00e9dio e reformula\u00e7\u00e3o completa da expografia, que culminou na renova\u00e7\u00e3o do Museu e de seu reconhecimento como espa\u00e7o de divulga\u00e7\u00e3o e populariza\u00e7\u00e3o da Ci\u00eancia. No Programa de P\u00f3s-Gradua\u00e7\u00e3o em Bot\u00e2nica da UFRGS, orienta atualmente duas disserta\u00e7\u00f5es de mestrado, sete teses de doutorado, al\u00e9m de quatro alunos de inicia\u00e7\u00e3o cient\u00edfica. Al\u00e9m destes, possui orienta\u00e7\u00e3o j\u00e1 conclu\u00edda de tr\u00eas disserta\u00e7\u00f5es de mestrado e uma tese de doutorado, al\u00e9m de 18 alunos de inicia\u00e7\u00e3o cientifica. \u00c9 representante do grupo de trabalho para a conserva\u00e7\u00e3o de Gimnospermas Neotropicais na IUCN. Coordena projetos de pesquisa relacionados \u00e0 diversidade de leguminosas mimosoideas da Amaz\u00f4nia e Mata Atl\u00e2ntica e \u00e0 diversidade e evolu\u00e7\u00e3o de forma\u00e7\u00f5es campestres Neotropicais com financiamento do CNPq e do Neotropical Grassland Conservancy. Foi agraciado com o pr\u00eamio Roberto Miguel Klein pelo reconhecimento do trabalho em conserva\u00e7\u00e3o da biodiversidade do estado de Santa Catarina, concedido pela Funda\u00e7\u00e3o de Amparo \u00e0 Pesquisa do Estado de Santa Catarina. Recebeu diversos outros pr\u00eamios pelo reconhecimento de suas atividades de pesquisa e de ilustra\u00e7\u00e3o cient\u00edfica. Orienta estudantes de doutorado, mestrado e inicia\u00e7\u00e3o cient\u00edfica nas \u00e1reas de Sistem\u00e1tica Vegetal, Biogeografia e Conserva\u00e7\u00e3o. \u00c9 editor associado da Revista Rodrigu\u00e9sia e atua como revisor de diversos peri\u00f3dicos nacionais e internacionais na \u00e1rea de Bot\u00e2nica. Atua como parecerista em projetos de pesquisas para diferentes ag\u00eancias de fomento. At\u00e9 o momento possui 37 artigos publicados em peri\u00f3dicos nacionais e internacionais, demonstrando grande capacidade de trabalhar em grupo. Possui 25 cap\u00edtulos de livros publicados. Atua na elabora\u00e7\u00e3o de monografias para a Flora do Brasil em diferentes t\u00e1xons, sobretudo em leguminosas e outras fam\u00edlias relacionadas a projetos de alunos de mestrado e doutorado sob orienta\u00e7\u00e3o. Possui reconhecida inser\u00e7\u00e3o nacional e internacional, participando em projetos e coorienta\u00e7\u00f5es, al\u00e9m de ministrar cursos em diferentes institui\u00e7\u00f5es. Tem interesse em pesquisa, ensino e extens\u00e3o na \u00e1rea de Sistem\u00e1tica Vegetal e Biogeografia.<\/p>\n<p>Lattes: http:\/\/lattes.cnpq.br\/9728029816153245<\/p>\n","protected":false},"excerpt":{"rendered":"<p>Jo\u00e3o Iganci Jo\u00e3o Iganci possui gradua\u00e7\u00e3o em Ci\u00eancias Biol\u00f3gicas pela Universidade Federal de Pelotas (2006), com \u00eanfase em biodiversidade e conserva\u00e7\u00e3o, mestrado pela Escola Nacional de Bot\u00e2nica Tropical, Instituto de Pesquisa Jardim Bot\u00e2nico do Rio de Janeiro (2008), com \u00eanfase em taxonomia, cole\u00e7\u00f5es biol\u00f3gicas, fitogeografia e conserva\u00e7\u00e3o, e doutorado pelo Programa de P\u00f3s-Gradua\u00e7\u00e3o em Bot\u00e2nica [&hellip;]<\/p>\n","protected":false},"author":1002,"featured_media":0,"parent":0,"menu_order":0,"comment_status":"closed","ping_status":"closed","template":"","meta":{"footnotes":""},"class_list":["post-39","page","type-page","status-publish","hentry"],"_links":{"self":[{"href":"https:\/\/wp.ufpel.edu.br\/igancilab\/wp-json\/wp\/v2\/pages\/39","targetHints":{"allow":["GET"]}}],"collection":[{"href":"https:\/\/wp.ufpel.edu.br\/igancilab\/wp-json\/wp\/v2\/pages"}],"about":[{"href":"https:\/\/wp.ufpel.edu.br\/igancilab\/wp-json\/wp\/v2\/types\/page"}],"author":[{"embeddable":true,"href":"https:\/\/wp.ufpel.edu.br\/igancilab\/wp-json\/wp\/v2\/users\/1002"}],"replies":[{"embeddable":true,"href":"https:\/\/wp.ufpel.edu.br\/igancilab\/wp-json\/wp\/v2\/comments?post=39"}],"version-history":[{"count":9,"href":"https:\/\/wp.ufpel.edu.br\/igancilab\/wp-json\/wp\/v2\/pages\/39\/revisions"}],"predecessor-version":[{"id":343,"href":"https:\/\/wp.ufpel.edu.br\/igancilab\/wp-json\/wp\/v2\/pages\/39\/revisions\/343"}],"wp:attachment":[{"href":"https:\/\/wp.ufpel.edu.br\/igancilab\/wp-json\/wp\/v2\/media?parent=39"}],"curies":[{"name":"wp","href":"https:\/\/api.w.org\/{rel}","templated":true}]}}