{"id":28,"date":"2020-04-23T12:39:00","date_gmt":"2020-04-23T15:39:00","guid":{"rendered":"https:\/\/wp.ufpel.edu.br\/igancilab\/?page_id=28"},"modified":"2025-12-16T15:29:56","modified_gmt":"2025-12-16T18:29:56","slug":"ilustracao","status":"publish","type":"page","link":"https:\/\/wp.ufpel.edu.br\/igancilab\/ilustracao\/","title":{"rendered":"N\u00facleo de Ilustra\u00e7\u00e3o Cient\u00edfica"},"content":{"rendered":"<p><img class=\"aligncenter size-medium wp-image-358\" style=\"text-align: justify;\" src=\"https:\/\/wp.ufpel.edu.br\/igancilab\/files\/2025\/12\/nic-corticeira-400x159.png\" alt=\"\" width=\"400\" height=\"159\" srcset=\"https:\/\/wp.ufpel.edu.br\/igancilab\/files\/2025\/12\/nic-corticeira-400x159.png 400w, https:\/\/wp.ufpel.edu.br\/igancilab\/files\/2025\/12\/nic-corticeira-1024x407.png 1024w, https:\/\/wp.ufpel.edu.br\/igancilab\/files\/2025\/12\/nic-corticeira-768x305.png 768w, https:\/\/wp.ufpel.edu.br\/igancilab\/files\/2025\/12\/nic-corticeira-1536x610.png 1536w, https:\/\/wp.ufpel.edu.br\/igancilab\/files\/2025\/12\/nic-corticeira-2048x813.png 2048w\" sizes=\"(max-width: 400px) 100vw, 400px\" \/><\/p>\n<p>Produzir ilustra\u00e7\u00f5es cient\u00edficas exige mais do que talento art\u00edstico; demanda um profundo entendimento cient\u00edfico e habilidades de comunica\u00e7\u00e3o visual, \u00e1reas que ainda carecem de forma\u00e7\u00e3o especializada. \u00c9 nesse contexto que o N\u00facleo de Ilustra\u00e7\u00e3o Cient\u00edfica da Universidade Federal de Pelotas surge, em 2022, como um espa\u00e7o dedicado \u00e0 forma\u00e7\u00e3o de ilustradores qualificados, oferecendo cursos e oficinas para estudantes, professores e a comunidade em geral.<\/p>\n<p>O N\u00facleo de Ilustra\u00e7\u00e3o Cient\u00edfica \u00e9 um \u00f3rg\u00e3o suplementar do Instituto de Biologia da Universidade Federal de Pelotas sob coordena\u00e7\u00e3o do Prof. Jo\u00e3o Iganci. O N\u00facleo de Ilustra\u00e7\u00e3o Cient\u00edfica promove a populariza\u00e7\u00e3o da Ci\u00eancia e a divulga\u00e7\u00e3o cient\u00edfica atrav\u00e9s de forma\u00e7\u00e3o especializada em ilustra\u00e7\u00e3o cient\u00edfica, oferecida aos estudantes da Universidade, bem como atrav\u00e9s da oferta de cursos e oficinas direcionados para a comunidade em geral, cursos de forma\u00e7\u00e3o continuada para professores da rede b\u00e1sica de ensino, e atrav\u00e9s da organiza\u00e7\u00e3o de exposi\u00e7\u00f5es. Diversos estudantes que participaram das atividades de forma\u00e7\u00e3o junto ao N\u00facleo de Ilustra\u00e7\u00e3o Cient\u00edfica j\u00e1 produzem trabalhos t\u00e9cnicos e se posicionam no mercado de trabalho como forma de aplica\u00e7\u00e3o direta das pr\u00e1ticas. Estudantes produzem trabalhos de conclus\u00e3o de curso relacionados \u00e0 pesquisa sobre conserva\u00e7\u00e3o da biodiversidade do bioma Pampa, produ\u00e7\u00e3o de material did\u00e1tico e paradid\u00e1tico para ampliar a disponibilidade de recursos ilustrativos de esp\u00e9cies do bioma Pampa e para promover o conhecimento sobre o Pampa atrav\u00e9s de a\u00e7\u00f5es de extens\u00e3o.<\/p>\n<p>&nbsp;<\/p>\n<p><strong>Ilustre Pampa<\/strong><\/p>\n<p>Exposi\u00e7\u00e3o de ilustra\u00e7\u00f5es da biodiversidade do Pampa<\/p>\n<p>O concurso Ilustre Pampa tem como objetivo promover o conhecimento sobre a biodiversidade do bioma Pampa atrav\u00e9s da sele\u00e7\u00e3o<br \/>\nde ilustra\u00e7\u00f5es de esp\u00e9cies nativas do bioma. Ao mesmo tempo, o concurso tem o objetivo de promover a pr\u00e1tica da ilustra\u00e7\u00e3o cient\u00edfica e a documenta\u00e7\u00e3o da biodiversidade do Pampa, al\u00e9m de incentivar o debate e a reflex\u00e3o da comunidade para a necessidade de conhecer e conservar os recursos naturais.<\/p>\n<p>Arte e Ci\u00eancia caminham juntas unindo criatividade e precis\u00e3o em uma \u00fanica forma de comunica\u00e7\u00e3o: a Ilustra\u00e7\u00e3o Cient\u00edfica. Mais do que uma t\u00e9cnica, ela \u00e9 a fus\u00e3o entre o rigor da ci\u00eancia e a sensibilidade da arte, capaz de revelar detalhes invis\u00edveis a olhos desatentos. Desde as grandes expedi\u00e7\u00f5es naturalistas pelo Novo Mundo, onde ilustradores retratavam a exuber\u00e2ncia da biodiversidade, at\u00e9 os dias atuais, a ilustra\u00e7\u00e3o cient\u00edfica permanece como uma ferramenta essencial para a divulga\u00e7\u00e3o e o ensino da ci\u00eancia. Em um mundo dominado por fotografias e m\u00eddias digitais, a ilustra\u00e7\u00e3o cient\u00edfica se destaca pela capacidade de detalhar nuances e simplificar conceitos complexos, tornando-os acess\u00edveis e atraentes para o p\u00fablico. Seja em peri\u00f3dicos cient\u00edficos, salas de aula ou projetos de extens\u00e3o, as ilustra\u00e7\u00f5es n\u00e3o apenas complementam o texto, mas tamb\u00e9m cativam e educam, sensibilizando para temas urgentes, como a preserva\u00e7\u00e3o da biodiversidade. Esta exposi\u00e7\u00e3o celebra a arte que transforma dados em imagens, ci\u00eancia em beleza, e conhecimento em inspira\u00e7\u00e3o. Bem-vindos ao universo da Ilustra\u00e7\u00e3o Cient\u00edfica, onde cada tra\u00e7o \u00e9 um convite \u00e0 descoberta.<\/p>\n<p>&nbsp;<\/p>\n<p>&nbsp;<\/p>\n<p><img class=\"aligncenter size-medium wp-image-344\" src=\"https:\/\/wp.ufpel.edu.br\/igancilab\/files\/2024\/06\/Foto_2023-10-16_094427-400x288.png\" alt=\"\" width=\"400\" height=\"288\" srcset=\"https:\/\/wp.ufpel.edu.br\/igancilab\/files\/2024\/06\/Foto_2023-10-16_094427-400x288.png 400w, https:\/\/wp.ufpel.edu.br\/igancilab\/files\/2024\/06\/Foto_2023-10-16_094427-1024x737.png 1024w, https:\/\/wp.ufpel.edu.br\/igancilab\/files\/2024\/06\/Foto_2023-10-16_094427-768x553.png 768w, https:\/\/wp.ufpel.edu.br\/igancilab\/files\/2024\/06\/Foto_2023-10-16_094427-1536x1105.png 1536w, https:\/\/wp.ufpel.edu.br\/igancilab\/files\/2024\/06\/Foto_2023-10-16_094427-2048x1473.png 2048w\" sizes=\"(max-width: 400px) 100vw, 400px\" \/><\/p>\n<p>&nbsp;<\/p>\n<p>&nbsp;<\/p>\n<p>&nbsp;<\/p>\n","protected":false},"excerpt":{"rendered":"<p>Produzir ilustra\u00e7\u00f5es cient\u00edficas exige mais do que talento art\u00edstico; demanda um profundo entendimento cient\u00edfico e habilidades de comunica\u00e7\u00e3o visual, \u00e1reas que ainda carecem de forma\u00e7\u00e3o especializada. \u00c9 nesse contexto que o N\u00facleo de Ilustra\u00e7\u00e3o Cient\u00edfica da Universidade Federal de Pelotas surge, em 2022, como um espa\u00e7o dedicado \u00e0 forma\u00e7\u00e3o de ilustradores qualificados, oferecendo cursos e [&hellip;]<\/p>\n","protected":false},"author":1002,"featured_media":0,"parent":0,"menu_order":4,"comment_status":"closed","ping_status":"closed","template":"","meta":{"footnotes":""},"class_list":["post-28","page","type-page","status-publish","hentry"],"_links":{"self":[{"href":"https:\/\/wp.ufpel.edu.br\/igancilab\/wp-json\/wp\/v2\/pages\/28","targetHints":{"allow":["GET"]}}],"collection":[{"href":"https:\/\/wp.ufpel.edu.br\/igancilab\/wp-json\/wp\/v2\/pages"}],"about":[{"href":"https:\/\/wp.ufpel.edu.br\/igancilab\/wp-json\/wp\/v2\/types\/page"}],"author":[{"embeddable":true,"href":"https:\/\/wp.ufpel.edu.br\/igancilab\/wp-json\/wp\/v2\/users\/1002"}],"replies":[{"embeddable":true,"href":"https:\/\/wp.ufpel.edu.br\/igancilab\/wp-json\/wp\/v2\/comments?post=28"}],"version-history":[{"count":3,"href":"https:\/\/wp.ufpel.edu.br\/igancilab\/wp-json\/wp\/v2\/pages\/28\/revisions"}],"predecessor-version":[{"id":360,"href":"https:\/\/wp.ufpel.edu.br\/igancilab\/wp-json\/wp\/v2\/pages\/28\/revisions\/360"}],"wp:attachment":[{"href":"https:\/\/wp.ufpel.edu.br\/igancilab\/wp-json\/wp\/v2\/media?parent=28"}],"curies":[{"name":"wp","href":"https:\/\/api.w.org\/{rel}","templated":true}]}}