{"id":4753,"date":"2024-06-24T16:53:37","date_gmt":"2024-06-24T19:53:37","guid":{"rendered":"https:\/\/wp.ufpel.edu.br\/ifm\/?page_id=4753"},"modified":"2024-06-24T17:20:45","modified_gmt":"2024-06-24T20:20:45","slug":"servidores","status":"publish","type":"page","link":"https:\/\/wp.ufpel.edu.br\/ifm\/servidores\/","title":{"rendered":"QUADRO DE SERVIDORES"},"content":{"rendered":"<p>Portaria de Pessoal PROGEP n.\u00ba 684\/UFPel, de 29 de fevereiro de 2024 (<a href=\"https:\/\/wp.ufpel.edu.br\/ifm\/files\/2024\/06\/ppes-PROGEP-24-684-240229.pdf\" target=\"_blank\" rel=\"noopener\">aqui<\/a>) &#8211; Localiza\u00e7\u00e3o de Exerc\u00edcio do(s) servidor(es) que n\u00e3o possuem designa\u00e7\u00e3o para Fun\u00e7\u00e3o Gratificada ou Cargo de Dire\u00e7\u00e3o, lotados no IFM.<\/p>\n<p>Lista de Servidores lotados no IFM &#8211; Portal Institucional da UFPel (<a href=\"https:\/\/wp.ufpel.edu.br\/ifm\/files\/2024\/06\/ppes-PROGEP-24-684-240229.pdf\" target=\"_blank\" rel=\"noopener\">aqui<\/a>)<\/p>\n","protected":false},"excerpt":{"rendered":"<p>Portaria de Pessoal PROGEP n.\u00ba 684\/UFPel, de 29 de fevereiro de 2024 (aqui) &#8211; Localiza\u00e7\u00e3o de Exerc\u00edcio do(s) servidor(es) que n\u00e3o possuem designa\u00e7\u00e3o para Fun\u00e7\u00e3o Gratificada ou Cargo de Dire\u00e7\u00e3o, lotados no IFM. Lista de Servidores lotados no IFM &#8211; Portal Institucional da UFPel (aqui)<\/p>\n","protected":false},"author":366,"featured_media":0,"parent":0,"menu_order":0,"comment_status":"closed","ping_status":"closed","template":"","meta":{"jetpack_post_was_ever_published":false,"footnotes":""},"class_list":["post-4753","page","type-page","status-publish","hentry"],"jetpack_sharing_enabled":true,"jetpack_shortlink":"https:\/\/wp.me\/P6RZ9W-1eF","jetpack_likes_enabled":true,"_links":{"self":[{"href":"https:\/\/wp.ufpel.edu.br\/ifm\/wp-json\/wp\/v2\/pages\/4753","targetHints":{"allow":["GET"]}}],"collection":[{"href":"https:\/\/wp.ufpel.edu.br\/ifm\/wp-json\/wp\/v2\/pages"}],"about":[{"href":"https:\/\/wp.ufpel.edu.br\/ifm\/wp-json\/wp\/v2\/types\/page"}],"author":[{"embeddable":true,"href":"https:\/\/wp.ufpel.edu.br\/ifm\/wp-json\/wp\/v2\/users\/366"}],"replies":[{"embeddable":true,"href":"https:\/\/wp.ufpel.edu.br\/ifm\/wp-json\/wp\/v2\/comments?post=4753"}],"version-history":[{"count":7,"href":"https:\/\/wp.ufpel.edu.br\/ifm\/wp-json\/wp\/v2\/pages\/4753\/revisions"}],"predecessor-version":[{"id":4762,"href":"https:\/\/wp.ufpel.edu.br\/ifm\/wp-json\/wp\/v2\/pages\/4753\/revisions\/4762"}],"wp:attachment":[{"href":"https:\/\/wp.ufpel.edu.br\/ifm\/wp-json\/wp\/v2\/media?parent=4753"}],"curies":[{"name":"wp","href":"https:\/\/api.w.org\/{rel}","templated":true}]}}