{"id":4667,"date":"2024-03-04T11:18:17","date_gmt":"2024-03-04T14:18:17","guid":{"rendered":"https:\/\/wp.ufpel.edu.br\/ifm\/?page_id=4667"},"modified":"2024-03-14T14:23:37","modified_gmt":"2024-03-14T17:23:37","slug":"publicar-noticiais-instagram","status":"publish","type":"page","link":"https:\/\/wp.ufpel.edu.br\/ifm\/publicar-noticiais-instagram\/","title":{"rendered":"PUBLICAR NOT\u00cdCIAIS NO INSTAGRAM DO IFM"},"content":{"rendered":"<p>Perfil do IFM no Instagram (<a href=\"https:\/\/www.instagram.com\/ifmufpel\/\" target=\"_blank\" rel=\"noopener\">aqui<\/a>).<\/p>\n<p><span style=\"color: #ff0000;\">Tenha aten\u00e7\u00e3o ao preencher os campos abaixo, pois estas informa\u00e7\u00f5es ser\u00e3o, posteriormente, utilizadas para elaborar a postagem.<\/span><\/p>\n\n<div class=\"wpcf7 no-js\" id=\"wpcf7-f4677-o1\" lang=\"pt-BR\" dir=\"ltr\" data-wpcf7-id=\"4677\">\n<div class=\"screen-reader-response\"><p role=\"status\" aria-live=\"polite\" aria-atomic=\"true\"><\/p> <ul><\/ul><\/div>\n<form action=\"\/ifm\/wp-json\/wp\/v2\/pages\/4667#wpcf7-f4677-o1\" method=\"post\" class=\"wpcf7-form init\" aria-label=\"Formul\u00e1rios de contato\" enctype=\"multipart\/form-data\" novalidate=\"novalidate\" data-status=\"init\">\n<fieldset class=\"hidden-fields-container\"><input type=\"hidden\" name=\"_wpcf7\" value=\"4677\" \/><input type=\"hidden\" name=\"_wpcf7_version\" value=\"6.1.4\" \/><input type=\"hidden\" name=\"_wpcf7_locale\" value=\"pt_BR\" \/><input type=\"hidden\" name=\"_wpcf7_unit_tag\" value=\"wpcf7-f4677-o1\" \/><input type=\"hidden\" name=\"_wpcf7_container_post\" value=\"0\" \/><input type=\"hidden\" name=\"_wpcf7_posted_data_hash\" value=\"\" \/><input type=\"hidden\" name=\"_wpcf7cf_hidden_group_fields\" value=\"[]\" \/><input type=\"hidden\" name=\"_wpcf7cf_hidden_groups\" value=\"[]\" \/><input type=\"hidden\" name=\"_wpcf7cf_visible_groups\" value=\"[]\" \/><input type=\"hidden\" name=\"_wpcf7cf_repeaters\" value=\"[]\" \/><input type=\"hidden\" name=\"_wpcf7cf_steps\" value=\"{}\" \/><input type=\"hidden\" name=\"_wpcf7cf_options\" value=\"{&quot;form_id&quot;:4677,&quot;conditions&quot;:[{&quot;then_field&quot;:&quot;grupo1&quot;,&quot;and_rules&quot;:[{&quot;if_field&quot;:&quot;vinculo&quot;,&quot;operator&quot;:&quot;equals&quot;,&quot;if_value&quot;:&quot;Discente&quot;}]},{&quot;then_field&quot;:&quot;grupo2&quot;,&quot;and_rules&quot;:[{&quot;if_field&quot;:&quot;vinculo&quot;,&quot;operator&quot;:&quot;equals&quot;,&quot;if_value&quot;:&quot;Docente&quot;}]},{&quot;then_field&quot;:&quot;grupo2&quot;,&quot;and_rules&quot;:[{&quot;if_field&quot;:&quot;vinculo&quot;,&quot;operator&quot;:&quot;equals&quot;,&quot;if_value&quot;:&quot;T\\u00e9cnico&quot;}]},{&quot;then_field&quot;:&quot;grupo3&quot;,&quot;and_rules&quot;:[{&quot;if_field&quot;:&quot;vinculo&quot;,&quot;operator&quot;:&quot;equals&quot;,&quot;if_value&quot;:&quot;Nenhum&quot;}]},{&quot;then_field&quot;:&quot;grupo4&quot;,&quot;and_rules&quot;:[{&quot;if_field&quot;:&quot;ad_local&quot;,&quot;operator&quot;:&quot;equals&quot;,&quot;if_value&quot;:&quot;Sim&quot;}]},{&quot;then_field&quot;:&quot;grupo5&quot;,&quot;and_rules&quot;:[{&quot;if_field&quot;:&quot;ad_colabs&quot;,&quot;operator&quot;:&quot;equals&quot;,&quot;if_value&quot;:&quot;Sim&quot;}]}],&quot;settings&quot;:{&quot;animation&quot;:&quot;yes&quot;,&quot;animation_intime&quot;:200,&quot;animation_outtime&quot;:200,&quot;conditions_ui&quot;:&quot;normal&quot;,&quot;notice_dismissed&quot;:false}}\" \/>\n<\/fieldset>\n<p><label> 1. Quem ser\u00e1 o(a) respons\u00e1vel - autor(a) - por esta publica\u00e7\u00e3o?<br \/>\n<span class=\"wpcf7-form-control-wrap\" data-name=\"nome\"><input size=\"40\" maxlength=\"400\" class=\"wpcf7-form-control wpcf7-text wpcf7-validates-as-required\" aria-required=\"true\" aria-invalid=\"false\" placeholder=\"Nome completo\" value=\"\" type=\"text\" name=\"nome\" \/><\/span> <\/label>\n<\/p>\n<p><label> 2. Qual o e-mail de contato do(a) respons\u00e1vel?<br \/>\n<span class=\"wpcf7-form-control-wrap\" data-name=\"email\"><input size=\"40\" maxlength=\"400\" class=\"wpcf7-form-control wpcf7-email wpcf7-validates-as-required wpcf7-text wpcf7-validates-as-email\" aria-required=\"true\" aria-invalid=\"false\" value=\"\" type=\"email\" name=\"email\" \/><\/span> <\/label>\n<\/p>\n<p><label> 3. Qual o telefone de contato do(a) respons\u00e1vel?<br \/>\n<span class=\"wpcf7-form-control-wrap\" data-name=\"fone\"><input size=\"40\" maxlength=\"400\" class=\"wpcf7-form-control wpcf7-tel wpcf7-validates-as-required wpcf7-text wpcf7-validates-as-tel\" aria-required=\"true\" aria-invalid=\"false\" placeholder=\"Formato (XX) 9XXXX-XXXX\" value=\"\" type=\"tel\" name=\"fone\" \/><\/span> <\/label>\n<\/p>\n<p><label> 4. Qual o v\u00ednculo do(a) respons\u00e1vel com a UFPel?<br \/>\n<span class=\"wpcf7-form-control-wrap\" data-name=\"vinculo\"><select class=\"wpcf7-form-control wpcf7-select wpcf7-validates-as-required\" aria-required=\"true\" aria-invalid=\"false\" name=\"vinculo\"><option value=\"\">&#8212;Escolha uma op\u00e7\u00e3o&#8212;<\/option><option value=\"Discente\">Discente<\/option><option value=\"Docente\">Docente<\/option><option value=\"T\u00e9cnico\">T\u00e9cnico<\/option><option value=\"Nenhum\">Nenhum<\/option><\/select><\/span> <\/label>\n<\/p>\n<div data-id=\"grupo1\" data-orig_data_id=\"grupo1\"  class=\"\" data-class=\"wpcf7cf_group\">\n\t<p><label> 4.1. Nome do curso:<br \/>\n<span class=\"wpcf7-form-control-wrap\" data-name=\"curso\"><input size=\"40\" maxlength=\"400\" class=\"wpcf7-form-control wpcf7-text wpcf7-validates-as-required\" aria-required=\"true\" aria-invalid=\"false\" placeholder=\"Sem abrevia\u00e7\u00f5es\" value=\"\" type=\"text\" name=\"curso\" \/><\/span> <\/label>\n\t<\/p>\n\t<p><label> 4.2. N.\u00ba de matr\u00edcula:<br \/>\n<span class=\"wpcf7-form-control-wrap\" data-name=\"matricula\"><input size=\"40\" maxlength=\"400\" class=\"wpcf7-form-control wpcf7-text wpcf7-validates-as-required\" aria-required=\"true\" aria-invalid=\"false\" value=\"\" type=\"text\" name=\"matricula\" \/><\/span> <\/label>\n\t<\/p>\n<\/div>\n<div data-id=\"grupo2\" data-orig_data_id=\"grupo2\"  class=\"\" data-class=\"wpcf7cf_group\">\n\t<p><label> 4.1. Lota\u00e7\u00e3o:<br \/>\n<span class=\"wpcf7-form-control-wrap\" data-name=\"lotacao\"><input size=\"40\" maxlength=\"400\" class=\"wpcf7-form-control wpcf7-text wpcf7-validates-as-required\" aria-required=\"true\" aria-invalid=\"false\" placeholder=\"Unidade Acad\u00eamica \/ Departamento\" value=\"\" type=\"text\" name=\"lotacao\" \/><\/span> <\/label>\n\t<\/p>\n\t<p><label> 4.2. N.\u00ba SIAPE:<br \/>\n<span class=\"wpcf7-form-control-wrap\" data-name=\"siape\"><input size=\"40\" maxlength=\"400\" class=\"wpcf7-form-control wpcf7-text wpcf7-validates-as-required\" aria-required=\"true\" aria-invalid=\"false\" value=\"\" type=\"text\" name=\"siape\" \/><\/span> <\/label>\n\t<\/p>\n<\/div>\n<div data-id=\"grupo3\" data-orig_data_id=\"grupo3\"  class=\"\" data-class=\"wpcf7cf_group\">\n\t<p><label> 4.1. Institui\u00e7\u00e3o de origem:<br \/>\n<span class=\"wpcf7-form-control-wrap\" data-name=\"instituicao\"><input size=\"40\" maxlength=\"400\" class=\"wpcf7-form-control wpcf7-text wpcf7-validates-as-required\" aria-required=\"true\" aria-invalid=\"false\" placeholder=\"Sem abrevia\u00e7\u00f5es\" value=\"\" type=\"text\" name=\"instituicao\" \/><\/span> <\/label>\n\t<\/p>\n\t<p><label> 4.2. CPF:<br \/>\n<span class=\"wpcf7-form-control-wrap\" data-name=\"cpf\"><input size=\"40\" maxlength=\"400\" class=\"wpcf7-form-control wpcf7-text wpcf7-validates-as-required\" aria-required=\"true\" aria-invalid=\"false\" placeholder=\"Formato XXX.XXX.XXX-XX\" value=\"\" type=\"text\" name=\"cpf\" \/><\/span> <\/label>\n\t<\/p>\n<\/div>\n<p><label> 5. Qual(is) arquivo(s) voc\u00ea gostaria de inserir nesta publica\u00e7\u00e3o?<br \/>\n<span class=\"wpcf7-form-control-wrap\" data-name=\"arquivos\"><input size=\"40\" class=\"wpcf7-form-control wpcf7-file wpcf7-validates-as-required\" accept=\"image\/*,application\/zip,application\/rar\" aria-required=\"true\" aria-invalid=\"false\" type=\"file\" name=\"arquivos\" \/><\/span> <\/label>\n<\/p>\n<p><label> Voc\u00ea pode inserir imagens (extens\u00f5es: JPG ou GIF) ou v\u00eddeos (extens\u00f5es: MP4 ou MOV). Mas utilize uma pasta compactada (extens\u00f5es: ZIP ou RAR) para enviar dois ou mais arquivos (Limite: 24 MB). <\/label>\n<\/p>\n<p><label> 6. Qual legenda voc\u00ea gostaria de adicionar nesta publica\u00e7\u00e3o?<br \/>\n<span class=\"wpcf7-form-control-wrap\" data-name=\"legenda\"><textarea cols=\"40\" rows=\"10\" maxlength=\"2000\" class=\"wpcf7-form-control wpcf7-textarea wpcf7-validates-as-required\" aria-required=\"true\" aria-invalid=\"false\" placeholder=\"Elabore uma breve descri\u00e7\u00e3o (Limite: 2.000 caracteres).\" name=\"legenda\"><\/textarea><\/span> <\/label>\n<\/p>\n<p><label> 7. Voc\u00ea gostaria de adicionar uma localiza\u00e7\u00e3o?<br \/>\n<span class=\"wpcf7-form-control-wrap\" data-name=\"ad_local\"><select class=\"wpcf7-form-control wpcf7-select wpcf7-validates-as-required\" aria-required=\"true\" aria-invalid=\"false\" name=\"ad_local\"><option value=\"\">&#8212;Escolha uma op\u00e7\u00e3o&#8212;<\/option><option value=\"Sim\">Sim<\/option><option value=\"N\u00e3o\">N\u00e3o<\/option><\/select><\/span> <\/label>\n<\/p>\n<div data-id=\"grupo4\" data-orig_data_id=\"grupo4\"  class=\"\" data-class=\"wpcf7cf_group\">\n\t<p><label> 7.1 Qual localiza\u00e7\u00e3o?<br \/>\n<span class=\"wpcf7-form-control-wrap\" data-name=\"local\"><input size=\"40\" maxlength=\"400\" class=\"wpcf7-form-control wpcf7-text wpcf7-validates-as-required\" aria-required=\"true\" aria-invalid=\"false\" placeholder=\"Informe uma etiqueta do Instagram\" value=\"\" type=\"text\" name=\"local\" \/><\/span> <\/label>\n\t<\/p>\n<\/div>\n<p><label> 8. Voc\u00ea gostaria de convidar colaboradores?<br \/>\n<span class=\"wpcf7-form-control-wrap\" data-name=\"ad_colabs\"><select class=\"wpcf7-form-control wpcf7-select wpcf7-validates-as-required\" aria-required=\"true\" aria-invalid=\"false\" name=\"ad_colabs\"><option value=\"\">&#8212;Escolha uma op\u00e7\u00e3o&#8212;<\/option><option value=\"Sim\">Sim<\/option><option value=\"N\u00e3o\">N\u00e3o<\/option><\/select><\/span> <\/label>\n<\/p>\n<div data-id=\"grupo5\" data-orig_data_id=\"grupo5\"  class=\"\" data-class=\"wpcf7cf_group\">\n\t<p><label> 8.1. Quais colaboradores? (Limite: 5 colaboradores)<br \/>\n<span class=\"wpcf7-form-control-wrap\" data-name=\"colabs\"><textarea cols=\"40\" rows=\"10\" maxlength=\"2000\" class=\"wpcf7-form-control wpcf7-textarea wpcf7-validates-as-required\" aria-required=\"true\" aria-invalid=\"false\" placeholder=\"Utilize v\u00edrgula para separar os nomes de usu\u00e1rio.\" name=\"colabs\"><\/textarea><\/span> <\/label>\n\t<\/p>\n<\/div>\n<p>Ao \"Enviar\" este formul\u00e1rio (bot\u00e3o abaixo), o(a) respons\u00e1vel pela publica\u00e7\u00e3o receber\u00e1 uma c\u00f3pia deste requerimento em seu e-mail de contato. Caso contr\u00e1rio, tente novamente ap\u00f3s 30 minutos!\n<\/p>\n<p><input class=\"wpcf7-form-control wpcf7-submit has-spinner\" type=\"submit\" value=\"Enviar\" \/>\n<\/p><p style=\"display: none !important;\" class=\"akismet-fields-container\" data-prefix=\"_wpcf7_ak_\"><label>&#916;<textarea name=\"_wpcf7_ak_hp_textarea\" cols=\"45\" rows=\"8\" maxlength=\"100\"><\/textarea><\/label><input type=\"hidden\" id=\"ak_js_1\" name=\"_wpcf7_ak_js\" value=\"212\"\/><script>document.getElementById( \"ak_js_1\" ).setAttribute( \"value\", ( new Date() ).getTime() );<\/script><\/p><div class=\"wpcf7-response-output\" aria-hidden=\"true\"><\/div>\n<\/form>\n<\/div>\n\n<p>&nbsp;<\/p>\n","protected":false},"excerpt":{"rendered":"<p>Perfil do IFM no Instagram (aqui). Tenha aten\u00e7\u00e3o ao preencher os campos abaixo, pois estas informa\u00e7\u00f5es ser\u00e3o, posteriormente, utilizadas para elaborar a postagem. &nbsp;<\/p>\n","protected":false},"author":366,"featured_media":0,"parent":0,"menu_order":0,"comment_status":"closed","ping_status":"closed","template":"","meta":{"jetpack_post_was_ever_published":true,"footnotes":""},"class_list":["post-4667","page","type-page","status-publish","hentry"],"jetpack_sharing_enabled":true,"jetpack_shortlink":"https:\/\/wp.me\/P6RZ9W-1dh","jetpack_likes_enabled":true,"_links":{"self":[{"href":"https:\/\/wp.ufpel.edu.br\/ifm\/wp-json\/wp\/v2\/pages\/4667","targetHints":{"allow":["GET"]}}],"collection":[{"href":"https:\/\/wp.ufpel.edu.br\/ifm\/wp-json\/wp\/v2\/pages"}],"about":[{"href":"https:\/\/wp.ufpel.edu.br\/ifm\/wp-json\/wp\/v2\/types\/page"}],"author":[{"embeddable":true,"href":"https:\/\/wp.ufpel.edu.br\/ifm\/wp-json\/wp\/v2\/users\/366"}],"replies":[{"embeddable":true,"href":"https:\/\/wp.ufpel.edu.br\/ifm\/wp-json\/wp\/v2\/comments?post=4667"}],"version-history":[{"count":6,"href":"https:\/\/wp.ufpel.edu.br\/ifm\/wp-json\/wp\/v2\/pages\/4667\/revisions"}],"predecessor-version":[{"id":4670,"href":"https:\/\/wp.ufpel.edu.br\/ifm\/wp-json\/wp\/v2\/pages\/4667\/revisions\/4670"}],"wp:attachment":[{"href":"https:\/\/wp.ufpel.edu.br\/ifm\/wp-json\/wp\/v2\/media?parent=4667"}],"curies":[{"name":"wp","href":"https:\/\/api.w.org\/{rel}","templated":true}]}}