{"id":4281,"date":"2022-11-23T15:21:26","date_gmt":"2022-11-23T18:21:26","guid":{"rendered":"https:\/\/wp.ufpel.edu.br\/ifm\/?page_id=4281"},"modified":"2026-02-19T16:01:55","modified_gmt":"2026-02-19T19:01:55","slug":"resolucoes","status":"publish","type":"page","link":"https:\/\/wp.ufpel.edu.br\/ifm\/resolucoes\/","title":{"rendered":"RESOLU\u00c7\u00d5ES"},"content":{"rendered":"<h2>2026<\/h2>\n<p><a href=\"https:\/\/wp.ufpel.edu.br\/ifm\/files\/2026\/02\/SEI_3593554_Resolucao_01_2026.pdf\" target=\"_blank\" rel=\"noopener\">Resolu\u00e7\u00e3o n.\u00ba 01\/2026<\/a>, de 19 de fevereiro de 2026: disp\u00f5e sobre a estrutura e os procedimentos para escolha e mandato dos representantes do IFM junto ao Conselho Departamental do IFM;<\/p>\n<h2 style=\"text-align: left;\">2024<\/h2>\n<p><a href=\"https:\/\/wp.ufpel.edu.br\/ifm\/files\/2024\/11\/res-IFM-24-02-241107.pdf\" target=\"_blank\" rel=\"noopener\">Resolu\u00e7\u00e3o n.\u00ba 02\/2024<\/a>, de 7 de novembro de 2024: disp\u00f5e sobre o procedimento interno para a solicita\u00e7\u00e3o, altera\u00e7\u00e3o e interrup\u00e7\u00e3o de f\u00e9rias no Instituto de F\u00edsica e Matem\u00e1tica;<\/p>\n<p><a href=\"https:\/\/wp.ufpel.edu.br\/ifm\/files\/2024\/03\/res-IFM-24-01-240311.pdf\" target=\"_blank\" rel=\"noopener\">Resolu\u00e7\u00e3o n.\u00ba 01\/2024<\/a>, de 11 de mar\u00e7o de 2024: disp\u00f5e sobre os prazos e procedimentos para o envio de pedidos de afastamentos no \u00e2mbito do Instituto de F\u00edsica e Matem\u00e1tica.<\/p>\n<h2 style=\"text-align: left;\">2023<\/h2>\n<p><a href=\"https:\/\/wp.ufpel.edu.br\/ifm\/files\/2023\/05\/res-IFM-23-03-230425.pdf\" target=\"_blank\" rel=\"noopener\">Resolu\u00e7\u00e3o n.\u00ba 03\/2023<\/a>, de 25 de abril de 2023: disp\u00f5e sobre o Programa de Gest\u00e3o de Desempenho nas modalidades presencial e teletrabalho parcial no \u00e2mbito do Instituto de F\u00edsica e Matem\u00e1tica;<\/p>\n<p><a href=\"https:\/\/wp.ufpel.edu.br\/ifm\/files\/2023\/03\/res-IFM-23-02-230313.pdf\" target=\"_blank\" rel=\"noopener\">Resolu\u00e7\u00e3o n.\u00ba 02\/2023<\/a>, de 13 de mar\u00e7o de 2023: disp\u00f5e sobre o procedimento interno de cadastro de cria\u00e7\u00e3o, altera\u00e7\u00e3o, prorroga\u00e7\u00e3o, renova\u00e7\u00e3o, relat\u00f3rio final e relat\u00f3rio parcial de projetos no \u00e2mbito do Instituto de F\u00edsica e Matem\u00e1tica;<\/p>\n<p><a href=\"https:\/\/wp.ufpel.edu.br\/ifm\/files\/2023\/03\/res-IFM-23-01-230313.pdf\" target=\"_blank\" rel=\"noopener\">Resolu\u00e7\u00e3o n.\u00ba 01\/2023<\/a>, de 13 de mar\u00e7o de 2023: procedimento interno para a solicita\u00e7\u00e3o, altera\u00e7\u00e3o e interrup\u00e7\u00e3o de f\u00e9rias no Instituto de F\u00edsica e Matem\u00e1tica.<\/p>\n<h2 style=\"text-align: left;\">2022<\/h2>\n<p><a href=\"https:\/\/wp.ufpel.edu.br\/ifm\/files\/2022\/11\/res-IFM-22-02-221123.pdf\" target=\"_blank\" rel=\"noopener\">Resolu\u00e7\u00e3o n.\u00ba 02\/2022<\/a>, de 23 de novembro de 2022: regulamentar a cria\u00e7\u00e3o de um programa de extens\u00e3o institucional com o prop\u00f3sito de viabilizar a integraliza\u00e7\u00e3o da extens\u00e3o no \u00e2mbito dos cursos do Instituto de F\u00edsica e Matem\u00e1tica;<\/p>\n<p><del><a href=\"https:\/\/wp.ufpel.edu.br\/ifm\/files\/2022\/11\/res-IFM-22-01-221123.pdf\" target=\"_blank\" rel=\"noopener\">Resolu\u00e7\u00e3o n.\u00ba 01\/2022<\/a>, de 23 de novembro de 2022: procedimento interno para a solicita\u00e7\u00e3o, altera\u00e7\u00e3o e interrup\u00e7\u00e3o de f\u00e9rias no Instituto de F\u00edsica e Matem\u00e1tica<\/del> (alterada pela Resolu\u00e7\u00e3o n.\u00ba 01\/2023).<\/p>\n<p>&nbsp;<\/p>\n","protected":false},"excerpt":{"rendered":"<p>2026 Resolu\u00e7\u00e3o n.\u00ba 01\/2026, de 19 de fevereiro de 2026: disp\u00f5e sobre a estrutura e os procedimentos para escolha e mandato dos representantes do IFM junto ao Conselho Departamental do IFM; 2024 Resolu\u00e7\u00e3o n.\u00ba 02\/2024, de 7 de novembro de 2024: disp\u00f5e sobre o procedimento interno para a solicita\u00e7\u00e3o, altera\u00e7\u00e3o e interrup\u00e7\u00e3o de f\u00e9rias no [&hellip;]<\/p>\n","protected":false},"author":366,"featured_media":0,"parent":0,"menu_order":0,"comment_status":"closed","ping_status":"closed","template":"","meta":{"jetpack_post_was_ever_published":false,"footnotes":""},"class_list":["post-4281","page","type-page","status-publish","hentry"],"jetpack_sharing_enabled":true,"jetpack_shortlink":"https:\/\/wp.me\/P6RZ9W-173","jetpack_likes_enabled":true,"_links":{"self":[{"href":"https:\/\/wp.ufpel.edu.br\/ifm\/wp-json\/wp\/v2\/pages\/4281","targetHints":{"allow":["GET"]}}],"collection":[{"href":"https:\/\/wp.ufpel.edu.br\/ifm\/wp-json\/wp\/v2\/pages"}],"about":[{"href":"https:\/\/wp.ufpel.edu.br\/ifm\/wp-json\/wp\/v2\/types\/page"}],"author":[{"embeddable":true,"href":"https:\/\/wp.ufpel.edu.br\/ifm\/wp-json\/wp\/v2\/users\/366"}],"replies":[{"embeddable":true,"href":"https:\/\/wp.ufpel.edu.br\/ifm\/wp-json\/wp\/v2\/comments?post=4281"}],"version-history":[{"count":3,"href":"https:\/\/wp.ufpel.edu.br\/ifm\/wp-json\/wp\/v2\/pages\/4281\/revisions"}],"predecessor-version":[{"id":4999,"href":"https:\/\/wp.ufpel.edu.br\/ifm\/wp-json\/wp\/v2\/pages\/4281\/revisions\/4999"}],"wp:attachment":[{"href":"https:\/\/wp.ufpel.edu.br\/ifm\/wp-json\/wp\/v2\/media?parent=4281"}],"curies":[{"name":"wp","href":"https:\/\/api.w.org\/{rel}","templated":true}]}}