{"id":4007,"date":"2022-06-08T12:05:07","date_gmt":"2022-06-08T15:05:07","guid":{"rendered":"https:\/\/wp.ufpel.edu.br\/ifm\/?page_id=4007"},"modified":"2023-01-25T15:57:11","modified_gmt":"2023-01-25T18:57:11","slug":"campus-capao-do-leao-predio-16","status":"publish","type":"page","link":"https:\/\/wp.ufpel.edu.br\/ifm\/agendar-sala\/campus-capao-do-leao-predio-16\/","title":{"rendered":"CAMPUS CAP\u00c3O DO LE\u00c3O \u2013 PR\u00c9DIO 16"},"content":{"rendered":"<h4>Sala 109. Miniaudit\u00f3rio do Programa de P\u00f3s-Gradua\u00e7\u00e3o em F\u00edsica, IFM.<\/h4>\n<p><strong>Capacidade:<\/strong> 30<\/p>\n<p><strong>Recursos:<\/strong> assentos em longarina c\/ prancheta, lousa branca de vidro temperado (grande), lousa branca de f\u00f3rmica (grande), desktop (CPU, teclado e mouse), tela de proje\u00e7\u00e3o retr\u00e1til (fixa) e projetor multim\u00eddia.<\/p>\n\n<!-- iframe plugin v.6.0 wordpress.org\/plugins\/iframe\/ -->\n<iframe src=\"https:\/\/calendar.google.com\/calendar\/embed?src=vki53luf2ed4bgedjvbjnfur98%40group.calendar.google.com&#038;ctz=America%2FSao_Paulo&#038;showPrint=0&#038;mode=WEEK\" style=\"border: 0\" width=\"100%\" height=\"500\" frameborder=\"0\" scrolling=\"no\" class=\"iframe-class\"><\/iframe>\n\n<h4>Sala 110<\/h4>\n<p><strong>Capacidade:<\/strong> 70<\/p>\n<p><strong>Recursos:<\/strong> cadeiras c\/ prancheta, lousa branca de f\u00f3rmica (mediana), lousa branca de vidro temperado (pequena) e tela de proje\u00e7\u00e3o retr\u00e1til (trip\u00e9)<strong>.<\/strong><\/p>\n\n<!-- iframe plugin v.6.0 wordpress.org\/plugins\/iframe\/ -->\n<iframe src=\"https:\/\/calendar.google.com\/calendar\/embed?src=mbg9lhc6mlvpma36jenqnfe1vc%40group.calendar.google.com&#038;ctz=America%2FSao_Paulo&#038;showPrint=0&#038;mode=WEEK\" style=\"border: 0\" width=\"100%\" height=\"500\" frameborder=\"0\" scrolling=\"no\" class=\"iframe-class\"><\/iframe>\n\n<h4>Sala 111. Sala de aula do Programa de P\u00f3s-Gradua\u00e7\u00e3o em Modelagem Matem\u00e1tica, IFM.<\/h4>\n<p><strong>Capacidade:<\/strong> 30<\/p>\n<p><strong>Recursos:<\/strong> cadeiras c\/ prancheta, lousa branca de vidro temperado (grande) e tela de proje\u00e7\u00e3o retr\u00e1til (trip\u00e9).<\/p>\n\n<!-- iframe plugin v.6.0 wordpress.org\/plugins\/iframe\/ -->\n<iframe src=\"https:\/\/calendar.google.com\/calendar\/embed?src=hchmubm555391uhv8599bui228%40group.calendar.google.com&#038;ctz=America%2FSao_Paulo&#038;showPrint=0&#038;mode=WEEK\" style=\"border: 0\" width=\"100%\" height=\"500\" frameborder=\"0\" scrolling=\"no\" class=\"iframe-class\"><\/iframe>\n\n<h4>Sala 113. Laborat\u00f3rio de Novas Tecnologias.<\/h4>\n<p><strong>Capacidade:<\/strong> 20<\/p>\n<p><strong>Recursos:<\/strong> cadeiras, 5 bancadas com 20 desktops (tela, CPU, teclado e mouse), lousa branca de f\u00f3rmica (grande), desktop (CPU, teclado e mouse), lousa digital e projetor multim\u00eddia.<\/p>\n\n<!-- iframe plugin v.6.0 wordpress.org\/plugins\/iframe\/ -->\n<iframe src=\"https:\/\/calendar.google.com\/calendar\/embed?src=169fpng1asmb03krvrllo3g4t0%40group.calendar.google.com&#038;ctz=America%2FSao_Paulo&#038;showPrint=0&#038;mode=WEEK\" style=\"border: 0\" width=\"100%\" height=\"500\" frameborder=\"0\" scrolling=\"no\" class=\"iframe-class\"><\/iframe>\n\n<h4>Sala 114. Sala de Semin\u00e1rios.<\/h4>\n<p><strong>Capacidade:<\/strong> 60<\/p>\n<p><strong>Recursos:<\/strong> cadeiras c\/ prancheta, desktop (tela, CPU, teclado e mouse), lousa branca de vidro temperado (grande), tela de proje\u00e7\u00e3o retr\u00e1til (fixa) e projetor multim\u00eddia.<\/p>\n\n<!-- iframe plugin v.6.0 wordpress.org\/plugins\/iframe\/ -->\n<iframe src=\"https:\/\/calendar.google.com\/calendar\/embed?src=66tt3dd39rrqalfr5lv7f0m8n0%40group.calendar.google.com&#038;ctz=America%2FSao_Paulo&#038;showPrint=0&#038;mode=WEEK\" style=\"border: 0\" width=\"100%\" height=\"500\" frameborder=\"0\" scrolling=\"no\" class=\"iframe-class\"><\/iframe>\n\n","protected":false},"excerpt":{"rendered":"<p>Sala 109. Miniaudit\u00f3rio do Programa de P\u00f3s-Gradua\u00e7\u00e3o em F\u00edsica, IFM. Capacidade: 30 Recursos: assentos em longarina c\/ prancheta, lousa branca de vidro temperado (grande), lousa branca de f\u00f3rmica (grande), desktop (CPU, teclado e mouse), tela de proje\u00e7\u00e3o retr\u00e1til (fixa) e projetor multim\u00eddia. Sala 110 Capacidade: 70 Recursos: cadeiras c\/ prancheta, lousa branca de f\u00f3rmica (mediana), [&hellip;]<\/p>\n","protected":false},"author":366,"featured_media":0,"parent":3981,"menu_order":2,"comment_status":"closed","ping_status":"closed","template":"","meta":{"jetpack_post_was_ever_published":false,"footnotes":""},"class_list":["post-4007","page","type-page","status-publish","hentry"],"jetpack_sharing_enabled":true,"jetpack_shortlink":"https:\/\/wp.me\/P6RZ9W-12D","jetpack_likes_enabled":true,"_links":{"self":[{"href":"https:\/\/wp.ufpel.edu.br\/ifm\/wp-json\/wp\/v2\/pages\/4007","targetHints":{"allow":["GET"]}}],"collection":[{"href":"https:\/\/wp.ufpel.edu.br\/ifm\/wp-json\/wp\/v2\/pages"}],"about":[{"href":"https:\/\/wp.ufpel.edu.br\/ifm\/wp-json\/wp\/v2\/types\/page"}],"author":[{"embeddable":true,"href":"https:\/\/wp.ufpel.edu.br\/ifm\/wp-json\/wp\/v2\/users\/366"}],"replies":[{"embeddable":true,"href":"https:\/\/wp.ufpel.edu.br\/ifm\/wp-json\/wp\/v2\/comments?post=4007"}],"version-history":[{"count":11,"href":"https:\/\/wp.ufpel.edu.br\/ifm\/wp-json\/wp\/v2\/pages\/4007\/revisions"}],"predecessor-version":[{"id":4362,"href":"https:\/\/wp.ufpel.edu.br\/ifm\/wp-json\/wp\/v2\/pages\/4007\/revisions\/4362"}],"up":[{"embeddable":true,"href":"https:\/\/wp.ufpel.edu.br\/ifm\/wp-json\/wp\/v2\/pages\/3981"}],"wp:attachment":[{"href":"https:\/\/wp.ufpel.edu.br\/ifm\/wp-json\/wp\/v2\/media?parent=4007"}],"curies":[{"name":"wp","href":"https:\/\/api.w.org\/{rel}","templated":true}]}}