{"id":3981,"date":"2022-06-08T11:54:35","date_gmt":"2022-06-08T14:54:35","guid":{"rendered":"https:\/\/wp.ufpel.edu.br\/ifm\/?page_id=3981"},"modified":"2025-12-09T16:40:26","modified_gmt":"2025-12-09T19:40:26","slug":"agendar-sala","status":"publish","type":"page","link":"https:\/\/wp.ufpel.edu.br\/ifm\/agendar-sala\/","title":{"rendered":"AGENDAMENTO DE SALA"},"content":{"rendered":"<p><span style=\"color: #ff0000;\">Primeiro, consulte a disponibilidade da sala:<\/span><\/p>\n<ul>\n<li><a href=\"https:\/\/wp.ufpel.edu.br\/sccl\/lig\/agendamento-de-sala\/\" target=\"_blank\" rel=\"noopener\">Campus Cap\u00e3o do Le\u00e3o &#8211; LIG-CCL<\/a>: <span style=\"color: #ff0000;\">a gest\u00e3o desse espa\u00e7o passou (08\/12\/25) para a Superintend\u00eancia do campus Cap\u00e3o do Le\u00e3o.<\/span><\/li>\n<li><a href=\"https:\/\/wp.ufpel.edu.br\/ifm\/agendamento-de-sala\/campus-capao-do-leao-predio-5\/\" target=\"_blank\" rel=\"noopener\">Campus Cap\u00e3o do Le\u00e3o &#8211; Pr\u00e9dio 5<\/a>;<\/li>\n<li><a href=\"https:\/\/wp.ufpel.edu.br\/ifm\/agendar-sala\/campus-capao-do-leao-predio-14\/\" target=\"_blank\" rel=\"noopener\">Campus Cap\u00e3o do Le\u00e3o &#8211; Pr\u00e9dio 14<\/a>;<\/li>\n<li><a href=\"https:\/\/wp.ufpel.edu.br\/ifm\/agendamento-de-sala\/campus-capao-do-leao-predio-16\/\" target=\"_blank\" rel=\"noopener\">Campus Cap\u00e3o do Le\u00e3o &#8211; Pr\u00e9dio 16<\/a>.<\/li>\n<\/ul>\n<p><a href=\"https:\/\/wp.ufpel.edu.br\/ifm\/files\/2023\/02\/mapa-CCL-2023.jpeg\"><img class=\"alignleft size-large wp-image-4378\" src=\"https:\/\/wp.ufpel.edu.br\/ifm\/files\/2023\/02\/mapa-CCL-2023-1024x704.jpeg\" alt=\"\" width=\"1024\" height=\"704\" srcset=\"https:\/\/wp.ufpel.edu.br\/ifm\/files\/2023\/02\/mapa-CCL-2023-1024x704.jpeg 1024w, https:\/\/wp.ufpel.edu.br\/ifm\/files\/2023\/02\/mapa-CCL-2023-400x275.jpeg 400w, https:\/\/wp.ufpel.edu.br\/ifm\/files\/2023\/02\/mapa-CCL-2023-768x528.jpeg 768w, https:\/\/wp.ufpel.edu.br\/ifm\/files\/2023\/02\/mapa-CCL-2023-1536x1056.jpeg 1536w, https:\/\/wp.ufpel.edu.br\/ifm\/files\/2023\/02\/mapa-CCL-2023-2048x1409.jpeg 2048w\" sizes=\"(max-width: 1024px) 100vw, 1024px\" \/><\/a><\/p>\n<p>Figura 1 &#8211; Mapa ilustrativo do campus Cap\u00e3o do Le\u00e3o.<\/p>\n<p><span style=\"color: #ff0000;\">Pedimos que qualquer agendamento seja solicitado com, no m\u00ednimo, dois dias \u00fateis de anteced\u00eancia para que possamos confirmar a disponibilidade da sala, em tempo h\u00e1bil.<\/span><\/p>\n<p><span style=\"color: #ff0000;\">Agora,\u00a0 tenha aten\u00e7\u00e3o ao preencher os campos abaixo.<\/span><\/p>\n\n<div class=\"wpcf7 no-js\" id=\"wpcf7-f3980-o1\" lang=\"pt-BR\" dir=\"ltr\" data-wpcf7-id=\"3980\">\n<div class=\"screen-reader-response\"><p role=\"status\" aria-live=\"polite\" aria-atomic=\"true\"><\/p> <ul><\/ul><\/div>\n<form action=\"\/ifm\/wp-json\/wp\/v2\/pages\/3981#wpcf7-f3980-o1\" method=\"post\" class=\"wpcf7-form init\" aria-label=\"Formul\u00e1rios de contato\" novalidate=\"novalidate\" data-status=\"init\">\n<fieldset class=\"hidden-fields-container\"><input type=\"hidden\" name=\"_wpcf7\" value=\"3980\" \/><input type=\"hidden\" name=\"_wpcf7_version\" value=\"6.1.4\" \/><input type=\"hidden\" name=\"_wpcf7_locale\" value=\"pt_BR\" \/><input type=\"hidden\" name=\"_wpcf7_unit_tag\" value=\"wpcf7-f3980-o1\" \/><input type=\"hidden\" name=\"_wpcf7_container_post\" value=\"0\" \/><input type=\"hidden\" name=\"_wpcf7_posted_data_hash\" value=\"\" \/><input type=\"hidden\" name=\"_wpcf7cf_hidden_group_fields\" value=\"[]\" \/><input type=\"hidden\" name=\"_wpcf7cf_hidden_groups\" value=\"[]\" \/><input type=\"hidden\" name=\"_wpcf7cf_visible_groups\" value=\"[]\" \/><input type=\"hidden\" name=\"_wpcf7cf_repeaters\" value=\"[]\" \/><input type=\"hidden\" name=\"_wpcf7cf_steps\" value=\"{}\" \/><input type=\"hidden\" name=\"_wpcf7cf_options\" value=\"{&quot;form_id&quot;:3980,&quot;conditions&quot;:[],&quot;settings&quot;:{&quot;animation&quot;:&quot;yes&quot;,&quot;animation_intime&quot;:200,&quot;animation_outtime&quot;:200,&quot;conditions_ui&quot;:&quot;normal&quot;,&quot;notice_dismissed&quot;:false}}\" \/>\n<\/fieldset>\n<p><label> 1. Quem ser\u00e1 o(a) respons\u00e1vel pelo uso da sala?<br \/>\n<span class=\"wpcf7-form-control-wrap\" data-name=\"nome\"><input size=\"40\" maxlength=\"400\" class=\"wpcf7-form-control wpcf7-text wpcf7-validates-as-required\" aria-required=\"true\" aria-invalid=\"false\" placeholder=\"Nome completo\" value=\"\" type=\"text\" name=\"nome\" \/><\/span> <\/label>\n<\/p>\n<p><label> 2. Qual o v\u00ednculo do(a) respons\u00e1vel com a UFPel?<br \/>\n<span class=\"wpcf7-form-control-wrap\" data-name=\"vinculo\"><select class=\"wpcf7-form-control wpcf7-select wpcf7-validates-as-required\" aria-required=\"true\" aria-invalid=\"false\" name=\"vinculo\"><option value=\"\">&#8212;Escolha uma op\u00e7\u00e3o&#8212;<\/option><option value=\"Docente\">Docente<\/option><option value=\"T\u00e9cnico\">T\u00e9cnico<\/option><\/select><\/span> <\/label>\n<\/p>\n<p><label> 3. Qual a lota\u00e7\u00e3o do(a) respons\u00e1vel?<br \/>\n<span class=\"wpcf7-form-control-wrap\" data-name=\"lotacao\"><input size=\"40\" maxlength=\"400\" class=\"wpcf7-form-control wpcf7-text wpcf7-validates-as-required\" aria-required=\"true\" aria-invalid=\"false\" placeholder=\"Unidade Acad\u00eamica \/ Departamento\" value=\"\" type=\"text\" name=\"lotacao\" \/><\/span> <\/label>\n<\/p>\n<p><label> 4. Qual o n\u00famero SIAPE do(a) respons\u00e1vel?<br \/>\n<span class=\"wpcf7-form-control-wrap\" data-name=\"siape\"><input size=\"40\" maxlength=\"400\" class=\"wpcf7-form-control wpcf7-text wpcf7-validates-as-required\" aria-required=\"true\" aria-invalid=\"false\" value=\"\" type=\"text\" name=\"siape\" \/><\/span> <\/label>\n<\/p>\n<p><label> 5. Qual o e-mail de contato do(a) respons\u00e1vel?<br \/>\n<span class=\"wpcf7-form-control-wrap\" data-name=\"email\"><input size=\"40\" maxlength=\"400\" class=\"wpcf7-form-control wpcf7-email wpcf7-validates-as-required wpcf7-text wpcf7-validates-as-email\" aria-required=\"true\" aria-invalid=\"false\" value=\"\" type=\"email\" name=\"email\" \/><\/span> <\/label>\n<\/p>\n<p><label> 6. Qual o telefone de contato do(a) respons\u00e1vel?<br \/>\n<span class=\"wpcf7-form-control-wrap\" data-name=\"fone\"><input size=\"40\" maxlength=\"400\" class=\"wpcf7-form-control wpcf7-tel wpcf7-validates-as-required wpcf7-text wpcf7-validates-as-tel\" aria-required=\"true\" aria-invalid=\"false\" placeholder=\"Formato (XX) 9XXXX-XXXX\" value=\"\" type=\"tel\" name=\"fone\" \/><\/span> <\/label>\n<\/p>\n<p><label> 7. Qual sala voc\u00ea gostaria de reservar?<br \/>\n<span class=\"wpcf7-form-control-wrap\" data-name=\"sala\"><textarea cols=\"40\" rows=\"10\" maxlength=\"2000\" class=\"wpcf7-form-control wpcf7-textarea wpcf7-validates-as-required\" aria-required=\"true\" aria-invalid=\"false\" placeholder=\"Informe o campus, o pr\u00e9dio e a sala.\" name=\"sala\"><\/textarea><\/span> <\/label>\n<\/p>\n<p><label> 8. Para qual per\u00edodo voc\u00ea gostaria de reservar esta sala?<br \/>\n<span class=\"wpcf7-form-control-wrap\" data-name=\"periodo\"><textarea cols=\"40\" rows=\"10\" maxlength=\"500\" class=\"wpcf7-form-control wpcf7-textarea wpcf7-validates-as-required\" aria-required=\"true\" aria-invalid=\"false\" placeholder=\"Informe o(s) dia(s) e hor\u00e1rios de in\u00edcio e t\u00e9rmino da atividade.\" name=\"periodo\"><\/textarea><\/span> <\/label>\n<\/p>\n<p><label> 9. Qual atividade ser\u00e1 desenvolvida nesta sala?<br \/>\n<span class=\"wpcf7-form-control-wrap\" data-name=\"descricao\"><textarea cols=\"40\" rows=\"10\" maxlength=\"500\" class=\"wpcf7-form-control wpcf7-textarea wpcf7-validates-as-required\" aria-required=\"true\" aria-invalid=\"false\" placeholder=\"Limite: 500 caracteres.\" name=\"descricao\"><\/textarea><\/span> <\/label>\n<\/p>\n<p><label> 10. Quantas pessoas participar\u00e3o desta atividade?<br \/>\n<span class=\"wpcf7-form-control-wrap\" data-name=\"npessoas\"><input size=\"40\" maxlength=\"400\" class=\"wpcf7-form-control wpcf7-text wpcf7-validates-as-required\" aria-required=\"true\" aria-invalid=\"false\" value=\"\" type=\"text\" name=\"npessoas\" \/><\/span> <\/label>\n<\/p>\n<p>Ao \"Enviar\" este formul\u00e1rio (bot\u00e3o abaixo), o(a) respons\u00e1vel pelo uso da sala receber\u00e1 uma c\u00f3pia deste requerimento em seu e-mail de contato. Caso contr\u00e1rio, tente novamente ap\u00f3s 30 minutos!\n<\/p>\n<p><input class=\"wpcf7-form-control wpcf7-submit has-spinner\" type=\"submit\" value=\"Enviar\" \/>\n<\/p><p style=\"display: none !important;\" class=\"akismet-fields-container\" data-prefix=\"_wpcf7_ak_\"><label>&#916;<textarea name=\"_wpcf7_ak_hp_textarea\" cols=\"45\" rows=\"8\" maxlength=\"100\"><\/textarea><\/label><input type=\"hidden\" id=\"ak_js_1\" name=\"_wpcf7_ak_js\" value=\"76\"\/><script>document.getElementById( \"ak_js_1\" ).setAttribute( \"value\", ( new Date() ).getTime() );<\/script><\/p><div class=\"wpcf7-response-output\" aria-hidden=\"true\"><\/div>\n<\/form>\n<\/div>\n\n","protected":false},"excerpt":{"rendered":"<p>Primeiro, consulte a disponibilidade da sala: Campus Cap\u00e3o do Le\u00e3o &#8211; LIG-CCL: a gest\u00e3o desse espa\u00e7o passou (08\/12\/25) para a Superintend\u00eancia do campus Cap\u00e3o do Le\u00e3o. Campus Cap\u00e3o do Le\u00e3o &#8211; Pr\u00e9dio 5; Campus Cap\u00e3o do Le\u00e3o &#8211; Pr\u00e9dio 14; Campus Cap\u00e3o do Le\u00e3o &#8211; Pr\u00e9dio 16. Figura 1 &#8211; Mapa ilustrativo do campus Cap\u00e3o [&hellip;]<\/p>\n","protected":false},"author":366,"featured_media":0,"parent":0,"menu_order":0,"comment_status":"closed","ping_status":"closed","template":"","meta":{"jetpack_post_was_ever_published":false,"footnotes":""},"class_list":["post-3981","page","type-page","status-publish","hentry"],"jetpack_sharing_enabled":true,"jetpack_shortlink":"https:\/\/wp.me\/P6RZ9W-12d","jetpack_likes_enabled":true,"_links":{"self":[{"href":"https:\/\/wp.ufpel.edu.br\/ifm\/wp-json\/wp\/v2\/pages\/3981","targetHints":{"allow":["GET"]}}],"collection":[{"href":"https:\/\/wp.ufpel.edu.br\/ifm\/wp-json\/wp\/v2\/pages"}],"about":[{"href":"https:\/\/wp.ufpel.edu.br\/ifm\/wp-json\/wp\/v2\/types\/page"}],"author":[{"embeddable":true,"href":"https:\/\/wp.ufpel.edu.br\/ifm\/wp-json\/wp\/v2\/users\/366"}],"replies":[{"embeddable":true,"href":"https:\/\/wp.ufpel.edu.br\/ifm\/wp-json\/wp\/v2\/comments?post=3981"}],"version-history":[{"count":4,"href":"https:\/\/wp.ufpel.edu.br\/ifm\/wp-json\/wp\/v2\/pages\/3981\/revisions"}],"predecessor-version":[{"id":4990,"href":"https:\/\/wp.ufpel.edu.br\/ifm\/wp-json\/wp\/v2\/pages\/3981\/revisions\/4990"}],"wp:attachment":[{"href":"https:\/\/wp.ufpel.edu.br\/ifm\/wp-json\/wp\/v2\/media?parent=3981"}],"curies":[{"name":"wp","href":"https:\/\/api.w.org\/{rel}","templated":true}]}}