{"id":3905,"date":"2022-05-19T14:45:00","date_gmt":"2022-05-19T17:45:00","guid":{"rendered":"https:\/\/wp.ufpel.edu.br\/ifm\/?page_id=3905"},"modified":"2025-06-23T15:23:37","modified_gmt":"2025-06-23T18:23:37","slug":"cd","status":"publish","type":"page","link":"https:\/\/wp.ufpel.edu.br\/ifm\/cd\/","title":{"rendered":"CONSELHO DEPARTAMENTAL"},"content":{"rendered":"<h3>Composi\u00e7\u00e3o do Conselho Departamental do IFM &#8211; Portaria de Pessoal n.\u00ba 4153\/UFPel, de 02 de junho de 2025 (<a href=\"https:\/\/wp.ufpel.edu.br\/ifm\/files\/2025\/06\/Portaria_GR_2025_4153.pdf\">aqui<\/a>)<\/h3>\n<p><strong>Diretor<\/strong><br \/>\nProf. Fernando Jaques Ruiz Sim\u00f5es Junior<\/p>\n<p><strong>Vice-Diretor<\/strong><br \/>\nProf. Marco Andr\u00e9 Pald\u00eas da Costa<\/p>\n<p><strong>Chefe do N\u00facleo Administrativo<\/strong><br \/>\nAssist. Adm. Gl\u00e1ucia Potenza Soares<\/p>\n<p><strong>Departamento de Educa\u00e7\u00e3o Matem\u00e1tica<\/strong><br \/>\nProf\u00aa. Marta Cristina Cezar Pozzobon (titular)<br \/>\nProf\u00aa. Rita de Cassia de Souza Soares Ramos (suplente)<\/p>\n<p><strong>Departamento de F\u00edsica<\/strong><br \/>\nProf. M\u00e1rio Luiz Lopes da Silva (titular)<br \/>\nProf. Rafael Cavagnoli (suplente)<\/p>\n<p><strong>Departamento de Matem\u00e1tica e Estat\u00edstica<\/strong><br \/>\nProf\u00aa. Giselda Maria Pereira (titular)<br \/>\nProf\u00aa. Rejane Pergher (suplente)<\/p>\n<p><strong>Representantes dos Professores Classe E \u2013 Titular<\/strong><br \/>\nProf. Giovanni da Silva Nunes (titular)<br \/>\nProf. F\u00e1bio Teixeira Dias (suplente)<\/p>\n<p><strong>Representantes dos Professores Classe D \u2013 Associado<\/strong><br \/>\nProf. Cl\u00e1udio Zen Petersen (titular)<br \/>\nProf\u00aa. Lisandra de Oliveira Sauer (suplente)<\/p>\n<p><strong>Representantes dos Professores Classe C \u2013 Adjunto<\/strong><br \/>\nProf. Arlan da Silva Ferreira (titular)<br \/>\nProf. Neide Pizzolato Angelo (suplente)<\/p>\n<p><strong>Representantes dos Professores Classe A \u2013 Adjunto-A, Assistente-A ou Auxiliar<\/strong><br \/>\nProf\u00aa. Pollyane Vieira da Silva (titular)<br \/>\nProf\u00aa Fernanda Kr\u00fcger Tomaschewski (suplente)<\/p>\n<p><strong>Representantes dos Coordenadores dos Cursos de Gradua\u00e7\u00e3o<\/strong><br \/>\nProf\u00aa. Luciana Chimendes Cabrera (titular)<br \/>\nProf. C\u00edcero Nachtigall (suplente)<\/p>\n<p><strong>Representantes dos Coordenadores dos Cursos de P\u00f3s-Gradua\u00e7\u00e3o<\/strong><br \/>\nProf. Wagner Tenfen (titular)<br \/>\nProf. Gl\u00eanio Aguiar Gon\u00e7alves (suplente)<\/p>\n<p><strong>Representantes dos Servidores T\u00e9cnico-Administrativos<\/strong><br \/>\nAssist. Adm. Thomaz Lopes Kneib (titular)<br \/>\nAssist. Adm. Ricardo Gregianin (suplente)<\/p>\n<p><strong>Representantes Discentes<\/strong><br \/>\nAcad. Tiago Soares Correa (titular)<br \/>\nAcad. S\u00e9rgio Luiz Pierobom\u00a0 (suplente)<\/p>\n","protected":false},"excerpt":{"rendered":"<p>Composi\u00e7\u00e3o do Conselho Departamental do IFM &#8211; Portaria de Pessoal n.\u00ba 4153\/UFPel, de 02 de junho de 2025 (aqui) Diretor Prof. Fernando Jaques Ruiz Sim\u00f5es Junior Vice-Diretor Prof. Marco Andr\u00e9 Pald\u00eas da Costa Chefe do N\u00facleo Administrativo Assist. Adm. Gl\u00e1ucia Potenza Soares Departamento de Educa\u00e7\u00e3o Matem\u00e1tica Prof\u00aa. Marta Cristina Cezar Pozzobon (titular) Prof\u00aa. Rita de [&hellip;]<\/p>\n","protected":false},"author":366,"featured_media":0,"parent":0,"menu_order":0,"comment_status":"closed","ping_status":"closed","template":"","meta":{"jetpack_post_was_ever_published":false,"footnotes":""},"class_list":["post-3905","page","type-page","status-publish","hentry"],"jetpack_sharing_enabled":true,"jetpack_shortlink":"https:\/\/wp.me\/P6RZ9W-10Z","jetpack_likes_enabled":true,"_links":{"self":[{"href":"https:\/\/wp.ufpel.edu.br\/ifm\/wp-json\/wp\/v2\/pages\/3905","targetHints":{"allow":["GET"]}}],"collection":[{"href":"https:\/\/wp.ufpel.edu.br\/ifm\/wp-json\/wp\/v2\/pages"}],"about":[{"href":"https:\/\/wp.ufpel.edu.br\/ifm\/wp-json\/wp\/v2\/types\/page"}],"author":[{"embeddable":true,"href":"https:\/\/wp.ufpel.edu.br\/ifm\/wp-json\/wp\/v2\/users\/366"}],"replies":[{"embeddable":true,"href":"https:\/\/wp.ufpel.edu.br\/ifm\/wp-json\/wp\/v2\/comments?post=3905"}],"version-history":[{"count":17,"href":"https:\/\/wp.ufpel.edu.br\/ifm\/wp-json\/wp\/v2\/pages\/3905\/revisions"}],"predecessor-version":[{"id":4927,"href":"https:\/\/wp.ufpel.edu.br\/ifm\/wp-json\/wp\/v2\/pages\/3905\/revisions\/4927"}],"wp:attachment":[{"href":"https:\/\/wp.ufpel.edu.br\/ifm\/wp-json\/wp\/v2\/media?parent=3905"}],"curies":[{"name":"wp","href":"https:\/\/api.w.org\/{rel}","templated":true}]}}