{"id":1231,"date":"2014-04-11T10:24:20","date_gmt":"2014-04-11T13:24:20","guid":{"rendered":"https:\/\/wp.ufpel.edu.br\/ifm\/?page_id=1231"},"modified":"2025-04-04T13:55:08","modified_gmt":"2025-04-04T16:55:08","slug":"contatos","status":"publish","type":"page","link":"https:\/\/wp.ufpel.edu.br\/ifm\/contatos\/","title":{"rendered":"CONTATOS"},"content":{"rendered":"<h4 style=\"text-align: left;\">Dire\u00e7\u00e3o do Instituto de F\u00edsica e Matem\u00e1tica\/IFM<\/h4>\n<p style=\"text-align: left;\">Diretor(a): Prof. Fernando Jaques Ruiz Sim\u00f5es Junior<br \/>\nSecret\u00e1rio(a): Assist. Adm. Thomaz Lopes Kneib<br \/>\ne-mail: ifm@ufpel.edu.br<br \/>\nTelefone: (53) 3275-7343<br \/>\nLocaliza\u00e7\u00e3o: Campus Cap\u00e3o do Le\u00e3o. Pr\u00e9dio 5, Sala 302 (3\u00ba andar).<\/p>\n<h4 style=\"text-align: left;\">N\u00facleo Administrativo do IFM<\/h4>\n<p style=\"text-align: left;\">Chefe: Assist. Adm. Gl\u00e1ucia Potenza Soares<br \/>\ne-mail: nadm.ifm@ufpel.edu.br<br \/>\nTelefone: (53) 3275-7375<br \/>\nLocaliza\u00e7\u00e3o: Campus Cap\u00e3o do Le\u00e3o. Pr\u00e9dio 5, Sala 301 (3\u00ba andar).<\/p>\n<h4 style=\"text-align: left;\">Colegiado do Curso de Bacharelado em F\u00edsica<\/h4>\n<p style=\"text-align: left;\">Coordenador(a): Prof. Joel Pavan<br \/>\nSecret\u00e1rio(a): &#8211;<br \/>\ne-mail: fisica.bacharelado@ufpel.edu.br<br \/>\nTelefone: (53) 3275-7375<br \/>\nLocaliza\u00e7\u00e3o: Campus Cap\u00e3o do Le\u00e3o. Pr\u00e9dio 5, Sala 301 (3\u00ba andar).<br \/>\nWordPress Institucional: <a href=\"https:\/\/wp.ufpel.edu.br\/fisicabacharelado\/\" target=\"_blank\" rel=\"noopener\">https:\/\/wp.ufpel.edu.br\/fisicabacharelado\/<\/a><\/p>\n<h4 style=\"text-align: left;\">Colegiado do Curso de Licenciatura em F\u00edsica<\/h4>\n<p style=\"text-align: left;\">Coordenador(a): Prof. Alexandre Diehl<br \/>\nSecret\u00e1rio(a): &#8211;<br \/>\ne-mail: cclf@ufpel.edu.br<br \/>\nTelefone: (53) 3275-7375<br \/>\nLocaliza\u00e7\u00e3o: Campus Cap\u00e3o do Le\u00e3o. Pr\u00e9dio 5, Sala 301 (3\u00ba andar).<br \/>\nWordPress Institucional: <a href=\"https:\/\/wp.ufpel.edu.br\/fisica-licenciatura\/\" target=\"_blank\" rel=\"noopener\">https:\/\/wp.ufpel.edu.br\/fisica-licenciatura\/<\/a><\/p>\n<h4 style=\"text-align: left;\">Colegiado do Curso de Licenciatura em Matem\u00e1tica (Diurno)<\/h4>\n<p style=\"text-align: left;\">Coordenador(a): Prof. C\u00edcero Nachtigall<br \/>\nSecret\u00e1rio(a): Assist. Adm. Gl\u00e1ucia Potenza Soares<br \/>\ne-mail: clmat@ufpel.edu.br<br \/>\nTelefone: (53) 3275-7375<br \/>\nLocaliza\u00e7\u00e3o: Campus Cap\u00e3o do Le\u00e3o. Pr\u00e9dio 5, Sala 301 (3\u00ba andar).<br \/>\nWordPress Institucional: <a href=\"https:\/\/wp.ufpel.edu.br\/matematicadiurno\/\" target=\"_blank\" rel=\"noopener\">https:\/\/wp.ufpel.edu.br\/matematicadiurno\/<\/a><\/p>\n<h4 style=\"text-align: left;\">Colegiado do Curso de Licenciatura em Matem\u00e1tica (EaD)<\/h4>\n<p style=\"text-align: left;\">Coordenador(a): Prof\u00aa. Luciana Chimendes Cabrera<br \/>\nSecret\u00e1rio(a): Assist. Adm. Rogerio Sacramento Burkert<br \/>\ne-mail: clmd@ufpel.edu.br<br \/>\nTelefone: (53) 3284-3868<br \/>\nLocaliza\u00e7\u00e3o: Campus Anglo. Sala 301B (3\u00ba andar).<br \/>\nWordPress Institucional: <a href=\"https:\/\/wp.ufpel.edu.br\/clmd\/\" target=\"_blank\" rel=\"noopener\">https:\/\/wp.ufpel.edu.br\/clmd\/<\/a><\/p>\n<h4 style=\"text-align: left;\">Colegiado do Curso de Licenciatura em Matem\u00e1tica (Noturno)<\/h4>\n<p style=\"text-align: left;\">Coordenador(a): Prof. Neide Pizzolato Angelo<br \/>\nSecret\u00e1rio(a): Assist. Adm. Eliezer Silva dos Santos<br \/>\ne-mail: colegiadomatnot@ufpel.edu.br<br \/>\nTelefone: (53) 3284-3866<br \/>\nLocaliza\u00e7\u00e3o: Campus Anglo. Sala 306 (3\u00ba andar).<br \/>\nWordPress Institucional: <a href=\"https:\/\/wp.ufpel.edu.br\/matematicanoturno\/\" target=\"_blank\" rel=\"noopener\">https:\/\/wp.ufpel.edu.br\/matematicanoturno\/<\/a><\/p>\n<h4 style=\"text-align: left;\">Programa de P\u00f3s-Gradua\u00e7\u00e3o em Educa\u00e7\u00e3o Matem\u00e1tica<\/h4>\n<p style=\"text-align: left;\">Coordenador(a): Prof. Fernando Cezar Ripe da Cruz<br \/>\nSecret\u00e1rio(a): &#8211;<br \/>\ne-mail: ppgemat@ufpel.edu.br<br \/>\nTelefone: (53) 3284-3867<br \/>\nLocaliza\u00e7\u00e3o: Campus Anglo. Sala 306 (3\u00ba andar).<br \/>\nWordPress Institucional: <a href=\"https:\/\/wp.ufpel.edu.br\/ppgemat\/\" target=\"_blank\" rel=\"noopener\">https:\/\/wp.ufpel.edu.br\/ppgemat\/<\/a><\/p>\n<h4 style=\"text-align: left;\">Programa de P\u00f3s-Gradua\u00e7\u00e3o em F\u00edsica<\/h4>\n<p style=\"text-align: left;\">Coordenador(a): Prof. Wagner Tenfen<br \/>\nSecret\u00e1rio(a): &#8211;<br \/>\ne-mail: cpgfisica@ufpel.edu.br<br \/>\nTelefone: (53) 3275-7277<br \/>\nLocaliza\u00e7\u00e3o: Campus Cap\u00e3o do Le\u00e3o. Pr\u00e9dio 5, Sala 301 (3\u00ba andar).<br \/>\nWordPress Institucional: <a href=\"https:\/\/wp.ufpel.edu.br\/pgfisica\/\" target=\"_blank\" rel=\"noopener\">https:\/\/wp.ufpel.edu.br\/pgfisica\/<\/a><\/p>\n<h4 style=\"text-align: left;\">Programa de P\u00f3s-Gradua\u00e7\u00e3o em Modelagem Matem\u00e1tica<\/h4>\n<p style=\"text-align: left;\">Coordenador(a): Prof\u00aa. Daniela Buske<br \/>\nSecret\u00e1rio(a): &#8211;<br \/>\ne-mail: pgmat.ufpel@gmail.com<br \/>\nTelefone: &#8211;<br \/>\nLocaliza\u00e7\u00e3o: Campus Cap\u00e3o do Le\u00e3o. Pr\u00e9dio 5, Sala 301 (3\u00ba andar).<br \/>\nWordPress Institucional: <a href=\"https:\/\/wp.ufpel.edu.br\/ppgmmat\/\" target=\"_blank\" rel=\"noopener\">https:\/\/wp.ufpel.edu.br\/ppgmmat\/<\/a><\/p>\n<h4 style=\"text-align: left;\">Departamento de Educa\u00e7\u00e3o Matem\u00e1tica<\/h4>\n<p style=\"text-align: left;\">Chefe: Prof\u00aa. Marta Cristina Cezar Pozzobon<br \/>\nSecret\u00e1rio(a): Aux. Adm. S\u00f4nia Helena Peters<br \/>\ne-mail: demat@ufpel.edu.br<br \/>\nTelefone: (53) 3284-3867<br \/>\nLocaliza\u00e7\u00e3o: Campus Anglo. Sala 306 (3\u00ba andar).<br \/>\nWordPress Institucional: &#8211;<\/p>\n<h4 style=\"text-align: left;\">Departamento de F\u00edsica<\/h4>\n<p style=\"text-align: left;\">Chefe: Prof. Mario Luiz Lopes da Silva<br \/>\nSecret\u00e1rio(a): &#8211;<br \/>\ne-mail: depfis@ufpel.edu.br<br \/>\nTelefone: (53) 3275-7346<br \/>\nLocaliza\u00e7\u00e3o: Campus Cap\u00e3o do Le\u00e3o. Pr\u00e9dio 5, Sala 301 (3\u00ba andar).<br \/>\nWordPress Institucional: <a href=\"https:\/\/wp.ufpel.edu.br\/depfis\/\" target=\"_blank\" rel=\"noopener\">https:\/\/wp.ufpel.edu.br\/depfis\/<\/a><\/p>\n<h4 style=\"text-align: left;\">Departamento de Matem\u00e1tica e Estat\u00edstica<\/h4>\n<p style=\"text-align: left;\">Chefe: Prof\u00aa. Giselda Maria Pereira<br \/>\nSecret\u00e1rio(a): &#8211;<br \/>\ne-mail: dme@ufpel.edu.br<br \/>\nTelefone: (53) 3275-7346<br \/>\nLocaliza\u00e7\u00e3o: Campus Cap\u00e3o do Le\u00e3o. Pr\u00e9dio 5, Sala 301 (3\u00ba andar).<br \/>\nWordPress Institucional: <a href=\"https:\/\/wp.ufpel.edu.br\/dme\/\" target=\"_blank\" rel=\"noopener\">https:\/\/wp.ufpel.edu.br\/dme\/<\/a><\/p>\n<h4 style=\"text-align: left;\">Laborat\u00f3rios do Departamento de F\u00edsica<\/h4>\n<p style=\"text-align: left;\">T\u00e9cnicos: Anderson Lena Baldez, Cristian Dias Fernandes e Vin\u00edcius Nizoli Becker<br \/>\ne-mail: lab.fis.ufpel@gmail.com<br \/>\nTelefone: (53) 3275-7478<br \/>\nLocaliza\u00e7\u00e3o: Campus Cap\u00e3o do Le\u00e3o, Pr\u00e9dio 13.<\/p>\n","protected":false},"excerpt":{"rendered":"<p>Dire\u00e7\u00e3o do Instituto de F\u00edsica e Matem\u00e1tica\/IFM Diretor(a): Prof. Fernando Jaques Ruiz Sim\u00f5es Junior Secret\u00e1rio(a): Assist. Adm. Thomaz Lopes Kneib e-mail: ifm@ufpel.edu.br Telefone: (53) 3275-7343 Localiza\u00e7\u00e3o: Campus Cap\u00e3o do Le\u00e3o. Pr\u00e9dio 5, Sala 302 (3\u00ba andar). N\u00facleo Administrativo do IFM Chefe: Assist. Adm. Gl\u00e1ucia Potenza Soares e-mail: nadm.ifm@ufpel.edu.br Telefone: (53) 3275-7375 Localiza\u00e7\u00e3o: Campus Cap\u00e3o do [&hellip;]<\/p>\n","protected":false},"author":366,"featured_media":0,"parent":0,"menu_order":6,"comment_status":"closed","ping_status":"closed","template":"page-sem-sidebar.php","meta":{"jetpack_post_was_ever_published":false,"footnotes":""},"class_list":["post-1231","page","type-page","status-publish","hentry"],"jetpack_sharing_enabled":true,"jetpack_shortlink":"https:\/\/wp.me\/P6RZ9W-jR","jetpack_likes_enabled":true,"_links":{"self":[{"href":"https:\/\/wp.ufpel.edu.br\/ifm\/wp-json\/wp\/v2\/pages\/1231","targetHints":{"allow":["GET"]}}],"collection":[{"href":"https:\/\/wp.ufpel.edu.br\/ifm\/wp-json\/wp\/v2\/pages"}],"about":[{"href":"https:\/\/wp.ufpel.edu.br\/ifm\/wp-json\/wp\/v2\/types\/page"}],"author":[{"embeddable":true,"href":"https:\/\/wp.ufpel.edu.br\/ifm\/wp-json\/wp\/v2\/users\/366"}],"replies":[{"embeddable":true,"href":"https:\/\/wp.ufpel.edu.br\/ifm\/wp-json\/wp\/v2\/comments?post=1231"}],"version-history":[{"count":118,"href":"https:\/\/wp.ufpel.edu.br\/ifm\/wp-json\/wp\/v2\/pages\/1231\/revisions"}],"predecessor-version":[{"id":4900,"href":"https:\/\/wp.ufpel.edu.br\/ifm\/wp-json\/wp\/v2\/pages\/1231\/revisions\/4900"}],"wp:attachment":[{"href":"https:\/\/wp.ufpel.edu.br\/ifm\/wp-json\/wp\/v2\/media?parent=1231"}],"curies":[{"name":"wp","href":"https:\/\/api.w.org\/{rel}","templated":true}]}}