{"id":90,"date":"2022-11-13T00:00:53","date_gmt":"2022-11-13T03:00:53","guid":{"rendered":"https:\/\/wp.ufpel.edu.br\/ifisp\/?page_id=90"},"modified":"2024-07-01T15:42:33","modified_gmt":"2024-07-01T18:42:33","slug":"historia","status":"publish","type":"page","link":"https:\/\/wp.ufpel.edu.br\/ifisp\/?page_id=90","title":{"rendered":"Hist\u00f3ria"},"content":{"rendered":"<h4>Mem\u00f3ria Institucional<\/h4>\n<p style=\"text-align: justify;\">O Instituto de Sociologia e Pol\u00edtica foi criado em 1958, sob inspira\u00e7\u00e3o da Unesco, constituindo-se como um \u00f3rg\u00e3o aut\u00f4nomo da Faculdade de Direito de Pelotas, na \u00e9poca vinculada \u00e0 Universidade do Rio Grande do Sul (URGS)<span style=\"color: var(--cor-texto); font-family: var(--fonte-corpo);\">. Nesse per\u00edodo, o atual IFISP era uma unidade destinada \u00e0 promo\u00e7\u00e3o de cursos, semin\u00e1rios e debates sobre temas sociais. Quando a UFPel foi criada, em 1969, foi uma das unidades fundadoras, ao lado de faculdades, como as de Agronomia, Odontologia, Direito e Medicina, que existiam anteriormente no munic\u00edpio como unidades independentes ou vinculadas \u00e0 URGS.<\/span><\/p>\n<p>Ao longo da d\u00e9cada de 1970, com o recrudescimento da ditadura militar e a desconfian\u00e7a com o perigo representado pelas Ci\u00eancias Sociais, o IFISP foi desativado e s\u00f3 voltou a funcionar em 1983, com a intensifica\u00e7\u00e3o do processo de redemocratiza\u00e7\u00e3o do pa\u00eds. Nessa nova fase, organizado sob a forma do Departamento de Sociologia e Pol\u00edtica, al\u00e9m de desenvolver atividades de pesquisa e de extens\u00e3o que compunham sua tradi\u00e7\u00e3o, passou a atuar como instituto b\u00e1sico de ensino, oferecendo essas disciplinas aos mais diversos cursos da UFPel, em especial o de Direito. Em 1985, o IFISP passou a desenvolver atividades de ensino de p\u00f3s-gradua\u00e7\u00e3o ao criar seu primeiro curso pr\u00f3prio, o de Especializa\u00e7\u00e3o em Pol\u00edtica (hoje de Sociologia e Pol\u00edtica). Seis anos depois, em 1991, foi criado o primeiro curso de gradua\u00e7\u00e3o, o Bacharelado em Ci\u00eancias Sociais, ampliado em 1994 para a Licenciatura em Ci\u00eancias Sociais. Em 2005, a CAPES autorizou a instala\u00e7\u00e3o do Mestrado em Ci\u00eancias Sociais, hoje extinto.<\/p>\n<p style=\"text-align: justify;\">Um marco importante na hist\u00f3ria da IFISP ocorreu em 2008, quando recebeu a ades\u00e3o do Departamento de Filosofia e todas as suas atividades, ou seja, os cursos de gradua\u00e7\u00e3o em Filosofia (Bacharelado e Licenciatura) e de Mestrado em Filosofia.<\/p>\n<p>Em 2010 foi aprovado pela CAPES os Programas de P\u00f3s-Gradua\u00e7\u00e3o em Sociologia e Ci\u00eancia Pol\u00edtica, que em 2011 iniciaram suas atividades com suas primeiras turmas de Mestrado.<\/p>\n<p>Em 2014 foi aprovado o Doutorado em Filosofia pelo Conselho Cient\u00edfico da CAPES. As atividades do Doutorado em Filosofia da UFPel iniciaram em agosto de 2015. Em 2015 o PPG em Ci\u00eancia Pol\u00edtica obteve recomenda\u00e7\u00e3o da CAPES para o funcionamento do curso de Doutorado, cuja primeira turma iniciou as atividades com cinco alunos em 2016. Em 2016 o PPG Sociologia conquistou o conceito 4, credenciando-o para abertura do curso de Doutorado, o qual foi aprovado em setembro de 2018 e passando a funcionar em mar\u00e7o de 2019.<\/p>\n<p>Em 2019 o IFISP recebeu a ades\u00e3o do curso de gradua\u00e7\u00e3o em Rela\u00e7\u00f5es Internacionais, devido \u00e0 afinidade epistemol\u00f3gica e te\u00f3rica das Rela\u00e7\u00f5es Internacionais com os demais cursos desta unidade.<\/p>\n<p>Dessa forma, hoje o IFISP c<span style=\"font-weight: 400;\">onta com dois Departamentos, tr\u00eas Programas de P\u00f3s-Gradua\u00e7\u00e3o e<\/span><span style=\"font-weight: 400;\"> cinco Cursos de Gradua\u00e7\u00e3o presenciais, al\u00e9m de um curso de Especializa\u00e7\u00e3o <i>lato-sensu<\/i> a dist\u00e2ncia e <\/span><span style=\"font-weight: 400;\">um curso de Gradua\u00e7\u00e3o semi-presencial, vinculado ao programa Universidade Aberta do Brasil.\u00a0<\/span><\/p>\n<strong class=\"collapseomatic \" id=\"id69fad9fc4d3da\" rel=\"-highlander\" tabindex=\"0\" title=\"O Instituto de Sociologia e Pol\u00edtica -  ISP\"    >O Instituto de Sociologia e Pol\u00edtica -  ISP<\/strong><div id=\"target-id69fad9fc4d3da\" class=\"collapseomatic_content \">\n<h4 style=\"text-align: center;\"><\/h4>\n<p><a href=\"https:\/\/wp.ufpel.edu.br\/ifisp\/files\/2023\/05\/marca-ISP-5.jpg\"><img data-attachment-id=\"2032\" data-permalink=\"https:\/\/wp.ufpel.edu.br\/ifisp\/?attachment_id=2032\" data-orig-file=\"https:\/\/wp.ufpel.edu.br\/ifisp\/files\/2023\/05\/marca-ISP-5.jpg\" data-orig-size=\"384,189\" data-comments-opened=\"0\" data-image-meta=\"{&quot;aperture&quot;:&quot;0&quot;,&quot;credit&quot;:&quot;&quot;,&quot;camera&quot;:&quot;&quot;,&quot;caption&quot;:&quot;&quot;,&quot;created_timestamp&quot;:&quot;0&quot;,&quot;copyright&quot;:&quot;&quot;,&quot;focal_length&quot;:&quot;0&quot;,&quot;iso&quot;:&quot;0&quot;,&quot;shutter_speed&quot;:&quot;0&quot;,&quot;title&quot;:&quot;&quot;,&quot;orientation&quot;:&quot;0&quot;}\" data-image-title=\"marca ISP\" data-image-description=\"\" data-image-caption=\"\" data-medium-file=\"https:\/\/wp.ufpel.edu.br\/ifisp\/files\/2023\/05\/marca-ISP-5.jpg\" data-large-file=\"https:\/\/wp.ufpel.edu.br\/ifisp\/files\/2023\/05\/marca-ISP-5.jpg\" class=\"aligncenter size-full wp-image-2032\" src=\"https:\/\/wp.ufpel.edu.br\/ifisp\/files\/2023\/05\/marca-ISP-5.jpg\" alt=\"\" width=\"384\" height=\"189\" \/><\/a><\/p>\n<p style=\"text-align: center;\">At\u00e9 2013, o IFISP era ISP &#8211; Instituto de Sociologia e Pol\u00edtica. <a href=\"http:\/\/www2.ufpel.edu.br\/isp\/index.htm\">Visite o site do ISP<\/a><\/p>\n<\/div>\n<strong class=\"collapseomatic \" id=\"id69fad9fc4d483\" rel=\"-highlander\" tabindex=\"0\" title=\"Site do IFISP 2013-2022\"    >Site do IFISP 2013-2022<\/strong><div id=\"target-id69fad9fc4d483\" class=\"collapseomatic_content \">\n<p><a href=\"https:\/\/wp.ufpel.edu.br\/ifisp\/files\/2016\/08\/IFISP-LOGO.jpg\"><img data-attachment-id=\"396\" data-permalink=\"https:\/\/wp.ufpel.edu.br\/ifisp\/?attachment_id=396\" data-orig-file=\"https:\/\/wp.ufpel.edu.br\/ifisp\/files\/2016\/08\/IFISP-LOGO.jpg\" data-orig-size=\"351,156\" data-comments-opened=\"0\" data-image-meta=\"{&quot;aperture&quot;:&quot;0&quot;,&quot;credit&quot;:&quot;&quot;,&quot;camera&quot;:&quot;&quot;,&quot;caption&quot;:&quot;&quot;,&quot;created_timestamp&quot;:&quot;0&quot;,&quot;copyright&quot;:&quot;&quot;,&quot;focal_length&quot;:&quot;0&quot;,&quot;iso&quot;:&quot;0&quot;,&quot;shutter_speed&quot;:&quot;0&quot;,&quot;title&quot;:&quot;&quot;,&quot;orientation&quot;:&quot;1&quot;}\" data-image-title=\"IFISP LOGO\" data-image-description=\"\" data-image-caption=\"\" data-medium-file=\"https:\/\/wp.ufpel.edu.br\/ifisp\/files\/2016\/08\/IFISP-LOGO.jpg\" data-large-file=\"https:\/\/wp.ufpel.edu.br\/ifisp\/files\/2016\/08\/IFISP-LOGO.jpg\" class=\"aligncenter size-full wp-image-396\" src=\"https:\/\/wp.ufpel.edu.br\/ifisp\/files\/2016\/08\/IFISP-LOGO.jpg\" alt=\"\" width=\"351\" height=\"156\" srcset=\"https:\/\/wp.ufpel.edu.br\/ifisp\/files\/2016\/08\/IFISP-LOGO.jpg 351w, https:\/\/wp.ufpel.edu.br\/ifisp\/files\/2016\/08\/IFISP-LOGO-212x94.jpg 212w\" sizes=\"(max-width: 351px) 100vw, 351px\" \/><\/a><\/p>\n<p>A partir de 2015, j\u00e1 sob o nome IFISP, foi criado o presente site, que seria reformulado em 2022 para o layout <em>UFPel 2.0<\/em>. Veja abaixo registros do layout anterior e da identidade visual:<\/p>\n<p><a href=\"https:\/\/wp.ufpel.edu.br\/ifisp\/files\/2023\/05\/Captura-de-tela-2023-05-30-164701.png\"><img data-attachment-id=\"2035\" data-permalink=\"https:\/\/wp.ufpel.edu.br\/ifisp\/?attachment_id=2035\" data-orig-file=\"https:\/\/wp.ufpel.edu.br\/ifisp\/files\/2023\/05\/Captura-de-tela-2023-05-30-164701.png\" data-orig-size=\"1920,1080\" data-comments-opened=\"0\" data-image-meta=\"{&quot;aperture&quot;:&quot;0&quot;,&quot;credit&quot;:&quot;&quot;,&quot;camera&quot;:&quot;&quot;,&quot;caption&quot;:&quot;&quot;,&quot;created_timestamp&quot;:&quot;0&quot;,&quot;copyright&quot;:&quot;&quot;,&quot;focal_length&quot;:&quot;0&quot;,&quot;iso&quot;:&quot;0&quot;,&quot;shutter_speed&quot;:&quot;0&quot;,&quot;title&quot;:&quot;&quot;,&quot;orientation&quot;:&quot;0&quot;}\" data-image-title=\"Captura de tela 2023-05-30 164701\" data-image-description=\"\" data-image-caption=\"\" data-medium-file=\"https:\/\/wp.ufpel.edu.br\/ifisp\/files\/2023\/05\/Captura-de-tela-2023-05-30-164701-400x225.png\" data-large-file=\"https:\/\/wp.ufpel.edu.br\/ifisp\/files\/2023\/05\/Captura-de-tela-2023-05-30-164701-1024x576.png\" class=\"aligncenter size-full wp-image-2035\" src=\"https:\/\/wp.ufpel.edu.br\/ifisp\/files\/2023\/05\/Captura-de-tela-2023-05-30-164701.png\" alt=\"\" width=\"1920\" height=\"1080\" srcset=\"https:\/\/wp.ufpel.edu.br\/ifisp\/files\/2023\/05\/Captura-de-tela-2023-05-30-164701.png 1920w, https:\/\/wp.ufpel.edu.br\/ifisp\/files\/2023\/05\/Captura-de-tela-2023-05-30-164701-400x225.png 400w, https:\/\/wp.ufpel.edu.br\/ifisp\/files\/2023\/05\/Captura-de-tela-2023-05-30-164701-1024x576.png 1024w, https:\/\/wp.ufpel.edu.br\/ifisp\/files\/2023\/05\/Captura-de-tela-2023-05-30-164701-768x432.png 768w, https:\/\/wp.ufpel.edu.br\/ifisp\/files\/2023\/05\/Captura-de-tela-2023-05-30-164701-1536x864.png 1536w\" sizes=\"(max-width: 1920px) 100vw, 1920px\" \/><\/a><\/p>\n<p style=\"text-align: center;\"><span style=\"font-size: 10pt;\"><em>Printscreen<\/em>\u00a0do site no layout antigo<\/span><\/p>\n<p><a href=\"https:\/\/wp.ufpel.edu.br\/ifisp\/files\/2023\/05\/Captura-de-tela-2023-05-30-151819.png\"><img data-attachment-id=\"2029\" data-permalink=\"https:\/\/wp.ufpel.edu.br\/ifisp\/?attachment_id=2029\" data-orig-file=\"https:\/\/wp.ufpel.edu.br\/ifisp\/files\/2023\/05\/Captura-de-tela-2023-05-30-151819.png\" data-orig-size=\"1920,1080\" data-comments-opened=\"0\" data-image-meta=\"{&quot;aperture&quot;:&quot;0&quot;,&quot;credit&quot;:&quot;&quot;,&quot;camera&quot;:&quot;&quot;,&quot;caption&quot;:&quot;&quot;,&quot;created_timestamp&quot;:&quot;0&quot;,&quot;copyright&quot;:&quot;&quot;,&quot;focal_length&quot;:&quot;0&quot;,&quot;iso&quot;:&quot;0&quot;,&quot;shutter_speed&quot;:&quot;0&quot;,&quot;title&quot;:&quot;&quot;,&quot;orientation&quot;:&quot;0&quot;}\" data-image-title=\"Captura de tela 2023-05-30 151819\" data-image-description=\"\" data-image-caption=\"\" data-medium-file=\"https:\/\/wp.ufpel.edu.br\/ifisp\/files\/2023\/05\/Captura-de-tela-2023-05-30-151819-400x225.png\" data-large-file=\"https:\/\/wp.ufpel.edu.br\/ifisp\/files\/2023\/05\/Captura-de-tela-2023-05-30-151819-1024x576.png\" class=\"aligncenter size-full wp-image-2029\" src=\"https:\/\/wp.ufpel.edu.br\/ifisp\/files\/2023\/05\/Captura-de-tela-2023-05-30-151819.png\" alt=\"\" width=\"1920\" height=\"1080\" srcset=\"https:\/\/wp.ufpel.edu.br\/ifisp\/files\/2023\/05\/Captura-de-tela-2023-05-30-151819.png 1920w, https:\/\/wp.ufpel.edu.br\/ifisp\/files\/2023\/05\/Captura-de-tela-2023-05-30-151819-400x225.png 400w, https:\/\/wp.ufpel.edu.br\/ifisp\/files\/2023\/05\/Captura-de-tela-2023-05-30-151819-1024x576.png 1024w, https:\/\/wp.ufpel.edu.br\/ifisp\/files\/2023\/05\/Captura-de-tela-2023-05-30-151819-768x432.png 768w, https:\/\/wp.ufpel.edu.br\/ifisp\/files\/2023\/05\/Captura-de-tela-2023-05-30-151819-1536x864.png 1536w\" sizes=\"(max-width: 1920px) 100vw, 1920px\" \/><\/a><\/p>\n<p style=\"text-align: center;\"><span style=\"font-size: 10pt;\"><em>Printscreen<\/em>\u00a0do site no layout antigo<\/span><\/p>\n<\/div>\n<strong class=\"collapseomatic \" id=\"id69fad9fc4d4be\" rel=\"-highlander\" tabindex=\"0\" title=\"Identidade Visual 2013-2022 \"    >Identidade Visual 2013-2022 <\/strong><div id=\"target-id69fad9fc4d4be\" class=\"collapseomatic_content \">\n<p><a href=\"https:\/\/wp.ufpel.edu.br\/ifisp\/files\/2016\/06\/modelo-colorido-corrido.jpg\"><img data-attachment-id=\"331\" data-permalink=\"https:\/\/wp.ufpel.edu.br\/ifisp\/?attachment_id=331\" data-orig-file=\"https:\/\/wp.ufpel.edu.br\/ifisp\/files\/2016\/06\/modelo-colorido-corrido.jpg\" data-orig-size=\"1000,228\" data-comments-opened=\"0\" data-image-meta=\"{&quot;aperture&quot;:&quot;0&quot;,&quot;credit&quot;:&quot;&quot;,&quot;camera&quot;:&quot;&quot;,&quot;caption&quot;:&quot;&quot;,&quot;created_timestamp&quot;:&quot;0&quot;,&quot;copyright&quot;:&quot;&quot;,&quot;focal_length&quot;:&quot;0&quot;,&quot;iso&quot;:&quot;0&quot;,&quot;shutter_speed&quot;:&quot;0&quot;,&quot;title&quot;:&quot;&quot;,&quot;orientation&quot;:&quot;1&quot;}\" data-image-title=\"modelo colorido corrido\" data-image-description=\"\" data-image-caption=\"\" data-medium-file=\"https:\/\/wp.ufpel.edu.br\/ifisp\/files\/2016\/06\/modelo-colorido-corrido-424x97.jpg\" data-large-file=\"https:\/\/wp.ufpel.edu.br\/ifisp\/files\/2016\/06\/modelo-colorido-corrido-984x220.jpg\" class=\"aligncenter size-full wp-image-331\" src=\"https:\/\/wp.ufpel.edu.br\/ifisp\/files\/2016\/06\/modelo-colorido-corrido.jpg\" alt=\"\" width=\"1000\" height=\"228\" srcset=\"https:\/\/wp.ufpel.edu.br\/ifisp\/files\/2016\/06\/modelo-colorido-corrido.jpg 1000w, https:\/\/wp.ufpel.edu.br\/ifisp\/files\/2016\/06\/modelo-colorido-corrido-212x48.jpg 212w, https:\/\/wp.ufpel.edu.br\/ifisp\/files\/2016\/06\/modelo-colorido-corrido-424x97.jpg 424w, https:\/\/wp.ufpel.edu.br\/ifisp\/files\/2016\/06\/modelo-colorido-corrido-768x175.jpg 768w, https:\/\/wp.ufpel.edu.br\/ifisp\/files\/2016\/06\/modelo-colorido-corrido-500x114.jpg 500w\" sizes=\"(max-width: 1000px) 100vw, 1000px\" \/><\/a><a href=\"https:\/\/wp.ufpel.edu.br\/ifisp\/files\/2016\/06\/cropped-Publica\u00e7\u00e3o2-2.jpg\"><img data-attachment-id=\"318\" data-permalink=\"https:\/\/wp.ufpel.edu.br\/ifisp\/?attachment_id=318\" data-orig-file=\"https:\/\/wp.ufpel.edu.br\/ifisp\/files\/2016\/06\/cropped-Publica\u00e7\u00e3o2-2.jpg\" data-orig-size=\"940,198\" data-comments-opened=\"0\" data-image-meta=\"{&quot;aperture&quot;:&quot;0&quot;,&quot;credit&quot;:&quot;&quot;,&quot;camera&quot;:&quot;&quot;,&quot;caption&quot;:&quot;&quot;,&quot;created_timestamp&quot;:&quot;0&quot;,&quot;copyright&quot;:&quot;&quot;,&quot;focal_length&quot;:&quot;0&quot;,&quot;iso&quot;:&quot;0&quot;,&quot;shutter_speed&quot;:&quot;0&quot;,&quot;title&quot;:&quot;&quot;,&quot;orientation&quot;:&quot;0&quot;}\" data-image-title=\"cropped-Publica\u00e7\u00e3o2-2.jpg\" data-image-description=\"\" data-image-caption=\"\" data-medium-file=\"https:\/\/wp.ufpel.edu.br\/ifisp\/files\/2016\/06\/cropped-Publica\u00e7\u00e3o2-2-424x89.jpg\" data-large-file=\"https:\/\/wp.ufpel.edu.br\/ifisp\/files\/2016\/06\/cropped-Publica\u00e7\u00e3o2-2.jpg\" class=\"aligncenter size-full wp-image-318\" src=\"https:\/\/wp.ufpel.edu.br\/ifisp\/files\/2016\/06\/cropped-Publica\u00e7\u00e3o2-2.jpg\" alt=\"\" width=\"940\" height=\"198\" srcset=\"https:\/\/wp.ufpel.edu.br\/ifisp\/files\/2016\/06\/cropped-Publica\u00e7\u00e3o2-2.jpg 940w, https:\/\/wp.ufpel.edu.br\/ifisp\/files\/2016\/06\/cropped-Publica\u00e7\u00e3o2-2-212x45.jpg 212w, https:\/\/wp.ufpel.edu.br\/ifisp\/files\/2016\/06\/cropped-Publica\u00e7\u00e3o2-2-424x89.jpg 424w, https:\/\/wp.ufpel.edu.br\/ifisp\/files\/2016\/06\/cropped-Publica\u00e7\u00e3o2-2-768x162.jpg 768w\" sizes=\"(max-width: 940px) 100vw, 940px\" \/><\/a><\/p>\n<p><a href=\"https:\/\/wp.ufpel.edu.br\/ifisp\/files\/2016\/06\/modelo-colorido.jpg\"><br \/>\n<img data-attachment-id=\"319\" data-permalink=\"https:\/\/wp.ufpel.edu.br\/ifisp\/?attachment_id=319\" data-orig-file=\"https:\/\/wp.ufpel.edu.br\/ifisp\/files\/2016\/06\/modelo-colorido.jpg\" data-orig-size=\"1000,228\" data-comments-opened=\"0\" data-image-meta=\"{&quot;aperture&quot;:&quot;0&quot;,&quot;credit&quot;:&quot;&quot;,&quot;camera&quot;:&quot;&quot;,&quot;caption&quot;:&quot;&quot;,&quot;created_timestamp&quot;:&quot;0&quot;,&quot;copyright&quot;:&quot;&quot;,&quot;focal_length&quot;:&quot;0&quot;,&quot;iso&quot;:&quot;0&quot;,&quot;shutter_speed&quot;:&quot;0&quot;,&quot;title&quot;:&quot;&quot;,&quot;orientation&quot;:&quot;1&quot;}\" data-image-title=\"modelo colorido\" data-image-description=\"\" data-image-caption=\"\" data-medium-file=\"https:\/\/wp.ufpel.edu.br\/ifisp\/files\/2016\/06\/modelo-colorido-424x97.jpg\" data-large-file=\"https:\/\/wp.ufpel.edu.br\/ifisp\/files\/2016\/06\/modelo-colorido-984x220.jpg\" class=\"aligncenter size-full wp-image-319\" src=\"https:\/\/wp.ufpel.edu.br\/ifisp\/files\/2016\/06\/modelo-colorido.jpg\" alt=\"\" width=\"1000\" height=\"228\" srcset=\"https:\/\/wp.ufpel.edu.br\/ifisp\/files\/2016\/06\/modelo-colorido.jpg 1000w, https:\/\/wp.ufpel.edu.br\/ifisp\/files\/2016\/06\/modelo-colorido-212x48.jpg 212w, https:\/\/wp.ufpel.edu.br\/ifisp\/files\/2016\/06\/modelo-colorido-424x97.jpg 424w, https:\/\/wp.ufpel.edu.br\/ifisp\/files\/2016\/06\/modelo-colorido-768x175.jpg 768w, https:\/\/wp.ufpel.edu.br\/ifisp\/files\/2016\/06\/modelo-colorido-500x114.jpg 500w\" sizes=\"(max-width: 1000px) 100vw, 1000px\" \/><\/a><\/div>\n<strong class=\"collapseomatic \" id=\"id69fad9fc4d4e9\" rel=\"-highlander\" tabindex=\"0\" title=\"Identidade Visual 2013-2022 alternativa\"    >Identidade Visual 2013-2022 alternativa<\/strong><div id=\"target-id69fad9fc4d4e9\" class=\"collapseomatic_content \">\n<p><a href=\"https:\/\/wp.ufpel.edu.br\/ifisp\/files\/2016\/06\/IFISP.jpg\"><img data-attachment-id=\"313\" data-permalink=\"https:\/\/wp.ufpel.edu.br\/ifisp\/?attachment_id=313\" data-orig-file=\"https:\/\/wp.ufpel.edu.br\/ifisp\/files\/2016\/06\/IFISP.jpg\" data-orig-size=\"1000,228\" data-comments-opened=\"0\" data-image-meta=\"{&quot;aperture&quot;:&quot;0&quot;,&quot;credit&quot;:&quot;&quot;,&quot;camera&quot;:&quot;&quot;,&quot;caption&quot;:&quot;&quot;,&quot;created_timestamp&quot;:&quot;0&quot;,&quot;copyright&quot;:&quot;&quot;,&quot;focal_length&quot;:&quot;0&quot;,&quot;iso&quot;:&quot;0&quot;,&quot;shutter_speed&quot;:&quot;0&quot;,&quot;title&quot;:&quot;&quot;,&quot;orientation&quot;:&quot;1&quot;}\" data-image-title=\"IFISP\" data-image-description=\"\" data-image-caption=\"\" data-medium-file=\"https:\/\/wp.ufpel.edu.br\/ifisp\/files\/2016\/06\/IFISP-424x97.jpg\" data-large-file=\"https:\/\/wp.ufpel.edu.br\/ifisp\/files\/2016\/06\/IFISP-984x220.jpg\" class=\"aligncenter wp-image-313 size-full\" src=\"https:\/\/wp.ufpel.edu.br\/ifisp\/files\/2016\/06\/IFISP.jpg\" alt=\"\" width=\"1000\" height=\"228\" srcset=\"https:\/\/wp.ufpel.edu.br\/ifisp\/files\/2016\/06\/IFISP.jpg 1000w, https:\/\/wp.ufpel.edu.br\/ifisp\/files\/2016\/06\/IFISP-212x48.jpg 212w, https:\/\/wp.ufpel.edu.br\/ifisp\/files\/2016\/06\/IFISP-424x97.jpg 424w, https:\/\/wp.ufpel.edu.br\/ifisp\/files\/2016\/06\/IFISP-768x175.jpg 768w, https:\/\/wp.ufpel.edu.br\/ifisp\/files\/2016\/06\/IFISP-500x114.jpg 500w\" sizes=\"(max-width: 1000px) 100vw, 1000px\" \/><\/a><a href=\"https:\/\/wp.ufpel.edu.br\/ifisp\/files\/2015\/10\/ifispfinal.png\"><img data-attachment-id=\"171\" data-permalink=\"https:\/\/wp.ufpel.edu.br\/ifisp\/?attachment_id=171\" data-orig-file=\"https:\/\/wp.ufpel.edu.br\/ifisp\/files\/2015\/10\/ifispfinal.png\" data-orig-size=\"1448,400\" data-comments-opened=\"0\" data-image-meta=\"{&quot;aperture&quot;:&quot;0&quot;,&quot;credit&quot;:&quot;&quot;,&quot;camera&quot;:&quot;&quot;,&quot;caption&quot;:&quot;&quot;,&quot;created_timestamp&quot;:&quot;0&quot;,&quot;copyright&quot;:&quot;&quot;,&quot;focal_length&quot;:&quot;0&quot;,&quot;iso&quot;:&quot;0&quot;,&quot;shutter_speed&quot;:&quot;0&quot;,&quot;title&quot;:&quot;&quot;,&quot;orientation&quot;:&quot;0&quot;}\" data-image-title=\"ifispfinal\" data-image-description=\"\" data-image-caption=\"\" data-medium-file=\"https:\/\/wp.ufpel.edu.br\/ifisp\/files\/2015\/10\/ifispfinal-424x117.png\" data-large-file=\"https:\/\/wp.ufpel.edu.br\/ifisp\/files\/2015\/10\/ifispfinal-984x220.png\" class=\"aligncenter wp-image-171 size-full\" src=\"https:\/\/wp.ufpel.edu.br\/ifisp\/files\/2015\/10\/ifispfinal.png\" alt=\"\" width=\"1448\" height=\"400\" srcset=\"https:\/\/wp.ufpel.edu.br\/ifisp\/files\/2015\/10\/ifispfinal.png 1448w, https:\/\/wp.ufpel.edu.br\/ifisp\/files\/2015\/10\/ifispfinal-212x59.png 212w, https:\/\/wp.ufpel.edu.br\/ifisp\/files\/2015\/10\/ifispfinal-424x117.png 424w\" sizes=\"(max-width: 1448px) 100vw, 1448px\" \/><\/a><a href=\"https:\/\/wp.ufpel.edu.br\/ifisp\/files\/2015\/10\/marca-ifisp.jpg\"><img data-attachment-id=\"135\" data-permalink=\"https:\/\/wp.ufpel.edu.br\/ifisp\/?attachment_id=135\" data-orig-file=\"https:\/\/wp.ufpel.edu.br\/ifisp\/files\/2015\/10\/marca-ifisp.jpg\" data-orig-size=\"1405,469\" data-comments-opened=\"0\" data-image-meta=\"{&quot;aperture&quot;:&quot;0&quot;,&quot;credit&quot;:&quot;usuario&quot;,&quot;camera&quot;:&quot;&quot;,&quot;caption&quot;:&quot;&quot;,&quot;created_timestamp&quot;:&quot;1441984715&quot;,&quot;copyright&quot;:&quot;&quot;,&quot;focal_length&quot;:&quot;0&quot;,&quot;iso&quot;:&quot;0&quot;,&quot;shutter_speed&quot;:&quot;0&quot;,&quot;title&quot;:&quot;&quot;,&quot;orientation&quot;:&quot;0&quot;}\" data-image-title=\"marca ifisp\" data-image-description=\"\" data-image-caption=\"\" data-medium-file=\"https:\/\/wp.ufpel.edu.br\/ifisp\/files\/2015\/10\/marca-ifisp-424x142.jpg\" data-large-file=\"https:\/\/wp.ufpel.edu.br\/ifisp\/files\/2015\/10\/marca-ifisp-984x220.jpg\" class=\"aligncenter wp-image-135 size-full\" src=\"https:\/\/wp.ufpel.edu.br\/ifisp\/files\/2015\/10\/marca-ifisp.jpg\" alt=\"\" width=\"1405\" height=\"469\" srcset=\"https:\/\/wp.ufpel.edu.br\/ifisp\/files\/2015\/10\/marca-ifisp.jpg 1405w, https:\/\/wp.ufpel.edu.br\/ifisp\/files\/2015\/10\/marca-ifisp-212x71.jpg 212w, https:\/\/wp.ufpel.edu.br\/ifisp\/files\/2015\/10\/marca-ifisp-424x142.jpg 424w\" sizes=\"(max-width: 1405px) 100vw, 1405px\" \/><\/a><\/p>\n<\/div>\n","protected":false},"excerpt":{"rendered":"<p>Mem\u00f3ria Institucional O Instituto de Sociologia e Pol\u00edtica foi criado em 1958, sob inspira\u00e7\u00e3o da Unesco, constituindo-se como um \u00f3rg\u00e3o aut\u00f4nomo da Faculdade de Direito de Pelotas, na \u00e9poca vinculada \u00e0 Universidade do Rio Grande do Sul (URGS). Nesse per\u00edodo, o atual IFISP era uma unidade destinada \u00e0 promo\u00e7\u00e3o de cursos, semin\u00e1rios e debates sobre [&hellip;]<\/p>\n","protected":false},"author":1247,"featured_media":0,"parent":0,"menu_order":0,"comment_status":"closed","ping_status":"closed","template":"","meta":{"advanced_seo_description":"","jetpack_seo_html_title":"","jetpack_seo_noindex":false,"jetpack_post_was_ever_published":false,"footnotes":""},"class_list":["post-90","page","type-page","status-publish","hentry"],"jetpack_sharing_enabled":true,"_links":{"self":[{"href":"https:\/\/wp.ufpel.edu.br\/ifisp\/index.php?rest_route=\/wp\/v2\/pages\/90","targetHints":{"allow":["GET"]}}],"collection":[{"href":"https:\/\/wp.ufpel.edu.br\/ifisp\/index.php?rest_route=\/wp\/v2\/pages"}],"about":[{"href":"https:\/\/wp.ufpel.edu.br\/ifisp\/index.php?rest_route=\/wp\/v2\/types\/page"}],"author":[{"embeddable":true,"href":"https:\/\/wp.ufpel.edu.br\/ifisp\/index.php?rest_route=\/wp\/v2\/users\/1247"}],"replies":[{"embeddable":true,"href":"https:\/\/wp.ufpel.edu.br\/ifisp\/index.php?rest_route=%2Fwp%2Fv2%2Fcomments&post=90"}],"version-history":[{"count":21,"href":"https:\/\/wp.ufpel.edu.br\/ifisp\/index.php?rest_route=\/wp\/v2\/pages\/90\/revisions"}],"predecessor-version":[{"id":2910,"href":"https:\/\/wp.ufpel.edu.br\/ifisp\/index.php?rest_route=\/wp\/v2\/pages\/90\/revisions\/2910"}],"wp:attachment":[{"href":"https:\/\/wp.ufpel.edu.br\/ifisp\/index.php?rest_route=%2Fwp%2Fv2%2Fmedia&parent=90"}],"curies":[{"name":"wp","href":"https:\/\/api.w.org\/{rel}","templated":true}]}}