{"id":47,"date":"2023-05-22T14:44:13","date_gmt":"2023-05-22T17:44:13","guid":{"rendered":"https:\/\/wp.ufpel.edu.br\/ifisp\/?page_id=47"},"modified":"2025-10-03T10:47:23","modified_gmt":"2025-10-03T13:47:23","slug":"ppgfilosofia","status":"publish","type":"page","link":"https:\/\/wp.ufpel.edu.br\/ifisp\/?page_id=47","title":{"rendered":"Programa de P\u00f3s-Gradua\u00e7\u00e3o em Filosofia"},"content":{"rendered":"<p><a href=\"https:\/\/wp.ufpel.edu.br\/ppgfil\/\"><img data-attachment-id=\"2467\" data-permalink=\"https:\/\/wp.ufpel.edu.br\/ifisp\/?attachment_id=2467\" data-orig-file=\"https:\/\/wp.ufpel.edu.br\/ifisp\/files\/2023\/10\/Marca-vertical-programa-de-pos-graduacao-Filosofia-01.png\" data-orig-size=\"461,385\" data-comments-opened=\"0\" data-image-meta=\"{&quot;aperture&quot;:&quot;0&quot;,&quot;credit&quot;:&quot;&quot;,&quot;camera&quot;:&quot;&quot;,&quot;caption&quot;:&quot;&quot;,&quot;created_timestamp&quot;:&quot;0&quot;,&quot;copyright&quot;:&quot;&quot;,&quot;focal_length&quot;:&quot;0&quot;,&quot;iso&quot;:&quot;0&quot;,&quot;shutter_speed&quot;:&quot;0&quot;,&quot;title&quot;:&quot;&quot;,&quot;orientation&quot;:&quot;0&quot;}\" data-image-title=\"Marca vertical programa de pos-gradua\u00e7\u00e3o Filosofia-01\" data-image-description=\"\" data-image-caption=\"\" data-medium-file=\"https:\/\/wp.ufpel.edu.br\/ifisp\/files\/2023\/10\/Marca-vertical-programa-de-pos-graduacao-Filosofia-01-400x334.png\" data-large-file=\"https:\/\/wp.ufpel.edu.br\/ifisp\/files\/2023\/10\/Marca-vertical-programa-de-pos-graduacao-Filosofia-01.png\" class=\"aligncenter wp-image-2467\" src=\"https:\/\/wp.ufpel.edu.br\/ifisp\/files\/2023\/10\/Marca-vertical-programa-de-pos-graduacao-Filosofia-01.png\" alt=\"\" width=\"250\" height=\"209\" srcset=\"https:\/\/wp.ufpel.edu.br\/ifisp\/files\/2023\/10\/Marca-vertical-programa-de-pos-graduacao-Filosofia-01.png 461w, https:\/\/wp.ufpel.edu.br\/ifisp\/files\/2023\/10\/Marca-vertical-programa-de-pos-graduacao-Filosofia-01-400x334.png 400w\" sizes=\"(max-width: 250px) 100vw, 250px\" \/><\/a><\/p>\n<p>O Programa de P\u00f3s-Gradua\u00e7\u00e3o\u00a0<em>stricto sensu<\/em>\u00a0em Filosofia da Universidade Federal de Pelotas est\u00e1 alicer\u00e7ado na hist\u00f3ria institucional de seu Departamento de Filosofia. Desde sua cria\u00e7\u00e3o em 24\/08\/1984, a UFPel mant\u00e9m um curso de Gradua\u00e7\u00e3o em Filosofia, em n\u00edvel de Licenciatura (em 2005 houve a implementa\u00e7\u00e3o de um Bacharelado, e no ano de 2014 a cria\u00e7\u00e3o de um Curso de Licenciatura em Filosofia EAD).<\/p>\n<p>No segundo semestre de 1997 surgiu a P\u00f3s-Gradua\u00e7\u00e3o\u00a0<em>lato sensu<\/em>\u00a0com o curso de Especializa\u00e7\u00e3o em Filosofia Moral e Pol\u00edtica. O curso de P\u00f3s-Gradua\u00e7\u00e3o em n\u00edvel de Mestrado foi criado no ano de 2007 com vistas a atender a uma demanda importante dos anseios da regi\u00e3o sul do Rio Grande do Sul, bem como do Uruguai, raz\u00e3o pela qual o Programa manteve interc\u00e2mbios com a Universidad Cat\u00f3lica del Uruguay (UCU) e com a Universidad de la Rep\u00fablica (UDELAR). Al\u00e9m desses, tamb\u00e9m foi firmado um acordo de coopera\u00e7\u00e3o com a Universidade Federal de Santa Catarina (UFSC), que j\u00e1 possu\u00eda um Programa de P\u00f3s-Gradua\u00e7\u00e3o consolidado.<\/p>\n<p>A cria\u00e7\u00e3o do Mestrado em Filosofia, com sua primeira turma a partir de mar\u00e7o de 2008, objetivou solidificar, em n\u00edvel de ensino, as atividades de pesquisa realizadas por seu corpo docente, visando ser um ponto de refer\u00eancia nas investiga\u00e7\u00f5es a respeito de quest\u00f5es relevantes de filosofia moral e pol\u00edtica. Em sua primeira avalia\u00e7\u00e3o efetiva, o Programa recebeu conceito 4 da Coordena\u00e7\u00e3o de Aperfei\u00e7oamento de Pessoal de N\u00edvel Superior (CAPES). No ano de 2013 houve a reativa\u00e7\u00e3o do Curso de Especializa\u00e7\u00e3o em Filosofia, e em 2014 (quando o Departamento comemorava seus trinta anos de exist\u00eancia) foi aprovado o Doutorado em Filosofia da UFPel pelo Conselho Cient\u00edfico da CAPES, sendo que suas atividades iniciaram em agosto de 2015. No segundo semestre de 2017 houve a cria\u00e7\u00e3o e o reconhecimento do Curso de Especializa\u00e7\u00e3o em Ensino de Filosofia EAD. Atendendo a uma demanda crescente, o PPGFIL-UFPel tamb\u00e9m implementou, em outubro de 2021, o seu Curso de P\u00f3s-Doutorado em Filosofia.<\/p>\n<p>O Programa conta, atualmente, com 11 professores em seu quadro docente permanente, al\u00e9m de 02 professores colaboradores e 01 professor visitante, todos com atividades de ensino, pesquisa e extens\u00e3o voltadas para a \u00e1rea de concentra\u00e7\u00e3o e as linhas de pesquisa do curso.<\/p>\n<p>O Programa est\u00e1 articulado em uma grande \u00e1rea de concentra\u00e7\u00e3o<i>, \u00c9tica e Filosofia Pol\u00edtica<\/i>,\u00a0com quatro linhas de pesquisa:<i>\u00a0Concep\u00e7\u00f5es de Virtude<\/i>;<i>\u00a0Fundamenta\u00e7\u00e3o e Cr\u00edtica da Moral<\/i>;<i>\u00a0Direito, Sociedade e Estado<\/i>;<i>\u00a0<\/i>e<i>\u00a0Epistemologia Moral.\u00a0<\/i>O Programa conta tamb\u00e9m com a publica\u00e7\u00e3o da\u00a0<i>Revista Dissertatio<\/i>, fundada em 1995 (indexada no CLASE, com conceito A2 pelo Qualis\/Capes), com a revista\u00a0<em>Seara Filos\u00f3fica<\/em>, editada pelos discentes do PPGFIL a partir de 2009 (classificada no Qualis\/Capes com B1), bem como, a partir de 2014, com as Cole\u00e7\u00f5es\u00a0<i>Dissertatio Filosofia, Dissertatio Studia<\/i>\u00a0e\u00a0<i>Dissertatio Incipiens<\/i>.<\/p>\n<p style=\"text-align: left;\"><strong><a href=\"https:\/\/wp.ufpel.edu.br\/ppgfil\/\" target=\"_blank\" rel=\"noopener\">Acesse o site do PPG em Filosofia aqui<\/a><\/strong><\/p>\n","protected":false},"excerpt":{"rendered":"<p>O Programa de P\u00f3s-Gradua\u00e7\u00e3o\u00a0stricto sensu\u00a0em Filosofia da Universidade Federal de Pelotas est\u00e1 alicer\u00e7ado na hist\u00f3ria institucional de seu Departamento de Filosofia. Desde sua cria\u00e7\u00e3o em 24\/08\/1984, a UFPel mant\u00e9m um curso de Gradua\u00e7\u00e3o em Filosofia, em n\u00edvel de Licenciatura (em 2005 houve a implementa\u00e7\u00e3o de um Bacharelado, e no ano de 2014 a cria\u00e7\u00e3o de [&hellip;]<\/p>\n","protected":false},"author":1247,"featured_media":0,"parent":0,"menu_order":0,"comment_status":"closed","ping_status":"closed","template":"","meta":{"advanced_seo_description":"","jetpack_seo_html_title":"","jetpack_seo_noindex":false,"jetpack_post_was_ever_published":false,"footnotes":""},"class_list":["post-47","page","type-page","status-publish","hentry"],"jetpack_sharing_enabled":true,"_links":{"self":[{"href":"https:\/\/wp.ufpel.edu.br\/ifisp\/index.php?rest_route=\/wp\/v2\/pages\/47","targetHints":{"allow":["GET"]}}],"collection":[{"href":"https:\/\/wp.ufpel.edu.br\/ifisp\/index.php?rest_route=\/wp\/v2\/pages"}],"about":[{"href":"https:\/\/wp.ufpel.edu.br\/ifisp\/index.php?rest_route=\/wp\/v2\/types\/page"}],"author":[{"embeddable":true,"href":"https:\/\/wp.ufpel.edu.br\/ifisp\/index.php?rest_route=\/wp\/v2\/users\/1247"}],"replies":[{"embeddable":true,"href":"https:\/\/wp.ufpel.edu.br\/ifisp\/index.php?rest_route=%2Fwp%2Fv2%2Fcomments&post=47"}],"version-history":[{"count":3,"href":"https:\/\/wp.ufpel.edu.br\/ifisp\/index.php?rest_route=\/wp\/v2\/pages\/47\/revisions"}],"predecessor-version":[{"id":3447,"href":"https:\/\/wp.ufpel.edu.br\/ifisp\/index.php?rest_route=\/wp\/v2\/pages\/47\/revisions\/3447"}],"wp:attachment":[{"href":"https:\/\/wp.ufpel.edu.br\/ifisp\/index.php?rest_route=%2Fwp%2Fv2%2Fmedia&parent=47"}],"curies":[{"name":"wp","href":"https:\/\/api.w.org\/{rel}","templated":true}]}}