{"id":41,"date":"2023-05-22T14:34:12","date_gmt":"2023-05-22T17:34:12","guid":{"rendered":"https:\/\/wp.ufpel.edu.br\/ifisp\/?page_id=41"},"modified":"2025-10-03T10:48:03","modified_gmt":"2025-10-03T13:48:03","slug":"ppgcienciapolitica","status":"publish","type":"page","link":"https:\/\/wp.ufpel.edu.br\/ifisp\/?page_id=41","title":{"rendered":"Programa de P\u00f3s-Gradua\u00e7\u00e3o em Ci\u00eancia Pol\u00edtica"},"content":{"rendered":"<p>&nbsp;<\/p>\n<p><a href=\"https:\/\/wp.ufpel.edu.br\/ppgcienciapolitica\/\"><img data-attachment-id=\"3441\" data-permalink=\"https:\/\/wp.ufpel.edu.br\/ifisp\/?attachment_id=3441\" data-orig-file=\"https:\/\/wp.ufpel.edu.br\/ifisp\/files\/2025\/10\/LogoPPGCPOL-2025.png\" data-orig-size=\"1000,1000\" data-comments-opened=\"0\" data-image-meta=\"{&quot;aperture&quot;:&quot;0&quot;,&quot;credit&quot;:&quot;&quot;,&quot;camera&quot;:&quot;&quot;,&quot;caption&quot;:&quot;&quot;,&quot;created_timestamp&quot;:&quot;0&quot;,&quot;copyright&quot;:&quot;&quot;,&quot;focal_length&quot;:&quot;0&quot;,&quot;iso&quot;:&quot;0&quot;,&quot;shutter_speed&quot;:&quot;0&quot;,&quot;title&quot;:&quot;&quot;,&quot;orientation&quot;:&quot;0&quot;}\" data-image-title=\"LogoPPGCPOL &amp;#8211; 2025\" data-image-description=\"\" data-image-caption=\"\" data-medium-file=\"https:\/\/wp.ufpel.edu.br\/ifisp\/files\/2025\/10\/LogoPPGCPOL-2025-400x400.png\" data-large-file=\"https:\/\/wp.ufpel.edu.br\/ifisp\/files\/2025\/10\/LogoPPGCPOL-2025.png\" class=\"wp-image-3441 aligncenter\" src=\"https:\/\/wp.ufpel.edu.br\/ifisp\/files\/2025\/10\/LogoPPGCPOL-2025-400x400.png\" alt=\"\" width=\"271\" height=\"271\" srcset=\"https:\/\/wp.ufpel.edu.br\/ifisp\/files\/2025\/10\/LogoPPGCPOL-2025-400x400.png 400w, https:\/\/wp.ufpel.edu.br\/ifisp\/files\/2025\/10\/LogoPPGCPOL-2025-200x200.png 200w, https:\/\/wp.ufpel.edu.br\/ifisp\/files\/2025\/10\/LogoPPGCPOL-2025-768x768.png 768w, https:\/\/wp.ufpel.edu.br\/ifisp\/files\/2025\/10\/LogoPPGCPOL-2025.png 1000w\" sizes=\"(max-width: 271px) 100vw, 271px\" \/><\/a>O Programa de P\u00f3s-Gradua\u00e7\u00e3o em Ci\u00eancia Pol\u00edtica da Universidade Federal de Pelotas foi primeiramente fundado na significativa presen\u00e7a da \u00e1rea de Ci\u00eancia Pol\u00edtica nos cursos que constituem o Instituto de Filosofia, Sociologia e Pol\u00edtica. Tem sua principal origem institucional no curso de Especializa\u00e7\u00e3o em Ci\u00eancia Pol\u00edtica criado em 1985 \u2013 e que, ao longo dos seus 25 anos de exist\u00eancia, formou cerca de 200 alunos. Esse curso de especializa\u00e7\u00e3o foi o embri\u00e3o do curso de Gradua\u00e7\u00e3o Bacharelado em Ci\u00eancias Sociais formado em 1991, ao qual foi acrescentado o curso de Licenciatura em Ci\u00eancias Sociais em 1994. Em 2006, esse esfor\u00e7o conjunto redundou na implementa\u00e7\u00e3o do curso de Mestrado em Ci\u00eancias Sociais, vinculado ao Comit\u00ea de Sociologia\/CAPES, contemplando entre suas quatro linhas de pesquisas, uma espec\u00edfica para a \u00c1rea de Ci\u00eancia Pol\u00edtica, denominada \u201cCidade, Estado e Esfera P\u00fablica\u201d.<\/p>\n<p>O Programa de P\u00f3s-Gradua\u00e7\u00e3o em Ci\u00eancia Pol\u00edtica (PPGCPol) da Universidade Federal de Pelotas teve seu funcionamento recomendado pela CAPES em 2010. Suas atividades foram iniciadas em mar\u00e7o de 2011, sendo a primeira turma de Mestrado formada por 13 alunos. Em 2015, o PPGCPol obteve recomenda\u00e7\u00e3o da CAPES para o funcionamento do curso de Doutorado, cuja primeira turma iniciou as atividades com cinco alunos em 2016. Assim, o PPGCPol resulta no esfor\u00e7o de fortalecimento da \u00c1rea de Ci\u00eancia Pol\u00edtica e Rela\u00e7\u00f5es Internacionais no \u00e2mbito da Universidade e da regi\u00e3o sul do Rio Grande do Sul. Em 2021, o programa completou dez anos de exist\u00eancia.<\/p>\n<p>O PPGCPol prima pela forma\u00e7\u00e3o rigorosa e qualificada do seu corpo discente, sempre tendo como perspectiva o engajamento e a dedica\u00e7\u00e3o dos estudantes \u00e0s atividades dos cursos. Neste sentido, tal pol\u00edtica tem privilegiado a s\u00f3lida forma\u00e7\u00e3o de recursos humanos com voca\u00e7\u00e3o acad\u00eamica.<\/p>\n<p>O PPGCPol possui a \u00c1rea de Concentra\u00e7\u00e3o \u201cDemocracia e Pol\u00edtica Contempor\u00e2nea\u201d e tr\u00eas linhas de pesquisa: \u201cInstitui\u00e7\u00f5es e Processos Pol\u00edticos\u201d, \u201cDin\u00e2micas Pol\u00edticas e Conflitos Sociais\u201d e \u201cTeoria Pol\u00edtica e Teoria Social Contempor\u00e2neas\u201d.<\/p>\n<p>O PPGCPol\/UFPel recebeu na \u00faltima Avalia\u00e7\u00e3o Quadrienal da CAPES (2017-2020) a Nota 5, colocando-se entre os dez programas de p\u00f3s-gradua\u00e7\u00e3o em Ci\u00eancia Pol\u00edtica mais qualificados do pa\u00eds.<\/p>\n<p>&nbsp;<\/p>\n<p><strong><a href=\"https:\/\/wp.ufpel.edu.br\/ppgcienciapolitica\/\">Acesse o site do PPGCPol aqui<\/a><\/strong><\/p>\n","protected":false},"excerpt":{"rendered":"<p>&nbsp; O Programa de P\u00f3s-Gradua\u00e7\u00e3o em Ci\u00eancia Pol\u00edtica da Universidade Federal de Pelotas foi primeiramente fundado na significativa presen\u00e7a da \u00e1rea de Ci\u00eancia Pol\u00edtica nos cursos que constituem o Instituto de Filosofia, Sociologia e Pol\u00edtica. Tem sua principal origem institucional no curso de Especializa\u00e7\u00e3o em Ci\u00eancia Pol\u00edtica criado em 1985 \u2013 e que, ao longo [&hellip;]<\/p>\n","protected":false},"author":1247,"featured_media":0,"parent":0,"menu_order":0,"comment_status":"closed","ping_status":"closed","template":"","meta":{"advanced_seo_description":"","jetpack_seo_html_title":"","jetpack_seo_noindex":false,"jetpack_post_was_ever_published":false,"footnotes":""},"class_list":["post-41","page","type-page","status-publish","hentry"],"jetpack_sharing_enabled":true,"_links":{"self":[{"href":"https:\/\/wp.ufpel.edu.br\/ifisp\/index.php?rest_route=\/wp\/v2\/pages\/41","targetHints":{"allow":["GET"]}}],"collection":[{"href":"https:\/\/wp.ufpel.edu.br\/ifisp\/index.php?rest_route=\/wp\/v2\/pages"}],"about":[{"href":"https:\/\/wp.ufpel.edu.br\/ifisp\/index.php?rest_route=\/wp\/v2\/types\/page"}],"author":[{"embeddable":true,"href":"https:\/\/wp.ufpel.edu.br\/ifisp\/index.php?rest_route=\/wp\/v2\/users\/1247"}],"replies":[{"embeddable":true,"href":"https:\/\/wp.ufpel.edu.br\/ifisp\/index.php?rest_route=%2Fwp%2Fv2%2Fcomments&post=41"}],"version-history":[{"count":5,"href":"https:\/\/wp.ufpel.edu.br\/ifisp\/index.php?rest_route=\/wp\/v2\/pages\/41\/revisions"}],"predecessor-version":[{"id":3448,"href":"https:\/\/wp.ufpel.edu.br\/ifisp\/index.php?rest_route=\/wp\/v2\/pages\/41\/revisions\/3448"}],"wp:attachment":[{"href":"https:\/\/wp.ufpel.edu.br\/ifisp\/index.php?rest_route=%2Fwp%2Fv2%2Fmedia&parent=41"}],"curies":[{"name":"wp","href":"https:\/\/api.w.org\/{rel}","templated":true}]}}