{"id":3461,"date":"2025-10-07T14:47:27","date_gmt":"2025-10-07T17:47:27","guid":{"rendered":"https:\/\/wp.ufpel.edu.br\/ifisp\/?page_id=3461"},"modified":"2025-10-07T14:47:27","modified_gmt":"2025-10-07T17:47:27","slug":"pdu-2025-2027","status":"publish","type":"page","link":"https:\/\/wp.ufpel.edu.br\/ifisp\/?page_id=3461","title":{"rendered":"PDU 2025-2027"},"content":{"rendered":"<p><img class=\"aligncenter\" src=\"https:\/\/wp.ufpel.edu.br\/ifisp\/files\/2022\/11\/Vertical-Colorida-original-8-1024x482-1-400x188.png\" \/><\/p>\n<h4 style=\"text-align: center;\"><a href=\"https:\/\/wp.ufpel.edu.br\/ifisp\/files\/2025\/10\/Plano-de-Desenvolvimento-da-Unidade-MODELO-3\u00b0-ciclo.pdf\">PDU IFISP 2025-2027 \u2013 CLIQUE PARA LER O DOCUMENTO NA \u00cdNTEGRA<\/a><\/h4>\n<h4><strong>O que \u00e9 o PDU?<\/strong><\/h4>\n<p dir=\"ltr\">O Plano de Desenvolvimento da Unidade (PDU) \u00e9 o principal instrumento de descentraliza\u00e7\u00e3o do planejamento universit\u00e1rio.<\/p>\n<p dir=\"ltr\">Planejar uma institui\u00e7\u00e3o complexa n\u00e3o deve ser tarefa para um pequeno grupo de pessoas fechadas numa sala. A exist\u00eancia de PDUs permite que as decis\u00f5es que interferem no futuro da Universidade sejam tomadas com ampla participa\u00e7\u00e3o de seus professores, estudantes e t\u00e9cnicos-administrativos.<\/p>\n<p dir=\"ltr\">Isso significa que as pessoas podem e devem expressar no PDU o que desejam para o futuro pr\u00f3ximo, estabelecendo metas de curto prazo, e indicando o que cada um e cada uma precisa fazer para que essas metas sejam alcan\u00e7adas.\u00a0<a href=\"https:\/\/wp.ufpel.edu.br\/planejamentoufpel\/planos-de-desenvolvimento-da-unidade-pdu\/\">Fonte: Planejamento UFPEL<\/a><\/p>\n<p dir=\"ltr\"><strong>Equipe de Reda\u00e7\u00e3o:<\/strong>\u00a0<a href=\"https:\/\/institucional.ufpel.edu.br\/servidores\/id\/139854\">Elaine da Silveira Leite<\/a>,\u00a0<a href=\"https:\/\/institucional.ufpel.edu.br\/servidores\/id\/176279\">Gabriela da Silva Chaves<\/a><br \/>\n<strong>Contato:<\/strong>\u00a0<a href=\"https:\/\/wp.ufpel.edu.br\/ifisp\/ifisp@ufpel.edu.br\">ifisp@ufpel.edu.br<\/a><\/p>\n","protected":false},"excerpt":{"rendered":"<p>PDU IFISP 2025-2027 \u2013 CLIQUE PARA LER O DOCUMENTO NA \u00cdNTEGRA O que \u00e9 o PDU? O Plano de Desenvolvimento da Unidade (PDU) \u00e9 o principal instrumento de descentraliza\u00e7\u00e3o do planejamento universit\u00e1rio. Planejar uma institui\u00e7\u00e3o complexa n\u00e3o deve ser tarefa para um pequeno grupo de pessoas fechadas numa sala. A exist\u00eancia de PDUs permite que [&hellip;]<\/p>\n","protected":false},"author":1399,"featured_media":0,"parent":0,"menu_order":0,"comment_status":"closed","ping_status":"closed","template":"","meta":{"advanced_seo_description":"","jetpack_seo_html_title":"","jetpack_seo_noindex":false,"jetpack_post_was_ever_published":false,"footnotes":""},"class_list":["post-3461","page","type-page","status-publish","hentry"],"jetpack_sharing_enabled":true,"_links":{"self":[{"href":"https:\/\/wp.ufpel.edu.br\/ifisp\/index.php?rest_route=\/wp\/v2\/pages\/3461","targetHints":{"allow":["GET"]}}],"collection":[{"href":"https:\/\/wp.ufpel.edu.br\/ifisp\/index.php?rest_route=\/wp\/v2\/pages"}],"about":[{"href":"https:\/\/wp.ufpel.edu.br\/ifisp\/index.php?rest_route=\/wp\/v2\/types\/page"}],"author":[{"embeddable":true,"href":"https:\/\/wp.ufpel.edu.br\/ifisp\/index.php?rest_route=\/wp\/v2\/users\/1399"}],"replies":[{"embeddable":true,"href":"https:\/\/wp.ufpel.edu.br\/ifisp\/index.php?rest_route=%2Fwp%2Fv2%2Fcomments&post=3461"}],"version-history":[{"count":1,"href":"https:\/\/wp.ufpel.edu.br\/ifisp\/index.php?rest_route=\/wp\/v2\/pages\/3461\/revisions"}],"predecessor-version":[{"id":3465,"href":"https:\/\/wp.ufpel.edu.br\/ifisp\/index.php?rest_route=\/wp\/v2\/pages\/3461\/revisions\/3465"}],"wp:attachment":[{"href":"https:\/\/wp.ufpel.edu.br\/ifisp\/index.php?rest_route=%2Fwp%2Fv2%2Fmedia&parent=3461"}],"curies":[{"name":"wp","href":"https:\/\/api.w.org\/{rel}","templated":true}]}}