{"id":2776,"date":"2024-04-25T17:06:42","date_gmt":"2024-04-25T20:06:42","guid":{"rendered":"https:\/\/wp.ufpel.edu.br\/ifisp\/?page_id=2776"},"modified":"2024-06-28T18:12:17","modified_gmt":"2024-06-28T21:12:17","slug":"laboratorios","status":"publish","type":"page","link":"https:\/\/wp.ufpel.edu.br\/ifisp\/?page_id=2776","title":{"rendered":"Laborat\u00f3rios"},"content":{"rendered":"<p><img data-attachment-id=\"2541\" data-permalink=\"https:\/\/wp.ufpel.edu.br\/ifisp\/?attachment_id=2541\" data-orig-file=\"https:\/\/wp.ufpel.edu.br\/ifisp\/files\/2023\/12\/IFISP-marca-reduzida-vertical.png\" data-orig-size=\"1168,1569\" data-comments-opened=\"0\" data-image-meta=\"{&quot;aperture&quot;:&quot;0&quot;,&quot;credit&quot;:&quot;&quot;,&quot;camera&quot;:&quot;&quot;,&quot;caption&quot;:&quot;&quot;,&quot;created_timestamp&quot;:&quot;0&quot;,&quot;copyright&quot;:&quot;&quot;,&quot;focal_length&quot;:&quot;0&quot;,&quot;iso&quot;:&quot;0&quot;,&quot;shutter_speed&quot;:&quot;0&quot;,&quot;title&quot;:&quot;&quot;,&quot;orientation&quot;:&quot;0&quot;}\" data-image-title=\"IFISP marca reduzida vertical\" data-image-description=\"\" data-image-caption=\"\" data-medium-file=\"https:\/\/wp.ufpel.edu.br\/ifisp\/files\/2023\/12\/IFISP-marca-reduzida-vertical-298x400.png\" data-large-file=\"https:\/\/wp.ufpel.edu.br\/ifisp\/files\/2023\/12\/IFISP-marca-reduzida-vertical-762x1024.png\" class=\"aligncenter wp-image-2541\" src=\"https:\/\/wp.ufpel.edu.br\/ifisp\/files\/2023\/12\/IFISP-marca-reduzida-vertical.png\" alt=\"\" width=\"186\" height=\"250\" srcset=\"https:\/\/wp.ufpel.edu.br\/ifisp\/files\/2023\/12\/IFISP-marca-reduzida-vertical.png 1168w, https:\/\/wp.ufpel.edu.br\/ifisp\/files\/2023\/12\/IFISP-marca-reduzida-vertical-298x400.png 298w, https:\/\/wp.ufpel.edu.br\/ifisp\/files\/2023\/12\/IFISP-marca-reduzida-vertical-762x1024.png 762w, https:\/\/wp.ufpel.edu.br\/ifisp\/files\/2023\/12\/IFISP-marca-reduzida-vertical-768x1032.png 768w, https:\/\/wp.ufpel.edu.br\/ifisp\/files\/2023\/12\/IFISP-marca-reduzida-vertical-1143x1536.png 1143w\" sizes=\"(max-width: 186px) 100vw, 186px\" \/><\/p>\n<p>&nbsp;<\/p>\n<p style=\"text-align: justify;\"><strong class=\"collapseomatic \" id=\"id69fed205072e1\" rel=\"-highlander\" tabindex=\"0\" title=\"NULAB - N\u00facleo Geral de Laborat\u00f3rios\"    >NULAB - N\u00facleo Geral de Laborat\u00f3rios<\/strong><div id=\"target-id69fed205072e1\" class=\"collapseomatic_content \">\n<p style=\"text-align: justify;\">O <a href=\"https:\/\/wp.ufpel.edu.br\/nulab\/\">N\u00facleo Geral de Laborat\u00f3rios<\/a> \u2013 NULAB\/GVR, criado pela Resolu\u00e7\u00e3o CONSUN n\u00ba 04\/2013, visa organizar o cadastro geral dos Laborat\u00f3rios da Universidade Federal de Pelotas, a partir de informa\u00e7\u00f5es b\u00e1sicas de identifica\u00e7\u00e3o, estrutura e atividades desenvolvidas no \u00e2mbito da gradua\u00e7\u00e3o, p\u00f3s-gradua\u00e7\u00e3o e extens\u00e3o.<\/p>\n<p style=\"text-align: justify;\"><a href=\"https:\/\/wp.ufpel.edu.br\/nulab\/regimento-geral-de-laboratorios-ufpel\/\">Regimento Geral de Laborat\u00f3rios UFPel<\/a><\/p>\n<p style=\"text-align: justify;\"><\/div>\n<strong class=\"collapseomatic \" id=\"id69fed20507390\" rel=\"-highlander\" tabindex=\"0\" title=\"Regulamento Interno dos Laborat\u00f3rios do IFISP\"    >Regulamento Interno dos Laborat\u00f3rios do IFISP<\/strong><div id=\"target-id69fed20507390\" class=\"collapseomatic_content \">\n<p style=\"text-align: center;\"><strong><a href=\"https:\/\/wp.ufpel.edu.br\/ifisp\/files\/2024\/05\/SEI_UFPel-2601388-Resolucao.pdf\">PDF: Resolu\u00e7\u00e3o N\u00ba 01\/2024 &#8211; Regulamento Interno dos Laborat\u00f3rios do IFISP<\/a><\/strong><\/p>\n<p>&nbsp;<\/p>\n<p class=\"Texto_Centralizado_Maiusculas_Negrito\" style=\"text-align: center;\">UNIVERSIDADE FEDERAL DE PELOTAS<br \/>\nINSTITUTO DE FILOSOFIA, SOCIOLOGIA E POL\u00cdTICA<\/p>\n<p class=\"Texto_Centralizado_Maiusculas\" style=\"text-align: center;\">RESOLU\u00c7\u00c3O N\u00ba 01\/2024, DE 25 DE ABRIL DE 2024<\/p>\n<p class=\"Texto_Centralizado_Maiusculas_Negrito\" style=\"text-align: center;\"><strong>REGULAMENTO INTERNO DOS LABORAT\u00d3RIOS DO INSTITUTO DE FILOSOFIA, SOCIOLOGIA E POL\u00cdTICA (IFISP) DA UNIVERSIDADE FEDERAL DE PELOTAS<\/strong><\/p>\n<p class=\"Tabela_Texto_Alinhado_Direita\" style=\"text-align: right;\"><span style=\"font-size: 10pt;\">Disp\u00f5e sobre o regimento geral de laborat\u00f3rios do IFISP<\/span><\/p>\n<p><strong>CAP\u00cdTULO I &#8211; DAS DISPOSI\u00c7\u00d5ES PRELIMINARES<\/strong><\/p>\n<div>\n<div dir=\"auto\" data-message-author-role=\"assistant\" data-message-id=\"ae570919-4536-4682-84c1-69e3c6821423\">\n<div>\n<p>Art. 1\u00ba Este regulamento tem como objetivo estabelecer diretrizes gerais para o funcionamento dos laborat\u00f3rios do IFISP, ao mesmo tempo que possibilita a cada laborat\u00f3rio o desenvolvimento de sua pr\u00f3pria regulamenta\u00e7\u00e3o, se necess\u00e1rio.<\/p>\n<\/div>\n<\/div>\n<\/div>\n<p>Par\u00e1grafo \u00fanico. Cada laborat\u00f3rio possui suas particularidades e necessidades espec\u00edficas, portanto, este regulamento serve como diretriz geral, sendo pass\u00edvel de adapta\u00e7\u00e3o e complementa\u00e7\u00e3o de acordo com as caracter\u00edsticas de cada laborat\u00f3rio e as exig\u00eancias de suas respectivas \u00e1reas de estudo.<\/p>\n<p>Art. 2\u00ba Este documento foi elaborado com o intuito de promover o bom funcionamento dos laborat\u00f3rios do IFISP, incentivando a excel\u00eancia acad\u00eamica e cient\u00edfica.<\/p>\n<p><strong>CAP\u00cdTULO II- DA DEFINI\u00c7\u00c3O<\/strong><\/p>\n<p>Art. 3\u00ba Os Laborat\u00f3rios do IFISP s\u00e3o de\u00a0atividades de ensino, pesquisa e extens\u00e3o, constitu\u00eddos por espa\u00e7os f\u00edsicos com\u00a0 equipamentos permanentes que proporcionam um ambiente de aprendizagem para o desenvolvimento de compet\u00eancias e habilidades relacionadas \u00e0s atividades acad\u00eamicas de gradua\u00e7\u00e3o e p\u00f3s-gradua\u00e7\u00e3o dos cursos do IFISP.<\/p>\n<p><strong>CAP\u00cdTULO III &#8211; DOS USU\u00c1RIOS<\/strong><\/p>\n<p>Art. 4\u00ba A utiliza\u00e7\u00e3o dos laborat\u00f3rios fica restrita a docentes, discentes e t\u00e9cnicos administrativos vinculados aos cursos de gradua\u00e7\u00e3o e p\u00f3s-gradua\u00e7\u00e3o do IFISP ou, mediante autoriza\u00e7\u00e3o, a usu\u00e1rios externos.<\/p>\n<p>Art. 5\u00ba Os usu\u00e1rios, sejam docentes, t\u00e9cnicos ou discentes, dever\u00e3o contatar previamente o(s) respons\u00e1vel(eis) pelos laborat\u00f3rios para agendar e desenvolver suas atividades.<\/p>\n<p>Par\u00e1grafo \u00fanico. Os usu\u00e1rios que n\u00e3o efetuarem contato pr\u00e9vio e n\u00e3o receberem autoriza\u00e7\u00e3o para a requerida utiliza\u00e7\u00e3o, n\u00e3o estar\u00e3o autorizados a usar as depend\u00eancias dos laborat\u00f3rios, bem como equipamentos e\/ou materiais.<\/p>\n<p><strong>CAP\u00cdTULO IV &#8211; DA PRIORIDADE DE USO<\/strong><\/p>\n<p>Art. 6\u00ba Os laborat\u00f3rios ser\u00e3o\u00a0utilizados prioritariamente para as aulas regulares das disciplinas dos cursos de gradua\u00e7\u00e3o e\u00a0p\u00f3s-gradua\u00e7\u00e3o ofertadas pelos cursos do IFISP que necessitam da utiliza\u00e7\u00e3o de computadores e softwares instalados nos equipamentos, podendo tamb\u00e9m ser disponibilizado para outras atividades acad\u00eamicas em hor\u00e1rios livres, mediante agendamento pr\u00e9vio com o(s) respons\u00e1vel(eis).<\/p>\n<p><strong>CAP\u00cdTULO V &#8211; DAS RESPONSABILIDADES<\/strong><\/p>\n<p>Art. 7\u00b0 Todos os usu\u00e1rios dos laborat\u00f3rios devem seguir as normas estabelecidas, zelar pela conserva\u00e7\u00e3o do espa\u00e7o e equipamentos, e utilizar os recursos dispon\u00edveis de forma \u00e9tica e respons\u00e1vel.<\/p>\n<p>Art. 8\u00ba A utiliza\u00e7\u00e3o dos laborat\u00f3rios requer m\u00e1ximo zelo e ades\u00e3o \u00e0s medidas de seguran\u00e7a, incluindo a proibi\u00e7\u00e3o de ingest\u00e3o de alimentos (s\u00f3lidos e l\u00edquidos) nas instala\u00e7\u00f5es.<\/p>\n<p>Art. 9\u00ba Durante a realiza\u00e7\u00e3o das aulas e das atividades acad\u00eamicas, o docente e os demais usu\u00e1rios devem fazer cumprir o regimento interno no que diz respeito \u00e0 seguran\u00e7a para garantir a integridade dos usu\u00e1rios e o zelo pelos equipamentos.<\/p>\n<p>Art. 10\u00b0\u00a0A unidade acad\u00eamica preceder\u00e1 a instaura\u00e7\u00e3o de procedimento administrativo de apura\u00e7\u00e3o de responsabilidades em caso de danos aos laborat\u00f3rios e\/ou seus equipamentos.<\/p>\n<p><strong>CAP\u00cdTULO VI &#8211; DOS EQUIPAMENTOS<\/strong><\/p>\n<p>Art. 11\u00ba Os equipamentos patrimoniados pela UFPel s\u00f3 poder\u00e3o ser removidos do ambiente onde se encontram mediante autoriza\u00e7\u00e3o dos respons\u00e1veis, seguindo os tr\u00e2mites necess\u00e1rios estabelecidos pela UFPel para retirada de equipamentos e materiais de suas depend\u00eancias.<\/p>\n<p><strong>CAP\u00cdTULO VII &#8211; DO FUNCIONAMENTO<\/strong><\/p>\n<p>Art. 12\u00ba O hor\u00e1rio de funcionamento dos laborat\u00f3rios segue o hor\u00e1rio de funcionamento da unidade acad\u00eamica.<\/p>\n<p>I. As chaves e a abertura dos laborat\u00f3rios\u00a0s\u00e3o de responsabilidade do professor e\/ou do discente que realizou a reserva, devendo ser retirada e devolvida junto a secretaria do IFISP.<\/p>\n<p>II. Ao sair do laborat\u00f3rio fica a cargo do professor e\/ou aluno a responsabilidade de desligar todos os equipamentos (ar condicionado, computadores, luz), fechar as janelas e deixar as mesas e cadeiras em ordem.<\/p>\n<p><strong>CAP\u00cdTULO VIII\u00a0\u2013 DAS DISPOSI\u00c7\u00d5ES FINAIS<\/strong><\/p>\n<p>Art. 13\u00ba Este regulamento estar\u00e1 sujeito a revis\u00f5es peri\u00f3dicas, com o objetivo de garantir sua adequa\u00e7\u00e3o \u00e0s necessidades dos laborat\u00f3rios do IFISP; qualquer proposta de altera\u00e7\u00e3o dever\u00e1 ser submetida \u00e0 aprecia\u00e7\u00e3o da dire\u00e7\u00e3o do Instituto.<\/p>\n<\/div>\n<p style=\"text-align: justify;\"><strong class=\"collapseomatic \" id=\"id69fed205073c2\" rel=\"-highlander\" tabindex=\"0\" title=\"Laborat\u00f3rio de Ensino de Gradua\u00e7\u00e3o\"    >Laborat\u00f3rio de Ensino de Gradua\u00e7\u00e3o<\/strong><div id=\"target-id69fed205073c2\" class=\"collapseomatic_content \">\n<p style=\"text-align: justify;\"><strong>Unidade:\u00a0<\/strong>Instituto de Filosofia, Sociologia e Pol\u00edtica (IFISP)<br \/>\n<strong>Cursos: <\/strong>Bacharelado em Ci\u00eancias Sociais, Licenciatura em Ci\u00eancias Sociais, Bacharelado em Filosofia, Licenciatura em Filosofia, Bacharelado em Rela\u00e7\u00f5es Internacionais<br \/>\n<strong>Website<\/strong>: N\/D<br \/>\n<strong>C\u00f3digo NULAB:\u00a0<\/strong><\/p>\n<p style=\"text-align: justify;\"><span style=\"text-decoration: underline;\"><strong>Descri\u00e7\u00e3o<\/strong><\/span><br \/>\nO Laborat\u00f3rio de Inform\u00e1tica da Gradua\u00e7\u00e3o do IFISP tem como objetivo proporcionar suporte aos discentes dos cursos de gradua\u00e7\u00e3o do IFISP durante o processo de ensino e aprendizagem. Al\u00e9m disso, visa promover o desenvolvimento de trabalhos e pesquisas relacionados \u00e0s disciplinas, servindo como um recurso did\u00e1tico adicional para os professores.<\/p>\n<p style=\"text-align: justify;\"><span style=\"text-decoration: underline;\"><strong>Localiza\u00e7\u00e3o<\/strong><\/span><br \/>\n<strong>Campus:\u00a0<\/strong>Porto<br \/>\n<strong>Pr\u00e9dio\/Bloco: <\/strong>Campus das Ci\u00eancias Humanas e Sociais (CCHS)<br \/>\n<strong>Sala:\u00a0<\/strong>Sala C<\/p>\n<p style=\"text-align: justify;\"><span style=\"text-decoration: underline;\"><strong>Contato<\/strong><\/span><br \/>\n<strong>Nome: <\/strong><br \/>\n<strong>E-mail:<\/strong><\/p>\n<p style=\"text-align: justify;\"><span style=\"text-decoration: underline;\"><strong>Equipamentos<\/strong><\/span><\/p>\n<p style=\"text-align: justify;\"><\/div>\n<p style=\"text-align: justify;\"><strong class=\"collapseomatic \" id=\"id69fed205073eb\" rel=\"-highlander\" tabindex=\"0\" title=\"LEME\"    >LEME<\/strong><div id=\"target-id69fed205073eb\" class=\"collapseomatic_content \">\n<p style=\"text-align: center;\"><strong>Espa\u00e7o LEME: Laborat\u00f3rio Experimental de Montagem de Exposi\u00e7\u00f5es e Eventos Culturais <\/strong><br \/>\n<strong>Projeto Vinculado:<\/strong> <a href=\"https:\/\/institucional.ufpel.edu.br\/projetos\/id\/u7258\">https:\/\/institucional.ufpel.edu.br\/projetos\/id\/u7258<\/a><\/p>\n<p style=\"text-align: justify;\"><strong>Unidade:\u00a0<\/strong>Instituto de Filosofia, Sociologia e Pol\u00edtica (IFISP)<br \/>\n<strong>Curso:<\/strong> Espa\u00e7o aberto para atividades conforme editais<br \/>\n<strong>Website:<\/strong> <a href=\"https:\/\/wp.ufpel.edu.br\/ifisp\/?cat=64\">IFISP: todas as not\u00edcias do LEME<\/a><br \/>\n<strong>C\u00f3digo NULAB:<\/strong><\/p>\n<p style=\"text-align: justify;\"><span style=\"text-decoration: underline;\"><strong>Descri\u00e7\u00e3o<\/strong><\/span><br \/>\nO LEME \u00e9 uma sala destinada ao uso coletivo e compartilhado, proporcionando oportunidades para que estudantes, docentes e demais membros da comunidade acad\u00eamica do IFISP e do CA possam se encontrar, interagir e desenvolver atividades conjuntas. A sala ser\u00e1 um local prop\u00edcio para a realiza\u00e7\u00e3o de workshops, oficinas, exposi\u00e7\u00f5es, apresenta\u00e7\u00f5es art\u00edsticas, debates, e demais eventos que estimulem a criatividade, a reflex\u00e3o cultural e a troca de conhecimentos.<\/p>\n<p style=\"text-align: justify;\"><span style=\"text-decoration: underline;\"><strong>Localiza\u00e7\u00e3o<\/strong><\/span><br \/>\n<strong>Campus:<\/strong>\u00a0Porto<br \/>\n<strong>Pr\u00e9dio\/Bloco:<\/strong> Campus das Ci\u00eancias Humanas e Sociais (CCHS)<br \/>\n<strong>Sala:<\/strong> LEME<\/p>\n<p style=\"text-align: justify;\"><span style=\"text-decoration: underline;\"><strong>Contato<\/strong><\/span><br \/>\n<strong>Nome:<\/strong> Dir.\u00aa Elaine Leite<br \/>\n<strong>E-mail<\/strong>: ifisp@ufpel.edu.br<\/p>\n<p style=\"text-align: justify;\"><strong><span style=\"text-decoration: underline;\">Equipamentos<\/span><br \/>\n<\/strong>N\/D<\/p>\n<p style=\"text-align: justify;\"><\/div>\n<p style=\"text-align: justify;\"><strong class=\"collapseomatic \" id=\"id69fed20507413\" rel=\"-highlander\" tabindex=\"0\" title=\"Laborat\u00f3rio de Ensino e Pesquisa dos PPGs em Ci\u00eancia Pol\u00edtica e Sociologia\"    >Laborat\u00f3rio de Ensino e Pesquisa dos PPGs em Ci\u00eancia Pol\u00edtica e Sociologia<\/strong><div id=\"target-id69fed20507413\" class=\"collapseomatic_content \">\n<p style=\"text-align: center;\"><strong>Laborat\u00f3rio de Ensino e Pesquisa dos Programas de P\u00f3s-gradua\u00e7\u00e3o em Ci\u00eancia Pol\u00edtica e Sociologia do Instituto de Filosofia, Sociologia e Pol\u00edtica da Universidade Federal de Pelotas<\/strong><br \/>\n<a href=\"https:\/\/wp.ufpel.edu.br\/ppgs\/files\/2019\/12\/regimento-laborat%C3%B3rio.pdf\">Regimento do Laborat\u00f3rio<\/a><\/p>\n<p style=\"text-align: justify;\"><strong>Unidade:\u00a0<\/strong>Instituto de Filosofia, Sociologia e Pol\u00edtica (IFISP)<br \/>\n<strong>Cursos: <\/strong>Mestrado em Ci\u00eancia Pol\u00edtica, Doutorado em Ci\u00eancia Pol\u00edtica, Mestrado em Sociologia, Doutorado em Sociologia<br \/>\n<strong>Websites: <\/strong><a href=\"https:\/\/wp.ufpel.edu.br\/ppgcienciapolitica\/laboratorio-de-informatica\/\">P\u00e1gina do Laborat\u00f3rio no site do Programa de P\u00f3s-Gradua\u00e7\u00e3o em Ci\u00eancia Pol\u00edtica<\/a>, <a href=\"https:\/\/wp.ufpel.edu.br\/ppgcienciapolitica\/laboratorio-de-informatica\/\">P\u00e1gina do Laborat\u00f3rio no site do <\/a><a href=\"https:\/\/wp.ufpel.edu.br\/ppgs\/laboratorio-ifisp\/\">Programa de P\u00f3s-Gradua\u00e7\u00e3o em Sociologia<\/a><br \/>\n<strong>C\u00f3digo NULAB:\u00a0<\/strong><\/p>\n<p style=\"text-align: justify;\"><span style=\"text-decoration: underline;\"><strong>Descri\u00e7\u00e3o<\/strong><\/span><br \/>\nEm 2013, os Programas de P\u00f3s-Gradua\u00e7\u00e3o em Ci\u00eancia Pol\u00edtica (PPGCPol) e em Sociologia (PPGS) da UFPel inauguraram um novo e moderno laborat\u00f3rio de inform\u00e1tica, cujo espa\u00e7o tamb\u00e9m se destina \u00e0 realiza\u00e7\u00e3o de disciplinas ligadas ao ensino de metodologias e t\u00e9cnicas de pesquisa quantitativas e qualitativas nas \u00e1reas de Ci\u00eancia Pol\u00edtica e Sociologia. Seus equipamentos foram adquiridos com recursos destinados especificamente para sua compra e oriundos de editais de pesquisadores dos programas contemplados. O uso do laborat\u00f3rio \u00e9 exclusivo dos docentes e discentes vinculados a ambos PPGs.<\/p>\n<p style=\"text-align: justify;\"><span style=\"text-decoration: underline;\"><strong>Localiza\u00e7\u00e3o<\/strong><\/span><br \/>\n<strong>Campus:\u00a0<\/strong>Porto<br \/>\n<strong>Pr\u00e9dio\/Bloco: <\/strong>Campus das Ci\u00eancias Humanas e Sociais (CCHS)<br \/>\n<strong>Sala:\u00a0<\/strong>201<\/p>\n<p style=\"text-align: justify;\"><span style=\"text-decoration: underline;\"><strong>Contato<\/strong><\/span><br \/>\n<strong>Nome: <\/strong>Prof. William Daldegan &#8211; PPG Ci\u00eancia Pol\u00edtica<br \/>\n<strong>E-mail: <\/strong>ppgcpol@gmail.com<\/p>\n<p style=\"text-align: justify;\"><strong>Nome:\u00a0<\/strong>Prof. Rodrio Cantu &#8211; PPG Sociologia<br \/>\n<strong>E-mail: <\/strong>ppgs@ufpel.edu.br<\/p>\n<p style=\"text-align: justify;\"><span style=\"text-decoration: underline;\"><strong>Equipamentos<\/strong><\/span><\/p>\n<p style=\"text-align: justify;\"><\/div>\n<p style=\"text-align: justify;\"><strong class=\"collapseomatic \" id=\"id69fed20507437\" rel=\"-highlander\" tabindex=\"0\" title=\"Laborat\u00f3rio de Educa\u00e7\u00e3o a Dist\u00e2ncia\"    >Laborat\u00f3rio de Educa\u00e7\u00e3o a Dist\u00e2ncia<\/strong><div id=\"target-id69fed20507437\" class=\"collapseomatic_content \">\n<p style=\"text-align: center;\"><strong>Espa\u00e7o de Perman\u00eancia dos Professores Formadores e Tutores do Curso de Licenciatura em Filosofia a Dist\u00e2ncia e da Especializa\u00e7\u00e3o em Ensino de Filosofia a Dist\u00e2ncia<\/strong><\/p>\n<p style=\"text-align: justify;\"><strong>Unidade:\u00a0<\/strong>Instituto de Filosofia, Sociologia e Pol\u00edtica (IFISP)<br \/>\n<strong>Curso:\u00a0<\/strong>Curso de Licenciatura em Filosofia a Dist\u00e2ncia, Especializa\u00e7\u00e3o em Ensino de Filosofia a Dist\u00e2ncia<br \/>\n<strong>Website: <\/strong><a href=\"https:\/\/wp.ufpel.edu.br\/filosofiaead\/\">Curso de Licenciatura em Filosofia a Dist\u00e2ncia<\/a>, <a href=\"https:\/\/wp.ufpel.edu.br\/ed\/\">Especializa\u00e7\u00e3o em Ensino de Filosofia a Dist\u00e2ncia<\/a><br \/>\n<strong>C\u00f3digo NULAB:\u00a0<\/strong><\/p>\n<p style=\"text-align: justify;\"><span style=\"text-decoration: underline;\"><strong>Descri\u00e7\u00e3o<\/strong><\/span><\/p>\n<p style=\"text-align: justify;\"><span style=\"text-decoration: underline;\"><strong>Localiza\u00e7\u00e3o<\/strong><\/span><br \/>\n<strong>Campus:\u00a0<\/strong>Porto<br \/>\n<strong>Pr\u00e9dio\/Bloco: <\/strong>Campus das Ci\u00eancias Humanas e Sociais (CCHS)<br \/>\n<strong>Sala:\u00a0<\/strong>212<\/p>\n<p style=\"text-align: justify;\"><span style=\"text-decoration: underline;\"><strong>Contato<\/strong><\/span><br \/>\n<strong>Nome:\u00a0<\/strong>Prof. Keberson Bresolin &#8211; Curso de Licenciatura em Filosofia a Dist\u00e2ncia<br \/>\n<strong>E-mail:<\/strong> filosofia.ead@ufpel.edu.br<\/p>\n<p><strong>Nome: <\/strong>Prof. Juliano do Carmo &#8211; Especializa\u00e7\u00e3o em Ensino de Filosofia a Dist\u00e2ncia<br \/>\n<strong>E-mail: <\/strong>filoposufpel@gmail.com<\/p>\n<p style=\"text-align: justify;\"><span style=\"text-decoration: underline;\"><strong>Equipamentos<\/strong><\/span><\/p>\n<p style=\"text-align: justify;\"><\/div>\n<p style=\"text-align: justify;\"><strong class=\"collapseomatic \" id=\"id69fed2050745a\" rel=\"-highlander\" tabindex=\"0\" title=\"Sala 301\"    >Sala 301<\/strong><div id=\"target-id69fed2050745a\" class=\"collapseomatic_content \">\n<p style=\"text-align: justify;\"><strong>Unidade:\u00a0<\/strong>Instituto de Filosofia, Sociologia e Pol\u00edtica (IFISP)<br \/>\n<strong>Curso:<\/strong><br \/>\n<strong>Website: <\/strong><br \/>\n<strong>C\u00f3digo NULAB:\u00a0<\/strong><\/p>\n<p style=\"text-align: justify;\"><span style=\"text-decoration: underline;\"><strong>Descri\u00e7\u00e3o<\/strong><\/span><\/p>\n<p style=\"text-align: justify;\"><span style=\"text-decoration: underline;\"><strong>Localiza\u00e7\u00e3o<\/strong><\/span><br \/>\n<strong>Campus:\u00a0<\/strong>Porto<br \/>\n<strong>Pr\u00e9dio\/Bloco: <\/strong>Campus das Ci\u00eancias Humanas e Sociais (CCHS)<br \/>\n<strong>Sala:\u00a0<\/strong>301<\/p>\n<p style=\"text-align: justify;\"><span style=\"text-decoration: underline;\"><strong>Contato<\/strong><\/span><br \/>\n<strong>Nome: <\/strong><br \/>\n<strong>E-mail:<\/strong><\/p>\n<p style=\"text-align: justify;\"><span style=\"text-decoration: underline;\"><strong>Equipamentos<\/strong><\/span><\/p>\n<p style=\"text-align: justify;\"><\/div>\n<p style=\"text-align: justify;\"><strong class=\"collapseomatic \" id=\"id69fed2050747b\" rel=\"-highlander\" tabindex=\"0\" title=\"Laborat\u00f3rio Multiuso IFISP\"    >Laborat\u00f3rio Multiuso IFISP<\/strong><div id=\"target-id69fed2050747b\" class=\"collapseomatic_content \">\n<p style=\"text-align: justify;\"><strong>Unidade:\u00a0<\/strong>Instituto de Filosofia, Sociologia e Pol\u00edtica (IFISP)<br \/>\n<strong>Curso:\u00a0<\/strong>Todos os cursos do IFISP<br \/>\n<strong>Website: <\/strong><a href=\"https:\/\/wp.ufpel.edu.br\/ifisp\/?page_id=1734\">IFISP: Agendamento da Sala 302<\/a><br \/>\n<strong>C\u00f3digo NULAB:\u00a0<\/strong><\/p>\n<p style=\"text-align: justify;\"><span style=\"text-decoration: underline;\"><strong>Descri\u00e7\u00e3o<\/strong><\/span><br \/>\nO Laborat\u00f3rio Multiuso IFISP (Sala 302) visa ser um espa\u00e7o vers\u00e1til e prop\u00edcio para a forma\u00e7\u00e3o acad\u00eamica dos estudantes de gradua\u00e7\u00e3o e p\u00f3s-gradua\u00e7\u00e3o do IFISP, contribuindo com as atividades de ensino, pesquisa e extens\u00e3o.<\/p>\n<p style=\"text-align: justify;\"><span style=\"text-decoration: underline;\"><strong>Localiza\u00e7\u00e3o<\/strong><\/span><br \/>\n<strong>Campus:\u00a0<\/strong>Porto<br \/>\n<strong>Pr\u00e9dio\/Bloco: <\/strong>Campus das Ci\u00eancias Humanas e Sociais (CCHS)<br \/>\n<strong>Sala: <\/strong>302<\/p>\n<p style=\"text-align: justify;\"><span style=\"text-decoration: underline;\"><strong>Contato<\/strong><\/span><br \/>\n<strong>Nome:\u00a0<\/strong>Alexandro Brum Sosa<br \/>\n<strong>E-mail:\u00a0<\/strong>ifisp@ufpel.edu.br<\/p>\n<p style=\"text-align: justify;\"><span style=\"text-decoration: underline;\"><strong>Equipamentos<\/strong><\/span><br \/>\nSala com mesa (02) para reuni\u00f5es, escrivaninhas (03) e cadeiras (12) e (02) computadores para os alunos de gradua\u00e7\u00e3o e de p\u00f3s-gradua\u00e7\u00e3o, (02) arm\u00e1rios para guardar equipamentos e material.<\/p>\n<p style=\"text-align: justify;\"><\/div>\n","protected":false},"excerpt":{"rendered":"<p>&nbsp;<\/p>\n","protected":false},"author":1247,"featured_media":0,"parent":0,"menu_order":0,"comment_status":"closed","ping_status":"closed","template":"","meta":{"advanced_seo_description":"","jetpack_seo_html_title":"","jetpack_seo_noindex":false,"jetpack_post_was_ever_published":false,"footnotes":""},"class_list":["post-2776","page","type-page","status-publish","hentry"],"jetpack_sharing_enabled":true,"_links":{"self":[{"href":"https:\/\/wp.ufpel.edu.br\/ifisp\/index.php?rest_route=\/wp\/v2\/pages\/2776","targetHints":{"allow":["GET"]}}],"collection":[{"href":"https:\/\/wp.ufpel.edu.br\/ifisp\/index.php?rest_route=\/wp\/v2\/pages"}],"about":[{"href":"https:\/\/wp.ufpel.edu.br\/ifisp\/index.php?rest_route=\/wp\/v2\/types\/page"}],"author":[{"embeddable":true,"href":"https:\/\/wp.ufpel.edu.br\/ifisp\/index.php?rest_route=\/wp\/v2\/users\/1247"}],"replies":[{"embeddable":true,"href":"https:\/\/wp.ufpel.edu.br\/ifisp\/index.php?rest_route=%2Fwp%2Fv2%2Fcomments&post=2776"}],"version-history":[{"count":41,"href":"https:\/\/wp.ufpel.edu.br\/ifisp\/index.php?rest_route=\/wp\/v2\/pages\/2776\/revisions"}],"predecessor-version":[{"id":2909,"href":"https:\/\/wp.ufpel.edu.br\/ifisp\/index.php?rest_route=\/wp\/v2\/pages\/2776\/revisions\/2909"}],"wp:attachment":[{"href":"https:\/\/wp.ufpel.edu.br\/ifisp\/index.php?rest_route=%2Fwp%2Fv2%2Fmedia&parent=2776"}],"curies":[{"name":"wp","href":"https:\/\/api.w.org\/{rel}","templated":true}]}}