{"id":1939,"date":"2023-05-16T18:16:18","date_gmt":"2023-05-16T21:16:18","guid":{"rendered":"https:\/\/wp.ufpel.edu.br\/ifisp\/?page_id=1939"},"modified":"2025-10-02T17:50:27","modified_gmt":"2025-10-02T20:50:27","slug":"chefias","status":"publish","type":"page","link":"https:\/\/wp.ufpel.edu.br\/ifisp\/?page_id=1939","title":{"rendered":"Chefias e Portarias"},"content":{"rendered":"<p><img data-attachment-id=\"2541\" data-permalink=\"https:\/\/wp.ufpel.edu.br\/ifisp\/?attachment_id=2541\" data-orig-file=\"https:\/\/wp.ufpel.edu.br\/ifisp\/files\/2023\/12\/IFISP-marca-reduzida-vertical.png\" data-orig-size=\"1168,1569\" data-comments-opened=\"0\" data-image-meta=\"{&quot;aperture&quot;:&quot;0&quot;,&quot;credit&quot;:&quot;&quot;,&quot;camera&quot;:&quot;&quot;,&quot;caption&quot;:&quot;&quot;,&quot;created_timestamp&quot;:&quot;0&quot;,&quot;copyright&quot;:&quot;&quot;,&quot;focal_length&quot;:&quot;0&quot;,&quot;iso&quot;:&quot;0&quot;,&quot;shutter_speed&quot;:&quot;0&quot;,&quot;title&quot;:&quot;&quot;,&quot;orientation&quot;:&quot;0&quot;}\" data-image-title=\"IFISP marca reduzida vertical\" data-image-description=\"\" data-image-caption=\"\" data-medium-file=\"https:\/\/wp.ufpel.edu.br\/ifisp\/files\/2023\/12\/IFISP-marca-reduzida-vertical-298x400.png\" data-large-file=\"https:\/\/wp.ufpel.edu.br\/ifisp\/files\/2023\/12\/IFISP-marca-reduzida-vertical-762x1024.png\" class=\"aligncenter wp-image-2541\" src=\"https:\/\/wp.ufpel.edu.br\/ifisp\/files\/2023\/12\/IFISP-marca-reduzida-vertical.png\" alt=\"\" width=\"149\" height=\"200\" srcset=\"https:\/\/wp.ufpel.edu.br\/ifisp\/files\/2023\/12\/IFISP-marca-reduzida-vertical.png 1168w, https:\/\/wp.ufpel.edu.br\/ifisp\/files\/2023\/12\/IFISP-marca-reduzida-vertical-298x400.png 298w, https:\/\/wp.ufpel.edu.br\/ifisp\/files\/2023\/12\/IFISP-marca-reduzida-vertical-762x1024.png 762w, https:\/\/wp.ufpel.edu.br\/ifisp\/files\/2023\/12\/IFISP-marca-reduzida-vertical-768x1032.png 768w, https:\/\/wp.ufpel.edu.br\/ifisp\/files\/2023\/12\/IFISP-marca-reduzida-vertical-1143x1536.png 1143w\" sizes=\"(max-width: 149px) 100vw, 149px\" \/><\/p>\n<strong class=\"collapseomatic \" id=\"id69fec23576c75\" rel=\"-highlander\" tabindex=\"0\" title=\"Dire\u00e7\u00e3o\"    >Dire\u00e7\u00e3o<\/strong><div id=\"target-id69fec23576c75\" class=\"collapseomatic_content \"><ul class=\"dados-cobalto cobalto-chefias-unidade\"><li><span class=\"cobalto-label\">Diretora<\/span><a href=\"https:\/\/institucional.ufpel.edu.br\/servidores\/id\/139854\" target=\"_blank\">ELAINE DA SILVEIRA LEITE<\/a><\/li><\/ul>\n<hr \/>\n<p style=\"text-align: center;\"><strong>Portarias de nomea\u00e7\u00e3o<\/strong><\/p>\n<p style=\"text-align: left;\"><a href=\"https:\/\/sei.ufpel.edu.br\/sei\/publicacoes\/controlador_publicacoes.php?acao=publicacao_visualizar&amp;id_documento=2166219&amp;id_orgao_publicacao=0\">Dire\u00e7\u00e3o<\/a><\/p>\n<p style=\"text-align: left;\"><a href=\"https:\/\/sei.ufpel.edu.br\/sei\/publicacoes\/controlador_publicacoes.php?acao=publicacao_visualizar&amp;id_documento=2186299&amp;id_orgao_publicacao=0\">Secret\u00e1ria do Instituo de Filosofia, Sociologia e Pol\u00edtica<\/a><\/p>\n<\/div>\n<strong class=\"collapseomatic \" id=\"id69fec235e9400\" rel=\"-highlander\" tabindex=\"0\" title=\"N\u00facleo Administrativo\"    >N\u00facleo Administrativo<\/strong><div id=\"target-id69fec235e9400\" class=\"collapseomatic_content \"><ul class=\"dados-cobalto cobalto-chefias-unidade\"><li><span class=\"cobalto-label\">Chefe<\/span><a href=\"https:\/\/institucional.ufpel.edu.br\/servidores\/id\/13942\" target=\"_blank\">ALEXANDRO BRUM SOSA<\/a><\/li><\/ul>\n<hr \/>\n<p style=\"text-align: center;\"><strong>Portarias de nomea\u00e7\u00e3o<\/strong><\/p>\n<p style=\"text-align: left;\"><a href=\"https:\/\/sei.ufpel.edu.br\/sei\/publicacoes\/controlador_publicacoes.php?acao=publicacao_visualizar&amp;id_documento=2166260&amp;id_orgao_publicacao=0\">Chefe do N\u00facleo Administrativo<\/a><\/p>\n<p style=\"text-align: left;\"><a href=\"https:\/\/sei.ufpel.edu.br\/sei\/publicacoes\/controlador_publicacoes.php?acao=publicacao_visualizar&amp;id_documento=2201505&amp;id_orgao_publicacao=0\">Chefe do N\u00facleo Administrativo &#8211; Substituta eventual<\/a><\/p>\n<\/div>\n<strong class=\"collapseomatic \" id=\"id69fec23618016\" rel=\"-highlander\" tabindex=\"0\" title=\"Departamento de Sociologia e Pol\u00edtica\"    >Departamento de Sociologia e Pol\u00edtica<\/strong><div id=\"target-id69fec23618016\" class=\"collapseomatic_content \"><ul class=\"dados-cobalto cobalto-chefias-unidade\"><li><span class=\"cobalto-label\">Chefe de Departamento<\/span><a href=\"https:\/\/institucional.ufpel.edu.br\/servidores\/id\/162282\" target=\"_blank\">CARLOS ARTUR GALLO CABRERA<\/a><\/li><li><span class=\"cobalto-label\">Chefe de departamento Substituto<\/span><a href=\"https:\/\/institucional.ufpel.edu.br\/servidores\/id\/22524\" target=\"_blank\">LEO PEIXOTO RODRIGUES<\/a><\/li><\/ul>\n<hr \/>\n<p style=\"text-align: center;\"><strong>Portarias de nomea\u00e7\u00e3o<\/strong><\/p>\n<p><span style=\"font-size: 12pt;\"><a href=\"https:\/\/sippag.ufpel.edu.br\/portarias\/visualizar\/?pk=16804&amp;ano=2025&amp;numero=5041&amp;hash=6d8e9f3624735ece97b18597d59127fd\">Departamento de Sociologia e Pol\u00edtica &#8211; Chefe<\/a> (vigente)<\/span><\/p>\n<ul>\n<li><span style=\"font-size: 10pt;\"><a href=\"https:\/\/sippag.ufpel.edu.br\/portarias\/visualizar\/?ano=2023&amp;numero=1666&amp;hash=2b77fd9c52bd2a360fd3d3dcd12aba4f&amp;pk=1975\">Departamento de Sociologia e Pol\u00edtica &#8211; Chefe<\/a>\u00a0<\/span><\/li>\n<li><span style=\"font-size: 10pt;\"><a href=\"https:\/\/sippag.ufpel.edu.br\/portarias\/visualizar\/?ano=2023&amp;numero=1667&amp;hash=8985c65e665e4ddaab26447752c371e&amp;pk=1976\">Departamento de Sociologia e Pol\u00edtica &#8211; Subchefe<\/a>\u00a0<\/span><\/li>\n<\/ul>\n<\/div>\n<strong class=\"collapseomatic \" id=\"id69fec2363bc24\" rel=\"-highlander\" tabindex=\"0\" title=\"Departamento de Filosofia\"    >Departamento de Filosofia<\/strong><div id=\"target-id69fec2363bc24\" class=\"collapseomatic_content \"><ul class=\"dados-cobalto cobalto-chefias-unidade\"><li><span class=\"cobalto-label\">Chefe de Departamento<\/span><a href=\"https:\/\/institucional.ufpel.edu.br\/servidores\/id\/24723\" target=\"_blank\">SERGIO RICARDO STREFLING<\/a><\/li><li><span class=\"cobalto-label\">Chefe de departamento Substituto<\/span><a href=\"https:\/\/institucional.ufpel.edu.br\/servidores\/id\/25634\" target=\"_blank\">CARLOS ALBERTO MIRAGLIA<\/a><\/li><\/ul>\n<hr \/>\n<p style=\"text-align: center;\"><strong>Portarias de nomea\u00e7\u00e3o<\/strong><\/p>\n<p><a href=\"https:\/\/sippag.ufpel.edu.br\/portarias\/visualizar\/?pk=9685&amp;ano=2024&amp;numero=3587&amp;hash=3334dd8d2520221a6985ee50d77b4262\"><span style=\"font-weight: 400;\">Departamento de Filosofia &#8211; Portaria de pessoal N\u00ba 3587\/2024<\/span><\/a> (vigente)<\/p>\n<ul>\n<li><a href=\"https:\/\/sei.ufpel.edu.br\/sei\/publicacoes\/controlador_publicacoes.php?acao=publicacao_visualizar&amp;id_documento=2092985&amp;id_orgao_publicacao=0\">Departamento de Filosofia<\/a> (2022-2024)<\/li>\n<\/ul>\n<\/div>\n<strong class=\"collapseomatic \" id=\"id69fec23660ee4\" rel=\"-highlander\" tabindex=\"0\" title=\"Colegiado de Curso de Ci\u00eancias Sociais\"    >Colegiado de Curso de Ci\u00eancias Sociais<\/strong><div id=\"target-id69fec23660ee4\" class=\"collapseomatic_content \">\n<ul class=\"dados-cobalto cobalto-chefias-unidade\"><li><span class=\"cobalto-label\">Coordenador de Curso de Gradua\u00e7\u00e3o<\/span><a href=\"https:\/\/institucional.ufpel.edu.br\/servidores\/id\/1108\" target=\"_blank\">FRANCISCO DOS SANTOS KIELING<\/a><\/li><li><span class=\"cobalto-label\">Coordenadora de Curso de Gradua\u00e7\u00e3o Substituta<\/span><a href=\"https:\/\/institucional.ufpel.edu.br\/servidores\/id\/26712\" target=\"_blank\">PATRICIA RODRIGUES CHAVES DA CUNHA<\/a><\/li><\/ul>\n<hr \/>\n<p style=\"text-align: center;\"><strong>Portarias de nomea\u00e7\u00e3o<\/strong><\/p>\n<p><a href=\"https:\/\/sippag.ufpel.edu.br\/portarias\/visualizar\/?ano=2023&amp;numero=2439&amp;hash=6794ebb8c7179dfad34b1c1af5e4f845&amp;pk=2769\">Colegiado de Ci\u00eancias Sociais<\/a><\/p>\n<\/div>\n<strong class=\"collapseomatic \" id=\"id69fec236842c0\" rel=\"-highlander\" tabindex=\"0\" title=\"Colegiado de Curso de Filosofia\"    >Colegiado de Curso de Filosofia<\/strong><div id=\"target-id69fec236842c0\" class=\"collapseomatic_content \">\n<ul class=\"dados-cobalto cobalto-chefias-unidade\"><li><span class=\"cobalto-label\">Coordenador de Curso de Gradua\u00e7\u00e3o<\/span><a href=\"https:\/\/institucional.ufpel.edu.br\/servidores\/id\/28973\" target=\"_blank\">EDUARDO FERREIRA DAS NEVES FILHO<\/a><\/li><\/ul>\n<hr \/>\n<p style=\"text-align: center;\"><strong>Portarias de nomea\u00e7\u00e3o<\/strong><\/p>\n<p><a href=\"https:\/\/sippag.ufpel.edu.br\/portarias\/visualizar\/?pk=9762&amp;ano=2024&amp;numero=3650&amp;hash=5635e8603b321425b68be3cfcfe9ad9f\">Colegiado de Filosofia &#8211; Portaria de pessoal N\u00ba 3650\/2024<\/a><\/p>\n<ul>\n<li><span style=\"font-size: 10pt;\"><a href=\"https:\/\/sei.ufpel.edu.br\/sei\/publicacoes\/controlador_publicacoes.php?acao=publicacao_visualizar&amp;id_documento=2088660&amp;id_orgao_publicacao=0\">Colegiado de Filosofia<\/a> (2022-2024)<\/span><\/li>\n<\/ul>\n<\/div>\n<strong class=\"collapseomatic \" id=\"id69fec236a6e9f\" rel=\"-highlander\" tabindex=\"0\" title=\"Colegiado de Curso de Rela\u00e7\u00f5es Internacionais\"    >Colegiado de Curso de Rela\u00e7\u00f5es Internacionais<\/strong><div id=\"target-id69fec236a6e9f\" class=\"collapseomatic_content \">\n<ul class=\"dados-cobalto cobalto-chefias-unidade\"><li><span class=\"cobalto-label\">Coordenador de Curso de Gradua\u00e7\u00e3o<\/span><a href=\"https:\/\/institucional.ufpel.edu.br\/servidores\/id\/139216\" target=\"_blank\">FABIO AMARO DA SILVEIRA DUVAL<\/a><\/li><li><span class=\"cobalto-label\">Coordenador Adjunto<\/span><a href=\"https:\/\/institucional.ufpel.edu.br\/servidores\/id\/215049\" target=\"_blank\">RAFAEL ASSUMPCAO ROCHA<\/a><\/li><\/ul>\n<hr \/>\n<p style=\"text-align: center;\"><strong>Portarias de nomea\u00e7\u00e3o<\/strong><\/p>\n<p><a href=\"https:\/\/sippag.ufpel.edu.br\/portarias\/visualizar\/?ano=2023&amp;numero=1652&amp;hash=748f3b191f34e682483ee2cef468794e&amp;pk=1966\">Colegiado de Rela\u00e7\u00f5es Internacionais<\/a><\/p>\n<\/div>\n<strong class=\"collapseomatic \" id=\"id69fec236c9beb\" rel=\"-highlander\" tabindex=\"0\" title=\"Colegiado de Curso de Filosofia (EAD)\"    >Colegiado de Curso de Filosofia (EAD)<\/strong><div id=\"target-id69fec236c9beb\" class=\"collapseomatic_content \">\n<ul class=\"dados-cobalto cobalto-chefias-unidade\"><li><span class=\"cobalto-label\">Coordenador de Curso de Gradua\u00e7\u00e3o<\/span><a href=\"https:\/\/institucional.ufpel.edu.br\/servidores\/id\/136377\" target=\"_blank\">KEBERSON BRESOLIN<\/a><\/li><\/ul>\n<hr \/>\n<p style=\"text-align: center;\"><strong>Portarias de nomea\u00e7\u00e3o<\/strong><\/p>\n<p><a href=\"https:\/\/sippag.ufpel.edu.br\/portarias\/visualizar\/?ano=2023&amp;numero=4616&amp;hash=c82d0cf1c1b6a2122f764afea40df976&amp;pk=5062\">Colegiado do Curso de Licenciatura em Filosofia a Dist\u00e2ncia<\/a> (vigente)<\/p>\n<ul>\n<li><span style=\"font-size: 10pt;\"><a href=\"https:\/\/sei.ufpel.edu.br\/sei\/publicacoes\/controlador_publicacoes.php?acao=publicacao_visualizar&amp;id_documento=1691138&amp;id_orgao_publicacao=0\">Colegiado do Curso de Licenciatura em Filosofia a Dist\u00e2ncia<\/a> (2021-2023)<\/span><\/li>\n<\/ul>\n<\/div>\n<strong class=\"collapseomatic \" id=\"id69fec236ec1ff\" rel=\"-highlander\" tabindex=\"0\" title=\"Especializa\u00e7\u00e3o em Ensino de Filosofia - EAD\"    >Especializa\u00e7\u00e3o em Ensino de Filosofia - EAD<\/strong><div id=\"target-id69fec236ec1ff\" class=\"collapseomatic_content \">\n<ul class=\"dados-cobalto cobalto-chefias-unidade\"><li><span class=\"cobalto-label\">Coordenador de Curso de P\u00f3s-Gradua\u00e7\u00e3o<\/span><a href=\"https:\/\/institucional.ufpel.edu.br\/servidores\/id\/64023\" target=\"_blank\">JULIANO SANTOS DO CARMO<\/a><\/li><li><span class=\"cobalto-label\">Coordenadora Adjunta<\/span><a href=\"https:\/\/institucional.ufpel.edu.br\/servidores\/id\/32678\" target=\"_blank\">KELIN PALIOSA<\/a><\/li><\/ul>\n<hr \/>\n<p style=\"text-align: center;\"><strong>Portarias de nomea\u00e7\u00e3o<\/strong><\/p>\n<p><a href=\"https:\/\/sippag.ufpel.edu.br\/portarias\/visualizar\/?pk=8433&amp;ano=2024&amp;numero=2427&amp;hash=2478e747b2a3576c0bb1d07eff199f6a\">Especializa\u00e7\u00e3o em Ensino de Filosofia a Dist\u00e2ncia (vigente)<\/a><\/p>\n<ul>\n<li><span style=\"font-size: 10pt;\"><a href=\"https:\/\/sei.ufpel.edu.br\/sei\/publicacoes\/controlador_publicacoes.php?acao=publicacao_visualizar&amp;id_documento=1025303&amp;id_orgao_publicacao=0\">Especializa\u00e7\u00e3o em Ensino de Filosofia a Dist\u00e2ncia<\/a> (2020-2024)<\/span><\/li>\n<\/ul>\n<\/div>\n<strong class=\"collapseomatic \" id=\"id69fec2371a824\" rel=\"-highlander\" tabindex=\"0\" title=\"Programa de P\u00f3s-Gradua\u00e7\u00e3o em Ci\u00eancia Pol\u00edtica\"    >Programa de P\u00f3s-Gradua\u00e7\u00e3o em Ci\u00eancia Pol\u00edtica<\/strong><div id=\"target-id69fec2371a824\" class=\"collapseomatic_content \">\n<ul class=\"dados-cobalto cobalto-chefias-unidade\"><li><span class=\"cobalto-label\">Coordenadora de Curso de P\u00f3s-Gradua\u00e7\u00e3o<\/span><a href=\"https:\/\/institucional.ufpel.edu.br\/servidores\/id\/50081\" target=\"_blank\">ETIENE VILLELA MARRONI<\/a><\/li><li><span class=\"cobalto-label\">Coordenador de Curso de P\u00f3s-Gradua\u00e7\u00e3o Substituto<\/span><a href=\"https:\/\/institucional.ufpel.edu.br\/servidores\/id\/28609\" target=\"_blank\">ALVARO AUGUSTO DE BORBA BARRETO<\/a><\/li><\/ul>\n<hr \/>\n<p style=\"text-align: center;\"><strong>Portarias de nomea\u00e7\u00e3o<\/strong><\/p>\n<p><a href=\"https:\/\/sippag.ufpel.edu.br\/portarias\/visualizar\/?ano=2023&amp;numero=4444&amp;hash=45b47785395b1e80e2466e23304a8661&amp;pk=4891\">Programa de P\u00f3s-Gradua\u00e7\u00e3o em Ci\u00eancia Pol\u00edtica<\/a> (vigente)<\/p>\n<ul>\n<li><span style=\"font-size: 10pt;\"><a href=\"https:\/\/sei.ufpel.edu.br\/sei\/publicacoes\/controlador_publicacoes.php?acao=publicacao_visualizar&amp;id_documento=1655617&amp;id_orgao_publicacao=0\">Programa de P\u00f3s-Gradua\u00e7\u00e3o em Ci\u00eancia Pol\u00edtica (2021-2023)<\/a> \u00a0<\/span><\/li>\n<\/ul>\n<\/div>\n<strong class=\"collapseomatic \" id=\"id69fec2373cb2c\" rel=\"-highlander\" tabindex=\"0\" title=\"Programa de P\u00f3s-Gradua\u00e7\u00e3o em Filosofia\"    >Programa de P\u00f3s-Gradua\u00e7\u00e3o em Filosofia<\/strong><div id=\"target-id69fec2373cb2c\" class=\"collapseomatic_content \">\n<ul class=\"dados-cobalto cobalto-chefias-unidade\"><li><span class=\"cobalto-label\">Coordenador de Curso de P\u00f3s-Gradua\u00e7\u00e3o<\/span><a href=\"https:\/\/institucional.ufpel.edu.br\/servidores\/id\/64023\" target=\"_blank\">JULIANO SANTOS DO CARMO<\/a><\/li><li><span class=\"cobalto-label\">Coordenador de Curso de P\u00f3s-Gradua\u00e7\u00e3o Substituto<\/span><a href=\"https:\/\/institucional.ufpel.edu.br\/servidores\/id\/136377\" target=\"_blank\">KEBERSON BRESOLIN<\/a><\/li><\/ul>\n<hr \/>\n<p style=\"text-align: center;\"><strong>Portarias de nomea\u00e7\u00e3o<\/strong><\/p>\n<p><a href=\"https:\/\/sippag.ufpel.edu.br\/portarias\/visualizar\/?pk=9536&amp;ano=2024&amp;numero=3452&amp;hash=64ed276d09cd67581f3d71d19d47d786\">Programa de P\u00f3s-Gradua\u00e7\u00e3o em Filosofia &#8211; Coordenador<\/a> (vigente)<\/p>\n<p><a href=\"https:\/\/sippag.ufpel.edu.br\/portarias\/visualizar\/?pk=9547&amp;ano=2024&amp;numero=3474&amp;hash=2fc08949c400bc691ff3abd06fbb19c2\">Programa de P\u00f3s-Gradua\u00e7\u00e3o em Filosofia &#8211; Coordenador Adjunto<\/a> (vigente)<\/p>\n<ul>\n<li><span style=\"font-size: 10pt;\"><a href=\"https:\/\/sei.ufpel.edu.br\/sei\/publicacoes\/controlador_publicacoes.php?acao=publicacao_visualizar&amp;id_documento=2074251&amp;id_orgao_publicacao=0\">Programa de P\u00f3s-Gradua\u00e7\u00e3o em Filosofia<\/a> (2022-2024)<\/span><\/li>\n<\/ul>\n<\/div>\n<strong class=\"collapseomatic \" id=\"id69fec237601bd\" rel=\"-highlander\" tabindex=\"0\" title=\"Programa de P\u00f3s-Gradua\u00e7\u00e3o em Sociologia\"    >Programa de P\u00f3s-Gradua\u00e7\u00e3o em Sociologia<\/strong><div id=\"target-id69fec237601bd\" class=\"collapseomatic_content \">\n<ul class=\"dados-cobalto cobalto-chefias-unidade\"><li><span class=\"cobalto-label\">Coordenador de Curso de P\u00f3s-Gradua\u00e7\u00e3o<\/span><a href=\"https:\/\/institucional.ufpel.edu.br\/servidores\/id\/22537\" target=\"_blank\">PEDRO ALCIDES ROBERTT NIZ<\/a><\/li><li><span class=\"cobalto-label\">Coordenadora Adjunta<\/span><a href=\"https:\/\/institucional.ufpel.edu.br\/servidores\/id\/134056\" target=\"_blank\">MARI CRISTINA DE FREITAS FAGUNDES<\/a><\/li><\/ul>\n<hr \/>\n<p style=\"text-align: center;\"><strong>Portarias de nomea\u00e7\u00e3o<\/strong><\/p>\n<p style=\"text-align: left;\"><a href=\"https:\/\/sippag.ufpel.edu.br\/portarias\/visualizar\/?pk=8739&amp;ano=2024&amp;numero=2712&amp;hash=cd68ccf64e0417876b7ee4d825956a6\">Programa de P\u00f3s-Gradua\u00e7\u00e3o em Sociologia<\/a> (vigente)<\/p>\n<ul>\n<li style=\"text-align: left;\"><span style=\"font-size: 10pt;\"><a href=\"https:\/\/sei.ufpel.edu.br\/sei\/publicacoes\/controlador_publicacoes.php?acao=publicacao_visualizar&amp;id_documento=1900815&amp;id_orgao_publicacao=0\">Programa de P\u00f3s-Gradua\u00e7\u00e3o em Sociologia<\/a> (2022-2024)<\/span><\/li>\n<\/ul>\n<\/div>\n","protected":false},"excerpt":{"rendered":"","protected":false},"author":1247,"featured_media":0,"parent":0,"menu_order":0,"comment_status":"closed","ping_status":"closed","template":"","meta":{"advanced_seo_description":"","jetpack_seo_html_title":"","jetpack_seo_noindex":false,"jetpack_post_was_ever_published":false,"footnotes":""},"class_list":["post-1939","page","type-page","status-publish","hentry"],"jetpack_sharing_enabled":true,"_links":{"self":[{"href":"https:\/\/wp.ufpel.edu.br\/ifisp\/index.php?rest_route=\/wp\/v2\/pages\/1939","targetHints":{"allow":["GET"]}}],"collection":[{"href":"https:\/\/wp.ufpel.edu.br\/ifisp\/index.php?rest_route=\/wp\/v2\/pages"}],"about":[{"href":"https:\/\/wp.ufpel.edu.br\/ifisp\/index.php?rest_route=\/wp\/v2\/types\/page"}],"author":[{"embeddable":true,"href":"https:\/\/wp.ufpel.edu.br\/ifisp\/index.php?rest_route=\/wp\/v2\/users\/1247"}],"replies":[{"embeddable":true,"href":"https:\/\/wp.ufpel.edu.br\/ifisp\/index.php?rest_route=%2Fwp%2Fv2%2Fcomments&post=1939"}],"version-history":[{"count":3,"href":"https:\/\/wp.ufpel.edu.br\/ifisp\/index.php?rest_route=\/wp\/v2\/pages\/1939\/revisions"}],"predecessor-version":[{"id":3410,"href":"https:\/\/wp.ufpel.edu.br\/ifisp\/index.php?rest_route=\/wp\/v2\/pages\/1939\/revisions\/3410"}],"wp:attachment":[{"href":"https:\/\/wp.ufpel.edu.br\/ifisp\/index.php?rest_route=%2Fwp%2Fv2%2Fmedia&parent=1939"}],"curies":[{"name":"wp","href":"https:\/\/api.w.org\/{rel}","templated":true}]}}