{"id":1853,"date":"2023-05-04T18:42:50","date_gmt":"2023-05-04T21:42:50","guid":{"rendered":"https:\/\/wp.ufpel.edu.br\/ifisp\/?page_id=1853"},"modified":"2023-11-29T18:44:02","modified_gmt":"2023-11-29T21:44:02","slug":"documentos","status":"publish","type":"page","link":"https:\/\/wp.ufpel.edu.br\/ifisp\/?page_id=1853","title":{"rendered":"Documentos"},"content":{"rendered":"\r\n<p><a href=\"https:\/\/wp.ufpel.edu.br\/scs\/regimento\/\">Regimento Geral da Universidade Federal de Pelotas<\/a><\/p>\r\n<p><a href=\"https:\/\/wp.ufpel.edu.br\/scs\/estatuto\/\">Estatuto da Universidade Federal de Pelotas<\/a><\/p>\r\n<p><a href=\"https:\/\/guaiaca.ufpel.edu.br\/bitstream\/handle\/prefix\/9932\/PPI%202023%20-2036.pdf?sequence=5&amp;isAllowed=y\">Projeto Pedag\u00f3gico Institucional da UFPel (2023-2036)<\/a><\/p>\r\n\r\n\r\n\r\n<p><a href=\"https:\/\/wp.ufpel.edu.br\/scs\/files\/2018\/09\/SEI_Resolu%C3%A7%C3%A3o-29.2018-Regulamento-Ensino-de-Gradua%C3%A7%C3%A3o-I.pdf\">Regulamento do Ensino de Gradua\u00e7\u00e3o na UFPel<\/a><\/p>\r\n<p><a href=\"https:\/\/wp.ufpel.edu.br\/scs\/files\/2018\/08\/Res.-Cocepe-22.2018.pdf\">Diretrizes de funcionamento dos N\u00facleos Docentes Estruturantes (NDE)<\/a><\/p>\r\n\r\n\r\n\r\n<p><a href=\"https:\/\/wp.ufpel.edu.br\/prppg\/documentos-2\/\">Documentos PRPPG<\/a><\/p>\r\n<p><a href=\"https:\/\/wp.ufpel.edu.br\/ifisp\/files\/2023\/08\/SEI_UFPel-0038432-Resolucao.pdf\">Normas de Est\u00e1gio de Doc\u00eancia Orientada &#8211; P\u00f3s-Gradua\u00e7\u00e3o Stricto Sensu UFPel<\/a><\/p>\r\n","protected":false},"excerpt":{"rendered":"<p>Regimento Geral da Universidade Federal de Pelotas Estatuto da Universidade Federal de Pelotas Projeto Pedag\u00f3gico Institucional da UFPel (2023-2036) Regulamento do Ensino de Gradua\u00e7\u00e3o na UFPel Diretrizes de funcionamento dos N\u00facleos Docentes Estruturantes (NDE) Documentos PRPPG Normas de Est\u00e1gio de Doc\u00eancia Orientada &#8211; P\u00f3s-Gradua\u00e7\u00e3o Stricto Sensu UFPel<\/p>\n","protected":false},"author":1247,"featured_media":0,"parent":0,"menu_order":0,"comment_status":"closed","ping_status":"closed","template":"","meta":{"advanced_seo_description":"","jetpack_seo_html_title":"","jetpack_seo_noindex":false,"jetpack_post_was_ever_published":false,"footnotes":""},"class_list":["post-1853","page","type-page","status-publish","hentry"],"jetpack_sharing_enabled":true,"_links":{"self":[{"href":"https:\/\/wp.ufpel.edu.br\/ifisp\/index.php?rest_route=\/wp\/v2\/pages\/1853","targetHints":{"allow":["GET"]}}],"collection":[{"href":"https:\/\/wp.ufpel.edu.br\/ifisp\/index.php?rest_route=\/wp\/v2\/pages"}],"about":[{"href":"https:\/\/wp.ufpel.edu.br\/ifisp\/index.php?rest_route=\/wp\/v2\/types\/page"}],"author":[{"embeddable":true,"href":"https:\/\/wp.ufpel.edu.br\/ifisp\/index.php?rest_route=\/wp\/v2\/users\/1247"}],"replies":[{"embeddable":true,"href":"https:\/\/wp.ufpel.edu.br\/ifisp\/index.php?rest_route=%2Fwp%2Fv2%2Fcomments&post=1853"}],"version-history":[{"count":8,"href":"https:\/\/wp.ufpel.edu.br\/ifisp\/index.php?rest_route=\/wp\/v2\/pages\/1853\/revisions"}],"predecessor-version":[{"id":2262,"href":"https:\/\/wp.ufpel.edu.br\/ifisp\/index.php?rest_route=\/wp\/v2\/pages\/1853\/revisions\/2262"}],"wp:attachment":[{"href":"https:\/\/wp.ufpel.edu.br\/ifisp\/index.php?rest_route=%2Fwp%2Fv2%2Fmedia&parent=1853"}],"curies":[{"name":"wp","href":"https:\/\/api.w.org\/{rel}","templated":true}]}}