{"id":1438,"date":"2022-11-29T14:15:47","date_gmt":"2022-11-29T17:15:47","guid":{"rendered":"https:\/\/wp.ufpel.edu.br\/ifisp\/?page_id=1438"},"modified":"2025-10-06T14:29:32","modified_gmt":"2025-10-06T17:29:32","slug":"contatos","status":"publish","type":"page","link":"https:\/\/wp.ufpel.edu.br\/ifisp\/?page_id=1438","title":{"rendered":"Contatos"},"content":{"rendered":"<h2>Secretaria Geral<\/h2>\n<p><strong>Hor\u00e1rio<\/strong>: das 08:00 \u00e0s 12:00 | das 13:30 \u00e0s 19:30<\/p>\n<p><strong>Secret\u00e1rios<\/strong>: <a href=\"https:\/\/institucional.ufpel.edu.br\/servidores\/id\/26669\">Andr\u00e9 Hecktheuer<\/a>, <a href=\"https:\/\/institucional.ufpel.edu.br\/servidores\/id\/144963\">Bruno Piedras<\/a>, <a href=\"https:\/\/institucional.ufpel.edu.br\/servidores\/id\/146128\">Nicholas da Rosa<\/a><br \/>\n<strong>Telefone<\/strong>: (53) 3284-5545<br \/>\n<strong>Sala<\/strong>: 208 &#8211; R. Alberto Rosa 154, Pelotas\/RS<\/p>\n<p><strong>E-mails:<\/strong><br \/>\n<strong>Filosofia:<\/strong> <a href=\"mailto:filosofia@ufpel.edu.br\">filosofia@ufpel.edu.br<\/a><br \/>\n<strong>Ci\u00eancias Sociais:<\/strong> <a href=\"mailto:ciencias.sociais@ufpel.edu.br\">ciencias.sociais@ufpel.edu.br<\/a><br \/>\n<strong>Rela\u00e7\u00f5es Internacionais:<\/strong> <a href=\"mailto:ri@ufpel.edu.br\">ri@ufpel.edu.br<\/a><\/p>\n<h2>Programas de P\u00f3s-Gradua\u00e7\u00e3o Stricto Sensu<\/h2>\n<p><a href=\"https:\/\/wp.ufpel.edu.br\/ppgcienciapolitica\/\"><strong>Programa de P\u00f3s-Gradua\u00e7\u00e3o em Ci\u00eancia Pol\u00edtica<\/strong><\/a><br \/>\n<strong>Secret\u00e1ria<\/strong>: <a href=\"https:\/\/institucional.ufpel.edu.br\/servidores\/id\/34059\">Andr\u00e9a Loureiro<\/a><br \/>\n<strong>E-mail<\/strong>: <a href=\"mailto:ppgcpol@gmail.com\">ppgcpol@gmail.com<\/a><br \/>\n<strong>Telefone<\/strong>: (53) 3284-3195<br \/>\n<strong>Sala<\/strong>: 209 &#8211; R. Alberto Rosa 154, Pelotas\/RS<\/p>\n<p><a href=\"https:\/\/wp.ufpel.edu.br\/ppgfil\/\"><strong>Programa de P\u00f3s-Gradua\u00e7\u00e3o em Filosofia<\/strong><\/a><br \/>\n<strong>Secret\u00e1ria<\/strong>: <a href=\"https:\/\/institucional.ufpel.edu.br\/servidores\/id\/30923\">Rog\u00e9ria Garcia<\/a><br \/>\n<strong>E-mail<\/strong>: <a href=\"mailto:ppgfilosofia@ufpel.edu.br\">ppgfilosofia@ufpel.edu.br<\/a><br \/>\n<strong>Telefone<\/strong>: (53) 3284-5526<br \/>\n<strong>Sala<\/strong>: 209 &#8211; R. Alberto Rosa 154, Pelotas\/RS<\/p>\n<p><a href=\"https:\/\/wp.ufpel.edu.br\/ppgs\/\"><strong>Programa de P\u00f3s-Gradua\u00e7\u00e3o em Sociologia<\/strong><\/a><br \/>\n<strong>Secret\u00e1ria<\/strong>: <a href=\"https:\/\/institucional.ufpel.edu.br\/servidores\/id\/1340\">Fl\u00e1via Freitas<\/a><br \/>\n<strong>E-mail<\/strong>: <a href=\"mailto:ppgsoc.ufpel@gmail.com\">ppgsoc.ufpel@gmail.com<\/a><br \/>\n<strong>Telefone<\/strong>: (53) 3284-3197<br \/>\n<strong>Sala<\/strong>: 209 &#8211; R. Alberto Rosa 154, Pelotas\/RS<\/p>\n<h2>Dire\u00e7\u00e3o<\/h2>\n<p><strong>Secret\u00e1ria<\/strong>: <a href=\"https:\/\/institucional.ufpel.edu.br\/servidores\/id\/176279\">Gabriela Chaves<\/a><br \/>\n<strong>Telefone<\/strong>: (53) 3284-5543<br \/>\n<strong>E-mail<\/strong>: <a href=\"mailto:ifisp@ufpel.edu.br\">ifisp@ufpel.edu.br<\/a><br \/>\n<strong>Sala<\/strong>: 218 &#8211; R. Alberto Rosa 154, Pelotas\/RS<\/p>\n","protected":false},"excerpt":{"rendered":"<p>Secretaria Geral Hor\u00e1rio: das 08:00 \u00e0s 12:00 | das 13:30 \u00e0s 19:30 Secret\u00e1rios: Andr\u00e9 Hecktheuer, Bruno Piedras, Nicholas da Rosa Telefone: (53) 3284-5545 Sala: 208 &#8211; R. Alberto Rosa 154, Pelotas\/RS E-mails: Filosofia: filosofia@ufpel.edu.br Ci\u00eancias Sociais: ciencias.sociais@ufpel.edu.br Rela\u00e7\u00f5es Internacionais: ri@ufpel.edu.br Programas de P\u00f3s-Gradua\u00e7\u00e3o Stricto Sensu Programa de P\u00f3s-Gradua\u00e7\u00e3o em Ci\u00eancia Pol\u00edtica Secret\u00e1ria: Andr\u00e9a Loureiro E-mail: [&hellip;]<\/p>\n","protected":false},"author":1247,"featured_media":0,"parent":0,"menu_order":0,"comment_status":"closed","ping_status":"closed","template":"","meta":{"advanced_seo_description":"","jetpack_seo_html_title":"","jetpack_seo_noindex":false,"jetpack_post_was_ever_published":false,"footnotes":""},"class_list":["post-1438","page","type-page","status-publish","hentry"],"jetpack_sharing_enabled":true,"_links":{"self":[{"href":"https:\/\/wp.ufpel.edu.br\/ifisp\/index.php?rest_route=\/wp\/v2\/pages\/1438","targetHints":{"allow":["GET"]}}],"collection":[{"href":"https:\/\/wp.ufpel.edu.br\/ifisp\/index.php?rest_route=\/wp\/v2\/pages"}],"about":[{"href":"https:\/\/wp.ufpel.edu.br\/ifisp\/index.php?rest_route=\/wp\/v2\/types\/page"}],"author":[{"embeddable":true,"href":"https:\/\/wp.ufpel.edu.br\/ifisp\/index.php?rest_route=\/wp\/v2\/users\/1247"}],"replies":[{"embeddable":true,"href":"https:\/\/wp.ufpel.edu.br\/ifisp\/index.php?rest_route=%2Fwp%2Fv2%2Fcomments&post=1438"}],"version-history":[{"count":4,"href":"https:\/\/wp.ufpel.edu.br\/ifisp\/index.php?rest_route=\/wp\/v2\/pages\/1438\/revisions"}],"predecessor-version":[{"id":3451,"href":"https:\/\/wp.ufpel.edu.br\/ifisp\/index.php?rest_route=\/wp\/v2\/pages\/1438\/revisions\/3451"}],"wp:attachment":[{"href":"https:\/\/wp.ufpel.edu.br\/ifisp\/index.php?rest_route=%2Fwp%2Fv2%2Fmedia&parent=1438"}],"curies":[{"name":"wp","href":"https:\/\/api.w.org\/{rel}","templated":true}]}}