{"id":1356,"date":"2022-11-21T16:40:50","date_gmt":"2022-11-21T19:40:50","guid":{"rendered":"https:\/\/wp.ufpel.edu.br\/ifisp\/?page_id=1356"},"modified":"2024-07-24T19:17:26","modified_gmt":"2024-07-24T22:17:26","slug":"plano-de-desenvolvimento-da-unidade-pdu","status":"publish","type":"page","link":"https:\/\/wp.ufpel.edu.br\/ifisp\/?page_id=1356","title":{"rendered":"lano de Desenvolvimento da Unidade \u2013 PDU"},"content":{"rendered":"<p><img data-attachment-id=\"1357\" data-permalink=\"https:\/\/wp.ufpel.edu.br\/ifisp\/?attachment_id=1357\" data-orig-file=\"https:\/\/wp.ufpel.edu.br\/ifisp\/files\/2022\/11\/Vertical-Colorida-original-8-1024x482-1.png\" data-orig-size=\"1024,482\" data-comments-opened=\"0\" data-image-meta=\"{&quot;aperture&quot;:&quot;0&quot;,&quot;credit&quot;:&quot;&quot;,&quot;camera&quot;:&quot;&quot;,&quot;caption&quot;:&quot;&quot;,&quot;created_timestamp&quot;:&quot;0&quot;,&quot;copyright&quot;:&quot;&quot;,&quot;focal_length&quot;:&quot;0&quot;,&quot;iso&quot;:&quot;0&quot;,&quot;shutter_speed&quot;:&quot;0&quot;,&quot;title&quot;:&quot;&quot;,&quot;orientation&quot;:&quot;0&quot;}\" data-image-title=\"Vertical-Colorida-original-8-1024&amp;#215;482\" data-image-description=\"\" data-image-caption=\"\" data-medium-file=\"https:\/\/wp.ufpel.edu.br\/ifisp\/files\/2022\/11\/Vertical-Colorida-original-8-1024x482-1-400x188.png\" data-large-file=\"https:\/\/wp.ufpel.edu.br\/ifisp\/files\/2022\/11\/Vertical-Colorida-original-8-1024x482-1.png\" class=\"size-medium wp-image-1357 aligncenter\" src=\"https:\/\/wp.ufpel.edu.br\/ifisp\/files\/2022\/11\/Vertical-Colorida-original-8-1024x482-1-400x188.png\" alt=\"\" width=\"400\" height=\"188\" srcset=\"https:\/\/wp.ufpel.edu.br\/ifisp\/files\/2022\/11\/Vertical-Colorida-original-8-1024x482-1-400x188.png 400w, https:\/\/wp.ufpel.edu.br\/ifisp\/files\/2022\/11\/Vertical-Colorida-original-8-1024x482-1-768x362.png 768w, https:\/\/wp.ufpel.edu.br\/ifisp\/files\/2022\/11\/Vertical-Colorida-original-8-1024x482-1.png 1024w\" sizes=\"(max-width: 400px) 100vw, 400px\" \/><\/p>\n<h4 style=\"text-align: center;\"><a href=\"https:\/\/wp.ufpel.edu.br\/ifisp\/files\/2023\/02\/PDU-IFISP-2023-2024.pdf\">PDU IFISP 2023-2024 &#8211; CLIQUE PARA LER O DOCUMENTO NA \u00cdNTEGRA<\/a><\/h4>\n<p>Em 2022, o IFISP elaborou o Plano de Desenvolvimento da Unidade \u2013 PDU, que estar\u00e1 em vig\u00eancia nos anos de 2023 e 2024. O PDU \u00e9 um documento que descreve os objetivos da Unidade Acad\u00eamica, detalhando as a\u00e7\u00f5es, metas, indicadores e respons\u00e1veis.<\/p>\n<p>Al\u00e9m disso, \u00e9 proposto que o PDU seja elaborado coletivamente por toda a comunidade acad\u00eamica do IFISP. Por isso no dia 21\/11\/2022 foi apresentado um esbo\u00e7o do PDU ao Conselho Departamental, e entre os dias 22\/11\/2022 e 09\/12\/2022 recebemos colabora\u00e7\u00f5es de toda comunidade por um formul\u00e1rio disponibilizado nesta p\u00e1gina e que foi divulgado por mensagem via Cobalto e por banners fixados no IFISP. A vers\u00e3o final foi submetida no dia 17\/12\/2022.<\/p>\n<h4><strong>O que \u00e9 o PDU?<\/strong><\/h4>\n<p dir=\"ltr\">O Plano de Desenvolvimento da Unidade (PDU) \u00e9 o principal instrumento de descentraliza\u00e7\u00e3o do planejamento universit\u00e1rio.<\/p>\n<p dir=\"ltr\">Planejar uma institui\u00e7\u00e3o complexa n\u00e3o deve ser tarefa para um pequeno grupo de pessoas fechadas numa sala. A exist\u00eancia de PDUs permite que as decis\u00f5es que interferem no futuro da Universidade sejam tomadas com ampla participa\u00e7\u00e3o de seus professores, estudantes e t\u00e9cnicos-administrativos.<\/p>\n<p dir=\"ltr\">Isso significa que as pessoas podem e devem expressar no PDU o que desejam para o futuro pr\u00f3ximo, estabelecendo metas de curto prazo, e indicando o que cada um e cada uma precisa fazer para que essas metas sejam alcan\u00e7adas.<span style=\"font-size: 10pt;\">\u00a0<a href=\"https:\/\/wp.ufpel.edu.br\/planejamentoufpel\/planos-de-desenvolvimento-da-unidade-pdu\/\">Fonte: Planejamento UFPEL<\/a><\/span><\/p>\n<p dir=\"ltr\"><strong>Equipe de Reda\u00e7\u00e3o:<\/strong> <a href=\"https:\/\/institucional.ufpel.edu.br\/servidores\/id\/139854\">Elaine da Silveira Leite<\/a>, <a href=\"https:\/\/institucional.ufpel.edu.br\/servidores\/id\/176279\">Gabriela da Silva Chaves<\/a><br \/>\n<strong>Contato:<\/strong> <a href=\"ifisp@ufpel.edu.br\">ifisp@ufpel.edu.br<\/a><\/p>\n<h4 dir=\"ltr\">Consulte a documenta\u00e7\u00e3o:<\/h4>\n<p dir=\"ltr\"><a href=\"https:\/\/portal.ufpel.edu.br\/wp-content\/uploads\/IFISP-PDU-Completo-mar%C3%A7o-2019.pdf\">PDU IFISP 2019-2020<\/a><br \/>\n<a href=\"https:\/\/wp.ufpel.edu.br\/planejamentoufpel\/guia-de-elaboracao-dos-pdus-2022\/\">Guia de elabora\u00e7\u00e3o dos PDUs 2022<\/a><br \/>\n<a href=\"https:\/\/wp.ufpel.edu.br\/planejamentoufpel\/pdus-2o-ciclo\/\">PDUs T\u00e1ticos<\/a> <span style=\"font-size: 10pt;\">(documentos T\u00e1ticos que d\u00e3o subs\u00eddio para a elabora\u00e7\u00e3o dos PDUs)<\/span><br \/>\n<a href=\"https:\/\/wp.ufpel.edu.br\/planejamentoufpel\/pdi-vigente-2022-2026\/\">PDI<\/a> <span style=\"font-size: 10pt;\">(documento Estrat\u00e9gico que d\u00e1 subs\u00eddio para os PDUs T\u00e1ticos)<\/span><\/p>\n","protected":false},"excerpt":{"rendered":"<p>PDU IFISP 2023-2024 &#8211; CLIQUE PARA LER O DOCUMENTO NA \u00cdNTEGRA Em 2022, o IFISP elaborou o Plano de Desenvolvimento da Unidade \u2013 PDU, que estar\u00e1 em vig\u00eancia nos anos de 2023 e 2024. O PDU \u00e9 um documento que descreve os objetivos da Unidade Acad\u00eamica, detalhando as a\u00e7\u00f5es, metas, indicadores e respons\u00e1veis. Al\u00e9m disso, [&hellip;]<\/p>\n","protected":false},"author":1247,"featured_media":1368,"parent":0,"menu_order":0,"comment_status":"closed","ping_status":"closed","template":"","meta":{"advanced_seo_description":"","jetpack_seo_html_title":"","jetpack_seo_noindex":false,"jetpack_post_was_ever_published":false,"footnotes":""},"class_list":["post-1356","page","type-page","status-publish","has-post-thumbnail","hentry"],"jetpack_sharing_enabled":true,"_links":{"self":[{"href":"https:\/\/wp.ufpel.edu.br\/ifisp\/index.php?rest_route=\/wp\/v2\/pages\/1356","targetHints":{"allow":["GET"]}}],"collection":[{"href":"https:\/\/wp.ufpel.edu.br\/ifisp\/index.php?rest_route=\/wp\/v2\/pages"}],"about":[{"href":"https:\/\/wp.ufpel.edu.br\/ifisp\/index.php?rest_route=\/wp\/v2\/types\/page"}],"author":[{"embeddable":true,"href":"https:\/\/wp.ufpel.edu.br\/ifisp\/index.php?rest_route=\/wp\/v2\/users\/1247"}],"replies":[{"embeddable":true,"href":"https:\/\/wp.ufpel.edu.br\/ifisp\/index.php?rest_route=%2Fwp%2Fv2%2Fcomments&post=1356"}],"version-history":[{"count":24,"href":"https:\/\/wp.ufpel.edu.br\/ifisp\/index.php?rest_route=\/wp\/v2\/pages\/1356\/revisions"}],"predecessor-version":[{"id":2963,"href":"https:\/\/wp.ufpel.edu.br\/ifisp\/index.php?rest_route=\/wp\/v2\/pages\/1356\/revisions\/2963"}],"wp:featuredmedia":[{"embeddable":true,"href":"https:\/\/wp.ufpel.edu.br\/ifisp\/index.php?rest_route=\/wp\/v2\/media\/1368"}],"wp:attachment":[{"href":"https:\/\/wp.ufpel.edu.br\/ifisp\/index.php?rest_route=%2Fwp%2Fv2%2Fmedia&parent=1356"}],"curies":[{"name":"wp","href":"https:\/\/api.w.org\/{rel}","templated":true}]}}