{"id":1310,"date":"2022-11-16T19:33:33","date_gmt":"2022-11-16T22:33:33","guid":{"rendered":"https:\/\/wp.ufpel.edu.br\/ifisp\/?page_id=1310"},"modified":"2024-07-24T19:16:02","modified_gmt":"2024-07-24T22:16:02","slug":"equipe","status":"publish","type":"page","link":"https:\/\/wp.ufpel.edu.br\/ifisp\/?page_id=1310","title":{"rendered":"Equipe"},"content":{"rendered":"<h3>CORPO DOCENTE<\/h3>\n<div class=\"dados-cobalto cobalto-lista-servidores\"><ul class=\"sem-foto\"><li><a href=\"https:\/\/institucional.ufpel.edu.br\/servidores\/id\/171854\" target=\"_blank\">ADRIANO ANDR\u00c9 MASLOWSKI<\/a><\/li><li><a href=\"https:\/\/institucional.ufpel.edu.br\/servidores\/id\/28609\" target=\"_blank\">ALVARO AUGUSTO DE BORBA BARRETO<\/a><span class=\"cobalto-label\">Coordenador de Curso de P\u00f3s-Gradua\u00e7\u00e3o Substituto - Programa de P\u00f3s-Gradua\u00e7\u00e3o em Ci\u00eancia Pol\u00edtica<\/span><\/li><li><a href=\"https:\/\/institucional.ufpel.edu.br\/servidores\/id\/188502\" target=\"_blank\">ANDREA ANA DO NASCIMENTO<\/a><\/li><li><a href=\"https:\/\/institucional.ufpel.edu.br\/servidores\/id\/26706\" target=\"_blank\">ANTONIO CARLOS MARTINS DA CRUZ<\/a><\/li><li><a href=\"https:\/\/institucional.ufpel.edu.br\/servidores\/id\/26819\" target=\"_blank\">ATTILA MAGNO E SILVA BARBOSA<\/a><\/li><li><a href=\"https:\/\/institucional.ufpel.edu.br\/servidores\/id\/136374\" target=\"_blank\">BIANCA DE FREITAS LINHARES<\/a><\/li><li><a href=\"https:\/\/institucional.ufpel.edu.br\/servidores\/id\/28602\" target=\"_blank\">BRUNO RICARDO VIANA SADECK DOS SANTOS<\/a><\/li><li><a href=\"https:\/\/institucional.ufpel.edu.br\/servidores\/id\/30520\" target=\"_blank\">CARLOS ADRIANO FERRAZ<\/a><\/li><li><a href=\"https:\/\/institucional.ufpel.edu.br\/servidores\/id\/25634\" target=\"_blank\">CARLOS ALBERTO MIRAGLIA<\/a><span class=\"cobalto-label\">Chefe de departamento Substituto - Departamento de Filosofia<\/span><\/li><li><a href=\"https:\/\/institucional.ufpel.edu.br\/servidores\/id\/162282\" target=\"_blank\">CARLOS ARTUR GALLO CABRERA<\/a><span class=\"cobalto-label\">Chefe de Departamento - Departamento de Sociologia e Pol\u00edtica<\/span><\/li><li><a href=\"https:\/\/institucional.ufpel.edu.br\/servidores\/id\/154837\" target=\"_blank\">CHARLES PEREIRA PENNAFORTE<\/a><\/li><li><a href=\"https:\/\/institucional.ufpel.edu.br\/servidores\/id\/28122\" target=\"_blank\">CLADEMIR LUIS ARALDI<\/a><\/li><li><a href=\"https:\/\/institucional.ufpel.edu.br\/servidores\/id\/25413\" target=\"_blank\">CLAUDIO ROBERTO COGO LEIVAS<\/a><\/li><li><a href=\"https:\/\/institucional.ufpel.edu.br\/servidores\/id\/30130\" target=\"_blank\">DANIEL DE MENDON\u00c7A<\/a><\/li><li><a href=\"https:\/\/institucional.ufpel.edu.br\/servidores\/id\/232083\" target=\"_blank\">DAVID GONCALVES BORGES<\/a><\/li><li><a href=\"https:\/\/institucional.ufpel.edu.br\/servidores\/id\/227595\" target=\"_blank\">DHAYANA CAROLINA FERNANDEZ MATOS<\/a><\/li><li><a href=\"https:\/\/institucional.ufpel.edu.br\/servidores\/id\/28973\" target=\"_blank\">EDUARDO FERREIRA DAS NEVES FILHO<\/a><span class=\"cobalto-label\">Coordenador de Curso de Gradua\u00e7\u00e3o - Colegiado do Curso de Filosofia<\/span><\/li><li><a href=\"https:\/\/institucional.ufpel.edu.br\/servidores\/id\/139854\" target=\"_blank\">ELAINE DA SILVEIRA LEITE<\/a><span class=\"cobalto-label\">Diretora - Instituto de Filosofia, Sociologia e Pol\u00edtica<\/span><\/li><li><a href=\"https:\/\/institucional.ufpel.edu.br\/servidores\/id\/144003\" target=\"_blank\">EVANDRO BARBOSA<\/a><\/li><li><a href=\"https:\/\/institucional.ufpel.edu.br\/servidores\/id\/139216\" target=\"_blank\">FABIO AMARO DA SILVEIRA DUVAL<\/a><span class=\"cobalto-label\">Coordenador de Curso de Gradua\u00e7\u00e3o - Colegiado do Curso de Rela\u00e7\u00f5es Internacionais<\/span><\/li><li><a href=\"https:\/\/institucional.ufpel.edu.br\/servidores\/id\/140992\" target=\"_blank\">FERNANDA DE MOURA FERNANDES<\/a><\/li><li><a href=\"https:\/\/institucional.ufpel.edu.br\/servidores\/id\/36597\" target=\"_blank\">FLAVIA CARVALHO CHAGAS<\/a><\/li><li><a href=\"https:\/\/institucional.ufpel.edu.br\/servidores\/id\/1108\" target=\"_blank\">FRANCISCO DOS SANTOS KIELING<\/a><span class=\"cobalto-label\">Coordenador de Curso de Gradua\u00e7\u00e3o - Colegiado do Curso de Ci\u00eancias Sociais<\/span><\/li><li><a href=\"https:\/\/institucional.ufpel.edu.br\/servidores\/id\/25930\" target=\"_blank\">JO\u00c3O FRANCISCO NASCIMENTO HOBUSS<\/a><\/li><li><a href=\"https:\/\/institucional.ufpel.edu.br\/servidores\/id\/64023\" target=\"_blank\">JULIANO SANTOS DO CARMO<\/a><span class=\"cobalto-label\">Coordenador de Curso de P\u00f3s-Gradua\u00e7\u00e3o - Programa de P\u00f3s-Gradua\u00e7\u00e3o em Filosofia<\/span><span class=\"cobalto-label\">Coordenador de Curso de P\u00f3s-Gradua\u00e7\u00e3o - Especializa\u00e7\u00e3o em Ensino de Filosofia - EaD<\/span><\/li><li><a href=\"https:\/\/institucional.ufpel.edu.br\/servidores\/id\/136377\" target=\"_blank\">KEBERSON BRESOLIN<\/a><span class=\"cobalto-label\">Coordenador de Curso de P\u00f3s-Gradua\u00e7\u00e3o Substituto - Programa de P\u00f3s-Gradua\u00e7\u00e3o em Filosofia<\/span><span class=\"cobalto-label\">Coordenador de Curso de Gradua\u00e7\u00e3o - Colegiado do Curso de Filosofia (EaD)<\/span><\/li><li><a href=\"https:\/\/institucional.ufpel.edu.br\/servidores\/id\/32678\" target=\"_blank\">KELIN PALIOSA<\/a><span class=\"cobalto-label\">Coordenadora Adjunta - Especializa\u00e7\u00e3o em Ensino de Filosofia - EaD<\/span><\/li><li><a href=\"https:\/\/institucional.ufpel.edu.br\/servidores\/id\/22524\" target=\"_blank\">LEO PEIXOTO RODRIGUES<\/a><span class=\"cobalto-label\">Chefe de departamento Substituto - Departamento de Sociologia e Pol\u00edtica<\/span><\/li><li><a href=\"https:\/\/institucional.ufpel.edu.br\/servidores\/id\/8660\" target=\"_blank\">LETICIA BARON<\/a><\/li><li><a href=\"https:\/\/institucional.ufpel.edu.br\/servidores\/id\/227452\" target=\"_blank\">LUAN CORREA BRUM<\/a><\/li><li><a href=\"https:\/\/institucional.ufpel.edu.br\/servidores\/id\/63997\" target=\"_blank\">LUCIANA MARIA DE ARAGAO BALLESTRIN<\/a><\/li><li><a href=\"https:\/\/institucional.ufpel.edu.br\/servidores\/id\/29209\" target=\"_blank\">LUIS EDUARDO XAVIER RUBIRA<\/a><\/li><li><a href=\"https:\/\/institucional.ufpel.edu.br\/servidores\/id\/138838\" target=\"_blank\">MARCIA RODRIGUES BERTOLDI<\/a><\/li><li><a href=\"https:\/\/institucional.ufpel.edu.br\/servidores\/id\/18245\" target=\"_blank\">MARCUS VINICIUS SPOLLE<\/a><\/li><li><a href=\"https:\/\/institucional.ufpel.edu.br\/servidores\/id\/31736\" target=\"_blank\">NAIARA DAL MOLIN<\/a><\/li><li><a href=\"https:\/\/institucional.ufpel.edu.br\/servidores\/id\/203201\" target=\"_blank\">NUNO MIGUEL PEREIRA CASTANHEIRA<\/a><\/li><li><a href=\"https:\/\/institucional.ufpel.edu.br\/servidores\/id\/227465\" target=\"_blank\">PATRICIA BOSENBECKER<\/a><\/li><li><a href=\"https:\/\/institucional.ufpel.edu.br\/servidores\/id\/26712\" target=\"_blank\">PATRICIA RODRIGUES CHAVES DA CUNHA<\/a><span class=\"cobalto-label\">Coordenadora de Curso de Gradua\u00e7\u00e3o Substituta - Colegiado do Curso de Ci\u00eancias Sociais<\/span><\/li><li><a href=\"https:\/\/institucional.ufpel.edu.br\/servidores\/id\/22537\" target=\"_blank\">PEDRO ALCIDES ROBERTT NIZ<\/a><span class=\"cobalto-label\">Coordenador de Curso de P\u00f3s-Gradua\u00e7\u00e3o - Programa de P\u00f3s-Gradua\u00e7\u00e3o em Sociologia<\/span><\/li><li><a href=\"https:\/\/institucional.ufpel.edu.br\/servidores\/id\/215049\" target=\"_blank\">RAFAEL ASSUMPCAO ROCHA<\/a><span class=\"cobalto-label\">Coordenador Adjunto - Colegiado do Curso de Rela\u00e7\u00f5es Internacionais<\/span><\/li><li><a href=\"https:\/\/institucional.ufpel.edu.br\/servidores\/id\/219496\" target=\"_blank\">Rafael Malh\u00e3o<\/a><\/li><li><a href=\"https:\/\/institucional.ufpel.edu.br\/servidores\/id\/232085\" target=\"_blank\">RAFAEL WERNER LOPES<\/a><\/li><li><a href=\"https:\/\/institucional.ufpel.edu.br\/servidores\/id\/179393\" target=\"_blank\">RODRIGO CANTU DE SOUZA<\/a><\/li><li><a href=\"https:\/\/institucional.ufpel.edu.br\/servidores\/id\/34293\" target=\"_blank\">ROMERIO JAIR KUNRATH<\/a><\/li><li><a href=\"https:\/\/institucional.ufpel.edu.br\/servidores\/id\/26761\" target=\"_blank\">ROSANGELA MARIONE SCHULZ<\/a><\/li><li><a href=\"https:\/\/institucional.ufpel.edu.br\/servidores\/id\/24723\" target=\"_blank\">SERGIO RICARDO STREFLING<\/a><span class=\"cobalto-label\">Chefe de Departamento - Departamento de Filosofia<\/span><\/li><li><a href=\"https:\/\/institucional.ufpel.edu.br\/servidores\/id\/175004\" target=\"_blank\">SILVANA SCHIMANSKI<\/a><\/li><li><a href=\"https:\/\/institucional.ufpel.edu.br\/servidores\/id\/169990\" target=\"_blank\">SIMONE DA SILVA RIBEIRO GOMES<\/a><\/li><li><a href=\"https:\/\/institucional.ufpel.edu.br\/servidores\/id\/230081\" target=\"_blank\">THEOPHILOS RIFIOTIS<\/a><\/li><li><a href=\"https:\/\/institucional.ufpel.edu.br\/servidores\/id\/31502\" target=\"_blank\">V\u00c9RA L\u00daCIA DOS SANTOS SCHWARZ<\/a><\/li><li><a href=\"https:\/\/institucional.ufpel.edu.br\/servidores\/id\/160682\" target=\"_blank\">VINICIUS ZANCHIN BALDISSERA<\/a><\/li><li><a href=\"https:\/\/institucional.ufpel.edu.br\/servidores\/id\/176275\" target=\"_blank\">WILLIAM DALDEGAN DE FREITAS<\/a><\/li><li><a href=\"https:\/\/institucional.ufpel.edu.br\/servidores\/id\/29521\" target=\"_blank\">WILLIAM HECTOR GOMEZ SOTO<\/a><\/li><li><a href=\"https:\/\/institucional.ufpel.edu.br\/servidores\/id\/228160\" target=\"_blank\">YURI BRAVO COUTINHO<\/a><\/li><\/ul><\/div>\n<h3>T\u00c9CNICOS ADMINISTRATIVOS EM EDUCA\u00c7\u00c3O<\/h3>\n<div class=\"dados-cobalto cobalto-lista-servidores\"><ul class=\"sem-foto\"><li><a href=\"https:\/\/institucional.ufpel.edu.br\/servidores\/id\/13942\" target=\"_blank\">ALEXANDRO BRUM SOSA<\/a><span class=\"cobalto-label\">Chefe - N\u00facleo Administrativo - IFISP<\/span><\/li><li><a href=\"https:\/\/institucional.ufpel.edu.br\/servidores\/id\/34059\" target=\"_blank\">ANDR\u00c9A CRISTINE ANTUNES LOUREIRO<\/a><\/li><li><a href=\"https:\/\/institucional.ufpel.edu.br\/servidores\/id\/26669\" target=\"_blank\">ANDRE ALMEIDA HECKTHEUER<\/a><\/li><li><a href=\"https:\/\/institucional.ufpel.edu.br\/servidores\/id\/144963\" target=\"_blank\">BRUNO PIEDRAS DA SILVEIRA<\/a><\/li><li><a href=\"https:\/\/institucional.ufpel.edu.br\/servidores\/id\/1340\" target=\"_blank\">FL\u00c1VIA LUCIMERI RODRIGUES DE FREITAS<\/a><\/li><li><a href=\"https:\/\/institucional.ufpel.edu.br\/servidores\/id\/176279\" target=\"_blank\">GABRIELA DA SILVA CHAVES<\/a><\/li><li><a href=\"https:\/\/institucional.ufpel.edu.br\/servidores\/id\/146128\" target=\"_blank\">NICHOLAS FARIAS DA ROSA<\/a><\/li><li><a href=\"https:\/\/institucional.ufpel.edu.br\/servidores\/id\/30923\" target=\"_blank\">ROGERIA APARECIDA GARCIA<\/a><\/li><\/ul><\/div>\n","protected":false},"excerpt":{"rendered":"<p>CORPO DOCENTE T\u00c9CNICOS ADMINISTRATIVOS EM EDUCA\u00c7\u00c3O<\/p>\n","protected":false},"author":1247,"featured_media":0,"parent":0,"menu_order":0,"comment_status":"closed","ping_status":"closed","template":"","meta":{"advanced_seo_description":"","jetpack_seo_html_title":"","jetpack_seo_noindex":false,"jetpack_post_was_ever_published":false,"footnotes":""},"class_list":["post-1310","page","type-page","status-publish","hentry"],"jetpack_sharing_enabled":true,"_links":{"self":[{"href":"https:\/\/wp.ufpel.edu.br\/ifisp\/index.php?rest_route=\/wp\/v2\/pages\/1310","targetHints":{"allow":["GET"]}}],"collection":[{"href":"https:\/\/wp.ufpel.edu.br\/ifisp\/index.php?rest_route=\/wp\/v2\/pages"}],"about":[{"href":"https:\/\/wp.ufpel.edu.br\/ifisp\/index.php?rest_route=\/wp\/v2\/types\/page"}],"author":[{"embeddable":true,"href":"https:\/\/wp.ufpel.edu.br\/ifisp\/index.php?rest_route=\/wp\/v2\/users\/1247"}],"replies":[{"embeddable":true,"href":"https:\/\/wp.ufpel.edu.br\/ifisp\/index.php?rest_route=%2Fwp%2Fv2%2Fcomments&post=1310"}],"version-history":[{"count":4,"href":"https:\/\/wp.ufpel.edu.br\/ifisp\/index.php?rest_route=\/wp\/v2\/pages\/1310\/revisions"}],"predecessor-version":[{"id":1324,"href":"https:\/\/wp.ufpel.edu.br\/ifisp\/index.php?rest_route=\/wp\/v2\/pages\/1310\/revisions\/1324"}],"wp:attachment":[{"href":"https:\/\/wp.ufpel.edu.br\/ifisp\/index.php?rest_route=%2Fwp%2Fv2%2Fmedia&parent=1310"}],"curies":[{"name":"wp","href":"https:\/\/api.w.org\/{rel}","templated":true}]}}