{"id":1279,"date":"2022-11-13T20:06:39","date_gmt":"2022-11-13T23:06:39","guid":{"rendered":"https:\/\/wp.ufpel.edu.br\/ifisp\/?page_id=1279"},"modified":"2025-05-15T14:24:59","modified_gmt":"2025-05-15T17:24:59","slug":"extensao","status":"publish","type":"page","link":"https:\/\/wp.ufpel.edu.br\/ifisp\/?page_id=1279","title":{"rendered":"Extens\u00e3o"},"content":{"rendered":"<p>Conhe\u00e7a os Projetos de Extens\u00e3o do IFISP &#8211; clique nos nome do Projeto para saber mais:<\/p>\n<p>&nbsp;<\/p>\n<script>\n\tconst pluginURL  = 'https:\/\/wp.ufpel.edu.br\/ifisp\/wp-content\/plugins\/dados-cobalto\/lib\/..\/js',\n\t\t  lang       = 'pt',\n\t\t  ativaBusca = '';\n<\/script>\n<script src=\"https:\/\/wp.ufpel.edu.br\/ifisp\/wp-content\/plugins\/dados-cobalto\/lib\/..\/js\/datatables\/datatables.min.js\"><\/script>\n<script src=\"https:\/\/wp.ufpel.edu.br\/ifisp\/wp-content\/plugins\/dados-cobalto\/lib\/..\/js\/projetos.js\"><\/script><div class=\"dados-cobalto cobalto-lista-projetos\"><table id=\"cobalto-tabela-projetos-1\" class=\"cobalto-tabela-projetos\"><thead><tr><th>T\u00edtulo<\/th><th>In\u00edcio<\/th><th>Fim<\/th><\/tr><\/thead><tbody><tr><td><a href=\"https:\/\/institucional.ufpel.edu.br\/projetos\/id\/u3030\" target=\"_blank\">Caf\u00e9 Geopol\u00edtico - Vozes Cr\u00edticas<\/a><\/td><td data-order=\"2023-08-01\">01\/08\/2023<\/td><td data-order=\"2026-07-31\">31\/07\/2026<\/td><\/tr><tr><td><a href=\"https:\/\/institucional.ufpel.edu.br\/projetos\/id\/u3125\" target=\"_blank\">Pelotas Model United Nations (Pelotas MUN)<\/a><\/td><td data-order=\"2020-06-08\">08\/06\/2020<\/td><td data-order=\"2027-12-31\">31\/12\/2027<\/td><\/tr><tr><td><a href=\"https:\/\/institucional.ufpel.edu.br\/projetos\/id\/u4044\" target=\"_blank\">Articula\u00e7\u00e3o entre Universidade e Escolas B\u00e1sicas - a\u00e7\u00f5es a partir do PAVE-UFPel<\/a><\/td><td data-order=\"2021-04-05\">05\/04\/2021<\/td><td data-order=\"2029-03-10\">10\/03\/2029<\/td><\/tr><tr><td><a href=\"https:\/\/institucional.ufpel.edu.br\/projetos\/id\/u4650\" target=\"_blank\">Cidades Irm\u00e3s<\/a><\/td><td data-order=\"2021-08-02\">02\/08\/2021<\/td><td data-order=\"2027-08-02\">02\/08\/2027<\/td><\/tr><tr><td><a href=\"https:\/\/institucional.ufpel.edu.br\/projetos\/id\/u5959\" target=\"_blank\">Vozes do Mundo<\/a><\/td><td data-order=\"2022-09-14\">14\/09\/2022<\/td><td data-order=\"2027-12-02\">02\/12\/2027<\/td><\/tr><tr><td><a href=\"https:\/\/institucional.ufpel.edu.br\/projetos\/id\/u6160\" target=\"_blank\">Extens\u00e3o e sociedade 2<\/a><\/td><td data-order=\"2023-06-12\">12\/06\/2023<\/td><td data-order=\"2028-08-31\">31\/08\/2028<\/td><\/tr><tr><td><a href=\"https:\/\/institucional.ufpel.edu.br\/projetos\/id\/u7258\" target=\"_blank\">Espa\u00e7o LEME: Laborat\u00f3rio Experimental de Montagem de Exposi\u00e7\u00f5es e Eventos Culturais<\/a><\/td><td data-order=\"2023-08-19\">19\/08\/2023<\/td><td data-order=\"2026-12-31\">31\/12\/2026<\/td><\/tr><tr><td><a href=\"https:\/\/institucional.ufpel.edu.br\/projetos\/id\/u7302\" target=\"_blank\">N\u00facleo de Ensino e Pesquisa em Filosofia<\/a><\/td><td data-order=\"2023-08-18\">18\/08\/2023<\/td><td data-order=\"2027-08-18\">18\/08\/2027<\/td><\/tr><tr><td><a href=\"https:\/\/institucional.ufpel.edu.br\/projetos\/id\/u7310\" target=\"_blank\">Projeto Filosofia Aberta<\/a><\/td><td data-order=\"2023-08-23\">23\/08\/2023<\/td><td data-order=\"2026-08-24\">24\/08\/2026<\/td><\/tr><tr><td><a href=\"https:\/\/institucional.ufpel.edu.br\/projetos\/id\/u7627\" target=\"_blank\">Sul-Sur Fairtrade - Cooperativa J\u00fanior (2024-2025)<\/a><\/td><td data-order=\"2024-01-29\">29\/01\/2024<\/td><td data-order=\"2027-12-15\">15\/12\/2027<\/td><\/tr><tr><td><a href=\"https:\/\/institucional.ufpel.edu.br\/projetos\/id\/u7654\" target=\"_blank\">ComJus: f\u00f3rum comunit\u00e1rio de estudos sobre com\u00e9rcio justo (international fair trade) e ODSs<\/a><\/td><td data-order=\"2024-01-29\">29\/01\/2024<\/td><td data-order=\"2027-12-15\">15\/12\/2027<\/td><\/tr><tr><td><a href=\"https:\/\/institucional.ufpel.edu.br\/projetos\/id\/u8147\" target=\"_blank\">Persona Podcast<\/a><\/td><td data-order=\"2024-08-01\">01\/08\/2024<\/td><td data-order=\"2026-07-31\">31\/07\/2026<\/td><\/tr><tr><td><a href=\"https:\/\/institucional.ufpel.edu.br\/projetos\/id\/u8634\" target=\"_blank\">MigraRI<\/a><\/td><td data-order=\"2024-12-09\">09\/12\/2024<\/td><td data-order=\"2028-09-23\">23\/09\/2028<\/td><\/tr><tr><td><a href=\"https:\/\/institucional.ufpel.edu.br\/projetos\/id\/u9143\" target=\"_blank\">Revista Perspectivas Sociais<\/a><\/td><td data-order=\"2025-02-25\">25\/02\/2025<\/td><td data-order=\"2028-02-29\">29\/02\/2028<\/td><\/tr><tr><td><a href=\"https:\/\/institucional.ufpel.edu.br\/projetos\/id\/u9318\" target=\"_blank\">FILOSOFIA E DI\u00c1LOGOS<\/a><\/td><td data-order=\"2025-07-31\">31\/07\/2025<\/td><td data-order=\"2029-07-31\">31\/07\/2029<\/td><\/tr><tr><td><a href=\"https:\/\/institucional.ufpel.edu.br\/projetos\/id\/u9982\" target=\"_blank\">Papo Sociais - Programa de R\u00e1dio das Ci\u00eancias Sociais<\/a><\/td><td data-order=\"2025-08-26\">26\/08\/2025<\/td><td data-order=\"2028-08-26\">26\/08\/2028<\/td><\/tr><tr><td><a href=\"https:\/\/institucional.ufpel.edu.br\/projetos\/id\/u10304\" target=\"_blank\">Pol\u00edtica externa em debate (pexdebate)<\/a><\/td><td data-order=\"2025-11-06\">06\/11\/2025<\/td><td data-order=\"2027-11-06\">06\/11\/2027<\/td><\/tr><tr><td><a href=\"https:\/\/institucional.ufpel.edu.br\/projetos\/id\/u10369\" target=\"_blank\">VOZES, G\u00caNERO E CIDADANIA. PERSPECTIVAS CONTEMPOR\u00c2NEAS<\/a><\/td><td data-order=\"2025-11-06\">06\/11\/2025<\/td><td data-order=\"2029-11-05\">05\/11\/2029<\/td><\/tr><\/tbody><\/table><\/div>\n","protected":false},"excerpt":{"rendered":"<p>Conhe\u00e7a os Projetos de Extens\u00e3o do IFISP &#8211; clique nos nome do Projeto para saber mais: &nbsp;<\/p>\n","protected":false},"author":1247,"featured_media":0,"parent":0,"menu_order":0,"comment_status":"closed","ping_status":"closed","template":"","meta":{"advanced_seo_description":"","jetpack_seo_html_title":"","jetpack_seo_noindex":false,"jetpack_post_was_ever_published":false,"footnotes":""},"class_list":["post-1279","page","type-page","status-publish","hentry"],"jetpack_sharing_enabled":true,"_links":{"self":[{"href":"https:\/\/wp.ufpel.edu.br\/ifisp\/index.php?rest_route=\/wp\/v2\/pages\/1279","targetHints":{"allow":["GET"]}}],"collection":[{"href":"https:\/\/wp.ufpel.edu.br\/ifisp\/index.php?rest_route=\/wp\/v2\/pages"}],"about":[{"href":"https:\/\/wp.ufpel.edu.br\/ifisp\/index.php?rest_route=\/wp\/v2\/types\/page"}],"author":[{"embeddable":true,"href":"https:\/\/wp.ufpel.edu.br\/ifisp\/index.php?rest_route=\/wp\/v2\/users\/1247"}],"replies":[{"embeddable":true,"href":"https:\/\/wp.ufpel.edu.br\/ifisp\/index.php?rest_route=%2Fwp%2Fv2%2Fcomments&post=1279"}],"version-history":[{"count":11,"href":"https:\/\/wp.ufpel.edu.br\/ifisp\/index.php?rest_route=\/wp\/v2\/pages\/1279\/revisions"}],"predecessor-version":[{"id":3322,"href":"https:\/\/wp.ufpel.edu.br\/ifisp\/index.php?rest_route=\/wp\/v2\/pages\/1279\/revisions\/3322"}],"wp:attachment":[{"href":"https:\/\/wp.ufpel.edu.br\/ifisp\/index.php?rest_route=%2Fwp%2Fv2%2Fmedia&parent=1279"}],"curies":[{"name":"wp","href":"https:\/\/api.w.org\/{rel}","templated":true}]}}