{"id":1275,"date":"2022-11-13T20:06:01","date_gmt":"2022-11-13T23:06:01","guid":{"rendered":"https:\/\/wp.ufpel.edu.br\/ifisp\/?page_id=1275"},"modified":"2024-07-24T19:19:20","modified_gmt":"2024-07-24T22:19:20","slug":"pesquisa","status":"publish","type":"page","link":"https:\/\/wp.ufpel.edu.br\/ifisp\/?page_id=1275","title":{"rendered":"Pesquisa"},"content":{"rendered":"<p>Conhe\u00e7a os Projetos de Pesquisa do IFISP &#8211; clique nos nome do Projeto para saber mais:<\/p>\n<script>\n\tconst pluginURL  = 'https:\/\/wp.ufpel.edu.br\/ifisp\/wp-content\/plugins\/dados-cobalto\/lib\/..\/js',\n\t\t  lang       = 'pt',\n\t\t  ativaBusca = '';\n<\/script>\n<script src=\"https:\/\/wp.ufpel.edu.br\/ifisp\/wp-content\/plugins\/dados-cobalto\/lib\/..\/js\/datatables\/datatables.min.js\"><\/script>\n<script src=\"https:\/\/wp.ufpel.edu.br\/ifisp\/wp-content\/plugins\/dados-cobalto\/lib\/..\/js\/projetos.js\"><\/script><div class=\"dados-cobalto cobalto-lista-projetos\"><table id=\"cobalto-tabela-projetos-1\" class=\"cobalto-tabela-projetos\"><thead><tr><th>T\u00edtulo<\/th><th>In\u00edcio<\/th><th>Fim<\/th><\/tr><\/thead><tbody><tr><td><a href=\"https:\/\/institucional.ufpel.edu.br\/projetos\/id\/u1993\" target=\"_blank\">N\u00facleo de Ensino e Pesquisa em L\u00f3gica, Linguagem e Conhecimento<\/a><\/td><td data-order=\"2023-08-21\">21\/08\/2023<\/td><td data-order=\"2026-08-21\">21\/08\/2026<\/td><\/tr><tr><td><a href=\"https:\/\/institucional.ufpel.edu.br\/projetos\/id\/u2073\" target=\"_blank\">Interseccionalidades e tecnologias da informa\u00e7\u00e3o: novas formas sociais, subjetivas e de identidade<\/a><\/td><td data-order=\"2020-02-03\">03\/02\/2020<\/td><td data-order=\"2027-11-28\">28\/11\/2027<\/td><\/tr><tr><td><a href=\"https:\/\/institucional.ufpel.edu.br\/projetos\/id\/u2721\" target=\"_blank\">Pol\u00edticas de mem\u00f3ria em perspectiva comparada<\/a><\/td><td data-order=\"2020-07-15\">15\/07\/2020<\/td><td data-order=\"2026-09-15\">15\/09\/2026<\/td><\/tr><tr><td><a href=\"https:\/\/institucional.ufpel.edu.br\/projetos\/id\/u2851\" target=\"_blank\">O problema do valor na filosofia moral de Kant: aspectos normativos e meta\u00e9ticos<\/a><\/td><td data-order=\"2020-05-14\">14\/05\/2020<\/td><td data-order=\"2026-05-14\">14\/05\/2026<\/td><\/tr><tr><td><a href=\"https:\/\/institucional.ufpel.edu.br\/projetos\/id\/u3043\" target=\"_blank\">A ciberseguran\u00e7a como cen\u00e1rio das disputas geopol\u00edticas contempor\u00e2neas: dimens\u00f5es, perspectivas e an\u00e1lises<\/a><\/td><td data-order=\"2020-07-01\">01\/07\/2020<\/td><td data-order=\"2026-06-28\">28\/06\/2026<\/td><\/tr><tr><td><a href=\"https:\/\/institucional.ufpel.edu.br\/projetos\/id\/u3184\" target=\"_blank\">Negocia\u00e7\u00f5es Internacionais: atores e din\u00e2micas<\/a><\/td><td data-order=\"2020-07-01\">01\/07\/2020<\/td><td data-order=\"2028-07-02\">02\/07\/2028<\/td><\/tr><tr><td><a href=\"https:\/\/institucional.ufpel.edu.br\/projetos\/id\/u3559\" target=\"_blank\">MOVIMENTOS ANTISSIST\u00caMICOS NO SISTEMA-MUNDO ATUAL<\/a><\/td><td data-order=\"2020-08-27\">27\/08\/2020<\/td><td data-order=\"2026-08-25\">25\/08\/2026<\/td><\/tr><tr><td><a href=\"https:\/\/institucional.ufpel.edu.br\/projetos\/id\/u4067\" target=\"_blank\">Ensino M\u00e9dio em transforma\u00e7\u00e3o<\/a><\/td><td data-order=\"2021-04-10\">10\/04\/2021<\/td><td data-order=\"2029-03-10\">10\/03\/2029<\/td><\/tr><tr><td><a href=\"https:\/\/institucional.ufpel.edu.br\/projetos\/id\/u4393\" target=\"_blank\">BRICS E CHINA: Uma an\u00e1lise da Pol\u00edtica Internacional Contempor\u00e2nea<\/a><\/td><td data-order=\"2021-06-01\">01\/06\/2021<\/td><td data-order=\"2026-12-31\">31\/12\/2026<\/td><\/tr><tr><td><a href=\"https:\/\/institucional.ufpel.edu.br\/projetos\/id\/u4698\" target=\"_blank\">A REGRA, O JUIZ E O JOGO: PROCESSOS ELEITORAIS E PAPEL DA DECIS\u00d3RIO D AJUSTI\u00c7A NO BRASIL CONTEMPOR\u00c2NEO<\/a><\/td><td data-order=\"2021-08-02\">02\/08\/2021<\/td><td data-order=\"2026-09-01\">01\/09\/2026<\/td><\/tr><tr><td><a href=\"https:\/\/institucional.ufpel.edu.br\/projetos\/id\/u4832\" target=\"_blank\">Ressignificando a economia: moralidades, or\u00e7amentos e pr\u00e1ticas econ\u00f4micas cotidianas<\/a><\/td><td data-order=\"2021-09-16\">16\/09\/2021<\/td><td data-order=\"2029-09-15\">15\/09\/2029<\/td><\/tr><tr><td><a href=\"https:\/\/institucional.ufpel.edu.br\/projetos\/id\/u5091\" target=\"_blank\">Por uma sociologia fiscal<\/a><\/td><td data-order=\"2021-12-17\">17\/12\/2021<\/td><td data-order=\"2028-12-17\">17\/12\/2028<\/td><\/tr><tr><td><a href=\"https:\/\/institucional.ufpel.edu.br\/projetos\/id\/u5603\" target=\"_blank\">A arte e a transvalora\u00e7\u00e3o dos valores nos escritos de Nietzsche de 1888<\/a><\/td><td data-order=\"2022-08-01\">01\/08\/2022<\/td><td data-order=\"2026-07-31\">31\/07\/2026<\/td><\/tr><tr><td><a href=\"https:\/\/institucional.ufpel.edu.br\/projetos\/id\/u5677\" target=\"_blank\">Capitalismo de plataformas e empreendedorismo: um estudo disposicional com m\u00fasicos brasileiros<\/a><\/td><td data-order=\"2022-08-01\">01\/08\/2022<\/td><td data-order=\"2026-07-31\">31\/07\/2026<\/td><\/tr><tr><td><a href=\"https:\/\/institucional.ufpel.edu.br\/projetos\/id\/u5716\" target=\"_blank\">Hayek: Direito e Ordem Espont\u00e2nea<\/a><\/td><td data-order=\"2022-07-01\">01\/07\/2022<\/td><td data-order=\"2026-06-01\">01\/06\/2026<\/td><\/tr><tr><td><a href=\"https:\/\/institucional.ufpel.edu.br\/projetos\/id\/u5851\" target=\"_blank\">Cartografias negras e quilombolas no Rio Grande do Sul<\/a><\/td><td data-order=\"2023-01-02\">02\/01\/2023<\/td><td data-order=\"2028-01-31\">31\/01\/2028<\/td><\/tr><tr><td><a href=\"https:\/\/institucional.ufpel.edu.br\/projetos\/id\/u6496\" target=\"_blank\">Revolucionando valores com Arendt e Marcuse: respondendo aos desafios do Antropoceno<\/a><\/td><td data-order=\"2023-03-01\">01\/03\/2023<\/td><td data-order=\"2027-01-31\">31\/01\/2027<\/td><\/tr><tr><td><a href=\"https:\/\/institucional.ufpel.edu.br\/projetos\/id\/u6689\" target=\"_blank\">Criminaliza\u00e7\u00e3o de ativistas feministas na Am\u00e9rica Latina<\/a><\/td><td data-order=\"2023-04-17\">17\/04\/2023<\/td><td data-order=\"2027-10-10\">10\/10\/2027<\/td><\/tr><tr><td><a href=\"https:\/\/institucional.ufpel.edu.br\/projetos\/id\/u6752\" target=\"_blank\">A onda conservadora e as clivagens empresariais no Brasil<\/a><\/td><td data-order=\"2023-06-01\">01\/06\/2023<\/td><td data-order=\"2026-06-01\">01\/06\/2026<\/td><\/tr><tr><td><a href=\"https:\/\/institucional.ufpel.edu.br\/projetos\/id\/u6871\" target=\"_blank\">Pandemia, Vulnerabilidade e Direitos Humanos: uma abordagem moral.<\/a><\/td><td data-order=\"2023-08-15\">15\/08\/2023<\/td><td data-order=\"2026-10-01\">01\/10\/2026<\/td><\/tr><tr><td><a href=\"https:\/\/institucional.ufpel.edu.br\/projetos\/id\/u6912\" target=\"_blank\">Populismos contempor\u00e2neos: compreens\u00f5es a partir da an\u00e1lise de discurso de Laclau e Mouffe<\/a><\/td><td data-order=\"2023-09-01\">01\/09\/2023<\/td><td data-order=\"2027-08-31\">31\/08\/2027<\/td><\/tr><tr><td><a href=\"https:\/\/institucional.ufpel.edu.br\/projetos\/id\/u6933\" target=\"_blank\">Em busca do Wallmapu: a politiza\u00e7\u00e3o da etnicidade pelos movimentos Mapuche no Chile e na Argentina.<\/a><\/td><td data-order=\"2023-05-31\">31\/05\/2023<\/td><td data-order=\"2029-06-05\">05\/06\/2029<\/td><\/tr><tr><td><a href=\"https:\/\/institucional.ufpel.edu.br\/projetos\/id\/u7110\" target=\"_blank\">A FLEXIBILIZA\u00c7\u00c3O DAS RELA\u00c7\u00d5ES DE TRABALHO: UM ESTUDO COMPARADO ENTRE OS CASOS BRASILEIRO E ITALIANO<\/a><\/td><td data-order=\"2023-07-03\">03\/07\/2023<\/td><td data-order=\"2027-07-03\">03\/07\/2027<\/td><\/tr><tr><td><a href=\"https:\/\/institucional.ufpel.edu.br\/projetos\/id\/u7422\" target=\"_blank\">Pol\u00edtica externa e inser\u00e7\u00e3o internacional do Brasil<\/a><\/td><td data-order=\"2023-12-08\">08\/12\/2023<\/td><td data-order=\"2028-12-08\">08\/12\/2028<\/td><\/tr><tr><td><a href=\"https:\/\/institucional.ufpel.edu.br\/projetos\/id\/u7631\" target=\"_blank\">Pol\u00edticas de mem\u00f3ria em unidades subnacionais: o trabalho das Comiss\u00f5es Estaduais da Verdade da Regi\u00e3o Nordeste<\/a><\/td><td data-order=\"2024-01-01\">01\/01\/2024<\/td><td data-order=\"2026-12-31\">31\/12\/2026<\/td><\/tr><tr><td><a href=\"https:\/\/institucional.ufpel.edu.br\/projetos\/id\/u7908\" target=\"_blank\">Pol\u00edticas de mem\u00f3ria em unidades subnacionais: o trabalho das Comiss\u00f5es Estaduais de indeniza\u00e7\u00e3o \u00e0s v\u00edtimas da  ditadura no Brasil<\/a><\/td><td data-order=\"2024-03-15\">15\/03\/2024<\/td><td data-order=\"2027-02-28\">28\/02\/2027<\/td><\/tr><tr><td><a href=\"https:\/\/institucional.ufpel.edu.br\/projetos\/id\/u7911\" target=\"_blank\">Democracia e Pol\u00edticas P\u00fablicas<\/a><\/td><td data-order=\"2024-04-15\">15\/04\/2024<\/td><td data-order=\"2028-04-15\">15\/04\/2028<\/td><\/tr><tr><td><a href=\"https:\/\/institucional.ufpel.edu.br\/projetos\/id\/u7948\" target=\"_blank\">Movimentos sociais progressistas e quest\u00e3o tribut\u00e1ria: elo perdido?<\/a><\/td><td data-order=\"2024-04-15\">15\/04\/2024<\/td><td data-order=\"2027-02-28\">28\/02\/2027<\/td><\/tr><tr><td><a href=\"https:\/\/institucional.ufpel.edu.br\/projetos\/id\/u7978\" target=\"_blank\">World Elite Database - Perfil das Elites Econ\u00f4micas do Brasil<\/a><\/td><td data-order=\"2024-03-20\">20\/03\/2024<\/td><td data-order=\"2027-03-31\">31\/03\/2027<\/td><\/tr><tr><td><a href=\"https:\/\/institucional.ufpel.edu.br\/projetos\/id\/u8187\" target=\"_blank\">Democracia, Pol\u00edtica e Redes Sociais<\/a><\/td><td data-order=\"2024-06-12\">12\/06\/2024<\/td><td data-order=\"2026-06-12\">12\/06\/2026<\/td><\/tr><tr><td><a href=\"https:\/\/institucional.ufpel.edu.br\/projetos\/id\/u8430\" target=\"_blank\">Democracia e sua crise nas teorias cr\u00edticas ao colonialismo<\/a><\/td><td data-order=\"2024-08-04\">04\/08\/2024<\/td><td data-order=\"2026-12-31\">31\/12\/2026<\/td><\/tr><tr><td><a href=\"https:\/\/institucional.ufpel.edu.br\/projetos\/id\/u8957\" target=\"_blank\">Capitalismo no antropoceno: \u201ccrise ambiental\u201d, crescimento econ\u00f4mico e o novo \u201cesp\u00edrito verde\u201d do capital<\/a><\/td><td data-order=\"2025-01-13\">13\/01\/2025<\/td><td data-order=\"2027-01-12\">12\/01\/2027<\/td><\/tr><tr><td><a href=\"https:\/\/institucional.ufpel.edu.br\/projetos\/id\/u9232\" target=\"_blank\">PESSOAS VIRTUOSAS PODEM FAZER COISAS M\u00c1S? ARIST\u00d3TELES ENTRE A IDEALIZA\u00c7\u00c3O E O REALISMO<\/a><\/td><td data-order=\"2025-03-13\">13\/03\/2025<\/td><td data-order=\"2027-03-13\">13\/03\/2027<\/td><\/tr><tr><td><a href=\"https:\/\/institucional.ufpel.edu.br\/projetos\/id\/u9233\" target=\"_blank\">O intemperante \u00e9 incur\u00e1vel: Arist\u00f3teles diante da [im]possibilidade da reforma moral<\/a><\/td><td data-order=\"2025-03-14\">14\/03\/2025<\/td><td data-order=\"2027-03-13\">13\/03\/2027<\/td><\/tr><tr><td><a href=\"https:\/\/institucional.ufpel.edu.br\/projetos\/id\/u9356\" target=\"_blank\">A politiza\u00e7\u00e3o da etniiccidade pelos :Mapuche no Chile e na Argentina<\/a><\/td><td data-order=\"2025-04-02\">02\/04\/2025<\/td><td data-order=\"2027-06-04\">04\/06\/2027<\/td><\/tr><tr><td><a href=\"https:\/\/institucional.ufpel.edu.br\/projetos\/id\/u9551\" target=\"_blank\">Normas, Institui\u00e7\u00f5es e Governan\u00e7a nas Rela\u00e7\u00f5es Internacionais<\/a><\/td><td data-order=\"2025-07-01\">01\/07\/2025<\/td><td data-order=\"2029-05-11\">11\/05\/2029<\/td><\/tr><tr><td><a href=\"https:\/\/institucional.ufpel.edu.br\/projetos\/id\/u9560\" target=\"_blank\">Sociologia hist\u00f3rica da fiscalidade no Brasil<\/a><\/td><td data-order=\"2025-08-01\">01\/08\/2025<\/td><td data-order=\"2028-08-01\">01\/08\/2028<\/td><\/tr><tr><td><a href=\"https:\/\/institucional.ufpel.edu.br\/projetos\/id\/u9573\" target=\"_blank\">Viol\u00eancia e Movimentos Sociais no Brasil: Desmobiliza\u00e7\u00e3o e Reorganiza\u00e7\u00e3o no Rio Grande do Sul, Rio de Janeiro e S\u00e3o Paulo<\/a><\/td><td data-order=\"2025-07-03\">03\/07\/2025<\/td><td data-order=\"2028-05-14\">14\/05\/2028<\/td><\/tr><tr><td><a href=\"https:\/\/institucional.ufpel.edu.br\/projetos\/id\/u9742\" target=\"_blank\">Viol\u00eancias contra ativistas e processos de desmobiliza\u00e7\u00e3o: um olhar sobre a literatura e sobre o ativismo quilombola na Regi\u00e3o Sul do Rio Grande do Sul<\/a><\/td><td data-order=\"2025-06-11\">11\/06\/2025<\/td><td data-order=\"2027-12-03\">03\/12\/2027<\/td><\/tr><tr><td><a href=\"https:\/\/institucional.ufpel.edu.br\/projetos\/id\/u9758\" target=\"_blank\">A cena musical pelotense: um universo de mundos art\u00edsticos<\/a><\/td><td data-order=\"2025-07-01\">01\/07\/2025<\/td><td data-order=\"2027-06-30\">30\/06\/2027<\/td><\/tr><tr><td><a href=\"https:\/\/institucional.ufpel.edu.br\/projetos\/id\/u9762\" target=\"_blank\">Ensino de Filosofia e Forma\u00e7\u00e3o \u00c9tica<\/a><\/td><td data-order=\"2025-06-16\">16\/06\/2025<\/td><td data-order=\"2027-12-31\">31\/12\/2027<\/td><\/tr><tr><td><a href=\"https:\/\/institucional.ufpel.edu.br\/projetos\/id\/u10166\" target=\"_blank\">OS RISCOS GEOPOL\u00cdTICOS NO SISTEMA-MUNDO ATUAL: AN\u00c1LISE, PERSPECTIVAS E IMPACTOS PARA OS SETORES P\u00daBLICO E PRIVADO<\/a><\/td><td data-order=\"2025-10-20\">20\/10\/2025<\/td><td data-order=\"2029-10-19\">19\/10\/2029<\/td><\/tr><tr><td><a href=\"https:\/\/institucional.ufpel.edu.br\/projetos\/id\/u10298\" target=\"_blank\">Repensando a Hegemonia: Poder e Contradi\u00e7\u00f5es da Presen\u00e7a dos Estados Unidos no Mundo Contempor\u00e2neo.<\/a><\/td><td data-order=\"2025-10-22\">22\/10\/2025<\/td><td data-order=\"2026-09-01\">01\/09\/2026<\/td><\/tr><tr><td><a href=\"https:\/\/institucional.ufpel.edu.br\/projetos\/id\/u10379\" target=\"_blank\">CIVITAS MULHERES. LIDERAN\u00c7A, DIREITOS E DEMOCRACIA<\/a><\/td><td data-order=\"2025-11-08\">08\/11\/2025<\/td><td data-order=\"2029-09-24\">24\/09\/2029<\/td><\/tr><\/tbody><\/table><\/div>\n<p>&nbsp;<\/p>\n","protected":false},"excerpt":{"rendered":"<p>Conhe\u00e7a os Projetos de Pesquisa do IFISP &#8211; clique nos nome do Projeto para saber mais: &nbsp;<\/p>\n","protected":false},"author":1247,"featured_media":0,"parent":0,"menu_order":0,"comment_status":"closed","ping_status":"closed","template":"","meta":{"advanced_seo_description":"","jetpack_seo_html_title":"","jetpack_seo_noindex":false,"jetpack_post_was_ever_published":false,"footnotes":""},"class_list":["post-1275","page","type-page","status-publish","hentry"],"jetpack_sharing_enabled":true,"_links":{"self":[{"href":"https:\/\/wp.ufpel.edu.br\/ifisp\/index.php?rest_route=\/wp\/v2\/pages\/1275","targetHints":{"allow":["GET"]}}],"collection":[{"href":"https:\/\/wp.ufpel.edu.br\/ifisp\/index.php?rest_route=\/wp\/v2\/pages"}],"about":[{"href":"https:\/\/wp.ufpel.edu.br\/ifisp\/index.php?rest_route=\/wp\/v2\/types\/page"}],"author":[{"embeddable":true,"href":"https:\/\/wp.ufpel.edu.br\/ifisp\/index.php?rest_route=\/wp\/v2\/users\/1247"}],"replies":[{"embeddable":true,"href":"https:\/\/wp.ufpel.edu.br\/ifisp\/index.php?rest_route=%2Fwp%2Fv2%2Fcomments&post=1275"}],"version-history":[{"count":7,"href":"https:\/\/wp.ufpel.edu.br\/ifisp\/index.php?rest_route=\/wp\/v2\/pages\/1275\/revisions"}],"predecessor-version":[{"id":2965,"href":"https:\/\/wp.ufpel.edu.br\/ifisp\/index.php?rest_route=\/wp\/v2\/pages\/1275\/revisions\/2965"}],"wp:attachment":[{"href":"https:\/\/wp.ufpel.edu.br\/ifisp\/index.php?rest_route=%2Fwp%2Fv2%2Fmedia&parent=1275"}],"curies":[{"name":"wp","href":"https:\/\/api.w.org\/{rel}","templated":true}]}}